{"id":1306,"date":"2021-08-19T10:53:04","date_gmt":"2021-08-19T08:53:04","guid":{"rendered":"http:\/\/raks.pl\/pomoc\/?page_id=1306"},"modified":"2021-09-27T10:04:12","modified_gmt":"2021-09-27T08:04:12","slug":"cenniki","status":"publish","type":"page","link":"https:\/\/raks.pl\/pomoc\/cenniki\/","title":{"rendered":"Cenniki"},"content":{"rendered":"\n<p>Zarz\u0105dzanie cennikami, zar\u00f3wno zakupu jak i sprzeda\u017cy, stanowi wa\u017cn\u0105 cz\u0119\u015b\u0107 modu\u0142u&nbsp;<strong>Sprzeda\u017c<\/strong>&nbsp;programu&nbsp;<em>RAKSSQL<\/em>. Znajomo\u015b\u0107 r\u00f3\u017cnych rodzaj\u00f3w cen i swobodne operowanie rabatami u\u0142atwia kontrolowanie procesu zakupu i sprzeda\u017cy towaru oraz umo\u017cliwia prowadzenie sp\u00f3jnej polityki cenowej.<\/p>\n\n\n\n<p>W tej cz\u0119\u015bci&nbsp;<strong>Materia\u0142\u00f3w dla u\u017cytkownik\u00f3w<\/strong>&nbsp;zg\u0142\u0119bimy temat zarz\u0105dzania cenami w programie RAKSSQL, opieraj\u0105c si\u0119 na przyk\u0142adzie prostego procesu zakupu towaru i p\u00f3\u017aniejszej jego sprzeda\u017cy z wykorzystaniem funkcji programu zwi\u0105zanych z cennikami zakupowymi i sprzeda\u017cowymi. U\u017cytkownik mo\u017ce prze\u015bledzi\u0107 ca\u0142y proces wykorzystania cennik\u00f3w w pracy z programem lub zapozna\u0107 si\u0119 tylko z tymi informacjami, kt\u00f3re s\u0105 mu w danej chwili potrzebne.<\/p>\n\n\n\n<p>W przyk\u0142adach b\u0119dziemy pos\u0142ugiwa\u0107 si\u0119 kartotek\u0105 artyku\u0142\u00f3w i kontrahent\u00f3w, kt\u00f3re mo\u017cna pobra\u0107 poni\u017cej i zaimportowa\u0107 w odpowiednim miejscu w programie. Mo\u017cna te\u017c prze\u015bledzi\u0107 przyk\u0142ad w oparciu o w\u0142asne towary i dane kontrahent\u00f3w.<\/p>\n\n\n\n<p><a href=\"https:\/\/raks.pl\/pomoc\/wp-content\/uploads\/2021\/08\/kartoteka_towarow_cenniki.xml\" target=\"_blank\" rel=\"noreferrer noopener\">kartoteka_towar\u00f3w_cenniki.xml<\/a><\/em><\/p>\n\n\n\n<p><a href=\"https:\/\/raks.pl\/pomoc\/wp-content\/uploads\/2021\/08\/kartoteka_kontrahentow_cenniki.xml\" target=\"_blank\" rel=\"noreferrer noopener\">kartoteka_kontrahent\u00f3w_cenniki.xml<\/a><\/em><\/p>\n\n\n\n<p><strong>Cele:<\/strong><\/p>\n\n\n\n<ul class=\"wp-block-list\"><li>zapoznanie si\u0119 ze sposobem tworzenia cennik\u00f3w zakupowych i sprzeda\u017cowych,<\/li><li>poznanie sposob\u00f3w zarz\u0105dzania cenami,<\/li><li>prze\u015bledzenie wykorzystania cennik\u00f3w w standardowym procesie zakupu &#8211; sprzeda\u017cy.<\/li><\/ul>\n\n\n\n<p><\/p>\n","protected":false},"excerpt":{"rendered":"<p>Zarz\u0105dzanie cennikami, zar\u00f3wno zakupu jak i sprzeda\u017cy, stanowi wa\u017cn\u0105 cz\u0119\u015b\u0107 modu\u0142u&nbsp;Sprzeda\u017c&nbsp;programu&nbsp;RAKSSQL. Znajomo\u015b\u0107 r\u00f3\u017cnych rodzaj\u00f3w cen i swobodne operowanie rabatami u\u0142atwia kontrolowanie procesu zakupu i sprzeda\u017cy towaru oraz umo\u017cliwia prowadzenie sp\u00f3jnej polityki cenowej. W tej cz\u0119\u015bci&nbsp;Materia\u0142\u00f3w dla u\u017cytkownik\u00f3w&nbsp;zg\u0142\u0119bimy temat zarz\u0105dzania cenami w programie RAKSSQL, opieraj\u0105c si\u0119 na przyk\u0142adzie prostego procesu zakupu towaru i p\u00f3\u017aniejszej jego sprzeda\u017cy [&hellip;]<\/p>\n","protected":false},"author":1,"featured_media":0,"parent":0,"menu_order":0,"comment_status":"closed","ping_status":"closed","template":"","meta":{"_acf_changed":false,"footnotes":""},"class_list":["post-1306","page","type-page","status-publish","hentry"],"acf":[],"_links":{"self":[{"href":"https:\/\/raks.pl\/pomoc\/wp-json\/wp\/v2\/pages\/1306","targetHints":{"allow":["GET"]}}],"collection":[{"href":"https:\/\/raks.pl\/pomoc\/wp-json\/wp\/v2\/pages"}],"about":[{"href":"https:\/\/raks.pl\/pomoc\/wp-json\/wp\/v2\/types\/page"}],"author":[{"embeddable":true,"href":"https:\/\/raks.pl\/pomoc\/wp-json\/wp\/v2\/users\/1"}],"replies":[{"embeddable":true,"href":"https:\/\/raks.pl\/pomoc\/wp-json\/wp\/v2\/comments?post=1306"}],"version-history":[{"count":1,"href":"https:\/\/raks.pl\/pomoc\/wp-json\/wp\/v2\/pages\/1306\/revisions"}],"predecessor-version":[{"id":1309,"href":"https:\/\/raks.pl\/pomoc\/wp-json\/wp\/v2\/pages\/1306\/revisions\/1309"}],"wp:attachment":[{"href":"https:\/\/raks.pl\/pomoc\/wp-json\/wp\/v2\/media?parent=1306"}],"curies":[{"name":"wp","href":"https:\/\/api.w.org\/{rel}","templated":true}]}}