{"id":1821,"date":"2021-09-02T15:36:37","date_gmt":"2021-09-02T13:36:37","guid":{"rendered":"http:\/\/raks.pl\/pomoc\/?page_id=1821"},"modified":"2021-12-31T13:38:41","modified_gmt":"2021-12-31T12:38:41","slug":"wskazowki","status":"publish","type":"page","link":"https:\/\/raks.pl\/pomoc\/wskazowki\/","title":{"rendered":"Wskaz\u00f3wki"},"content":{"rendered":"\n<p>Zapraszamy do zapoznania si\u0119 ze wskaz\u00f3wkami u\u0142atwiaj\u0105cymi obs\u0142ug\u0119 programu.<\/p>\n\n\n\n<p>Wskaz\u00f3wki te mog\u0105 usprawni\u0107 prac\u0119 z programem, przyspieszy\u0107 i poprawi\u0107 jako\u015b\u0107 obs\u0142ugi powtarzalnych zdarze\u0144 oraz u\u0142atwi\u0107 pozyskiwanie i przegl\u0105danie danych.<br><\/p>\n\n\n\n<div class=\"wp-block-columns is-layout-flex wp-container-core-columns-is-layout-9d6595d7 wp-block-columns-is-layout-flex\">\n<div class=\"wp-block-column is-layout-flow wp-block-column-is-layout-flow\"><div class=\"block-navigation\">\n    <a href=\"https:\/\/raks.pl\/pomoc\/wskazowki\/ksiegowosc\/\"  data-id=\"2402\" data-post-type=\"page\" class=\"box-block-navigation\">\n        <div class=\"top-bbn\">\n            <h3 class=\"title-block-navigation\">Ksi\u0119gowo\u015b\u0107<\/h3>            <p class=\"content-block-navigation\"> <\/p>    \n        <\/div>        \n        <div class=\"bottom-bbn\">\n            <h6 class=\"subtitle-block-navigation\">Zobacz<\/h6>        <\/div>\n    <\/a>\n<\/div><\/div>\n\n\n\n<div class=\"wp-block-column is-layout-flow wp-block-column-is-layout-flow\"><div class=\"block-navigation\">\n    <a href=\"https:\/\/raks.pl\/pomoc\/wskazowki\/kadry-i-place\/\"  data-id=\"2400\" data-post-type=\"page\" class=\"box-block-navigation\">\n        <div class=\"top-bbn\">\n            <h3 class=\"title-block-navigation\">Kadry i P\u0142ace<\/h3>            <p class=\"content-block-navigation\"> <\/p>    \n        <\/div>        \n        <div class=\"bottom-bbn\">\n            <h6 class=\"subtitle-block-navigation\">Zobacz<\/h6>        <\/div>\n    <\/a>\n<\/div><\/div>\n<\/div>\n\n\n\n<div class=\"wp-block-columns is-layout-flex wp-container-core-columns-is-layout-9d6595d7 wp-block-columns-is-layout-flex\">\n<div class=\"wp-block-column is-layout-flow wp-block-column-is-layout-flow\"><div class=\"block-navigation\">\n    <a href=\"https:\/\/raks.pl\/pomoc\/wskazowki\/sprzedaz-i-magazyn\/\"  data-id=\"2404\" data-post-type=\"page\" class=\"box-block-navigation\">\n        <div class=\"top-bbn\">\n            <h3 class=\"title-block-navigation\">Sprzeda\u017c i Magazyn<\/h3>            <p class=\"content-block-navigation\"> <\/p>    \n        <\/div>        \n        <div class=\"bottom-bbn\">\n            <h6 class=\"subtitle-block-navigation\">Zobacz<\/h6>        <\/div>\n    <\/a>\n<\/div><\/div>\n\n\n\n<div class=\"wp-block-column is-layout-flow wp-block-column-is-layout-flow\"><div class=\"block-navigation\">\n    <a href=\"https:\/\/raks.pl\/pomoc\/wskazowki\/administracja\/\"  data-id=\"2398\" data-post-type=\"page\" class=\"box-block-navigation\">\n        <div class=\"top-bbn\">\n            <h3 class=\"title-block-navigation\">Administracja<\/h3>            <p class=\"content-block-navigation\"> <\/p>    \n        <\/div>        \n        <div class=\"bottom-bbn\">\n            <h6 class=\"subtitle-block-navigation\">Zobacz<\/h6>        <\/div>\n    <\/a>\n<\/div><\/div>\n<\/div>\n\n\n\n<p><\/p>\n","protected":false},"excerpt":{"rendered":"<p>Zapraszamy do zapoznania si\u0119 ze wskaz\u00f3wkami u\u0142atwiaj\u0105cymi obs\u0142ug\u0119 programu. Wskaz\u00f3wki te mog\u0105 usprawni\u0107 prac\u0119 z programem, przyspieszy\u0107 i poprawi\u0107 jako\u015b\u0107 obs\u0142ugi powtarzalnych zdarze\u0144 oraz u\u0142atwi\u0107 pozyskiwanie i przegl\u0105danie danych.<\/p>\n","protected":false},"author":1,"featured_media":0,"parent":0,"menu_order":0,"comment_status":"closed","ping_status":"closed","template":"","meta":{"_acf_changed":false,"footnotes":""},"class_list":["post-1821","page","type-page","status-publish","hentry"],"acf":[],"_links":{"self":[{"href":"https:\/\/raks.pl\/pomoc\/wp-json\/wp\/v2\/pages\/1821","targetHints":{"allow":["GET"]}}],"collection":[{"href":"https:\/\/raks.pl\/pomoc\/wp-json\/wp\/v2\/pages"}],"about":[{"href":"https:\/\/raks.pl\/pomoc\/wp-json\/wp\/v2\/types\/page"}],"author":[{"embeddable":true,"href":"https:\/\/raks.pl\/pomoc\/wp-json\/wp\/v2\/users\/1"}],"replies":[{"embeddable":true,"href":"https:\/\/raks.pl\/pomoc\/wp-json\/wp\/v2\/comments?post=1821"}],"version-history":[{"count":12,"href":"https:\/\/raks.pl\/pomoc\/wp-json\/wp\/v2\/pages\/1821\/revisions"}],"predecessor-version":[{"id":3069,"href":"https:\/\/raks.pl\/pomoc\/wp-json\/wp\/v2\/pages\/1821\/revisions\/3069"}],"wp:attachment":[{"href":"https:\/\/raks.pl\/pomoc\/wp-json\/wp\/v2\/media?parent=1821"}],"curies":[{"name":"wp","href":"https:\/\/api.w.org\/{rel}","templated":true}]}}