{"id":2,"date":"2021-05-20T14:49:48","date_gmt":"2021-05-20T12:49:48","guid":{"rendered":"http:\/\/raks.pl\/pomoc\/?page_id=2"},"modified":"2026-02-24T15:56:50","modified_gmt":"2026-02-24T14:56:50","slug":"przykladowa-strona","status":"publish","type":"page","link":"https:\/\/raks.pl\/pomoc\/","title":{"rendered":"Strona g\u0142\u00f3wna"},"content":{"rendered":"\n<figure class=\"wp-block-image size-large\"><a href=\"https:\/\/sklep.raks.pl\/\"><img loading=\"lazy\" decoding=\"async\" width=\"1024\" height=\"158\" src=\"https:\/\/raks.pl\/pomoc\/wp-content\/uploads\/2026\/02\/Szkolenia-1024x158.png\" alt=\"\" class=\"wp-image-8291\" srcset=\"https:\/\/raks.pl\/pomoc\/wp-content\/uploads\/2026\/02\/Szkolenia-1024x158.png 1024w, https:\/\/raks.pl\/pomoc\/wp-content\/uploads\/2026\/02\/Szkolenia-300x46.png 300w, https:\/\/raks.pl\/pomoc\/wp-content\/uploads\/2026\/02\/Szkolenia-768x118.png 768w, https:\/\/raks.pl\/pomoc\/wp-content\/uploads\/2026\/02\/Szkolenia.png 1278w\" sizes=\"auto, (max-width: 1024px) 100vw, 1024px\" \/><\/a><\/figure>\n\n\n\n<div class=\"wp-block-columns is-layout-flex wp-container-core-columns-is-layout-9d6595d7 wp-block-columns-is-layout-flex\">\n<div class=\"wp-block-column is-layout-flow wp-block-column-is-layout-flow\"><div class=\"block-navigation\">\n    <a href=\"https:\/\/raks.pl\/pomoc\/chmura-raks\/\"  data-id=\"6993\" data-post-type=\"page\" class=\"box-block-navigation\">\n        <div class=\"top-bbn\">\n            <h3 class=\"title-block-navigation\">Chmura RAKS &#8211; Nowo\u015b\u0107!<\/h3>            <p class=\"content-block-navigation\"> <\/p>    \n        <\/div>        \n        <div class=\"bottom-bbn\">\n            <h6 class=\"subtitle-block-navigation\">Zobacz<\/h6>        <\/div>\n    <\/a>\n<\/div>\n\n\n<p><\/p>\n\n\n<div class=\"block-navigation\">\n    <a href=\"https:\/\/raks.pl\/pomoc\/samouczek-dla-poczatkujacych\/\"  data-id=\"280\" data-post-type=\"page\" class=\"box-block-navigation\">\n        <div class=\"top-bbn\">\n            <h3 class=\"title-block-navigation\">Instrukcja<\/h3>            <p class=\"content-block-navigation\"> <\/p>    \n        <\/div>        \n        <div class=\"bottom-bbn\">\n            <h6 class=\"subtitle-block-navigation\"> Zobacz<\/h6>        <\/div>\n    <\/a>\n<\/div><\/div>\n\n\n\n<div class=\"wp-block-column is-layout-flow wp-block-column-is-layout-flow\"><div class=\"block-navigation\">\n    <a href=\"https:\/\/raks.pl\/pomoc\/ksef\/\"  data-id=\"7103\" data-post-type=\"page\" class=\"box-block-navigation\">\n        <div class=\"top-bbn\">\n            <h3 class=\"title-block-navigation\">KSeF<\/h3>            <p class=\"content-block-navigation\"> <\/p>    \n        <\/div>        \n        <div class=\"bottom-bbn\">\n            <h6 class=\"subtitle-block-navigation\">Zobacz<\/h6>        <\/div>\n    <\/a>\n<\/div>\n\n\n<p><\/p>\n\n\n<div class=\"block-navigation\">\n    <a href=\"https:\/\/raks.pl\/pomoc\/materialy-dla-uzytkownikow\/\"  data-id=\"1282\" data-post-type=\"page\" class=\"box-block-navigation\">\n        <div class=\"top-bbn\">\n            <h3 class=\"title-block-navigation\">Materia\u0142y dla u\u017cytkownik\u00f3w<\/h3>            <p class=\"content-block-navigation\"> <\/p>    \n        <\/div>        \n        <div class=\"bottom-bbn\">\n            <h6 class=\"subtitle-block-navigation\">Zobacz<\/h6>        <\/div>\n    <\/a>\n<\/div><\/div>\n<\/div>\n\n\n\n<div class=\"wp-block-columns is-layout-flex wp-container-core-columns-is-layout-9d6595d7 wp-block-columns-is-layout-flex\">\n<div class=\"wp-block-column is-layout-flow wp-block-column-is-layout-flow\"><div class=\"block-navigation\">\n    <a href=\"https:\/\/raks.pl\/pomoc\/wskazowki\/\"  data-id=\"1821\" data-post-type=\"page\" class=\"box-block-navigation\">\n        <div class=\"top-bbn\">\n            <h3 class=\"title-block-navigation\">Wskaz\u00f3wki<\/h3>            <p class=\"content-block-navigation\"> <\/p>    \n        <\/div>        \n        <div class=\"bottom-bbn\">\n            <h6 class=\"subtitle-block-navigation\">Zobacz<\/h6>        <\/div>\n    <\/a>\n<\/div><\/div>\n\n\n\n<div class=\"wp-block-column is-layout-flow wp-block-column-is-layout-flow\"><div class=\"block-navigation\">\n    <a href=\"https:\/\/raks.pl\/pomoc\/filmy-instruktazowe\/\"  data-id=\"2938\" data-post-type=\"page\" class=\"box-block-navigation\">\n        <div class=\"top-bbn\">\n            <h3 class=\"title-block-navigation\">Filmy instrukta\u017cowe<\/h3>            <p class=\"content-block-navigation\"> <\/p>    \n        <\/div>        \n        <div class=\"bottom-bbn\">\n            <h6 class=\"subtitle-block-navigation\">Zobacz<\/h6>        <\/div>\n    <\/a>\n<\/div><\/div>\n<\/div>\n\n\n\n<div class=\"wp-block-columns is-layout-flex wp-container-core-columns-is-layout-9d6595d7 wp-block-columns-is-layout-flex\">\n<div class=\"wp-block-column is-layout-flow wp-block-column-is-layout-flow\"><div class=\"block-navigation\">\n    <a href=\"https:\/\/raks.pl\/pomoc\/opis-zmian-rakssql\/\"  data-id=\"3021\" data-post-type=\"page\" class=\"box-block-navigation\">\n        <div class=\"top-bbn\">\n            <h3 class=\"title-block-navigation\">Opis zmian RAKSSQL<\/h3>            <p class=\"content-block-navigation\"> <\/p>    \n        <\/div>        \n        <div class=\"bottom-bbn\">\n            <h6 class=\"subtitle-block-navigation\">Zobacz<\/h6>        <\/div>\n    <\/a>\n<\/div><\/div>\n\n\n\n<div class=\"wp-block-column is-layout-flow wp-block-column-is-layout-flow\"><div class=\"block-navigation\">\n    <a href=\"https:\/\/raks.pl\/pomoc\/moduly-dodatkowe-zmiany\/\"  data-id=\"3222\" data-post-type=\"page\" class=\"box-block-navigation\">\n        <div class=\"top-bbn\">\n            <h3 class=\"title-block-navigation\">Modu\u0142y dodatkowe &#8211; opisy zmian<\/h3>            <p class=\"content-block-navigation\"> <\/p>    \n        <\/div>        \n        <div class=\"bottom-bbn\">\n            <h6 class=\"subtitle-block-navigation\">Zobacz<\/h6>        <\/div>\n    <\/a>\n<\/div><\/div>\n<\/div>\n\n\n\n<div class=\"wp-block-buttons is-content-justification-center is-layout-flex wp-container-core-buttons-is-layout-16018d1d wp-block-buttons-is-layout-flex\">\n<div class=\"wp-block-button is-style-fill\"><a class=\"wp-block-button__link has-white-color has-vivid-cyan-blue-background-color has-text-color has-background wp-element-button\" href=\"https:\/\/raks.pl\/pomoc\/formularz\/\" style=\"border-radius:9px\" target=\"_blank\" rel=\"noreferrer noopener\">WY\u015aLIJ ZG\u0141OSZENIE<\/a><\/div>\n<\/div>\n\n\n\n<p class=\"has-text-align-right has-small-font-size\">2025<\/p>\n","protected":false},"excerpt":{"rendered":"<p>2025<\/p>\n","protected":false},"author":1,"featured_media":0,"parent":0,"menu_order":0,"comment_status":"closed","ping_status":"open","template":"","meta":{"_acf_changed":false,"footnotes":""},"class_list":["post-2","page","type-page","status-publish","hentry"],"acf":[],"_links":{"self":[{"href":"https:\/\/raks.pl\/pomoc\/wp-json\/wp\/v2\/pages\/2","targetHints":{"allow":["GET"]}}],"collection":[{"href":"https:\/\/raks.pl\/pomoc\/wp-json\/wp\/v2\/pages"}],"about":[{"href":"https:\/\/raks.pl\/pomoc\/wp-json\/wp\/v2\/types\/page"}],"author":[{"embeddable":true,"href":"https:\/\/raks.pl\/pomoc\/wp-json\/wp\/v2\/users\/1"}],"replies":[{"embeddable":true,"href":"https:\/\/raks.pl\/pomoc\/wp-json\/wp\/v2\/comments?post=2"}],"version-history":[{"count":67,"href":"https:\/\/raks.pl\/pomoc\/wp-json\/wp\/v2\/pages\/2\/revisions"}],"predecessor-version":[{"id":8293,"href":"https:\/\/raks.pl\/pomoc\/wp-json\/wp\/v2\/pages\/2\/revisions\/8293"}],"wp:attachment":[{"href":"https:\/\/raks.pl\/pomoc\/wp-json\/wp\/v2\/media?parent=2"}],"curies":[{"name":"wp","href":"https:\/\/api.w.org\/{rel}","templated":true}]}}