{"id":2398,"date":"2021-11-03T09:07:45","date_gmt":"2021-11-03T08:07:45","guid":{"rendered":"http:\/\/raks.pl\/pomoc\/?page_id=2398"},"modified":"2021-11-03T09:44:12","modified_gmt":"2021-11-03T08:44:12","slug":"administracja","status":"publish","type":"page","link":"https:\/\/raks.pl\/pomoc\/wskazowki\/administracja\/","title":{"rendered":"Administracja"},"content":{"rendered":"\n<ul class=\"list-post-category\"><li><a data-post-type=\"post\" class=\"link-post\" href=\"https:\/\/raks.pl\/pomoc\/access-violation-at-address-in-module\/\" data-id=\"2112\">Access violation at address [\u2026] in module \u201e[\u2026]&#8217;.<\/a><\/li><li><a data-post-type=\"post\" class=\"link-post\" href=\"https:\/\/raks.pl\/pomoc\/jak-zaktualizowac-program\/\" data-id=\"2127\">Aktualizacja programu RAKS<\/a><\/li><li><a data-post-type=\"post\" class=\"link-post\" href=\"https:\/\/raks.pl\/pomoc\/analizator-excel-polaczenie-z-baza-rakssql\/\" data-id=\"3204\">Analizator Excel &#8211; po\u0142\u0105czenie z baz\u0105 RAKSSQL<\/a><\/li><li><a data-post-type=\"post\" class=\"link-post\" href=\"https:\/\/raks.pl\/pomoc\/archiwizacja-firm\/\" data-id=\"6765\">Archiwizacja firm<\/a><\/li><li><a data-post-type=\"post\" class=\"link-post\" href=\"https:\/\/raks.pl\/pomoc\/archiwizator-automatyczne-kopie-baz-danych\/\" data-id=\"6703\">Archiwizator &#8211; automatyczne kopie baz danych<\/a><\/li><li><a data-post-type=\"post\" class=\"link-post\" href=\"https:\/\/raks.pl\/pomoc\/blad-ad_0037\/\" data-id=\"6928\">B\u0142\u0105d AD_0037<\/a><\/li><li><a data-post-type=\"post\" class=\"link-post\" href=\"https:\/\/raks.pl\/pomoc\/blad-nie-mozna-ustanowic-polaczenia-z-serwerem-baz-danych-unable-to-complete-request-to-host-przy-polaczeniu-z-serwerem-stanowiskiem\/\" data-id=\"2140\">B\u0142\u0105d: Nie mo\u017cna ustanowi\u0107 po\u0142\u0105czenia z serwerem baz danych \u201eUnable to complete request to host&#8230;\u201d przy po\u0142\u0105czeniu z serwerem\/stanowiskiem<\/a><\/li><li><a data-post-type=\"post\" class=\"link-post\" href=\"https:\/\/raks.pl\/pomoc\/bledy-zwiazane-z-nieuaktualnieniem-wersji-modulu-dodatkowego\/\" data-id=\"2143\">B\u0142\u0119dy zwi\u0105zane z nieuaktualnieniem wersji modu\u0142u dodatkowego.<\/a><\/li><li><a data-post-type=\"post\" class=\"link-post\" href=\"https:\/\/raks.pl\/pomoc\/brak-dostepu-do-modulow-po-zainstalowaniu-modulu-dodatkowego\/\" data-id=\"2145\">Brak dost\u0119pu do modu\u0142\u00f3w po zainstalowaniu modu\u0142u dodatkowego<\/a><\/li><li><a data-post-type=\"post\" class=\"link-post\" href=\"https:\/\/raks.pl\/pomoc\/zniknal-gorny-pasek-z-zakladkami\/\" data-id=\"2155\">Brak g\u00f3rnego paska z zak\u0142adkami<\/a><\/li><li><a data-post-type=\"post\" class=\"link-post\" href=\"https:\/\/raks.pl\/pomoc\/brak-identyfikatora-logowania-w-oknie-logowania\/\" data-id=\"7137\">Brak identyfikatora logowania w oknie logowania.<\/a><\/li><li><a data-post-type=\"post\" class=\"link-post\" href=\"https:\/\/raks.pl\/pomoc\/gdzie-i-jak-tworzymy-uzytkownikow-systemu-jak-nadajemy-im-hasla-tworzymy-profile-logowania-oraz-logujemy-sie-z-ich-wykorzystaniem\/\" data-id=\"2534\">Dodawanie u\u017cytkownik\u00f3w systemu -has\u0142a, profile logowania, logowanie<\/a><\/li><li><a data-post-type=\"post\" class=\"link-post\" href=\"https:\/\/raks.pl\/pomoc\/format-daty-w-programie\/\" data-id=\"2532\">Format daty w programie<\/a><\/li><li><a data-post-type=\"post\" class=\"link-post\" href=\"https:\/\/raks.pl\/pomoc\/jak-zainstalowac-program-rakssql\/\" data-id=\"2116\">Instalacja programu RAKS<\/a><\/li><li><a data-post-type=\"post\" class=\"link-post\" href=\"https:\/\/raks.pl\/pomoc\/instrukcja-przeslania-bazy-w-formacie-fdb-na-serwer-ftp\/\" data-id=\"5246\">Instrukcja przes\u0142ania bazy w formacie FDB na serwer FTP<\/a><\/li><li><a data-post-type=\"post\" class=\"link-post\" href=\"https:\/\/raks.pl\/pomoc\/jak-dodac-nowa-pozycje-menu-wydrukow-i-podpiac-pod-nia-szablon\/\" data-id=\"3692\">Jak doda\u0107 now\u0105 pozycj\u0119 menu wydruk\u00f3w i podpi\u0105\u0107 pod ni\u0105 szablon<\/a><\/li><li><a data-post-type=\"post\" class=\"link-post\" href=\"https:\/\/raks.pl\/pomoc\/komunikat-brak-dostepnych-miejsc-lub-funkcjonalnosci\/\" data-id=\"2114\">Komunikat &#8211; Brak dost\u0119pnych miejsc lub funkcjonalno\u015bci<\/a><\/li><li><a data-post-type=\"post\" class=\"link-post\" href=\"https:\/\/raks.pl\/pomoc\/komunikat-o-braku-funkcjonalnosci-przy-wchodzeniu-do-programu\/\" data-id=\"2151\">Komunikat &#8211; brak funkcjonalno\u015bci przy wchodzeniu do programu<\/a><\/li><li><a data-post-type=\"post\" class=\"link-post\" href=\"https:\/\/raks.pl\/pomoc\/komunikat-could-not-convert-variant-of-type-olestr-into-type-double-przy-probie-wejscia-w-okno-programu-raks\/\" data-id=\"2130\">Komunikat &#8211; Could not convert variant of type (OleStr) into type (Double), przy pr\u00f3bie wej\u015bcia w okno programu RAKS.<\/a><\/li><li><a data-post-type=\"post\" class=\"link-post\" href=\"https:\/\/raks.pl\/pomoc\/po-instalacji-programu-i-zalozeniu-bazy-globalnej-przy-uruchomieniu-wyswietla-sie-komunikat-wystapil-blad-z-polaczeniem-bazy-uprzednio-otwartej-przez-uzytkownika\/\" data-id=\"2133\">Komunikat &#8211; Wyst\u0105pi\u0142 b\u0142\u0105d z po\u0142\u0105czeniem bazy uprzednio otwartej przez u\u017cytkownika.<\/a><\/li><li><a data-post-type=\"post\" class=\"link-post\" href=\"https:\/\/raks.pl\/pomoc\/konfiguracja-polaczenia-z-baza-danych\/\" data-id=\"2538\">Konfiguracja po\u0142\u0105czenia z baz\u0105 danych<\/a><\/li><li><a data-post-type=\"post\" class=\"link-post\" href=\"https:\/\/raks.pl\/pomoc\/konfiguracja-pracy-zdalnej\/\" data-id=\"3077\">Konfiguracja pracy zdalnej<\/a><\/li><li><a data-post-type=\"post\" class=\"link-post\" href=\"https:\/\/raks.pl\/pomoc\/tworzenia-kopii-zapasowej-jakie-bledy-moga-sie-pojawic\/\" data-id=\"2552\">Mo\u017cliwe problemy podczas tworzenia kopii zapasowej<\/a><\/li><li><a data-post-type=\"post\" class=\"link-post\" href=\"https:\/\/raks.pl\/pomoc\/jak-ustawic-uprawnienia\/\" data-id=\"2149\">Nadawanie uprawnie\u0144 u\u017cytkownikom<\/a><\/li><li><a data-post-type=\"post\" class=\"link-post\" href=\"https:\/\/raks.pl\/pomoc\/nie-widac-menu-zestawien\/\" data-id=\"3689\">Nie wida\u0107 menu zestawie\u0144<\/a><\/li><li><a data-post-type=\"post\" class=\"link-post\" href=\"https:\/\/raks.pl\/pomoc\/niezgodnosc-wersji-baz-danych-globalnych-z-wymagana-wersja-programu\/\" data-id=\"2153\">Niezgodno\u015b\u0107 wersji baz danych  globalnych z wymagan\u0105 wersj\u0105 programu<\/a><\/li><li><a data-post-type=\"post\" class=\"link-post\" href=\"https:\/\/raks.pl\/pomoc\/jak-odtworzyc-baze-danych\/\" data-id=\"2542\">Odtworzenie kopii zapasowej<\/a><\/li><li><a data-post-type=\"post\" class=\"link-post\" href=\"https:\/\/raks.pl\/pomoc\/jak-przeniesc-program-na-nowy-komputer\/\" data-id=\"2147\">Przeniesienie programu na nowy komputer<\/a><\/li><li><a data-post-type=\"post\" class=\"link-post\" href=\"https:\/\/raks.pl\/pomoc\/przygotowanie-pliku-xml-do-importu-danych\/\" data-id=\"5224\">Przygotowanie pliku XML do importu danych.<\/a><\/li><li><a data-post-type=\"post\" class=\"link-post\" href=\"https:\/\/raks.pl\/pomoc\/przywracanie-ustawien-domyslnych-dla-uzytkownika\/\" data-id=\"3687\">Przywracanie ustawie\u0144 domy\u015blnych dla u\u017cytkownika<\/a><\/li><li><a data-post-type=\"post\" class=\"link-post\" href=\"https:\/\/raks.pl\/pomoc\/pulpit-informacyjny-sprzedaz\/\" data-id=\"6508\">Pulpit informacyjny &#8211; Sprzeda\u017c<\/a><\/li><li><a data-post-type=\"post\" class=\"link-post\" href=\"https:\/\/raks.pl\/pomoc\/tworzenie-drugiej-konfiguracji\/\" data-id=\"2546\">Tworzenie drugiej konfiguracji<\/a><\/li><li><a data-post-type=\"post\" class=\"link-post\" href=\"https:\/\/raks.pl\/pomoc\/tworzenie-firm-oznaczanie-firm-jako-testowe-numeracja-firm\/\" data-id=\"2548\">Tworzenie firm. Oznaczanie firm jako testowe. Numeracja firm.<\/a><\/li><li><a data-post-type=\"post\" class=\"link-post\" href=\"https:\/\/raks.pl\/pomoc\/ustawienia-polaczen-wychodzacych\/\" data-id=\"3697\">Ustawienia po\u0142\u0105cze\u0144 wychodz\u0105cych<\/a><\/li><li><a data-post-type=\"post\" class=\"link-post\" href=\"https:\/\/raks.pl\/pomoc\/usuwanie-ustawien-uzytkownika\/\" data-id=\"2135\">Usuwanie ustawie\u0144 u\u017cytkownika<\/a><\/li><li><a data-post-type=\"post\" class=\"link-post\" href=\"https:\/\/raks.pl\/pomoc\/wgranie-licencji\/\" data-id=\"2556\">Wgranie licencji<\/a><\/li><li><a data-post-type=\"post\" class=\"link-post\" href=\"https:\/\/raks.pl\/pomoc\/wolno-dzialajaca-baza-danych-firebird\/\" data-id=\"3809\">Wolno dzia\u0142aj\u0105ca baza danych Firebird<\/a><\/li><li><a data-post-type=\"post\" class=\"link-post\" href=\"https:\/\/raks.pl\/pomoc\/wysylka-email-z-systemu-raks\/\" data-id=\"6312\">Wysy\u0142ka email z systemu RAKS<\/a><\/li><li><a data-post-type=\"post\" class=\"link-post\" href=\"https:\/\/raks.pl\/pomoc\/xml-zmiany\/\" data-id=\"3604\">XML &#8211; zmiany<\/a><\/li><li><a data-post-type=\"post\" class=\"link-post\" href=\"https:\/\/raks.pl\/pomoc\/zablokowany-uzytkownik-zablokowane-polaczenie-z-baza-danych\/\" data-id=\"2559\">Zablokowany u\u017cytkownik, zablokowane po\u0142\u0105czenie z baz\u0105 danych<\/a><\/li><li><a data-post-type=\"post\" class=\"link-post\" href=\"https:\/\/raks.pl\/pomoc\/zmiana-danych-firmy-prowadzonej-w-programie\/\" data-id=\"5346\">Zmiana danych firmy prowadzonej w programie<\/a><\/li><li><a data-post-type=\"post\" class=\"link-post\" href=\"https:\/\/raks.pl\/pomoc\/zniknal-dolny-pasek\/\" data-id=\"2138\">Znikn\u0105\u0142 dolny pasek<\/a><\/li><\/ul>\n","protected":false},"excerpt":{"rendered":"","protected":false},"author":1,"featured_media":0,"parent":1821,"menu_order":0,"comment_status":"closed","ping_status":"closed","template":"","meta":{"_acf_changed":false,"footnotes":""},"class_list":["post-2398","page","type-page","status-publish","hentry"],"acf":[],"_links":{"self":[{"href":"https:\/\/raks.pl\/pomoc\/wp-json\/wp\/v2\/pages\/2398","targetHints":{"allow":["GET"]}}],"collection":[{"href":"https:\/\/raks.pl\/pomoc\/wp-json\/wp\/v2\/pages"}],"about":[{"href":"https:\/\/raks.pl\/pomoc\/wp-json\/wp\/v2\/types\/page"}],"author":[{"embeddable":true,"href":"https:\/\/raks.pl\/pomoc\/wp-json\/wp\/v2\/users\/1"}],"replies":[{"embeddable":true,"href":"https:\/\/raks.pl\/pomoc\/wp-json\/wp\/v2\/comments?post=2398"}],"version-history":[{"count":2,"href":"https:\/\/raks.pl\/pomoc\/wp-json\/wp\/v2\/pages\/2398\/revisions"}],"predecessor-version":[{"id":2516,"href":"https:\/\/raks.pl\/pomoc\/wp-json\/wp\/v2\/pages\/2398\/revisions\/2516"}],"up":[{"embeddable":true,"href":"https:\/\/raks.pl\/pomoc\/wp-json\/wp\/v2\/pages\/1821"}],"wp:attachment":[{"href":"https:\/\/raks.pl\/pomoc\/wp-json\/wp\/v2\/media?parent=2398"}],"curies":[{"name":"wp","href":"https:\/\/api.w.org\/{rel}","templated":true}]}}