{"id":2400,"date":"2021-11-03T09:08:24","date_gmt":"2021-11-03T08:08:24","guid":{"rendered":"http:\/\/raks.pl\/pomoc\/?page_id=2400"},"modified":"2021-11-04T12:18:25","modified_gmt":"2021-11-04T11:18:25","slug":"kadry-i-place","status":"publish","type":"page","link":"https:\/\/raks.pl\/pomoc\/wskazowki\/kadry-i-place\/","title":{"rendered":"Kadry i P\u0142ace"},"content":{"rendered":"\n<ul class=\"list-post-category\"><li><a data-post-type=\"post\" class=\"link-post\" href=\"https:\/\/raks.pl\/pomoc\/jak-odarchiwizowac-zarchiwizowac-pracownika\/\" data-id=\"2181\">Archiwizacja pracownika<\/a><\/li><li><a data-post-type=\"post\" class=\"link-post\" href=\"https:\/\/raks.pl\/pomoc\/automatyczne-wyliczanie-dodatku-stazowego\/\" data-id=\"7305\">Automatyczne wyliczanie dodatku sta\u017cowego<\/a><\/li><li><a data-post-type=\"post\" class=\"link-post\" href=\"https:\/\/raks.pl\/pomoc\/jak-dodac-automatycznie-bilans-urlopowy\/\" data-id=\"2186\">Bilans urlopowy &#8211; automatycznie<\/a><\/li><li><a data-post-type=\"post\" class=\"link-post\" href=\"https:\/\/raks.pl\/pomoc\/jak-dodac-bilanse-urlopowe-pracownikom\/\" data-id=\"2168\">Bilans urlopowy pracownika<\/a><\/li><li><a data-post-type=\"post\" class=\"link-post\" href=\"https:\/\/raks.pl\/pomoc\/jak-czytac-bledy-przy-dodawaniu-realizacji\/\" data-id=\"2572\">B\u0142\u0119dy przy dodawaniu realizacji<\/a><\/li><li><a data-post-type=\"post\" class=\"link-post\" href=\"https:\/\/raks.pl\/pomoc\/co-zrobic-aby-nie-tworzyly-sie-rozrachunki-dla-zamknietej-listy-platniczej\/\" data-id=\"3718\">Co zrobi\u0107 aby nie tworzy\u0142y si\u0119 rozrachunki dla zamkni\u0119tej listy p\u0142atniczej<\/a><\/li><li><a data-post-type=\"post\" class=\"link-post\" href=\"https:\/\/raks.pl\/pomoc\/gdzie-uzupelnic-date-rozpoczecia-rozliczen-w-systemie\/\" data-id=\"2161\">Data rozpocz\u0119cia rozlicze\u0144 w programie<\/a><\/li><li><a data-post-type=\"post\" class=\"link-post\" href=\"https:\/\/raks.pl\/pomoc\/definicja-dnia-o-identyfikatorze-0\/\" data-id=\"6118\">Definicja dnia o identyfikatorze 0<\/a><\/li><li><a data-post-type=\"post\" class=\"link-post\" href=\"https:\/\/raks.pl\/pomoc\/dodanie-paramentow-do-wzorcow-dla-list-platniczych\/\" data-id=\"2566\">Dodanie parament\u00f3w do wzorc\u00f3w dla List p\u0142atniczych.<\/a><\/li><li><a data-post-type=\"post\" class=\"link-post\" href=\"https:\/\/raks.pl\/pomoc\/dodawanie-i-naliczanie-zasilkow-dla-umow-cywilnoprawnych\/\" data-id=\"2570\">Dodawanie i naliczanie zasi\u0142k\u00f3w dla um\u00f3w cywilnoprawnych<\/a><\/li><li><a data-post-type=\"post\" class=\"link-post\" href=\"https:\/\/raks.pl\/pomoc\/dodawanie-zdarzenia-zwolnienie-od-pracy-w-wymiarze-do-20-dni-w-celu-usuwania-skutkow-powodzi\/\" data-id=\"6299\">Dodawanie zdarzenia &#8211; Zwolnienie od pracy w wymiarze do 20 dni w celu usuwania skutk\u00f3w powodzi<\/a><\/li><li><a data-post-type=\"post\" class=\"link-post\" href=\"https:\/\/raks.pl\/pomoc\/jak-naniesc-dzien-wolny-za-swieto-w-sobote\/\" data-id=\"2179\">Dzie\u0144 wolny za \u015bwi\u0119to w sobot\u0119<\/a><\/li><li><a data-post-type=\"post\" class=\"link-post\" href=\"https:\/\/raks.pl\/pomoc\/przy-eksporcie-do-platnika-brak-identyfikatora-pesel-nr-dokumentu\/\" data-id=\"2231\">Eksport do P\u0142atnika &#8211; brak PESEL, nr dok.<\/a><\/li><li><a data-post-type=\"post\" class=\"link-post\" href=\"https:\/\/raks.pl\/pomoc\/jak-wykonac-eksport-do-platnika-nie-podpowiada-pracownikow-podczas-eksportu\/\" data-id=\"2195\">Eksport do P\u0142atnika &#8211; nie podpowiada pracownik\u00f3w<\/a><\/li><li><a data-post-type=\"post\" class=\"link-post\" href=\"https:\/\/raks.pl\/pomoc\/jak-wyeksportowac-plik-skladek-ppk-do-xml\/\" data-id=\"2193\">Eksport sk\u0142adek PPK do pliku XML<\/a><\/li><li><a data-post-type=\"post\" class=\"link-post\" href=\"https:\/\/raks.pl\/pomoc\/jak-dziala-ekwiwalent-za-urlop\/\" data-id=\"2175\">Ekwiwalent za urlop<\/a><\/li><li><a data-post-type=\"post\" class=\"link-post\" href=\"https:\/\/raks.pl\/pomoc\/ekwiwalent-za-urlop-wypoczynkowy-naliczenie-za-pomoca-zdarzenia-w-kalendarzu\/\" data-id=\"5519\">Ekwiwalent za urlop wypoczynkowy &#8211; naliczenie za pomoc\u0105 zdarzenia w kalendarzu<\/a><\/li><li><a data-post-type=\"post\" class=\"link-post\" href=\"https:\/\/raks.pl\/pomoc\/ewidencja-godzin-do-umowy-cywilnoprawnej\/\" data-id=\"8375\">Ewidencja godzin do umowy cywilnoprawnej<\/a><\/li><li><a data-post-type=\"post\" class=\"link-post\" href=\"https:\/\/raks.pl\/pomoc\/gdzie-sie-wprowadza-imie-i-nazwisko-osoby-wystawiajacej-pity\/\" data-id=\"2158\">Imi\u0119 i nazwisko osoby wystawiaj\u0105cej PIT-y<\/a><\/li><li><a data-post-type=\"post\" class=\"link-post\" href=\"https:\/\/raks.pl\/pomoc\/informacja-o-warunkach-zatrudnienia\/\" data-id=\"7442\">Informacja o warunkach zatrudnienia<\/a><\/li><li><a data-post-type=\"post\" class=\"link-post\" href=\"https:\/\/raks.pl\/pomoc\/jak-ustawic-dzien-wolny-dla-wszystkich-pracownikow\/\" data-id=\"3716\">Jak ustawi\u0107 dzie\u0144 wolny dla wszystkich pracownik\u00f3w<\/a><\/li><li><a data-post-type=\"post\" class=\"link-post\" href=\"https:\/\/raks.pl\/pomoc\/jak-zaktualizowac-dane-pracownika-w-umowie-aneksie\/\" data-id=\"7253\">Jak zaktualizowa\u0107 dane pracownika w umowie, aneksie?<\/a><\/li><li><a data-post-type=\"post\" class=\"link-post\" href=\"https:\/\/raks.pl\/pomoc\/jedna-umowa-konczy-sie-w-srodku-miesiaca-i-druga-jako-kontynuacja-zaczyna-sie-od-kolejnego-dnia-przy-naliczaniu-kup-i-ulga-naliczaja-sie-na-obu-jak-temu-zapobiec\/\" data-id=\"3712\">Jedna umowa ko\u0144czy si\u0119 w \u015brodku miesi\u0105ca i druga jako kontynuacja zaczyna si\u0119 od kolejnego dnia \u2013 przy naliczaniu KUP i ulga naliczaj\u0105 si\u0119 na obu \u2013 jak temu zapobiec?<\/a><\/li><li><a data-post-type=\"post\" class=\"link-post\" href=\"https:\/\/raks.pl\/pomoc\/kolejnosc-dzialan-przy-naliczaniu-list-plac\/\" data-id=\"7134\">Kolejno\u015b\u0107 dzia\u0142a\u0144 przy naliczaniu list p\u0142ac<\/a><\/li><li><a data-post-type=\"post\" class=\"link-post\" href=\"https:\/\/raks.pl\/pomoc\/komunikat-cannot-perform-this-operation-on-a-closed-dataset-blad-ss_godziny-nocne\/\" data-id=\"2198\">Komunikat &#8211; Cannot perform this operation on a closed dataset (B\u0142\u0105d SS_godziny nocne)<\/a><\/li><li><a data-post-type=\"post\" class=\"link-post\" href=\"https:\/\/raks.pl\/pomoc\/jak-naliczac-nadgodziny-dla-pracownika\/\" data-id=\"2189\">Nadgodziny dla pracownika<\/a><\/li><li><a data-post-type=\"post\" class=\"link-post\" href=\"https:\/\/raks.pl\/pomoc\/naliczanie-plac-rozporzadzenie-07-01-22-r\/\" data-id=\"3280\">Naliczanie p\u0142ac &#8211; Rozporz\u0105dzenie 07.01.22 r.<\/a><\/li><li><a data-post-type=\"post\" class=\"link-post\" href=\"https:\/\/raks.pl\/pomoc\/naliczanie-umow-cywilnoprawnych-godzinowych\/\" data-id=\"3709\">Naliczanie um\u00f3w cywilnoprawnych godzinowych<\/a><\/li><li><a data-post-type=\"post\" class=\"link-post\" href=\"https:\/\/raks.pl\/pomoc\/nie-nalicza-sie-fundusz-pracy-dla-pracownika-co-nalezy-sprawdzic\/\" data-id=\"2206\">Nie nalicza si\u0119 Fundusz Pracy<\/a><\/li><li><a data-post-type=\"post\" class=\"link-post\" href=\"https:\/\/raks.pl\/pomoc\/nie-nalicza-sie-ulga-zaliczki-oraz-koszty-uzyskania-co-nalezy-sprawdzic-2\/\" data-id=\"3701\">Nie nalicza si\u0119 ulga zaliczki oraz koszty uzyskania &#8211; co nale\u017cy sprawdzi\u0107<\/a><\/li><li><a data-post-type=\"post\" class=\"link-post\" href=\"https:\/\/raks.pl\/pomoc\/nie-naliczaja-sie-skladki-zus\/\" data-id=\"2225\">Nie naliczaj\u0105 si\u0119 sk\u0142adki ZUS<\/a><\/li><li><a data-post-type=\"post\" class=\"link-post\" href=\"https:\/\/raks.pl\/pomoc\/nie-potraca-sie-zaliczka-od-listy-podatkowej-ppk\/\" data-id=\"2227\">Nie potr\u0105ca zaliczki od listy podatkowej PPK<\/a><\/li><li><a data-post-type=\"post\" class=\"link-post\" href=\"https:\/\/raks.pl\/pomoc\/nie-udalo-sie-odczytac-definicji-dnia-o-identyfikatorze-0\/\" data-id=\"3699\">Nie uda\u0142o si\u0119 odczyta\u0107 definicji dnia o identyfikatorze 0<\/a><\/li><li><a data-post-type=\"post\" class=\"link-post\" href=\"https:\/\/raks.pl\/pomoc\/naliczenie-odprawy-emerytalnej-posmiertnej\/\" data-id=\"2202\">Odprawa emerytalna\/po\u015bmiertna<\/a><\/li><li><a data-post-type=\"post\" class=\"link-post\" href=\"https:\/\/raks.pl\/pomoc\/otwieranie-nowego-okresu-platniczego\/\" data-id=\"3053\">Otwieranie nowego okresu p\u0142atniczego<\/a><\/li><li><a data-post-type=\"post\" class=\"link-post\" href=\"https:\/\/raks.pl\/pomoc\/pobieranie-danych-stalych\/\" data-id=\"2191\">Pobieranie danych sta\u0142ych<\/a><\/li><li><a data-post-type=\"post\" class=\"link-post\" href=\"https:\/\/raks.pl\/pomoc\/na-umowie-cywilnoprawnej-nalicza-sie-podatek-dla-osoby-do-26-roku-zycia\/\" data-id=\"2217\">Podatek dla osoby do 26 roku \u017cycia<\/a><\/li><li><a data-post-type=\"post\" class=\"link-post\" href=\"https:\/\/raks.pl\/pomoc\/podwojna-kwota-wynagrodzenia-na-realizacji-co-nalezy-sprawdzic\/\" data-id=\"2229\">Podw\u00f3jna kwota wynagrodzenia<\/a><\/li><li><a data-post-type=\"post\" class=\"link-post\" href=\"https:\/\/raks.pl\/pomoc\/polski-lad-kadry-i-place\/\" data-id=\"3046\">POLSKI \u0141AD &#8211; Kadry i P\u0142ace<\/a><\/li><li><a data-post-type=\"post\" class=\"link-post\" href=\"https:\/\/raks.pl\/pomoc\/ppk-autozapis-2023\/\" data-id=\"5038\">PPK &#8211; autozapis 2023<\/a><\/li><li><a data-post-type=\"post\" class=\"link-post\" href=\"https:\/\/raks.pl\/pomoc\/ppk-twoja-licencja-nie-pozwala-na-uruchomienie-tej-funkcjonalnosci\/\" data-id=\"2211\">PPK &#8211; licencja nie pozwala na uruchomienie<\/a><\/li><li><a data-post-type=\"post\" class=\"link-post\" href=\"https:\/\/raks.pl\/pomoc\/jak-wystawic-przelewy-do-listy-platniczej\/\" data-id=\"2577\">Przelewy do listy p\u0142atniczej<\/a><\/li><li><a data-post-type=\"post\" class=\"link-post\" href=\"https:\/\/raks.pl\/pomoc\/przenoszenie-skladnikow-wynagrodzenia\/\" data-id=\"6134\">Przenoszenie sk\u0142adnik\u00f3w wynagrodzenia<\/a><\/li><li><a data-post-type=\"post\" class=\"link-post\" href=\"https:\/\/raks.pl\/pomoc\/skladka-zdrowotna-nizsza-niz-9\/\" data-id=\"2213\">Sk\u0142adka zdrowotna ni\u017csza ni\u017c 9%<\/a><\/li><li><a data-post-type=\"post\" class=\"link-post\" href=\"https:\/\/raks.pl\/pomoc\/skladki-zus-i-dra-w-module-kp\/\" data-id=\"3488\">Sk\u0142adki ZUS i DRA w module KP<\/a><\/li><li><a data-post-type=\"post\" class=\"link-post\" href=\"https:\/\/raks.pl\/pomoc\/gdzie-uzupelnic-skladki-zus-wlasciciela\/\" data-id=\"2164\">Sk\u0142adki ZUS w\u0142a\u015bciciela<\/a><\/li><li><a data-post-type=\"post\" class=\"link-post\" href=\"https:\/\/raks.pl\/pomoc\/tworzenie-umowy-o-prace-na-okres-probny\/\" data-id=\"5976\">Tworzenie umowy o prac\u0119 na okres pr\u00f3bny<\/a><\/li><li><a data-post-type=\"post\" class=\"link-post\" href=\"https:\/\/raks.pl\/pomoc\/tworzenie-wzorca-kalendarza\/\" data-id=\"2215\">Tworzenie wzorca kalendarza<\/a><\/li><li><a data-post-type=\"post\" class=\"link-post\" href=\"https:\/\/raks.pl\/pomoc\/ulga-dla-klasy-sredniej-ujemna-kwota\/\" data-id=\"3707\">Ulga dla klasy \u015bredniej &#8211; ujemna kwota<\/a><\/li><li><a data-post-type=\"post\" class=\"link-post\" href=\"https:\/\/raks.pl\/pomoc\/gdzie-uzupelnic-urzad-skarbowy-pracownika\/\" data-id=\"2183\">Urz\u0105d Skarbowy pracownika<\/a><\/li><li><a data-post-type=\"post\" class=\"link-post\" href=\"https:\/\/raks.pl\/pomoc\/wigilia-jako-dzien-wolny-jak-ustawic\/\" data-id=\"7550\">Wigilia jako dzie\u0144 wolny &#8211; jak ustawi\u0107?<\/a><\/li><li><a data-post-type=\"post\" class=\"link-post\" href=\"https:\/\/raks.pl\/pomoc\/nie-mozna-wydrukowac-swiadectwa-pracy-mimo-ze-umowa-jest-rozwiazana\/\" data-id=\"2204\">Wydruk \u015bwiadectwa pracy &#8211; rozwi\u0105zana umowa<\/a><\/li><li><a data-post-type=\"post\" class=\"link-post\" href=\"https:\/\/raks.pl\/pomoc\/wyrownanie-realizacji-pracownika-do-kwoty-wynagrodzenia-minimalnego\/\" data-id=\"5398\">Wyr\u00f3wnanie realizacji pracownika, do kwoty wynagrodzenia minimalnego<\/a><\/li><li><a data-post-type=\"post\" class=\"link-post\" href=\"https:\/\/raks.pl\/pomoc\/wysylka-email-z-systemu-raks\/\" data-id=\"6312\">Wysy\u0142ka email z systemu RAKS<\/a><\/li><li><a data-post-type=\"post\" class=\"link-post\" href=\"https:\/\/raks.pl\/pomoc\/zasilki-wyplaca-zus-gdzie-zaznaczyc-w-programie-aby-nie-naliczaly-sie-zasilki\/\" data-id=\"2235\">Zasi\u0142ki wyp\u0142aca ZUS- gdzie wy\u0142\u0105czy\u0107 naliczanie<\/a><\/li><li><a data-post-type=\"post\" class=\"link-post\" href=\"https:\/\/raks.pl\/pomoc\/nie-rozliczaja-sie-zdarzenia-dodane-na-kalendarzu-oznaczenie-jako-obce\/\" data-id=\"2208\">Zdarzenia dodane na kalendarzu &#8211; oznaczenie jako obce<\/a><\/li><li><a data-post-type=\"post\" class=\"link-post\" href=\"https:\/\/raks.pl\/pomoc\/mimo-dodania-zdarzenia-i-skladnikow-do-nadgodzin-zdarzenie-nadgodzin-nie-zapisuje-sie\/\" data-id=\"2200\">Zdarzenie nadgodzin nie zapisuje si\u0119<\/a><\/li><li><a data-post-type=\"post\" class=\"link-post\" href=\"https:\/\/raks.pl\/pomoc\/jak-dodac-zaswiadczenie-zus-z-3\/\" data-id=\"2172\">ZUS Z-3<\/a><\/li><li><a data-post-type=\"post\" class=\"link-post\" href=\"https:\/\/raks.pl\/pomoc\/nie-mozna-wydrukowac-zaswiadczenia-zus-z-3\/\" data-id=\"2219\">ZUS Z-3 &#8211; problem z wydrukiem<\/a><\/li><\/ul>\n","protected":false},"excerpt":{"rendered":"","protected":false},"author":1,"featured_media":0,"parent":1821,"menu_order":2,"comment_status":"closed","ping_status":"closed","template":"","meta":{"_acf_changed":false,"footnotes":""},"class_list":["post-2400","page","type-page","status-publish","hentry"],"acf":[],"_links":{"self":[{"href":"https:\/\/raks.pl\/pomoc\/wp-json\/wp\/v2\/pages\/2400","targetHints":{"allow":["GET"]}}],"collection":[{"href":"https:\/\/raks.pl\/pomoc\/wp-json\/wp\/v2\/pages"}],"about":[{"href":"https:\/\/raks.pl\/pomoc\/wp-json\/wp\/v2\/types\/page"}],"author":[{"embeddable":true,"href":"https:\/\/raks.pl\/pomoc\/wp-json\/wp\/v2\/users\/1"}],"replies":[{"embeddable":true,"href":"https:\/\/raks.pl\/pomoc\/wp-json\/wp\/v2\/comments?post=2400"}],"version-history":[{"count":4,"href":"https:\/\/raks.pl\/pomoc\/wp-json\/wp\/v2\/pages\/2400\/revisions"}],"predecessor-version":[{"id":3219,"href":"https:\/\/raks.pl\/pomoc\/wp-json\/wp\/v2\/pages\/2400\/revisions\/3219"}],"up":[{"embeddable":true,"href":"https:\/\/raks.pl\/pomoc\/wp-json\/wp\/v2\/pages\/1821"}],"wp:attachment":[{"href":"https:\/\/raks.pl\/pomoc\/wp-json\/wp\/v2\/media?parent=2400"}],"curies":[{"name":"wp","href":"https:\/\/api.w.org\/{rel}","templated":true}]}}