{"id":2402,"date":"2021-11-03T09:08:58","date_gmt":"2021-11-03T08:08:58","guid":{"rendered":"http:\/\/raks.pl\/pomoc\/?page_id=2402"},"modified":"2021-11-03T09:49:45","modified_gmt":"2021-11-03T08:49:45","slug":"ksiegowosc","status":"publish","type":"page","link":"https:\/\/raks.pl\/pomoc\/wskazowki\/ksiegowosc\/","title":{"rendered":"Ksi\u0119gowo\u015b\u0107"},"content":{"rendered":"\n<ul class=\"list-post-category\"><li><a data-post-type=\"post\" class=\"link-post\" href=\"https:\/\/raks.pl\/pomoc\/automatyczna-numeracja-kont\/\" data-id=\"2596\">Automatyczna numeracja kont<\/a><\/li><li><a data-post-type=\"post\" class=\"link-post\" href=\"https:\/\/raks.pl\/pomoc\/automatyczne-zapisanie-urzedu-skarbowego-jako-kontrahenta\/\" data-id=\"5349\">Automatyczne zapisanie Urz\u0119du Skarbowego jako kontrahenta<\/a><\/li><li><a data-post-type=\"post\" class=\"link-post\" href=\"https:\/\/raks.pl\/pomoc\/bezplatne-bazy-wzorcowe-dla-modulu-kpir\/\" data-id=\"5426\">Bezp\u0142atne bazy wzorcowe dla modu\u0142u KPIR<\/a><\/li><li><a data-post-type=\"post\" class=\"link-post\" href=\"https:\/\/raks.pl\/pomoc\/niepoprawny-wynik-finansowy-na-bilansie\/\" data-id=\"2289\">Bilans  &#8211; niepoprawny wynik finansowy<\/a><\/li><li><a data-post-type=\"post\" class=\"link-post\" href=\"https:\/\/raks.pl\/pomoc\/nie-pobieraja-sie-dane-do-deklaracji-udzialowca\/\" data-id=\"2282\">Brak danych Udzia\u0142owca na deklaracji<\/a><\/li><li><a data-post-type=\"post\" class=\"link-post\" href=\"https:\/\/raks.pl\/pomoc\/nie-pobiera-sie-imie-wlasciciela-na-deklaracjach-odrzuca-deklaracje-z-powodu-braku-danych\/\" data-id=\"2278\">Brak imienia w\u0142a\u015bciciela na deklaracjach<\/a><\/li><li><a data-post-type=\"post\" class=\"link-post\" href=\"https:\/\/raks.pl\/pomoc\/brak-kodu-dokumentu-dla-wb-w-finansach-gdzie-uzupelnic\/\" data-id=\"2245\">Brak kodu dokumentu dla wyci\u0105gu bankowego WB<\/a><\/li><li><a data-post-type=\"post\" class=\"link-post\" href=\"https:\/\/raks.pl\/pomoc\/komunikat-brak-komunikacji-z-systemem-e-deklaracji-przy-wysylce-deklaracji\/\" data-id=\"2267\">Brak komunikacji z systemem e-deklaracji<\/a><\/li><li><a data-post-type=\"post\" class=\"link-post\" href=\"https:\/\/raks.pl\/pomoc\/nie-pokazuje-sie-okienko-z-gus-przy-dodawaniu-nowego-kontrahenta\/\" data-id=\"2327\">Brak okna GUS przy dodawaniu kontrahenta<\/a><\/li><li><a data-post-type=\"post\" class=\"link-post\" href=\"https:\/\/raks.pl\/pomoc\/brak-rozrachunkow-do-rozliczenia-ze-wskazanym\/\" data-id=\"3619\">Brak rozrachunk\u00f3w do rozliczenia ze wskazanym<\/a><\/li><li><a data-post-type=\"post\" class=\"link-post\" href=\"https:\/\/raks.pl\/pomoc\/brak-zapisow-ksiegowych-dla-wpisow-do-rejestru-vat-wylaczenie-komunikatu-o-braku-zgodnosci\/\" data-id=\"3611\">Brak zapis\u00f3w ksi\u0119gowych dla wpis\u00f3w do rejestru VAT- wy\u0142\u0105czenie komunikatu o braku zgodno\u015bci<\/a><\/li><li><a data-post-type=\"post\" class=\"link-post\" href=\"https:\/\/raks.pl\/pomoc\/brak-zgodnosci-vat-rozrachunkow-i-ksiegowan\/\" data-id=\"3621\">Brak zgodno\u015bci VAT\/rozrachunk\u00f3w i ksi\u0119gowa\u0144<\/a><\/li><li><a data-post-type=\"post\" class=\"link-post\" href=\"https:\/\/raks.pl\/pomoc\/dodanie-czesci-deklaracyjnej-oraz-czesci-ewidencyjnej-nowego-jpk\/\" data-id=\"2257\">Cz\u0119\u015b\u0107 deklaracyjna oraz cz\u0119\u015b\u0107 ewidencyjna JPK V7<\/a><\/li><li><a data-post-type=\"post\" class=\"link-post\" href=\"https:\/\/raks.pl\/pomoc\/dane-udzialowca-i-udzialy-w-zrodlach\/\" data-id=\"3634\">Dane udzia\u0142owca i udzia\u0142y w \u017ar\u00f3d\u0142ach<\/a><\/li><li><a data-post-type=\"post\" class=\"link-post\" href=\"https:\/\/raks.pl\/pomoc\/gdzie-uzupelnic-dane-udzialowca-i-udzialy-w-zrodlach\/\" data-id=\"2296\">Dane udzia\u0142owca i udzia\u0142y w \u017ar\u00f3d\u0142ach<\/a><\/li><li><a data-post-type=\"post\" class=\"link-post\" href=\"https:\/\/raks.pl\/pomoc\/definiowanie-magazynu-walut\/\" data-id=\"5832\">Definiowanie magazynu walut<\/a><\/li><li><a data-post-type=\"post\" class=\"link-post\" href=\"https:\/\/raks.pl\/pomoc\/dodalam-em-deklaracje-ale-jej-nie-widze-na-liscie\/\" data-id=\"2264\">Deklaracja &#8211; brak widoczno\u015bci na li\u015bcie.<\/a><\/li><li><a data-post-type=\"post\" class=\"link-post\" href=\"https:\/\/raks.pl\/pomoc\/deklaracja-viu-do\/\" data-id=\"5989\">Deklaracja VIU-DO<\/a><\/li><li><a data-post-type=\"post\" class=\"link-post\" href=\"https:\/\/raks.pl\/pomoc\/dodane-sa-wydarzenia-w-st-ale-nie-widac-ich-na-liscie-dok-ksiegowych-dlaczego\/\" data-id=\"2253\">Dodane wydarzenia w ST  &#8211; niewidoczne na li\u015bcie dokument\u00f3w ksi\u0119gowych<\/a><\/li><li><a data-post-type=\"post\" class=\"link-post\" href=\"https:\/\/raks.pl\/pomoc\/dodanie-nowej-kasy-z-bilansem-otwarcia\/\" data-id=\"7273\">Dodanie nowej kasy z bilansem otwarcia<\/a><\/li><li><a data-post-type=\"post\" class=\"link-post\" href=\"https:\/\/raks.pl\/pomoc\/dodawanie-kodu-kraju\/\" data-id=\"2259\">Dodawanie kodu kraju<\/a><\/li><li><a data-post-type=\"post\" class=\"link-post\" href=\"https:\/\/raks.pl\/pomoc\/dodawanie-udzialowcow-i-zrodel-przychodow\/\" data-id=\"5503\">Dodawanie udzia\u0142owc\u00f3w i \u017ar\u00f3de\u0142 przychod\u00f3w<\/a><\/li><li><a data-post-type=\"post\" class=\"link-post\" href=\"https:\/\/raks.pl\/pomoc\/e-sprawozdania-najczestsze-problemy-techniczne\/\" data-id=\"5294\">E-sprawozdania &#8211; najcz\u0119stsze problemy techniczne<\/a><\/li><li><a data-post-type=\"post\" class=\"link-post\" href=\"https:\/\/raks.pl\/pomoc\/e-sprawozdania-zapisywanie-kopia-bezpieczenstwa\/\" data-id=\"5292\">E-sprawozdania &#8211; zapisywanie, kopia bezpiecze\u0144stwa<\/a><\/li><li><a data-post-type=\"post\" class=\"link-post\" href=\"https:\/\/raks.pl\/pomoc\/eksport-bo-i-rzis-do-e-sprawozdania\/\" data-id=\"3625\">Eksport BO i RZiS do E-sprawozdania<\/a><\/li><li><a data-post-type=\"post\" class=\"link-post\" href=\"https:\/\/raks.pl\/pomoc\/ewidencja-pit-kasowy\/\" data-id=\"6530\">Ewidencja PIT kasowy<\/a><\/li><li><a data-post-type=\"post\" class=\"link-post\" href=\"https:\/\/raks.pl\/pomoc\/grupy-vat-obsluga-w-rakssql\/\" data-id=\"4964\">Grupy VAT &#8211; obs\u0142uga w RAKS<\/a><\/li><li><a data-post-type=\"post\" class=\"link-post\" href=\"https:\/\/raks.pl\/pomoc\/import-dokumentow-ksiegowych-bledy-przy-korzystaniu-z-oznaczen-d-lub-o\/\" data-id=\"3637\">Import dokument\u00f3w ksi\u0119gowych b\u0142\u0119dy przy korzystaniu z oznacze\u0144 D lub O<\/a><\/li><li><a data-post-type=\"post\" class=\"link-post\" href=\"https:\/\/raks.pl\/pomoc\/import-planu-kont-z-poprzedniego-roku\/\" data-id=\"2299\">Import planu kont z poprzedniego roku<\/a><\/li><li><a data-post-type=\"post\" class=\"link-post\" href=\"https:\/\/raks.pl\/pomoc\/import-schematu-ksiegowego-z-firmy-do-firmy\/\" data-id=\"2303\">Import schematu ksi\u0119gowego<\/a><\/li><li><a data-post-type=\"post\" class=\"link-post\" href=\"https:\/\/raks.pl\/pomoc\/import-wyciagow-bankowych\/\" data-id=\"2599\">Import Wyci\u0105g\u00f3w bankowych<\/a><\/li><li><a data-post-type=\"post\" class=\"link-post\" href=\"https:\/\/raks.pl\/pomoc\/jak-w-st-moge-dodac-roczny-plan-amortyzacji\/\" data-id=\"2311\">Jak doda\u0107 roczny plan amortyzacji \u015aT<\/a><\/li><li><a data-post-type=\"post\" class=\"link-post\" href=\"https:\/\/raks.pl\/pomoc\/jak-dodac-ulge-na-zle-dlugi\/\" data-id=\"2307\">Jak doda\u0107 ulg\u0119 na z\u0142e d\u0142ugi<\/a><\/li><li><a data-post-type=\"post\" class=\"link-post\" href=\"https:\/\/raks.pl\/pomoc\/jak-wystawic-note-korygujaca\/\" data-id=\"2317\">Jak wystawi\u0107 not\u0119 koryguj\u0105c\u0105<\/a><\/li><li><a data-post-type=\"post\" class=\"link-post\" href=\"https:\/\/raks.pl\/pomoc\/jak-zaliczyc-skladke-zdrowotna-w-koszty-kpir\/\" data-id=\"5268\">Jak zaliczy\u0107 sk\u0142adk\u0119 zdrowotn\u0105 w koszty &#8211; KPIR<\/a><\/li><li><a data-post-type=\"post\" class=\"link-post\" href=\"https:\/\/raks.pl\/pomoc\/jpk-pd-grupy-podmiotow-i-znaczniki-kont\/\" data-id=\"6633\">JPK PD &#8211; Grupy podmiot\u00f3w i znaczniki kont<\/a><\/li><li><a data-post-type=\"post\" class=\"link-post\" href=\"https:\/\/raks.pl\/pomoc\/jpk-v7-deklaracje-2022\/\" data-id=\"3169\">JPK V7 &#8211; Deklaracje 2022<\/a><\/li><li><a data-post-type=\"post\" class=\"link-post\" href=\"https:\/\/raks.pl\/pomoc\/jpk-v7-informacje\/\" data-id=\"2862\">JPK V7 &#8211; Informacje<\/a><\/li><li><a data-post-type=\"post\" class=\"link-post\" href=\"https:\/\/raks.pl\/pomoc\/jpk-v7-od-2022-r\/\" data-id=\"3148\">JPK V7 &#8211; od 2022 r.<\/a><\/li><li><a data-post-type=\"post\" class=\"link-post\" href=\"https:\/\/raks.pl\/pomoc\/jpk-v7-weryfikacja-negatywna\/\" data-id=\"6124\">JPK V7 &#8211; weryfikacja negatywna<\/a><\/li><li><a data-post-type=\"post\" class=\"link-post\" href=\"https:\/\/raks.pl\/pomoc\/jpk_kr_pd\/\" data-id=\"7638\">JPK_KR_PD<\/a><\/li><li><a data-post-type=\"post\" class=\"link-post\" href=\"https:\/\/raks.pl\/pomoc\/kasowy-pit-zawieszenie-dzialalnosci-skladka-zdrowotna\/\" data-id=\"6566\">Kasowy PIT &#8211; zawieszenie dzia\u0142alno\u015bci, sk\u0142adka zdrowotna.<\/a><\/li><li><a data-post-type=\"post\" class=\"link-post\" href=\"https:\/\/raks.pl\/pomoc\/komunikat-o-braku-licencji-przy-wejsciu-w-e-sprawozdania\/\" data-id=\"2320\">Komunikat &#8211; brak licencji e-Sprawozdania<\/a><\/li><li><a data-post-type=\"post\" class=\"link-post\" href=\"https:\/\/raks.pl\/pomoc\/komunikat-lock-conflict-on-no-wait-transaction-przy-probie-usuniecia-dok-rmk\/\" data-id=\"2276\">Komunikat &#8211; lock conflict on no wait transaction &#8211; przy usuni\u0119ciu dok. RMK<\/a><\/li><li><a data-post-type=\"post\" class=\"link-post\" href=\"https:\/\/raks.pl\/pomoc\/jak-wyeliminowac-komunikat-podczas-operacji-ksiegowania-dokumentow-nie-mozna-zaksiegowac-dokumentu-dokument-zrodlowy-zostal-zmodyfikowany\/\" data-id=\"2313\">Komunikat &#8211; Nie mo\u017cna zaksi\u0119gowa\u0107 dokumentu. Dokument \u017ar\u00f3d\u0142owy zosta\u0142 zmodyfikowany<\/a><\/li><li><a data-post-type=\"post\" class=\"link-post\" href=\"https:\/\/raks.pl\/pomoc\/komunikat-przy-probie-dodania-konta-analitycznego\/\" data-id=\"2269\">Komunikat przy pr\u00f3bie dodania konta analitycznego:<\/a><\/li><li><a data-post-type=\"post\" class=\"link-post\" href=\"https:\/\/raks.pl\/pomoc\/komunikat-dla-wybranego-typu-opodatkowania-niedozwolona-jest-stawka-npkomunikat\/\" data-id=\"4729\">Komunikat: Dla wybranego typu opodatkowania niedozwolona jest stawka \u201eNP\u201d<\/a><\/li><li><a data-post-type=\"post\" class=\"link-post\" href=\"https:\/\/raks.pl\/pomoc\/konta-nkup-definiowanie\/\" data-id=\"2611\">KONTA  NKUP \u2013 definiowanie<\/a><\/li><li><a data-post-type=\"post\" class=\"link-post\" href=\"https:\/\/raks.pl\/pomoc\/wprowadzam-kontrahenta-i-nie-nadaje-mu-sie-kolejny-numer-analityki-caly-czas-podpowiada-sie-juz-istniejacy-przypisany-do-innego-kontrahenta\/\" data-id=\"2261\">Kontrahent &#8211; nie nadaje si\u0119 kolejny nr analityki &#8211; podpowiada si\u0119 istniej\u0105cy<\/a><\/li><li><a data-post-type=\"post\" class=\"link-post\" href=\"https:\/\/raks.pl\/pomoc\/korekta-amortyzacji-srodka-trwalego\/\" data-id=\"3639\">Korekta amortyzacji  \u015brodka trwa\u0142ego<\/a><\/li><li><a data-post-type=\"post\" class=\"link-post\" href=\"https:\/\/raks.pl\/pomoc\/korekta-jpk-v7\/\" data-id=\"2272\">Korekta JPK V7<\/a><\/li><li><a data-post-type=\"post\" class=\"link-post\" href=\"https:\/\/raks.pl\/pomoc\/ksef-instrukcja\/\" data-id=\"6061\">KSeF &#8211; Informacje<\/a><\/li><li><a data-post-type=\"post\" class=\"link-post\" href=\"https:\/\/raks.pl\/pomoc\/ksiegowanie-vat-marza\/\" data-id=\"2613\">Ksi\u0119gowanie VAT mar\u017ca<\/a><\/li><li><a data-post-type=\"post\" class=\"link-post\" href=\"https:\/\/raks.pl\/pomoc\/magazyn-walut\/\" data-id=\"5828\">Magazyn walut<\/a><\/li><li><a data-post-type=\"post\" class=\"link-post\" href=\"https:\/\/raks.pl\/pomoc\/nie-liczy-sie-podatek-na-rozliczeniu-miesiecznym-dla-udzialowca\/\" data-id=\"2322\">Nie liczy si\u0119 podatek dla udzia\u0142owca<\/a><\/li><li><a data-post-type=\"post\" class=\"link-post\" href=\"https:\/\/raks.pl\/pomoc\/nie-mozna-wygenerowac-rozliczenia-miesiecznego-komunikaty\/\" data-id=\"2325\">Nie mo\u017cna wygenerowa\u0107 rozliczenia miesi\u0119cznego<\/a><\/li><li><a data-post-type=\"post\" class=\"link-post\" href=\"https:\/\/raks.pl\/pomoc\/nie-widze-dokumentow-niezarejestrowanych-w-ksiegowosc-dokumenty-ksiegowe\/\" data-id=\"2286\">Nie wida\u0107 dokument\u00f3w niezarejestrowanych<\/a><\/li><li><a data-post-type=\"post\" class=\"link-post\" href=\"https:\/\/raks.pl\/pomoc\/nowe-wzory-rachunku-zyskow-i-strat\/\" data-id=\"6827\">Nowe wzory Rachunku Zysk\u00f3w i Strat<\/a><\/li><li><a data-post-type=\"post\" class=\"link-post\" href=\"https:\/\/raks.pl\/pomoc\/numer-powielonego-dokumentu-zrodlowego-nie-podswietla-sie-na-czerwono\/\" data-id=\"3644\">Numer powielonego dokumentu \u017ar\u00f3d\u0142owego nie pod\u015bwietla si\u0119 na czerwono<\/a><\/li><li><a data-post-type=\"post\" class=\"link-post\" href=\"https:\/\/raks.pl\/pomoc\/obsluga-zwolnienia-z-pdof\/\" data-id=\"3592\">Obs\u0142uga zwolnienia z PDOF<\/a><\/li><li><a data-post-type=\"post\" class=\"link-post\" href=\"https:\/\/raks.pl\/pomoc\/dlaczego-jest-podwojny-wynik-finansowy-na-bilansie\/\" data-id=\"2251\">Podw\u00f3jny wynik finansowy w Bilansie<\/a><\/li><li><a data-post-type=\"post\" class=\"link-post\" href=\"https:\/\/raks.pl\/pomoc\/procedury-wsto_ee-oraz-ied\/\" data-id=\"3003\">Procedury WSTO_EE oraz IED<\/a><\/li><li><a data-post-type=\"post\" class=\"link-post\" href=\"https:\/\/raks.pl\/pomoc\/przenoszenie-wzorcow-ksiegowych-miedzy-firmami\/\" data-id=\"3647\">Przenoszenie wzorc\u00f3w ksi\u0119gowych mi\u0119dzy firmami<\/a><\/li><li><a data-post-type=\"post\" class=\"link-post\" href=\"https:\/\/raks.pl\/pomoc\/wykonane-zestawienie-jest-puste-nie-pokazuje-danych-oprocz-naglowka\/\" data-id=\"2291\">Puste zestawienie &#8211; brak danych<\/a><\/li><li><a data-post-type=\"post\" class=\"link-post\" href=\"https:\/\/raks.pl\/pomoc\/rzis-albo-bilans-w-kolumnie-poprzedni-rok-jest-pusta-zerowe-wartosci\/\" data-id=\"2335\">RZiS lub Bilans w kolumnie poprzedni rok jest pusty (zerowe warto\u015bci)<\/a><\/li><li><a data-post-type=\"post\" class=\"link-post\" href=\"https:\/\/raks.pl\/pomoc\/skladka-zdrowotna-w-modulach-fk\/\" data-id=\"3394\">Sk\u0142adka zdrowotna w modu\u0142ach FK<\/a><\/li><li><a data-post-type=\"post\" class=\"link-post\" href=\"https:\/\/raks.pl\/pomoc\/skladki-zus-i-dra-w-module-fk\/\" data-id=\"3451\">Sk\u0142adki ZUS i DRA w module FK<\/a><\/li><li><a data-post-type=\"post\" class=\"link-post\" href=\"https:\/\/raks.pl\/pomoc\/jak-dodac-spis-z-natury-zeby-byl-widoczny-jako-remanent-w-kpir\/\" data-id=\"2305\">Spis z natury &#8211; remanent w KPiR<\/a><\/li><li><a data-post-type=\"post\" class=\"link-post\" href=\"https:\/\/raks.pl\/pomoc\/sprawdzenie-daty-zamkniecia-okresu\/\" data-id=\"6141\">Sprawdzenie daty zamkni\u0119cia okresu<\/a><\/li><li><a data-post-type=\"post\" class=\"link-post\" href=\"https:\/\/raks.pl\/pomoc\/srodki-trwale-tworzenie-dokumentow-do-wydarzen\/\" data-id=\"3649\">\u015arodki Trwa\u0142e \u2013 Tworzenie dokument\u00f3w do wydarze\u0144<\/a><\/li><li><a data-post-type=\"post\" class=\"link-post\" href=\"https:\/\/raks.pl\/pomoc\/srodki-trwale-zmiana-wartosci\/\" data-id=\"3651\">\u015arodki Trwa\u0142e \u2013 zmiana warto\u015bci<\/a><\/li><li><a data-post-type=\"post\" class=\"link-post\" href=\"https:\/\/raks.pl\/pomoc\/stan-kasy\/\" data-id=\"7278\">Stan kasy<\/a><\/li><li><a data-post-type=\"post\" class=\"link-post\" href=\"https:\/\/raks.pl\/pomoc\/stan-rachunkow-bankowych\/\" data-id=\"7283\">Stan rachunk\u00f3w bankowych<\/a><\/li><li><a data-post-type=\"post\" class=\"link-post\" href=\"https:\/\/raks.pl\/pomoc\/status-300-przy-wysylce-deklaracji\/\" data-id=\"2341\">Status 300 &#8211; wysy\u0142ka deklaracji<\/a><\/li><li><a data-post-type=\"post\" class=\"link-post\" href=\"https:\/\/raks.pl\/pomoc\/uprawnienia\/\" data-id=\"5830\">Uprawnienia<\/a><\/li><li><a data-post-type=\"post\" class=\"link-post\" href=\"https:\/\/raks.pl\/pomoc\/ustawienie-wspolczynnikow-i-prewspolczynnikow-i-ksiegowanie-z-ich-wykorzystaniem\/\" data-id=\"2619\">Ustawienie wsp\u00f3\u0142czynnik\u00f3w i prewsp\u00f3\u0142czynnik\u00f3w -ksi\u0119gowanie<\/a><\/li><li><a data-post-type=\"post\" class=\"link-post\" href=\"https:\/\/raks.pl\/pomoc\/jak-zaznaczyc-vat-do-rozliczenia-w-przyszlych-okresach\/\" data-id=\"2605\">VAT do rozliczenia w przysz\u0142ych okresach<\/a><\/li><li><a data-post-type=\"post\" class=\"link-post\" href=\"https:\/\/raks.pl\/pomoc\/wakacje-skladkowe\/\" data-id=\"6599\">Wakacje sk\u0142adkowe<\/a><\/li><li><a data-post-type=\"post\" class=\"link-post\" href=\"https:\/\/raks.pl\/pomoc\/wprowadzenie-tabel-odsetkowych\/\" data-id=\"2622\">Wprowadzenie tabel odsetkowych<\/a><\/li><li><a data-post-type=\"post\" class=\"link-post\" href=\"https:\/\/raks.pl\/pomoc\/wydruk-kpir-nie-miesci-sie-na-stronie-ucina-ostanie-kolumny\/\" data-id=\"2294\">Wydruk KPiR nie mie\u015bci si\u0119 na stronie<\/a><\/li><li><a data-post-type=\"post\" class=\"link-post\" href=\"https:\/\/raks.pl\/pomoc\/przy-wysylce-deklaracji-jest-komunikat-o-srodowisku-testowym\/\" data-id=\"2332\">Wysy\u0142ka deklaracji &#8211; komunikat o \u015brodowisku testowym<\/a><\/li><li><a data-post-type=\"post\" class=\"link-post\" href=\"https:\/\/raks.pl\/pomoc\/wysylka-email-z-systemu-raks\/\" data-id=\"6312\">Wysy\u0142ka email z systemu RAKS<\/a><\/li><li><a data-post-type=\"post\" class=\"link-post\" href=\"https:\/\/raks.pl\/pomoc\/rzis-bilans-wychodzi-zerowy-dlaczego\/\" data-id=\"2337\">Zerowy  &#8211; RZiS lub Bilans<\/a><\/li><li><a data-post-type=\"post\" class=\"link-post\" href=\"https:\/\/raks.pl\/pomoc\/zus-dra-w-modulach-ksiegowych\/\" data-id=\"3235\">ZUS DRA w modu\u0142ach ksi\u0119gowych<\/a><\/li><\/ul>\n","protected":false},"excerpt":{"rendered":"","protected":false},"author":1,"featured_media":0,"parent":1821,"menu_order":3,"comment_status":"closed","ping_status":"closed","template":"","meta":{"_acf_changed":false,"footnotes":""},"class_list":["post-2402","page","type-page","status-publish","hentry"],"acf":[],"_links":{"self":[{"href":"https:\/\/raks.pl\/pomoc\/wp-json\/wp\/v2\/pages\/2402","targetHints":{"allow":["GET"]}}],"collection":[{"href":"https:\/\/raks.pl\/pomoc\/wp-json\/wp\/v2\/pages"}],"about":[{"href":"https:\/\/raks.pl\/pomoc\/wp-json\/wp\/v2\/types\/page"}],"author":[{"embeddable":true,"href":"https:\/\/raks.pl\/pomoc\/wp-json\/wp\/v2\/users\/1"}],"replies":[{"embeddable":true,"href":"https:\/\/raks.pl\/pomoc\/wp-json\/wp\/v2\/comments?post=2402"}],"version-history":[{"count":3,"href":"https:\/\/raks.pl\/pomoc\/wp-json\/wp\/v2\/pages\/2402\/revisions"}],"predecessor-version":[{"id":3254,"href":"https:\/\/raks.pl\/pomoc\/wp-json\/wp\/v2\/pages\/2402\/revisions\/3254"}],"up":[{"embeddable":true,"href":"https:\/\/raks.pl\/pomoc\/wp-json\/wp\/v2\/pages\/1821"}],"wp:attachment":[{"href":"https:\/\/raks.pl\/pomoc\/wp-json\/wp\/v2\/media?parent=2402"}],"curies":[{"name":"wp","href":"https:\/\/api.w.org\/{rel}","templated":true}]}}