{"id":2940,"date":"2021-11-23T08:58:18","date_gmt":"2021-11-23T07:58:18","guid":{"rendered":"http:\/\/raks.pl\/pomoc\/?page_id=2940"},"modified":"2023-01-10T16:14:11","modified_gmt":"2023-01-10T15:14:11","slug":"kadry-i-place-filmy","status":"publish","type":"page","link":"https:\/\/raks.pl\/pomoc\/filmy-instruktazowe\/kadry-i-place-filmy\/","title":{"rendered":"Kadry i p\u0142ace"},"content":{"rendered":"<div class=\"youtube-popup\" data-slug=\"automatyczny-import-danych-stalych-np-stawki-ubezpieczenia-placa-minimalna-itp\">\n    <div class=\"row align-items-center\">\n        <div class=\"col-7 col-lg-9\"><h5 class=\"title-youtube-popup\">Automatyczny import danych sta\u0142ych np. stawki ubezpieczenia, p\u0142aca minimalna itp.<\/h5><\/div>\n        <div class=\"col-5 col-lg-3 text-center\">\n            <a href=\"https:\/\/youtu.be\/watch?v=MdQuMbUV9eE\" class=\"toggler-video-popup btn-popup\">Zobacz video<\/a><a href=\"https:\/\/raks.pl\/pomoc\/filmy-instruktazowe\/kadry-i-place-filmy\/?movie=automatyczny-import-danych-stalych-np-stawki-ubezpieczenia-placa-minimalna-itp\" class=\"copyUrlMovie\"><\/a><span class=\"copyUrlMovie--alert\">Link zosta\u0142 skopiowany<\/span>        <\/div>\n    <\/div>\n<\/div>\n\n<div class=\"youtube-popup\" data-slug=\"bilans-otwarcia-dla-pracownika-jak-i-gdzie-go-dodac\">\n    <div class=\"row align-items-center\">\n        <div class=\"col-7 col-lg-9\"><h5 class=\"title-youtube-popup\">Bilans otwarcia dla pracownika &#8211; jak i gdzie go doda\u0107?<\/h5><\/div>\n        <div class=\"col-5 col-lg-3 text-center\">\n            <a href=\"https:\/\/www.youtube.com\/watch?v=1f9XY23vJ60\" class=\"toggler-video-popup btn-popup\">Zobacz video<\/a><a href=\"https:\/\/raks.pl\/pomoc\/filmy-instruktazowe\/kadry-i-place-filmy\/?movie=bilans-otwarcia-dla-pracownika-jak-i-gdzie-go-dodac\" class=\"copyUrlMovie\"><\/a><span class=\"copyUrlMovie--alert\">Link zosta\u0142 skopiowany<\/span>        <\/div>\n    <\/div>\n<\/div>\n\n<div class=\"youtube-popup\" data-slug=\"dodawanie-skladnikow-wynagrodzenia-w-programie-kadry-i-place-raks\">\n    <div class=\"row align-items-center\">\n        <div class=\"col-7 col-lg-9\"><h5 class=\"title-youtube-popup\">Dodawanie sk\u0142adnik\u00f3w wynagrodzenia w programie Kadry i P\u0142ace RAKS<\/h5><\/div>\n        <div class=\"col-5 col-lg-3 text-center\">\n            <a href=\"https:\/\/youtu.be\/watch?v=kxuVOpx_ydc\" class=\"toggler-video-popup btn-popup\">Zobacz video<\/a><a href=\"https:\/\/raks.pl\/pomoc\/filmy-instruktazowe\/kadry-i-place-filmy\/?movie=dodawanie-skladnikow-wynagrodzenia-w-programie-kadry-i-place-raks\" class=\"copyUrlMovie\"><\/a><span class=\"copyUrlMovie--alert\">Link zosta\u0142 skopiowany<\/span>        <\/div>\n    <\/div>\n<\/div>\n\n<div class=\"youtube-popup\" data-slug=\"dodanie-umowy-o-prace\">\n    <div class=\"row align-items-center\">\n        <div class=\"col-7 col-lg-9\"><h5 class=\"title-youtube-popup\">Dodanie umowy o prac\u0119<\/h5><\/div>\n        <div class=\"col-5 col-lg-3 text-center\">\n            <a href=\"https:\/\/www.youtube.com\/watch?v=VeqsdX3sujo\" class=\"toggler-video-popup btn-popup\">Zobacz video<\/a><a href=\"https:\/\/raks.pl\/pomoc\/filmy-instruktazowe\/kadry-i-place-filmy\/?movie=dodanie-umowy-o-prace\" class=\"copyUrlMovie\"><\/a><span class=\"copyUrlMovie--alert\">Link zosta\u0142 skopiowany<\/span>        <\/div>\n    <\/div>\n<\/div>\n\n<div class=\"youtube-popup\" data-slug=\"eksport-list-platniczych-do-excela-w-programie-kadry-i-place-raks\">\n    <div class=\"row align-items-center\">\n        <div class=\"col-7 col-lg-9\"><h5 class=\"title-youtube-popup\">Eksport list p\u0142atniczych do Excela w programie Kadry i P\u0142ace RAKS.<\/h5><\/div>\n        <div class=\"col-5 col-lg-3 text-center\">\n            <a href=\"https:\/\/youtu.be\/watch?v=tfYGk62P5NM\" class=\"toggler-video-popup btn-popup\">Zobacz video<\/a><a href=\"https:\/\/raks.pl\/pomoc\/filmy-instruktazowe\/kadry-i-place-filmy\/?movie=eksport-list-platniczych-do-excela-w-programie-kadry-i-place-raks\" class=\"copyUrlMovie\"><\/a><span class=\"copyUrlMovie--alert\">Link zosta\u0142 skopiowany<\/span>        <\/div>\n    <\/div>\n<\/div>\n\n<div class=\"youtube-popup\" data-slug=\"e-pracownik\">\n    <div class=\"row align-items-center\">\n        <div class=\"col-7 col-lg-9\"><h5 class=\"title-youtube-popup\">E-pracownik<\/h5><\/div>\n        <div class=\"col-5 col-lg-3 text-center\">\n            <a href=\"https:\/\/youtu.be\/watch?v=Tw0niw5ziSo\" class=\"toggler-video-popup btn-popup\">Zobacz video<\/a><a href=\"https:\/\/raks.pl\/pomoc\/filmy-instruktazowe\/kadry-i-place-filmy\/?movie=e-pracownik\" class=\"copyUrlMovie\"><\/a><span class=\"copyUrlMovie--alert\">Link zosta\u0142 skopiowany<\/span>        <\/div>\n    <\/div>\n<\/div>\n\n<div class=\"youtube-popup\" data-slug=\"e-pracownik-elektroniczna-lista-obecnosci\">\n    <div class=\"row align-items-center\">\n        <div class=\"col-7 col-lg-9\"><h5 class=\"title-youtube-popup\">E-pracownik &#8211; Elektroniczna lista obecno\u015bci<\/h5><\/div>\n        <div class=\"col-5 col-lg-3 text-center\">\n            <a href=\"https:\/\/youtu.be\/watch?v=Tw0niw5ziSo\" class=\"toggler-video-popup btn-popup\">Zobacz video<\/a><a href=\"https:\/\/raks.pl\/pomoc\/filmy-instruktazowe\/kadry-i-place-filmy\/?movie=e-pracownik-elektroniczna-lista-obecnosci\" class=\"copyUrlMovie\"><\/a><span class=\"copyUrlMovie--alert\">Link zosta\u0142 skopiowany<\/span>        <\/div>\n    <\/div>\n<\/div>\n\n<div class=\"youtube-popup\" data-slug=\"e-pracownik-elektroniczne-wnioski-urlopowe-wynagrodzenia-terminy-platforma-dla-pracownikow\">\n    <div class=\"row align-items-center\">\n        <div class=\"col-7 col-lg-9\"><h5 class=\"title-youtube-popup\">E-pracownik &#8211; elektroniczne wnioski urlopowe, wynagrodzenia, terminy. Platforma dla pracownik\u00f3w.<\/h5><\/div>\n        <div class=\"col-5 col-lg-3 text-center\">\n            <a href=\"https:\/\/youtu.be\/watch?v=Tw0niw5ziSo\" class=\"toggler-video-popup btn-popup\">Zobacz video<\/a><a href=\"https:\/\/raks.pl\/pomoc\/filmy-instruktazowe\/kadry-i-place-filmy\/?movie=e-pracownik-elektroniczne-wnioski-urlopowe-wynagrodzenia-terminy-platforma-dla-pracownikow\" class=\"copyUrlMovie\"><\/a><span class=\"copyUrlMovie--alert\">Link zosta\u0142 skopiowany<\/span>        <\/div>\n    <\/div>\n<\/div>\n\n<div class=\"youtube-popup\" data-slug=\"e-zwolnienia-e-zla-import-do-programu-kadry-i-place-raks\">\n    <div class=\"row align-items-center\">\n        <div class=\"col-7 col-lg-9\"><h5 class=\"title-youtube-popup\">E-zwolnienia e-ZLA &#8211; import do programu Kadry i P\u0142ace RAKS.<\/h5><\/div>\n        <div class=\"col-5 col-lg-3 text-center\">\n            <a href=\"https:\/\/youtu.be\/watch?v=UT0s9yXdoSw\" class=\"toggler-video-popup btn-popup\">Zobacz video<\/a><a href=\"https:\/\/raks.pl\/pomoc\/filmy-instruktazowe\/kadry-i-place-filmy\/?movie=e-zwolnienia-e-zla-import-do-programu-kadry-i-place-raks\" class=\"copyUrlMovie\"><\/a><span class=\"copyUrlMovie--alert\">Link zosta\u0142 skopiowany<\/span>        <\/div>\n    <\/div>\n<\/div>\n\n<div class=\"youtube-popup\" data-slug=\"grupy-placowe-w-programie-kadrowo-placowym-raks\">\n    <div class=\"row align-items-center\">\n        <div class=\"col-7 col-lg-9\"><h5 class=\"title-youtube-popup\">Grupy p\u0142acowe w programie kadrowo-p\u0142acowym RAKS.<\/h5><\/div>\n        <div class=\"col-5 col-lg-3 text-center\">\n            <a href=\"https:\/\/youtu.be\/watch?v=-kddMqS7lsI\" class=\"toggler-video-popup btn-popup\">Zobacz video<\/a><a href=\"https:\/\/raks.pl\/pomoc\/filmy-instruktazowe\/kadry-i-place-filmy\/?movie=grupy-placowe-w-programie-kadrowo-placowym-raks\" class=\"copyUrlMovie\"><\/a><span class=\"copyUrlMovie--alert\">Link zosta\u0142 skopiowany<\/span>        <\/div>\n    <\/div>\n<\/div>\n\n<div class=\"youtube-popup\" data-slug=\"harmonogramy-wyplat-proste-i-szybkie-tworzenie-list-plac-w-kolejnych-miesiacach\">\n    <div class=\"row align-items-center\">\n        <div class=\"col-7 col-lg-9\"><h5 class=\"title-youtube-popup\">Harmonogramy wyp\u0142at &#8211; proste i szybkie tworzenie list p\u0142ac w kolejnych miesi\u0105cach.<\/h5><\/div>\n        <div class=\"col-5 col-lg-3 text-center\">\n            <a href=\"https:\/\/youtu.be\/watch?v=hHcoVhNbz6w\" class=\"toggler-video-popup btn-popup\">Zobacz video<\/a><a href=\"https:\/\/raks.pl\/pomoc\/filmy-instruktazowe\/kadry-i-place-filmy\/?movie=harmonogramy-wyplat-proste-i-szybkie-tworzenie-list-plac-w-kolejnych-miesiacach\" class=\"copyUrlMovie\"><\/a><span class=\"copyUrlMovie--alert\">Link zosta\u0142 skopiowany<\/span>        <\/div>\n    <\/div>\n<\/div>\n\n<div class=\"youtube-popup\" data-slug=\"import-danych-stalych\">\n    <div class=\"row align-items-center\">\n        <div class=\"col-7 col-lg-9\"><h5 class=\"title-youtube-popup\">Import danych sta\u0142ych<\/h5><\/div>\n        <div class=\"col-5 col-lg-3 text-center\">\n            <a href=\"https:\/\/www.youtube.com\/watch?v=6_5c6UUq2M0\" class=\"toggler-video-popup btn-popup\">Zobacz video<\/a><a href=\"https:\/\/raks.pl\/pomoc\/filmy-instruktazowe\/kadry-i-place-filmy\/?movie=import-danych-stalych\" class=\"copyUrlMovie\"><\/a><span class=\"copyUrlMovie--alert\">Link zosta\u0142 skopiowany<\/span>        <\/div>\n    <\/div>\n<\/div>\n\n<div class=\"youtube-popup\" data-slug=\"import-grafikow-i-zdarzen-do-kalendarza-pracownika\">\n    <div class=\"row align-items-center\">\n        <div class=\"col-7 col-lg-9\"><h5 class=\"title-youtube-popup\">Import grafik\u00f3w i zdarze\u0144 do kalendarza pracownika.<\/h5><\/div>\n        <div class=\"col-5 col-lg-3 text-center\">\n            <a href=\"https:\/\/youtu.be\/watch?v=O4_IYORz1Bo\" class=\"toggler-video-popup btn-popup\">Zobacz video<\/a><a href=\"https:\/\/raks.pl\/pomoc\/filmy-instruktazowe\/kadry-i-place-filmy\/?movie=import-grafikow-i-zdarzen-do-kalendarza-pracownika\" class=\"copyUrlMovie\"><\/a><span class=\"copyUrlMovie--alert\">Link zosta\u0142 skopiowany<\/span>        <\/div>\n    <\/div>\n<\/div>\n\n<div class=\"youtube-popup\" data-slug=\"jak-utworzyc-nowy-rok-w-kadrach-i-placach\">\n    <div class=\"row align-items-center\">\n        <div class=\"col-7 col-lg-9\"><h5 class=\"title-youtube-popup\">Jak utworzy\u0107 nowy rok w kadrach i p\u0142acach?<\/h5><\/div>\n        <div class=\"col-5 col-lg-3 text-center\">\n            <a href=\"https:\/\/www.youtube.com\/watch?v=VXThPX23hP4\" class=\"toggler-video-popup btn-popup\">Zobacz video<\/a><a href=\"https:\/\/raks.pl\/pomoc\/filmy-instruktazowe\/kadry-i-place-filmy\/?movie=jak-utworzyc-nowy-rok-w-kadrach-i-placach\" class=\"copyUrlMovie\"><\/a><span class=\"copyUrlMovie--alert\">Link zosta\u0142 skopiowany<\/span>        <\/div>\n    <\/div>\n<\/div>\n\n<div class=\"youtube-popup\" data-slug=\"kafelki-w-panelu-startowym-modulu-kadry-i-place\">\n    <div class=\"row align-items-center\">\n        <div class=\"col-7 col-lg-9\"><h5 class=\"title-youtube-popup\">Kafelki w panelu startowym modu\u0142u Kadry i P\u0142ace<\/h5><\/div>\n        <div class=\"col-5 col-lg-3 text-center\">\n            <a href=\"https:\/\/www.youtube.com\/watch?v=AnsqyaxsSyE\" class=\"toggler-video-popup btn-popup\">Zobacz video<\/a><a href=\"https:\/\/raks.pl\/pomoc\/filmy-instruktazowe\/kadry-i-place-filmy\/?movie=kafelki-w-panelu-startowym-modulu-kadry-i-place\" class=\"copyUrlMovie\"><\/a><span class=\"copyUrlMovie--alert\">Link zosta\u0142 skopiowany<\/span>        <\/div>\n    <\/div>\n<\/div>\n\n<div class=\"youtube-popup\" data-slug=\"naliczanie-wynagrodzenia-chrobowego\">\n    <div class=\"row align-items-center\">\n        <div class=\"col-7 col-lg-9\"><h5 class=\"title-youtube-popup\">Naliczanie wynagrodzenia chrobowego<\/h5><\/div>\n        <div class=\"col-5 col-lg-3 text-center\">\n            <a href=\"https:\/\/www.youtube.com\/watch?v=7MFxHOyOeQ4\" class=\"toggler-video-popup btn-popup\">Zobacz video<\/a><a href=\"https:\/\/raks.pl\/pomoc\/filmy-instruktazowe\/kadry-i-place-filmy\/?movie=naliczanie-wynagrodzenia-chrobowego\" class=\"copyUrlMovie\"><\/a><span class=\"copyUrlMovie--alert\">Link zosta\u0142 skopiowany<\/span>        <\/div>\n    <\/div>\n<\/div>\n\n<div class=\"youtube-popup\" data-slug=\"podatkowe-listy-plac-ppk\">\n    <div class=\"row align-items-center\">\n        <div class=\"col-7 col-lg-9\"><h5 class=\"title-youtube-popup\">Podatkowe listy p\u0142ac PPK<\/h5><\/div>\n        <div class=\"col-5 col-lg-3 text-center\">\n            <a href=\"https:\/\/www.youtube.com\/watch?v=MUEF5tMjzE8\" class=\"toggler-video-popup btn-popup\">Zobacz video<\/a><a href=\"https:\/\/raks.pl\/pomoc\/filmy-instruktazowe\/kadry-i-place-filmy\/?movie=podatkowe-listy-plac-ppk\" class=\"copyUrlMovie\"><\/a><span class=\"copyUrlMovie--alert\">Link zosta\u0142 skopiowany<\/span>        <\/div>\n    <\/div>\n<\/div>\n\n<div class=\"youtube-popup\" data-slug=\"polecenia-przelewu-do-list-platniczych\">\n    <div class=\"row align-items-center\">\n        <div class=\"col-7 col-lg-9\"><h5 class=\"title-youtube-popup\">Polecenia przelewu do list p\u0142atniczych<\/h5><\/div>\n        <div class=\"col-5 col-lg-3 text-center\">\n            <a href=\"https:\/\/www.youtube.com\/watch?v=ooIsi-YZwok\" class=\"toggler-video-popup btn-popup\">Zobacz video<\/a><a href=\"https:\/\/raks.pl\/pomoc\/filmy-instruktazowe\/kadry-i-place-filmy\/?movie=polecenia-przelewu-do-list-platniczych\" class=\"copyUrlMovie\"><\/a><span class=\"copyUrlMovie--alert\">Link zosta\u0142 skopiowany<\/span>        <\/div>\n    <\/div>\n<\/div>\n\n<div class=\"youtube-popup\" data-slug=\"ppk-rejestracja-pracownikow-w-instytucji-finansowej\">\n    <div class=\"row align-items-center\">\n        <div class=\"col-7 col-lg-9\"><h5 class=\"title-youtube-popup\">PPK &#8211; Rejestracja pracownik\u00f3w w instytucji finansowej<\/h5><\/div>\n        <div class=\"col-5 col-lg-3 text-center\">\n            <a href=\"https:\/\/www.youtube.com\/watch?v=STIjDAVZC4c\" class=\"toggler-video-popup btn-popup\">Zobacz video<\/a><a href=\"https:\/\/raks.pl\/pomoc\/filmy-instruktazowe\/kadry-i-place-filmy\/?movie=ppk-rejestracja-pracownikow-w-instytucji-finansowej\" class=\"copyUrlMovie\"><\/a><span class=\"copyUrlMovie--alert\">Link zosta\u0142 skopiowany<\/span>        <\/div>\n    <\/div>\n<\/div>\n\n<div class=\"youtube-popup\" data-slug=\"pracownicze-plany-kapitalowe-ppk\">\n    <div class=\"row align-items-center\">\n        <div class=\"col-7 col-lg-9\"><h5 class=\"title-youtube-popup\">Pracownicze Plany Kapita\u0142owe PPK<\/h5><\/div>\n        <div class=\"col-5 col-lg-3 text-center\">\n            <a href=\"https:\/\/www.youtube.com\/watch?v=E45fqH5zLHw\" class=\"toggler-video-popup btn-popup\">Zobacz video<\/a><a href=\"https:\/\/raks.pl\/pomoc\/filmy-instruktazowe\/kadry-i-place-filmy\/?movie=pracownicze-plany-kapitalowe-ppk\" class=\"copyUrlMovie\"><\/a><span class=\"copyUrlMovie--alert\">Link zosta\u0142 skopiowany<\/span>        <\/div>\n    <\/div>\n<\/div>\n\n<div class=\"youtube-popup\" data-slug=\"prosty-import-danych-pracownikow-z-platnika-do-programu-kadrowo-placowego\">\n    <div class=\"row align-items-center\">\n        <div class=\"col-7 col-lg-9\"><h5 class=\"title-youtube-popup\">Prosty import danych pracownik\u00f3w z P\u0142atnika do programu kadrowo-p\u0142acowego.<\/h5><\/div>\n        <div class=\"col-5 col-lg-3 text-center\">\n            <a href=\"https:\/\/youtu.be\/watch?v=UuAyuu0Gro4\" class=\"toggler-video-popup btn-popup\">Zobacz video<\/a><a href=\"https:\/\/raks.pl\/pomoc\/filmy-instruktazowe\/kadry-i-place-filmy\/?movie=prosty-import-danych-pracownikow-z-platnika-do-programu-kadrowo-placowego\" class=\"copyUrlMovie\"><\/a><span class=\"copyUrlMovie--alert\">Link zosta\u0142 skopiowany<\/span>        <\/div>\n    <\/div>\n<\/div>\n\n<div class=\"youtube-popup\" data-slug=\"przedluzanie-kalendarzy-pracowniczych\">\n    <div class=\"row align-items-center\">\n        <div class=\"col-7 col-lg-9\"><h5 class=\"title-youtube-popup\">Przed\u0142u\u017canie kalendarzy pracowniczych<\/h5><\/div>\n        <div class=\"col-5 col-lg-3 text-center\">\n            <a href=\"https:\/\/www.youtube.com\/watch?v=cpx_7A2eSw8\" class=\"toggler-video-popup btn-popup\">Zobacz video<\/a><a href=\"https:\/\/raks.pl\/pomoc\/filmy-instruktazowe\/kadry-i-place-filmy\/?movie=przedluzanie-kalendarzy-pracowniczych\" class=\"copyUrlMovie\"><\/a><span class=\"copyUrlMovie--alert\">Link zosta\u0142 skopiowany<\/span>        <\/div>\n    <\/div>\n<\/div>\n\n<div class=\"youtube-popup\" data-slug=\"przypomnienia-i-alarmy-badania-lekarskie-szkolenia-bhp-ppk-przedluzenie-umow\">\n    <div class=\"row align-items-center\">\n        <div class=\"col-7 col-lg-9\"><h5 class=\"title-youtube-popup\">Przypomnienia i alarmy &#8211; badania lekarskie, szkolenia BHP, PPK, przed\u0142u\u017cenie um\u00f3w.<\/h5><\/div>\n        <div class=\"col-5 col-lg-3 text-center\">\n            <a href=\"https:\/\/youtu.be\/watch?v=5KtNk8AQ9O0\" class=\"toggler-video-popup btn-popup\">Zobacz video<\/a><a href=\"https:\/\/raks.pl\/pomoc\/filmy-instruktazowe\/kadry-i-place-filmy\/?movie=przypomnienia-i-alarmy-badania-lekarskie-szkolenia-bhp-ppk-przedluzenie-umow\" class=\"copyUrlMovie\"><\/a><span class=\"copyUrlMovie--alert\">Link zosta\u0142 skopiowany<\/span>        <\/div>\n    <\/div>\n<\/div>\n\n<div class=\"youtube-popup\" data-slug=\"rozwiazanie-umowy-o-prace-swiadectwo-pracy\">\n    <div class=\"row align-items-center\">\n        <div class=\"col-7 col-lg-9\"><h5 class=\"title-youtube-popup\">Rozwi\u0105zanie umowy o prac\u0119, \u015bwiadectwo pracy<\/h5><\/div>\n        <div class=\"col-5 col-lg-3 text-center\">\n            <a href=\"https:\/\/www.youtube.com\/watch?v=Tn1B_9PdGVw\" class=\"toggler-video-popup btn-popup\">Zobacz video<\/a><a href=\"https:\/\/raks.pl\/pomoc\/filmy-instruktazowe\/kadry-i-place-filmy\/?movie=rozwiazanie-umowy-o-prace-swiadectwo-pracy\" class=\"copyUrlMovie\"><\/a><span class=\"copyUrlMovie--alert\">Link zosta\u0142 skopiowany<\/span>        <\/div>\n    <\/div>\n<\/div>\n\n<div class=\"youtube-popup\" data-slug=\"szablony-umow\">\n    <div class=\"row align-items-center\">\n        <div class=\"col-7 col-lg-9\"><h5 class=\"title-youtube-popup\">Szablony um\u00f3w<\/h5><\/div>\n        <div class=\"col-5 col-lg-3 text-center\">\n            <a href=\"https:\/\/www.youtube.com\/watch?v=fiTHcGnEWoM\" class=\"toggler-video-popup btn-popup\">Zobacz video<\/a><a href=\"https:\/\/raks.pl\/pomoc\/filmy-instruktazowe\/kadry-i-place-filmy\/?movie=szablony-umow\" class=\"copyUrlMovie\"><\/a><span class=\"copyUrlMovie--alert\">Link zosta\u0142 skopiowany<\/span>        <\/div>\n    <\/div>\n<\/div>\n\n<div class=\"youtube-popup\" data-slug=\"skladniki-wynagrodzenia-jak-i-gdzie-je-zdefiniowac\">\n    <div class=\"row align-items-center\">\n        <div class=\"col-7 col-lg-9\"><h5 class=\"title-youtube-popup\">Sk\u0142adniki wynagrodzenia &#8211; jak i gdzie je zdefiniowa\u0107?<\/h5><\/div>\n        <div class=\"col-5 col-lg-3 text-center\">\n            <a href=\"https:\/\/www.youtube.com\/watch?v=kxuVOpx_ydc\" class=\"toggler-video-popup btn-popup\">Zobacz video<\/a><a href=\"https:\/\/raks.pl\/pomoc\/filmy-instruktazowe\/kadry-i-place-filmy\/?movie=skladniki-wynagrodzenia-jak-i-gdzie-je-zdefiniowac\" class=\"copyUrlMovie\"><\/a><span class=\"copyUrlMovie--alert\">Link zosta\u0142 skopiowany<\/span>        <\/div>\n    <\/div>\n<\/div>\n\n<div class=\"youtube-popup\" data-slug=\"tworzenie-wzorcow-kalendarzy-i-dodawanie-ich-do-pracownikow\">\n    <div class=\"row align-items-center\">\n        <div class=\"col-7 col-lg-9\"><h5 class=\"title-youtube-popup\">Tworzenie wzorc\u00f3w kalendarzy i dodawanie ich do pracownik\u00f3w<\/h5><\/div>\n        <div class=\"col-5 col-lg-3 text-center\">\n            <a href=\"https:\/\/www.youtube.com\/watch?v=y0PCL3pzChk\" class=\"toggler-video-popup btn-popup\">Zobacz video<\/a><a href=\"https:\/\/raks.pl\/pomoc\/filmy-instruktazowe\/kadry-i-place-filmy\/?movie=tworzenie-wzorcow-kalendarzy-i-dodawanie-ich-do-pracownikow\" class=\"copyUrlMovie\"><\/a><span class=\"copyUrlMovie--alert\">Link zosta\u0142 skopiowany<\/span>        <\/div>\n    <\/div>\n<\/div>\n\n<div class=\"youtube-popup\" data-slug=\"w-jaki-sposob-naliczyc-ekwiwalent-za-urlop\">\n    <div class=\"row align-items-center\">\n        <div class=\"col-7 col-lg-9\"><h5 class=\"title-youtube-popup\">W jaki spos\u00f3b naliczy\u0107 ekwiwalent za urlop?<\/h5><\/div>\n        <div class=\"col-5 col-lg-3 text-center\">\n            <a href=\"https:\/\/www.youtube.com\/watch?v=iv4bXWZh734\" class=\"toggler-video-popup btn-popup\">Zobacz video<\/a><a href=\"https:\/\/raks.pl\/pomoc\/filmy-instruktazowe\/kadry-i-place-filmy\/?movie=w-jaki-sposob-naliczyc-ekwiwalent-za-urlop\" class=\"copyUrlMovie\"><\/a><span class=\"copyUrlMovie--alert\">Link zosta\u0142 skopiowany<\/span>        <\/div>\n    <\/div>\n<\/div>\n\n<div class=\"youtube-popup\" data-slug=\"zwolnienie-z-podatku-dochodowego-dla-osob-do-26-roku-zycia\">\n    <div class=\"row align-items-center\">\n        <div class=\"col-7 col-lg-9\"><h5 class=\"title-youtube-popup\">Zwolnienie z podatku dochodowego dla os\u00f3b do 26 roku \u017cycia<\/h5><\/div>\n        <div class=\"col-5 col-lg-3 text-center\">\n            <a href=\"https:\/\/www.youtube.com\/watch?v=8bOLR2TnonA\" class=\"toggler-video-popup btn-popup\">Zobacz video<\/a><a href=\"https:\/\/raks.pl\/pomoc\/filmy-instruktazowe\/kadry-i-place-filmy\/?movie=zwolnienie-z-podatku-dochodowego-dla-osob-do-26-roku-zycia\" class=\"copyUrlMovie\"><\/a><span class=\"copyUrlMovie--alert\">Link zosta\u0142 skopiowany<\/span>        <\/div>\n    <\/div>\n<\/div>","protected":false},"excerpt":{"rendered":"","protected":false},"author":1,"featured_media":0,"parent":2938,"menu_order":0,"comment_status":"closed","ping_status":"closed","template":"","meta":{"_acf_changed":false,"footnotes":""},"class_list":["post-2940","page","type-page","status-publish","hentry"],"acf":[],"_links":{"self":[{"href":"https:\/\/raks.pl\/pomoc\/wp-json\/wp\/v2\/pages\/2940","targetHints":{"allow":["GET"]}}],"collection":[{"href":"https:\/\/raks.pl\/pomoc\/wp-json\/wp\/v2\/pages"}],"about":[{"href":"https:\/\/raks.pl\/pomoc\/wp-json\/wp\/v2\/types\/page"}],"author":[{"embeddable":true,"href":"https:\/\/raks.pl\/pomoc\/wp-json\/wp\/v2\/users\/1"}],"replies":[{"embeddable":true,"href":"https:\/\/raks.pl\/pomoc\/wp-json\/wp\/v2\/comments?post=2940"}],"version-history":[{"count":5,"href":"https:\/\/raks.pl\/pomoc\/wp-json\/wp\/v2\/pages\/2940\/revisions"}],"predecessor-version":[{"id":4850,"href":"https:\/\/raks.pl\/pomoc\/wp-json\/wp\/v2\/pages\/2940\/revisions\/4850"}],"up":[{"embeddable":true,"href":"https:\/\/raks.pl\/pomoc\/wp-json\/wp\/v2\/pages\/2938"}],"wp:attachment":[{"href":"https:\/\/raks.pl\/pomoc\/wp-json\/wp\/v2\/media?parent=2940"}],"curies":[{"name":"wp","href":"https:\/\/api.w.org\/{rel}","templated":true}]}}