{"id":2942,"date":"2021-11-23T09:03:46","date_gmt":"2021-11-23T08:03:46","guid":{"rendered":"http:\/\/raks.pl\/pomoc\/?page_id=2942"},"modified":"2024-10-28T10:10:30","modified_gmt":"2024-10-28T09:10:30","slug":"sprzedaz-filmy","status":"publish","type":"page","link":"https:\/\/raks.pl\/pomoc\/filmy-instruktazowe\/sprzedaz-filmy\/","title":{"rendered":"Sprzeda\u017c"},"content":{"rendered":"<div class=\"youtube-popup\" data-slug=\"blokowanie-kontrahenta\">\n    <div class=\"row align-items-center\">\n        <div class=\"col-7 col-lg-9\"><h5 class=\"title-youtube-popup\">Blokowanie kontrahenta<\/h5><\/div>\n        <div class=\"col-5 col-lg-3 text-center\">\n            <a href=\"https:\/\/www.youtube.com\/watch?v=HkB42J5iMKA\" class=\"toggler-video-popup btn-popup\">Zobacz video<\/a><a href=\"https:\/\/raks.pl\/pomoc\/filmy-instruktazowe\/sprzedaz-filmy\/?movie=blokowanie-kontrahenta\" class=\"copyUrlMovie\"><\/a><span class=\"copyUrlMovie--alert\">Link zosta\u0142 skopiowany<\/span>        <\/div>\n    <\/div>\n<\/div>\n\n<div class=\"youtube-popup\" data-slug=\"automatyczne-fakturowanie-abonamenty-czynsze-raty\">\n    <div class=\"row align-items-center\">\n        <div class=\"col-7 col-lg-9\"><h5 class=\"title-youtube-popup\">Automatyczne fakturowanie &#8211; abonamenty, czynsze, raty<\/h5><\/div>\n        <div class=\"col-5 col-lg-3 text-center\">\n            <a href=\"https:\/\/www.youtube.com\/watch?v=DmGDSfKwCbE\" class=\"toggler-video-popup btn-popup\">Zobacz video<\/a><a href=\"https:\/\/raks.pl\/pomoc\/filmy-instruktazowe\/sprzedaz-filmy\/?movie=automatyczne-fakturowanie-abonamenty-czynsze-raty\" class=\"copyUrlMovie\"><\/a><span class=\"copyUrlMovie--alert\">Link zosta\u0142 skopiowany<\/span>        <\/div>\n    <\/div>\n<\/div>\n\n<div class=\"youtube-popup\" data-slug=\"deklaracje-intrastat\">\n    <div class=\"row align-items-center\">\n        <div class=\"col-7 col-lg-9\"><h5 class=\"title-youtube-popup\">Deklaracje INTRASTAT<\/h5><\/div>\n        <div class=\"col-5 col-lg-3 text-center\">\n            <a href=\"https:\/\/www.youtube.com\/watch?v=3Z3932UHm5g\" class=\"toggler-video-popup btn-popup\">Zobacz video<\/a><a href=\"https:\/\/raks.pl\/pomoc\/filmy-instruktazowe\/sprzedaz-filmy\/?movie=deklaracje-intrastat\" class=\"copyUrlMovie\"><\/a><span class=\"copyUrlMovie--alert\">Link zosta\u0142 skopiowany<\/span>        <\/div>\n    <\/div>\n<\/div>\n\n<div class=\"youtube-popup\" data-slug=\"dodawanie-kodow-dokumentow\">\n    <div class=\"row align-items-center\">\n        <div class=\"col-7 col-lg-9\"><h5 class=\"title-youtube-popup\">Dodawanie kod\u00f3w dokument\u00f3w<\/h5><\/div>\n        <div class=\"col-5 col-lg-3 text-center\">\n            <a href=\"https:\/\/www.youtube.com\/watch?v=aPRbYrwZKXo\" class=\"toggler-video-popup btn-popup\">Zobacz video<\/a><a href=\"https:\/\/raks.pl\/pomoc\/filmy-instruktazowe\/sprzedaz-filmy\/?movie=dodawanie-kodow-dokumentow\" class=\"copyUrlMovie\"><\/a><span class=\"copyUrlMovie--alert\">Link zosta\u0142 skopiowany<\/span>        <\/div>\n    <\/div>\n<\/div>\n\n<div class=\"youtube-popup\" data-slug=\"dodawanie-pozycji-do-dokumentow-handlowych\">\n    <div class=\"row align-items-center\">\n        <div class=\"col-7 col-lg-9\"><h5 class=\"title-youtube-popup\">Dodawanie pozycji do dokument\u00f3w handlowych<\/h5><\/div>\n        <div class=\"col-5 col-lg-3 text-center\">\n            <a href=\"https:\/\/www.youtube.com\/watch?v=CmF72__H7og\" class=\"toggler-video-popup btn-popup\">Zobacz video<\/a><a href=\"https:\/\/raks.pl\/pomoc\/filmy-instruktazowe\/sprzedaz-filmy\/?movie=dodawanie-pozycji-do-dokumentow-handlowych\" class=\"copyUrlMovie\"><\/a><span class=\"copyUrlMovie--alert\">Link zosta\u0142 skopiowany<\/span>        <\/div>\n    <\/div>\n<\/div>\n\n<div class=\"youtube-popup\" data-slug=\"dodawanie-remanentu\">\n    <div class=\"row align-items-center\">\n        <div class=\"col-7 col-lg-9\"><h5 class=\"title-youtube-popup\">Dodawanie remanentu<\/h5><\/div>\n        <div class=\"col-5 col-lg-3 text-center\">\n            <a href=\"https:\/\/www.youtube.com\/watch?v=gYDRB17GWfg\" class=\"toggler-video-popup btn-popup\">Zobacz video<\/a><a href=\"https:\/\/raks.pl\/pomoc\/filmy-instruktazowe\/sprzedaz-filmy\/?movie=dodawanie-remanentu\" class=\"copyUrlMovie\"><\/a><span class=\"copyUrlMovie--alert\">Link zosta\u0142 skopiowany<\/span>        <\/div>\n    <\/div>\n<\/div>\n\n<div class=\"youtube-popup\" data-slug=\"faktura-zaliczkowa-bez-pozycji\">\n    <div class=\"row align-items-center\">\n        <div class=\"col-7 col-lg-9\"><h5 class=\"title-youtube-popup\">Faktura zaliczkowa bez pozycji<\/h5><\/div>\n        <div class=\"col-5 col-lg-3 text-center\">\n            <a href=\"https:\/\/www.youtube.com\/watch?v=8ByFa-JcDHo\" class=\"toggler-video-popup btn-popup\">Zobacz video<\/a><a href=\"https:\/\/raks.pl\/pomoc\/filmy-instruktazowe\/sprzedaz-filmy\/?movie=faktura-zaliczkowa-bez-pozycji\" class=\"copyUrlMovie\"><\/a><span class=\"copyUrlMovie--alert\">Link zosta\u0142 skopiowany<\/span>        <\/div>\n    <\/div>\n<\/div>\n\n<div class=\"youtube-popup\" data-slug=\"faktury-zaliczkowe\">\n    <div class=\"row align-items-center\">\n        <div class=\"col-7 col-lg-9\"><h5 class=\"title-youtube-popup\">Faktury zaliczkowe<\/h5><\/div>\n        <div class=\"col-5 col-lg-3 text-center\">\n            <a href=\"https:\/\/www.youtube.com\/watch?v=VF43jgtg-LY\" class=\"toggler-video-popup btn-popup\">Zobacz video<\/a><a href=\"https:\/\/raks.pl\/pomoc\/filmy-instruktazowe\/sprzedaz-filmy\/?movie=faktury-zaliczkowe\" class=\"copyUrlMovie\"><\/a><span class=\"copyUrlMovie--alert\">Link zosta\u0142 skopiowany<\/span>        <\/div>\n    <\/div>\n<\/div>\n\n<div class=\"youtube-popup\" data-slug=\"generator-zamowien-do-dostawcow\">\n    <div class=\"row align-items-center\">\n        <div class=\"col-7 col-lg-9\"><h5 class=\"title-youtube-popup\">Generator zam\u00f3wie\u0144 do dostawc\u00f3w<\/h5><\/div>\n        <div class=\"col-5 col-lg-3 text-center\">\n            <a href=\"https:\/\/www.youtube.com\/watch?v=M3MqOdDg7VU\" class=\"toggler-video-popup btn-popup\">Zobacz video<\/a><a href=\"https:\/\/raks.pl\/pomoc\/filmy-instruktazowe\/sprzedaz-filmy\/?movie=generator-zamowien-do-dostawcow\" class=\"copyUrlMovie\"><\/a><span class=\"copyUrlMovie--alert\">Link zosta\u0142 skopiowany<\/span>        <\/div>\n    <\/div>\n<\/div>\n\n<div class=\"youtube-popup\" data-slug=\"generator-zamowien-do-odbiorcow\">\n    <div class=\"row align-items-center\">\n        <div class=\"col-7 col-lg-9\"><h5 class=\"title-youtube-popup\">Generator zam\u00f3wie\u0144 do odbiorc\u00f3w<\/h5><\/div>\n        <div class=\"col-5 col-lg-3 text-center\">\n            <a href=\"https:\/\/youtu.be\/watch?v=xfKg-aN5Pl4\" class=\"toggler-video-popup btn-popup\">Zobacz video<\/a><a href=\"https:\/\/raks.pl\/pomoc\/filmy-instruktazowe\/sprzedaz-filmy\/?movie=generator-zamowien-do-odbiorcow\" class=\"copyUrlMovie\"><\/a><span class=\"copyUrlMovie--alert\">Link zosta\u0142 skopiowany<\/span>        <\/div>\n    <\/div>\n<\/div>\n\n<div class=\"youtube-popup\" data-slug=\"gdzie-ustawic-miejsca-po-przecinku-dla-ilosci-i-cen-towarow\">\n    <div class=\"row align-items-center\">\n        <div class=\"col-7 col-lg-9\"><h5 class=\"title-youtube-popup\">Gdzie ustawi\u0107 miejsca po przecinku dla ilo\u015bci i cen towar\u00f3w?<\/h5><\/div>\n        <div class=\"col-5 col-lg-3 text-center\">\n            <a href=\"https:\/\/www.youtube.com\/watch?v=PwABNRafAD0\" class=\"toggler-video-popup btn-popup\">Zobacz video<\/a><a href=\"https:\/\/raks.pl\/pomoc\/filmy-instruktazowe\/sprzedaz-filmy\/?movie=gdzie-ustawic-miejsca-po-przecinku-dla-ilosci-i-cen-towarow\" class=\"copyUrlMovie\"><\/a><span class=\"copyUrlMovie--alert\">Link zosta\u0142 skopiowany<\/span>        <\/div>\n    <\/div>\n<\/div>\n\n<div class=\"youtube-popup\" data-slug=\"jak-dodac-fakture-zaliczkowa\">\n    <div class=\"row align-items-center\">\n        <div class=\"col-7 col-lg-9\"><h5 class=\"title-youtube-popup\">Jak doda\u0107 faktur\u0119 zaliczkow\u0105?<\/h5><\/div>\n        <div class=\"col-5 col-lg-3 text-center\">\n            <a href=\"https:\/\/www.youtube.com\/watch?v=EDAHqDc_JT8\" class=\"toggler-video-popup btn-popup\">Zobacz video<\/a><a href=\"https:\/\/raks.pl\/pomoc\/filmy-instruktazowe\/sprzedaz-filmy\/?movie=jak-dodac-fakture-zaliczkowa\" class=\"copyUrlMovie\"><\/a><span class=\"copyUrlMovie--alert\">Link zosta\u0142 skopiowany<\/span>        <\/div>\n    <\/div>\n<\/div>\n\n<div class=\"youtube-popup\" data-slug=\"jpk-v7-grupy-towarow-i-uslug\">\n    <div class=\"row align-items-center\">\n        <div class=\"col-7 col-lg-9\"><h5 class=\"title-youtube-popup\">JPK_V7 &#8211; Grupy Towar\u00f3w i Us\u0142ug<\/h5><\/div>\n        <div class=\"col-5 col-lg-3 text-center\">\n            <a href=\"https:\/\/www.youtube.com\/watch?v=OzlIuIKKyRA\" class=\"toggler-video-popup btn-popup\">Zobacz video<\/a><a href=\"https:\/\/raks.pl\/pomoc\/filmy-instruktazowe\/sprzedaz-filmy\/?movie=jpk-v7-grupy-towarow-i-uslug\" class=\"copyUrlMovie\"><\/a><span class=\"copyUrlMovie--alert\">Link zosta\u0142 skopiowany<\/span>        <\/div>\n    <\/div>\n<\/div>\n\n<div class=\"youtube-popup\" data-slug=\"jpk-v7-procedury-na-dokumentach-handlowych\">\n    <div class=\"row align-items-center\">\n        <div class=\"col-7 col-lg-9\"><h5 class=\"title-youtube-popup\">JPK_V7 &#8211; Procedury na dokumentach handlowych<\/h5><\/div>\n        <div class=\"col-5 col-lg-3 text-center\">\n            <a href=\"https:\/\/www.youtube.com\/watch?v=1YgvtPnkBcw\" class=\"toggler-video-popup btn-popup\">Zobacz video<\/a><a href=\"https:\/\/raks.pl\/pomoc\/filmy-instruktazowe\/sprzedaz-filmy\/?movie=jpk-v7-procedury-na-dokumentach-handlowych\" class=\"copyUrlMovie\"><\/a><span class=\"copyUrlMovie--alert\">Link zosta\u0142 skopiowany<\/span>        <\/div>\n    <\/div>\n<\/div>\n\n<div class=\"youtube-popup\" data-slug=\"korekta-do-faktury-niezarejestrowanej-w-programie\">\n    <div class=\"row align-items-center\">\n        <div class=\"col-7 col-lg-9\"><h5 class=\"title-youtube-popup\">Korekta do faktury niezarejestrowanej w programie<\/h5><\/div>\n        <div class=\"col-5 col-lg-3 text-center\">\n            <a href=\"https:\/\/www.youtube.com\/watch?v=ZSV1lKxXpKY\" class=\"toggler-video-popup btn-popup\">Zobacz video<\/a><a href=\"https:\/\/raks.pl\/pomoc\/filmy-instruktazowe\/sprzedaz-filmy\/?movie=korekta-do-faktury-niezarejestrowanej-w-programie\" class=\"copyUrlMovie\"><\/a><span class=\"copyUrlMovie--alert\">Link zosta\u0142 skopiowany<\/span>        <\/div>\n    <\/div>\n<\/div>\n\n<div class=\"youtube-popup\" data-slug=\"limity-zobowiazan-dla-kontrahentow\">\n    <div class=\"row align-items-center\">\n        <div class=\"col-7 col-lg-9\"><h5 class=\"title-youtube-popup\">Limity zobowi\u0105za\u0144 dla kontrahent\u00f3w<\/h5><\/div>\n        <div class=\"col-5 col-lg-3 text-center\">\n            <a href=\"https:\/\/www.youtube.com\/watch?v=LYcdq6LYmdQ\" class=\"toggler-video-popup btn-popup\">Zobacz video<\/a><a href=\"https:\/\/raks.pl\/pomoc\/filmy-instruktazowe\/sprzedaz-filmy\/?movie=limity-zobowiazan-dla-kontrahentow\" class=\"copyUrlMovie\"><\/a><span class=\"copyUrlMovie--alert\">Link zosta\u0142 skopiowany<\/span>        <\/div>\n    <\/div>\n<\/div>\n\n<div class=\"youtube-popup\" data-slug=\"mechanizm-podzielonej-platnosci-automatyczna-kontrola-w-programie\">\n    <div class=\"row align-items-center\">\n        <div class=\"col-7 col-lg-9\"><h5 class=\"title-youtube-popup\">Mechanizm Podzielonej P\u0142atno\u015bci &#8211; automatyczna kontrola w programie<\/h5><\/div>\n        <div class=\"col-5 col-lg-3 text-center\">\n            <a href=\"https:\/\/www.youtube.com\/watch?v=rcGVl_pZYws\" class=\"toggler-video-popup btn-popup\">Zobacz video<\/a><a href=\"https:\/\/raks.pl\/pomoc\/filmy-instruktazowe\/sprzedaz-filmy\/?movie=mechanizm-podzielonej-platnosci-automatyczna-kontrola-w-programie\" class=\"copyUrlMovie\"><\/a><span class=\"copyUrlMovie--alert\">Link zosta\u0142 skopiowany<\/span>        <\/div>\n    <\/div>\n<\/div>\n\n<div class=\"youtube-popup\" data-slug=\"mechanizm-podzielonej-platnosci-wer-2\">\n    <div class=\"row align-items-center\">\n        <div class=\"col-7 col-lg-9\"><h5 class=\"title-youtube-popup\">Mechanizm Podzielonej P\u0142atno\u015bci wer.2<\/h5><\/div>\n        <div class=\"col-5 col-lg-3 text-center\">\n            <a href=\"https:\/\/www.youtube.com\/watch?v=Vup34_xc6vk\" class=\"toggler-video-popup btn-popup\">Zobacz video<\/a><a href=\"https:\/\/raks.pl\/pomoc\/filmy-instruktazowe\/sprzedaz-filmy\/?movie=mechanizm-podzielonej-platnosci-wer-2\" class=\"copyUrlMovie\"><\/a><span class=\"copyUrlMovie--alert\">Link zosta\u0142 skopiowany<\/span>        <\/div>\n    <\/div>\n<\/div>\n\n<div class=\"youtube-popup\" data-slug=\"modyfikacja-wydrukow\">\n    <div class=\"row align-items-center\">\n        <div class=\"col-7 col-lg-9\"><h5 class=\"title-youtube-popup\">Modyfikacja wydruk\u00f3w<\/h5><\/div>\n        <div class=\"col-5 col-lg-3 text-center\">\n            <a href=\"https:\/\/www.youtube.com\/watch?v=aT_boaD5fQs\" class=\"toggler-video-popup btn-popup\">Zobacz video<\/a><a href=\"https:\/\/raks.pl\/pomoc\/filmy-instruktazowe\/sprzedaz-filmy\/?movie=modyfikacja-wydrukow\" class=\"copyUrlMovie\"><\/a><span class=\"copyUrlMovie--alert\">Link zosta\u0142 skopiowany<\/span>        <\/div>\n    <\/div>\n<\/div>\n\n<div class=\"youtube-popup\" data-slug=\"wiele-rodzajow-platnosci-do-faktury\">\n    <div class=\"row align-items-center\">\n        <div class=\"col-7 col-lg-9\"><h5 class=\"title-youtube-popup\">Wiele rodzaj\u00f3w p\u0142atno\u015bci do faktury<\/h5><\/div>\n        <div class=\"col-5 col-lg-3 text-center\">\n            <a href=\"https:\/\/www.youtube.com\/watch?v=O1VRGu8CHw0\" class=\"toggler-video-popup btn-popup\">Zobacz video<\/a><a href=\"https:\/\/raks.pl\/pomoc\/filmy-instruktazowe\/sprzedaz-filmy\/?movie=wiele-rodzajow-platnosci-do-faktury\" class=\"copyUrlMovie\"><\/a><span class=\"copyUrlMovie--alert\">Link zosta\u0142 skopiowany<\/span>        <\/div>\n    <\/div>\n<\/div>\n\n<div class=\"youtube-popup\" data-slug=\"zalaczniki-do-dokumentow\">\n    <div class=\"row align-items-center\">\n        <div class=\"col-7 col-lg-9\"><h5 class=\"title-youtube-popup\">Za\u0142\u0105czniki do dokument\u00f3w<\/h5><\/div>\n        <div class=\"col-5 col-lg-3 text-center\">\n            <a href=\"https:\/\/www.youtube.com\/watch?v=ub3aykC3wC8\" class=\"toggler-video-popup btn-popup\">Zobacz video<\/a><a href=\"https:\/\/raks.pl\/pomoc\/filmy-instruktazowe\/sprzedaz-filmy\/?movie=zalaczniki-do-dokumentow\" class=\"copyUrlMovie\"><\/a><span class=\"copyUrlMovie--alert\">Link zosta\u0142 skopiowany<\/span>        <\/div>\n    <\/div>\n<\/div>","protected":false},"excerpt":{"rendered":"","protected":false},"author":1,"featured_media":0,"parent":2938,"menu_order":0,"comment_status":"closed","ping_status":"closed","template":"","meta":{"_acf_changed":false,"footnotes":""},"class_list":["post-2942","page","type-page","status-publish","hentry"],"acf":[],"_links":{"self":[{"href":"https:\/\/raks.pl\/pomoc\/wp-json\/wp\/v2\/pages\/2942","targetHints":{"allow":["GET"]}}],"collection":[{"href":"https:\/\/raks.pl\/pomoc\/wp-json\/wp\/v2\/pages"}],"about":[{"href":"https:\/\/raks.pl\/pomoc\/wp-json\/wp\/v2\/types\/page"}],"author":[{"embeddable":true,"href":"https:\/\/raks.pl\/pomoc\/wp-json\/wp\/v2\/users\/1"}],"replies":[{"embeddable":true,"href":"https:\/\/raks.pl\/pomoc\/wp-json\/wp\/v2\/comments?post=2942"}],"version-history":[{"count":12,"href":"https:\/\/raks.pl\/pomoc\/wp-json\/wp\/v2\/pages\/2942\/revisions"}],"predecessor-version":[{"id":6266,"href":"https:\/\/raks.pl\/pomoc\/wp-json\/wp\/v2\/pages\/2942\/revisions\/6266"}],"up":[{"embeddable":true,"href":"https:\/\/raks.pl\/pomoc\/wp-json\/wp\/v2\/pages\/2938"}],"wp:attachment":[{"href":"https:\/\/raks.pl\/pomoc\/wp-json\/wp\/v2\/media?parent=2942"}],"curies":[{"name":"wp","href":"https:\/\/api.w.org\/{rel}","templated":true}]}}