{"id":2946,"date":"2021-11-23T09:08:44","date_gmt":"2021-11-23T08:08:44","guid":{"rendered":"http:\/\/raks.pl\/pomoc\/?page_id=2946"},"modified":"2022-04-04T16:28:11","modified_gmt":"2022-04-04T14:28:11","slug":"administrator-filmy","status":"publish","type":"page","link":"https:\/\/raks.pl\/pomoc\/filmy-instruktazowe\/administrator-filmy\/","title":{"rendered":"Administrator"},"content":{"rendered":"<div class=\"youtube-popup\" data-slug=\"brak-polaczenia-z-baza\">\n    <div class=\"row align-items-center\">\n        <div class=\"col-7 col-lg-9\"><h5 class=\"title-youtube-popup\">Brak po\u0142\u0105czenia z baz\u0105<\/h5><\/div>\n        <div class=\"col-5 col-lg-3 text-center\">\n            <a href=\"https:\/\/www.youtube.com\/watch?v=Ds93iX40kfc\" class=\"toggler-video-popup btn-popup\">Zobacz video<\/a><a href=\"https:\/\/raks.pl\/pomoc\/filmy-instruktazowe\/administrator-filmy\/?movie=brak-polaczenia-z-baza\" class=\"copyUrlMovie\"><\/a><span class=\"copyUrlMovie--alert\">Link zosta\u0142 skopiowany<\/span>        <\/div>\n    <\/div>\n<\/div>\n\n<div class=\"youtube-popup\" data-slug=\"jak-postapic-w-przypadku-komunikatu-o-juz-zalogowanym-uzytkowniku\">\n    <div class=\"row align-items-center\">\n        <div class=\"col-7 col-lg-9\"><h5 class=\"title-youtube-popup\">Jak post\u0105pi\u0107 w przypadku komunikatu o ju\u017c zalogowanym u\u017cytkowniku?<\/h5><\/div>\n        <div class=\"col-5 col-lg-3 text-center\">\n            <a href=\"https:\/\/www.youtube.com\/watch?v=NbSyKJwpUTQ\" class=\"toggler-video-popup btn-popup\">Zobacz video<\/a><a href=\"https:\/\/raks.pl\/pomoc\/filmy-instruktazowe\/administrator-filmy\/?movie=jak-postapic-w-przypadku-komunikatu-o-juz-zalogowanym-uzytkowniku\" class=\"copyUrlMovie\"><\/a><span class=\"copyUrlMovie--alert\">Link zosta\u0142 skopiowany<\/span>        <\/div>\n    <\/div>\n<\/div>\n\n<div class=\"youtube-popup\" data-slug=\"jak-prawidlowo-zdefiniowac-kolejna-konfiguracje-baz-danych\">\n    <div class=\"row align-items-center\">\n        <div class=\"col-7 col-lg-9\"><h5 class=\"title-youtube-popup\">Jak prawid\u0142owo zdefiniowa\u0107 kolejn\u0105 konfiguracj\u0119 baz danych?<\/h5><\/div>\n        <div class=\"col-5 col-lg-3 text-center\">\n            <a href=\"https:\/\/www.youtube.com\/watch?v=x8dnFUtxYmw\" class=\"toggler-video-popup btn-popup\">Zobacz video<\/a><a href=\"https:\/\/raks.pl\/pomoc\/filmy-instruktazowe\/administrator-filmy\/?movie=jak-prawidlowo-zdefiniowac-kolejna-konfiguracje-baz-danych\" class=\"copyUrlMovie\"><\/a><span class=\"copyUrlMovie--alert\">Link zosta\u0142 skopiowany<\/span>        <\/div>\n    <\/div>\n<\/div>\n\n<div class=\"youtube-popup\" data-slug=\"kroki-aktualizacji-programu-rakssql\">\n    <div class=\"row align-items-center\">\n        <div class=\"col-7 col-lg-9\"><h5 class=\"title-youtube-popup\">Kroki aktualizacji programu RAKSSQL<\/h5><\/div>\n        <div class=\"col-5 col-lg-3 text-center\">\n            <a href=\"https:\/\/www.youtube.com\/watch?v=yCtvFQN2IJI\" class=\"toggler-video-popup btn-popup\">Zobacz video<\/a><a href=\"https:\/\/raks.pl\/pomoc\/filmy-instruktazowe\/administrator-filmy\/?movie=kroki-aktualizacji-programu-rakssql\" class=\"copyUrlMovie\"><\/a><span class=\"copyUrlMovie--alert\">Link zosta\u0142 skopiowany<\/span>        <\/div>\n    <\/div>\n<\/div>\n\n<div class=\"youtube-popup\" data-slug=\"logowanie-z-wykorzystaniem-profili\">\n    <div class=\"row align-items-center\">\n        <div class=\"col-7 col-lg-9\"><h5 class=\"title-youtube-popup\">Logowanie z wykorzystaniem profili<\/h5><\/div>\n        <div class=\"col-5 col-lg-3 text-center\">\n            <a href=\"https:\/\/www.youtube.com\/watch?v=YkHz0u-Q-To\" class=\"toggler-video-popup btn-popup\">Zobacz video<\/a><a href=\"https:\/\/raks.pl\/pomoc\/filmy-instruktazowe\/administrator-filmy\/?movie=logowanie-z-wykorzystaniem-profili\" class=\"copyUrlMovie\"><\/a><span class=\"copyUrlMovie--alert\">Link zosta\u0142 skopiowany<\/span>        <\/div>\n    <\/div>\n<\/div>\n\n<div class=\"youtube-popup\" data-slug=\"odtwarzanie-baz-danych-z-kopii-zapasowej\">\n    <div class=\"row align-items-center\">\n        <div class=\"col-7 col-lg-9\"><h5 class=\"title-youtube-popup\">Odtwarzanie baz danych z kopii zapasowej<\/h5><\/div>\n        <div class=\"col-5 col-lg-3 text-center\">\n            <a href=\"https:\/\/www.youtube.com\/watch?v=Igss8Rw1P1k\" class=\"toggler-video-popup btn-popup\">Zobacz video<\/a><a href=\"https:\/\/raks.pl\/pomoc\/filmy-instruktazowe\/administrator-filmy\/?movie=odtwarzanie-baz-danych-z-kopii-zapasowej\" class=\"copyUrlMovie\"><\/a><span class=\"copyUrlMovie--alert\">Link zosta\u0142 skopiowany<\/span>        <\/div>\n    <\/div>\n<\/div>\n\n<div class=\"youtube-popup\" data-slug=\"przywracanie-dolnego-paska-paska-stanu\">\n    <div class=\"row align-items-center\">\n        <div class=\"col-7 col-lg-9\"><h5 class=\"title-youtube-popup\">Przywracanie dolnego paska (paska stanu)<\/h5><\/div>\n        <div class=\"col-5 col-lg-3 text-center\">\n            <a href=\"https:\/\/www.youtube.com\/watch?v=eS5VdKtvcuU\" class=\"toggler-video-popup btn-popup\">Zobacz video<\/a><a href=\"https:\/\/raks.pl\/pomoc\/filmy-instruktazowe\/administrator-filmy\/?movie=przywracanie-dolnego-paska-paska-stanu\" class=\"copyUrlMovie\"><\/a><span class=\"copyUrlMovie--alert\">Link zosta\u0142 skopiowany<\/span>        <\/div>\n    <\/div>\n<\/div>\n\n<div class=\"youtube-popup\" data-slug=\"przywracanie-gornego-paska-menu\">\n    <div class=\"row align-items-center\">\n        <div class=\"col-7 col-lg-9\"><h5 class=\"title-youtube-popup\">Przywracanie g\u00f3rnego paska menu<\/h5><\/div>\n        <div class=\"col-5 col-lg-3 text-center\">\n            <a href=\"https:\/\/www.youtube.com\/watch?v=JRpLxa8G9zI\" class=\"toggler-video-popup btn-popup\">Zobacz video<\/a><a href=\"https:\/\/raks.pl\/pomoc\/filmy-instruktazowe\/administrator-filmy\/?movie=przywracanie-gornego-paska-menu\" class=\"copyUrlMovie\"><\/a><span class=\"copyUrlMovie--alert\">Link zosta\u0142 skopiowany<\/span>        <\/div>\n    <\/div>\n<\/div>\n\n<div class=\"youtube-popup\" data-slug=\"tworzenie-kopii-zapasowej\">\n    <div class=\"row align-items-center\">\n        <div class=\"col-7 col-lg-9\"><h5 class=\"title-youtube-popup\">Tworzenie kopii zapasowej<\/h5><\/div>\n        <div class=\"col-5 col-lg-3 text-center\">\n            <a href=\"https:\/\/www.youtube.com\/watch?v=cjPIckx-4C8\" class=\"toggler-video-popup btn-popup\">Zobacz video<\/a><a href=\"https:\/\/raks.pl\/pomoc\/filmy-instruktazowe\/administrator-filmy\/?movie=tworzenie-kopii-zapasowej\" class=\"copyUrlMovie\"><\/a><span class=\"copyUrlMovie--alert\">Link zosta\u0142 skopiowany<\/span>        <\/div>\n    <\/div>\n<\/div>\n\n<div class=\"youtube-popup\" data-slug=\"uprawnienia\">\n    <div class=\"row align-items-center\">\n        <div class=\"col-7 col-lg-9\"><h5 class=\"title-youtube-popup\">Uprawnienia<\/h5><\/div>\n        <div class=\"col-5 col-lg-3 text-center\">\n            <a href=\"https:\/\/www.youtube.com\/watch?v=RXfXAXxPzmQ\" class=\"toggler-video-popup btn-popup\">Zobacz video<\/a><a href=\"https:\/\/raks.pl\/pomoc\/filmy-instruktazowe\/administrator-filmy\/?movie=uprawnienia\" class=\"copyUrlMovie\"><\/a><span class=\"copyUrlMovie--alert\">Link zosta\u0142 skopiowany<\/span>        <\/div>\n    <\/div>\n<\/div>","protected":false},"excerpt":{"rendered":"","protected":false},"author":1,"featured_media":0,"parent":2938,"menu_order":0,"comment_status":"closed","ping_status":"closed","template":"","meta":{"_acf_changed":false,"footnotes":""},"class_list":["post-2946","page","type-page","status-publish","hentry"],"acf":[],"_links":{"self":[{"href":"https:\/\/raks.pl\/pomoc\/wp-json\/wp\/v2\/pages\/2946","targetHints":{"allow":["GET"]}}],"collection":[{"href":"https:\/\/raks.pl\/pomoc\/wp-json\/wp\/v2\/pages"}],"about":[{"href":"https:\/\/raks.pl\/pomoc\/wp-json\/wp\/v2\/types\/page"}],"author":[{"embeddable":true,"href":"https:\/\/raks.pl\/pomoc\/wp-json\/wp\/v2\/users\/1"}],"replies":[{"embeddable":true,"href":"https:\/\/raks.pl\/pomoc\/wp-json\/wp\/v2\/comments?post=2946"}],"version-history":[{"count":3,"href":"https:\/\/raks.pl\/pomoc\/wp-json\/wp\/v2\/pages\/2946\/revisions"}],"predecessor-version":[{"id":3449,"href":"https:\/\/raks.pl\/pomoc\/wp-json\/wp\/v2\/pages\/2946\/revisions\/3449"}],"up":[{"embeddable":true,"href":"https:\/\/raks.pl\/pomoc\/wp-json\/wp\/v2\/pages\/2938"}],"wp:attachment":[{"href":"https:\/\/raks.pl\/pomoc\/wp-json\/wp\/v2\/media?parent=2946"}],"curies":[{"name":"wp","href":"https:\/\/api.w.org\/{rel}","templated":true}]}}