{"id":2950,"date":"2021-11-23T09:13:27","date_gmt":"2021-11-23T08:13:27","guid":{"rendered":"http:\/\/raks.pl\/pomoc\/?page_id=2950"},"modified":"2021-11-23T09:13:27","modified_gmt":"2021-11-23T08:13:27","slug":"jpk-filmy","status":"publish","type":"page","link":"https:\/\/raks.pl\/pomoc\/filmy-instruktazowe\/jpk-filmy\/","title":{"rendered":"JPK"},"content":{"rendered":"<div class=\"youtube-popup\" data-slug=\"jpk-v7-od-1-pazdziernika-2020-roku-zobacz-co-sie-zmienia\">\n    <div class=\"row align-items-center\">\n        <div class=\"col-7 col-lg-9\"><h5 class=\"title-youtube-popup\">JPK V7 od 1 pa\u017adziernika 2020 roku. Zobacz co si\u0119 zmienia.<\/h5><\/div>\n        <div class=\"col-5 col-lg-3 text-center\">\n            <a href=\"https:\/\/www.youtube.com\/watch?v=upSIfhXIW90\" class=\"toggler-video-popup btn-popup\">Zobacz video<\/a><a href=\"https:\/\/raks.pl\/pomoc\/filmy-instruktazowe\/jpk-filmy\/?movie=jpk-v7-od-1-pazdziernika-2020-roku-zobacz-co-sie-zmienia\" class=\"copyUrlMovie\"><\/a><span class=\"copyUrlMovie--alert\">Link zosta\u0142 skopiowany<\/span>        <\/div>\n    <\/div>\n<\/div>\n\n<div class=\"youtube-popup\" data-slug=\"jpk-v7-nadawanie-oznaczen-gtu-grup-towarow-i-uslug-w-module-sprzedaz-na-potrzeby-pliku-jpk-v7\">\n    <div class=\"row align-items-center\">\n        <div class=\"col-7 col-lg-9\"><h5 class=\"title-youtube-popup\">JPK V7 &#8211; Nadawanie oznacze\u0144 GTU (Grup Towar\u00f3w i Us\u0142ug) w module sprzeda\u017c na potrzeby pliku JPK V7.<\/h5><\/div>\n        <div class=\"col-5 col-lg-3 text-center\">\n            <a href=\"https:\/\/www.youtube.com\/watch?v=8PoWJTDmn5A\" class=\"toggler-video-popup btn-popup\">Zobacz video<\/a><a href=\"https:\/\/raks.pl\/pomoc\/filmy-instruktazowe\/jpk-filmy\/?movie=jpk-v7-nadawanie-oznaczen-gtu-grup-towarow-i-uslug-w-module-sprzedaz-na-potrzeby-pliku-jpk-v7\" class=\"copyUrlMovie\"><\/a><span class=\"copyUrlMovie--alert\">Link zosta\u0142 skopiowany<\/span>        <\/div>\n    <\/div>\n<\/div>\n\n<div class=\"youtube-popup\" data-slug=\"jpk-v7-procedury-vat-na-dokumentach-handlowych\">\n    <div class=\"row align-items-center\">\n        <div class=\"col-7 col-lg-9\"><h5 class=\"title-youtube-popup\">JPK V7 &#8211; Procedury VAT na dokumentach handlowych.<\/h5><\/div>\n        <div class=\"col-5 col-lg-3 text-center\">\n            <a href=\"https:\/\/www.youtube.com\/watch?v=S75tYPmQv-c\" class=\"toggler-video-popup btn-popup\">Zobacz video<\/a><a href=\"https:\/\/raks.pl\/pomoc\/filmy-instruktazowe\/jpk-filmy\/?movie=jpk-v7-procedury-vat-na-dokumentach-handlowych\" class=\"copyUrlMovie\"><\/a><span class=\"copyUrlMovie--alert\">Link zosta\u0142 skopiowany<\/span>        <\/div>\n    <\/div>\n<\/div>\n\n<div class=\"youtube-popup\" data-slug=\"zarzadzanie-widocznoscia-procedur-vat-i-gtu-ulatw-sobie-wprowadzanie-danych-jpk-v7\">\n    <div class=\"row align-items-center\">\n        <div class=\"col-7 col-lg-9\"><h5 class=\"title-youtube-popup\">Zarz\u0105dzanie widoczno\u015bci\u0105 procedur VAT i GTU &#8211; u\u0142atw sobie wprowadzanie danych JPK V7!<\/h5><\/div>\n        <div class=\"col-5 col-lg-3 text-center\">\n            <a href=\"https:\/\/www.youtube.com\/watch?v=TTFg_Yz3oOE\" class=\"toggler-video-popup btn-popup\">Zobacz video<\/a><a href=\"https:\/\/raks.pl\/pomoc\/filmy-instruktazowe\/jpk-filmy\/?movie=zarzadzanie-widocznoscia-procedur-vat-i-gtu-ulatw-sobie-wprowadzanie-danych-jpk-v7\" class=\"copyUrlMovie\"><\/a><span class=\"copyUrlMovie--alert\">Link zosta\u0142 skopiowany<\/span>        <\/div>\n    <\/div>\n<\/div>\n\n<div class=\"youtube-popup\" data-slug=\"zbiorcza-zmiana-danych-dot-jpk-v7-w-dokumentach-ksiegowych\">\n    <div class=\"row align-items-center\">\n        <div class=\"col-7 col-lg-9\"><h5 class=\"title-youtube-popup\">Zbiorcza zmiana danych dot. JPK V7 w dokumentach ksi\u0119gowych<\/h5><\/div>\n        <div class=\"col-5 col-lg-3 text-center\">\n            <a href=\"https:\/\/www.youtube.com\/watch?v=r0QWaqq0Z48\" class=\"toggler-video-popup btn-popup\">Zobacz video<\/a><a href=\"https:\/\/raks.pl\/pomoc\/filmy-instruktazowe\/jpk-filmy\/?movie=zbiorcza-zmiana-danych-dot-jpk-v7-w-dokumentach-ksiegowych\" class=\"copyUrlMovie\"><\/a><span class=\"copyUrlMovie--alert\">Link zosta\u0142 skopiowany<\/span>        <\/div>\n    <\/div>\n<\/div>\n\n<div class=\"youtube-popup\" data-slug=\"kod-dokumentu-przypisywanie-informacji-zwiazanych-z-jpk-v7\">\n    <div class=\"row align-items-center\">\n        <div class=\"col-7 col-lg-9\"><h5 class=\"title-youtube-popup\">Kod dokumentu &#8211; przypisywanie informacji zwi\u0105zanych z JPK V7<\/h5><\/div>\n        <div class=\"col-5 col-lg-3 text-center\">\n            <a href=\"https:\/\/www.youtube.com\/watch?v=unn1cQF7cTA\" class=\"toggler-video-popup btn-popup\">Zobacz video<\/a><a href=\"https:\/\/raks.pl\/pomoc\/filmy-instruktazowe\/jpk-filmy\/?movie=kod-dokumentu-przypisywanie-informacji-zwiazanych-z-jpk-v7\" class=\"copyUrlMovie\"><\/a><span class=\"copyUrlMovie--alert\">Link zosta\u0142 skopiowany<\/span>        <\/div>\n    <\/div>\n<\/div>\n\n<div class=\"youtube-popup\" data-slug=\"import-dokumentow-do-ksiegowosci-dopisywanie-procedur-i-grup-towarowych-gtu\">\n    <div class=\"row align-items-center\">\n        <div class=\"col-7 col-lg-9\"><h5 class=\"title-youtube-popup\">Import dokument\u00f3w do ksi\u0119gowo\u015bci. Dopisywanie Procedur i Grup Towarowych GTU.<\/h5><\/div>\n        <div class=\"col-5 col-lg-3 text-center\">\n            <a href=\"https:\/\/www.youtube.com\/watch?v=Nr2gmvZRBEs\" class=\"toggler-video-popup btn-popup\">Zobacz video<\/a><a href=\"https:\/\/raks.pl\/pomoc\/filmy-instruktazowe\/jpk-filmy\/?movie=import-dokumentow-do-ksiegowosci-dopisywanie-procedur-i-grup-towarowych-gtu\" class=\"copyUrlMovie\"><\/a><span class=\"copyUrlMovie--alert\">Link zosta\u0142 skopiowany<\/span>        <\/div>\n    <\/div>\n<\/div>\n\n<div class=\"youtube-popup\" data-slug=\"jpk-v7-tworzenie-i-wysylka-pliku\">\n    <div class=\"row align-items-center\">\n        <div class=\"col-7 col-lg-9\"><h5 class=\"title-youtube-popup\">JPK V7 &#8211; Tworzenie i wysy\u0142ka pliku<\/h5><\/div>\n        <div class=\"col-5 col-lg-3 text-center\">\n            <a href=\"https:\/\/www.youtube.com\/watch?v=RoTzYKcd1N4\" class=\"toggler-video-popup btn-popup\">Zobacz video<\/a><a href=\"https:\/\/raks.pl\/pomoc\/filmy-instruktazowe\/jpk-filmy\/?movie=jpk-v7-tworzenie-i-wysylka-pliku\" class=\"copyUrlMovie\"><\/a><span class=\"copyUrlMovie--alert\">Link zosta\u0142 skopiowany<\/span>        <\/div>\n    <\/div>\n<\/div>\n\n<div class=\"youtube-popup\" data-slug=\"jpk-v7-grupy-towarowe-i-procedury-vat-na-fakturze-sprzedazy\">\n    <div class=\"row align-items-center\">\n        <div class=\"col-7 col-lg-9\"><h5 class=\"title-youtube-popup\">JPK V7 &#8211; Grupy Towarowe i Procedury VAT na fakturze sprzeda\u017cy.<\/h5><\/div>\n        <div class=\"col-5 col-lg-3 text-center\">\n            <a href=\"https:\/\/www.youtube.com\/watch?v=Lx0eOlpk8K0\" class=\"toggler-video-popup btn-popup\">Zobacz video<\/a><a href=\"https:\/\/raks.pl\/pomoc\/filmy-instruktazowe\/jpk-filmy\/?movie=jpk-v7-grupy-towarowe-i-procedury-vat-na-fakturze-sprzedazy\" class=\"copyUrlMovie\"><\/a><span class=\"copyUrlMovie--alert\">Link zosta\u0142 skopiowany<\/span>        <\/div>\n    <\/div>\n<\/div>\n\n<div class=\"youtube-popup\" data-slug=\"jpk-v7-import-dokumentow-do-ksiegowosci-dopisywanie-procedur-i-grup-towarowych-gtu\">\n    <div class=\"row align-items-center\">\n        <div class=\"col-7 col-lg-9\"><h5 class=\"title-youtube-popup\">JPK V7 &#8211; Import dokument\u00f3w do ksi\u0119gowo\u015bci. Dopisywanie Procedur i Grup Towarowych GTU.<\/h5><\/div>\n        <div class=\"col-5 col-lg-3 text-center\">\n            <a href=\"https:\/\/www.youtube.com\/watch?v=ztdxhEU4cKw\" class=\"toggler-video-popup btn-popup\">Zobacz video<\/a><a href=\"https:\/\/raks.pl\/pomoc\/filmy-instruktazowe\/jpk-filmy\/?movie=jpk-v7-import-dokumentow-do-ksiegowosci-dopisywanie-procedur-i-grup-towarowych-gtu\" class=\"copyUrlMovie\"><\/a><span class=\"copyUrlMovie--alert\">Link zosta\u0142 skopiowany<\/span>        <\/div>\n    <\/div>\n<\/div>\n\n<div class=\"youtube-popup\" data-slug=\"jpk-v7-rejestr-vat\">\n    <div class=\"row align-items-center\">\n        <div class=\"col-7 col-lg-9\"><h5 class=\"title-youtube-popup\">JPK V7 &#8211; Rejestr VAT<\/h5><\/div>\n        <div class=\"col-5 col-lg-3 text-center\">\n            <a href=\"https:\/\/www.youtube.com\/watch?v=J9qfn2BRTbI\" class=\"toggler-video-popup btn-popup\">Zobacz video<\/a><a href=\"https:\/\/raks.pl\/pomoc\/filmy-instruktazowe\/jpk-filmy\/?movie=jpk-v7-rejestr-vat\" class=\"copyUrlMovie\"><\/a><span class=\"copyUrlMovie--alert\">Link zosta\u0142 skopiowany<\/span>        <\/div>\n    <\/div>\n<\/div>\n\n<div class=\"youtube-popup\" data-slug=\"kpir-alternatywny-sposob-uzupelniania-danych-jpk-v7\">\n    <div class=\"row align-items-center\">\n        <div class=\"col-7 col-lg-9\"><h5 class=\"title-youtube-popup\">KPiR &#8211; alternatywny spos\u00f3b uzupe\u0142niania danych JPK V7<\/h5><\/div>\n        <div class=\"col-5 col-lg-3 text-center\">\n            <a href=\"https:\/\/www.youtube.com\/watch?v=iHLsyIHU2UU\" class=\"toggler-video-popup btn-popup\">Zobacz video<\/a><a href=\"https:\/\/raks.pl\/pomoc\/filmy-instruktazowe\/jpk-filmy\/?movie=kpir-alternatywny-sposob-uzupelniania-danych-jpk-v7\" class=\"copyUrlMovie\"><\/a><span class=\"copyUrlMovie--alert\">Link zosta\u0142 skopiowany<\/span>        <\/div>\n    <\/div>\n<\/div>\n\n<div class=\"youtube-popup\" data-slug=\"jpk-v7-rejestr-vat-procedury-vat-grupy-towarow-i-uslug-gtu\">\n    <div class=\"row align-items-center\">\n        <div class=\"col-7 col-lg-9\"><h5 class=\"title-youtube-popup\">JPK V7 &#8211; Rejestr VAT. Procedury VAT. Grupy Towar\u00f3w i Us\u0142ug GTU.<\/h5><\/div>\n        <div class=\"col-5 col-lg-3 text-center\">\n            <a href=\"https:\/\/www.youtube.com\/watch?v=wckh8hdVUjo\" class=\"toggler-video-popup btn-popup\">Zobacz video<\/a><a href=\"https:\/\/raks.pl\/pomoc\/filmy-instruktazowe\/jpk-filmy\/?movie=jpk-v7-rejestr-vat-procedury-vat-grupy-towarow-i-uslug-gtu\" class=\"copyUrlMovie\"><\/a><span class=\"copyUrlMovie--alert\">Link zosta\u0142 skopiowany<\/span>        <\/div>\n    <\/div>\n<\/div>\n\n<div class=\"youtube-popup\" data-slug=\"jpk-v7-transakcja-z-podmiotem-powiazanym-automatyczne-oznaczanie-dokumentow-sprzedazy\">\n    <div class=\"row align-items-center\">\n        <div class=\"col-7 col-lg-9\"><h5 class=\"title-youtube-popup\">JPK V7 &#8211; Transakcja z podmiotem powi\u0105zanym. Automatyczne oznaczanie dokument\u00f3w sprzeda\u017cy.<\/h5><\/div>\n        <div class=\"col-5 col-lg-3 text-center\">\n            <a href=\"https:\/\/www.youtube.com\/watch?v=gWHTKCcTbHI\" class=\"toggler-video-popup btn-popup\">Zobacz video<\/a><a href=\"https:\/\/raks.pl\/pomoc\/filmy-instruktazowe\/jpk-filmy\/?movie=jpk-v7-transakcja-z-podmiotem-powiazanym-automatyczne-oznaczanie-dokumentow-sprzedazy\" class=\"copyUrlMovie\"><\/a><span class=\"copyUrlMovie--alert\">Link zosta\u0142 skopiowany<\/span>        <\/div>\n    <\/div>\n<\/div>","protected":false},"excerpt":{"rendered":"","protected":false},"author":1,"featured_media":0,"parent":2938,"menu_order":0,"comment_status":"closed","ping_status":"closed","template":"","meta":{"_acf_changed":false,"footnotes":""},"class_list":["post-2950","page","type-page","status-publish","hentry"],"acf":[],"_links":{"self":[{"href":"https:\/\/raks.pl\/pomoc\/wp-json\/wp\/v2\/pages\/2950","targetHints":{"allow":["GET"]}}],"collection":[{"href":"https:\/\/raks.pl\/pomoc\/wp-json\/wp\/v2\/pages"}],"about":[{"href":"https:\/\/raks.pl\/pomoc\/wp-json\/wp\/v2\/types\/page"}],"author":[{"embeddable":true,"href":"https:\/\/raks.pl\/pomoc\/wp-json\/wp\/v2\/users\/1"}],"replies":[{"embeddable":true,"href":"https:\/\/raks.pl\/pomoc\/wp-json\/wp\/v2\/comments?post=2950"}],"version-history":[{"count":2,"href":"https:\/\/raks.pl\/pomoc\/wp-json\/wp\/v2\/pages\/2950\/revisions"}],"predecessor-version":[{"id":3194,"href":"https:\/\/raks.pl\/pomoc\/wp-json\/wp\/v2\/pages\/2950\/revisions\/3194"}],"up":[{"embeddable":true,"href":"https:\/\/raks.pl\/pomoc\/wp-json\/wp\/v2\/pages\/2938"}],"wp:attachment":[{"href":"https:\/\/raks.pl\/pomoc\/wp-json\/wp\/v2\/media?parent=2950"}],"curies":[{"name":"wp","href":"https:\/\/api.w.org\/{rel}","templated":true}]}}