{"id":3825,"date":"2022-08-31T10:49:54","date_gmt":"2022-08-31T08:49:54","guid":{"rendered":"https:\/\/raks.pl\/pomoc\/?page_id=3825"},"modified":"2025-11-25T11:15:02","modified_gmt":"2025-11-25T10:15:02","slug":"opis-zmian-pulpit-ksiegowego","status":"publish","type":"page","link":"https:\/\/raks.pl\/pomoc\/moduly-dodatkowe-zmiany\/opis-zmian-pulpit-ksiegowego\/","title":{"rendered":"Pulpit Ksi\u0119gowego &#8211; opis zmian"},"content":{"rendered":"\n<p><strong>Wersja [3.30]<\/strong><br><em>(Data publikacji 2025-11-25)<\/em><\/p>\n\n\n\n<ol class=\"wp-block-list\">\n<li>Dodano mo\u017cliwo\u015b\u0107 ustawienia czasu w godzinach po\u015bwi\u0119conych na prac\u0119 w module &#8222;Finanse i Ksi\u0119gowo\u015b\u0107&#8221;<\/li>\n\n\n\n<li>Dodano mo\u017cliwo\u015b\u0107 ustawienia czasu w godzinach po\u015bwi\u0119conych na prac\u0119 w module &#8222;Kadry i P\u0142ace&#8221;<\/li>\n\n\n\n<li>Dodano w opcjach wykres ko\u0142owy status\u00f3w dokument\u00f3w w miesi\u0105cu<\/li>\n<\/ol>\n\n\n\n<p><strong>Wersja [3.29]<\/strong><br><em>(Data publikacji 2025-10-10)<\/em><\/p>\n\n\n\n<ol class=\"wp-block-list\">\n<li>Poprawiono mechanizmy wsp\u00f3\u0142dzielone RAKSSQL<\/li>\n<\/ol>\n\n\n\n<p><strong>Wersja [3.28]<\/strong><br><em>(Data publikacji 2025-10-01)<\/em><\/p>\n\n\n\n<ol class=\"wp-block-list\">\n<li>Dodano mo\u017cliwo\u015b\u0107 pobierania sk\u0142adek ZUS z modu\u0142u Kadry i P\u0142ace pomniejszone o zasi\u0142ki.<\/li>\n<\/ol>\n\n\n\n<p><strong>Wersja [3.27]<\/strong><br><em>(Data publikacji 2025-09-08)<\/em><\/p>\n\n\n\n<ul class=\"wp-block-list\">\n\n<li>Dodano mo\u017cliwo\u015b\u0107 uruchomienia Pulpitu Ksi\u0119gowego z modu\u0142u Kadry i P\u0142ace<\/li>\n\n<\/ul>\n\n\n\n<p><strong>Wersja [3.26]<\/strong><br><em>(Data publikacji 2025-09-02)<\/em><\/p>\n\n\n\n<ul class=\"wp-block-list\">\n\n<li>Poprawiono mechanizmy wsp\u00f3\u0142dzielone RAKSSQL.<\/li>\n\n<\/ul>\n\n\n\n<p><strong>Wersja [3.25]<\/strong><br><em>(Data publikacji 2025-08-08)<\/em><\/p>\n\n\n\n<ul class=\"wp-block-list\">\n\n<li>Poprawiono uruchomienie.<\/li>\n\n<\/ul>\n\n\n\n<p><strong>Wersja [3.24]<\/strong><br><em>(Data publikacji 2025-07-29)<\/em><\/p>\n\n\n\n<ul class=\"wp-block-list\">\n\n<li>Optymalizacja wyznaczenia dnia roboczego po dniu \u015bwi\u0105tecznym.<\/li>\n\n<\/ul>\n\n\n\n<p><strong>Wersja [3.23]<\/strong><br><em>(Data publikacji 2025-07-17)<\/em><\/p>\n\n\n\n<ul class=\"wp-block-list\">\n\n<li>Poprawiono uruchomienie.<\/li>\n\n<\/ul>\n\n\n\n<p><strong>Wersja [3.22]<\/strong><br><em>(Data publikacji 2025-07-15)<\/em><\/p>\n\n\n\n<ul class=\"wp-block-list\">\n\n<li>Poprawiono {TABELA_VAT_TERMIN}.<\/li>\n\n<\/ul>\n\n\n\n<p><strong>Wersja [3.21]<\/strong><br><em>(Data publikacji 2025-07-10)<\/em><\/p>\n\n\n\n<ul class=\"wp-block-list\">\n\n<li>Dodano zmienne predefiniowane:\n<ul>\n<li>{TABELA_ZUS_TERMIN} uwzgl\u0119dniaj\u0105ca JDG oraz czy firma jest prowadzona przez osob\u0119 fizyczn\u0105;<\/li>\n<li>{TABELA_PODATEK_TERMIN} , {TABELA_ZUS_TERMIN} , {TABELA_VAT_TERMIN} nie posiadaj\u0105 sum; nie posiadaj\u0105 warto\u015bci 0; posiadaj\u0105 termin; w przypadku braku jakiejkolwiek warto\u015bci s\u0105 w ca\u0142o\u015bci ukrywane.<\/li><\/ul><\/li>\n\n\n<li>W ustawieniach firmy, adresy e-mail dodana lista do wiadomo\u015bci ukryta (poprzednia lista zostaje przypisana do wiadomo\u015bci otwarta).<\/li>\n\n<\/ul>\n\n\n\n<p><strong>Wersja [3.20]<\/strong><br><em>(Data publikacji 2025-05-27)<\/em><\/p>\n\n\n\n<ul class=\"wp-block-list\">\n\n<li>Poprawiono podsumowanie w tabeli predefiniowanej ZUS.<\/li>\n\n<\/ul>\n\n\n\n<p><strong>Wersja [3.19]<\/strong><br><em>(Data publikacji 2025-05-26)<\/em><\/p>\n\n\n\n<ul class=\"wp-block-list\">\n\n<li>Dodano wyszukiwanie w tabeli g\u0142\u00f3wnej pierwszego wyst\u0105pienia dla nazw rozpoczynaj\u0105cych si\u0119 od wpisanego ci\u0105gu znak\u00f3w.<\/li>\n\n\n<li>Usuni\u0119to podsumowanie w tabeli predefiniowanej Podatek oraz ZUS w przypadku wyst\u0105pienia mniejszej liczby wierszy ni\u017c 2.<\/li>\n\n<\/ul>\n\n\n\n<p><strong>Wersja [3.18]<\/strong><br><em>(Data publikacji 2025-05-17)<\/em><\/p>\n\n\n\n<ul class=\"wp-block-list\">\n\n<li>Poprawiono formatowanie i opis tabeli VAT oraz tabeli ZUS.<\/li>\n\n\n<li>Dodana zmienna predefiniowana {TABELA_VAT_DO_ZWROTU} oraz {TABELA_VAT_DO_PRZENIESIENIA}<\/li>\n\n\n<li>Dodana opcja wysy\u0142ania e-mail przy pomocy OAuth.<\/li>\n\n<\/ul>\n\n\n\n<p><strong>Wersja [3.17]<\/strong><br><em>(Data publikacji 2025-04-17)<\/em><\/p>\n\n\n\n<ul class=\"wp-block-list\">\n<li>W terminie wyznaczenie dnia roboczego po dniu \u015bwi\u0105tecznym na podstawie wzorcowego kalendarz KP.  W przypadku braku kalendarza pomijane s\u0105 tylko soboty i niedziele.<\/li>\n<\/ul>\n\n\n\n<p><strong>Wersja [3.16]<\/strong><br><em>(Data publikacji 2025-02-07)<\/em><\/p>\n\n\n\n<ul class=\"wp-block-list\">\n<li>Dodana zmienna predefiniowana ZUS_WAKACJE_SKLADKOWE, do kt\u00f3rej przypisywany jest teks z Ustawie\u0144 w zale\u017cno\u015bci od sytuacji stosowania lub niestosowania.<\/li>\n<\/ul>\n\n\n\n<p><strong>Wersja [3.15] <\/strong><br><em>(Data publikacji 2025-01-21)<\/em><\/p>\n\n\n\n<ul class=\"wp-block-list\">\n<li>Poprawiono odczytywanie danych z programu RAKS<\/li>\n<\/ul>\n\n\n\n<p><strong>Wersja [3.14] <\/strong><br><em>(Data publikacji 2025-01-17)<\/em><\/p>\n\n\n\n<p>Obs\u0142uga wakacji sk\u0142adkowych:<\/p>\n\n\n\n<ul class=\"wp-block-list\">\n<li>suma sk\u0142adek ZUS do zap\u0142aty jest pobierana z RAKS po uwzgl\u0119dnieniu wakacji sk\u0142adkowych je\u017celi wyst\u0119puj\u0105,<\/li>\n\n\n\n<li>dodany znacznik &#8211; czy w miesi\u0105cu s\u0105 wakacje sk\u0142adkowe, czy nie (znacznik jest odczytywany z programu RAKS)<\/li>\n<\/ul>\n\n\n\n<p><strong>Wersja [3.13] <\/strong><br><em>(Data publikacji 2024-10-30)<\/em><\/p>\n\n\n\n<ul class=\"wp-block-list\">\n<li>Warto\u015b\u0107 podatku CIT jest pobierana wed\u0142ug roku i miesi\u0105ca najp\u00f3\u017aniejszej deklaracji: CIT-2, Rozliczenie dochodu, Rozliczenie podatku z dwiema stawkami<\/li>\n<\/ul><br \/>\n\n\n\n<p><strong>Wersja [3.12] <\/strong><br><em>(Data publikacji 2024-06-17)<\/em><\/p>\n\n\n\n<ul class=\"wp-block-list\">\n<li>W edycji firmy dodano parametr widoczno\u015bci wynagrodze\u0144,<\/li>\n<li>W parametrach e-mail dodano parametr maksymalizacji okna podgl\u0105du wysy\u0142anego e-mail,<\/li>\n<li>Dodano zmienn\u0105 predefiniowan\u0105 KWARTAL_NR\/ROK.<\/li><\/ul><br \/>\n\n\n\n<p><strong>Wersja [3.11]<\/strong> <br><em>(Data publikacji: 2024-03-07)<\/em><\/p>\n\n\n\n<ul class=\"wp-block-list\">\n<li>Dodano zmienn\u0105 predefiniowan\u0105 VAT-8 na mailach <\/li>\n<li>Nast\u0105pi\u0142a zmiana nazewnictwa identyfikator\u00f3w podatku:<\/li>\n<li>PIT-5 na PIT-5(PIT)<\/li>\n<li>PIT-5L na PIT-5L(PPL)<\/li>\n<li>PIT-28 na PIT-28(PPE)<\/li><\/ul><br \/>\n\n\n\n<p><strong>Wersja [3.10]<\/strong> <br><em>(Data publikacji: 2024-02-14)<\/em><\/p>\n\n\n\n<ul class=\"wp-block-list\">\n<li>Dodanie mo\u017cliwo\u015bci maksymalizowania niekt\u00f3rych okien<\/li>\n<li>Zmiana znaku separatora dziesi\u0119tnego na &#8222;,&#8221;<\/li>\n<li>Zmiana formatu daty na &#8222;YYYY-MM-DD&#8221;<\/li>\n<li>Poprawka wy\u015bwietlania nazwy firmy w oknie &#8222;firma i udzia\u0142owiec&#8221; ustawienia i parametry domy\u015blne<\/li>\n<li>Dodanie skr\u00f3tu klawiszowego &#8222;Enter&#8221; do otwierania okna podgl\u0105du maila na oknie &#8222;wys\u0142ane maile&#8221;<\/li>\n<li>Je\u017celi na dany miesi\u0105c preferencja zosta\u0142a wpisana, a data preferencji up\u0142yn\u0119\u0142a to data zmieni kolor<\/li>\n<li>Dodanie edytowalnej listy zada\u0144 na miesi\u0105c dla firmy<\/li>\n<\/ul><br \/>\n\n\n\n<p><strong>Wersja [3.9]<\/strong> <br><em>(Data publikacji: 2023-09-06)<\/em><\/p>\n\n\n\n<ul class=\"wp-block-list\">\n<li>Dodanie kwoty wyr\u00f3wnania sk\u0142adki zdrowotnej odczytanej z RAKS dla w\u0142a\u015bciwego miesi\u0105ca.<\/li>\n<li>Rozr\u00f3\u017cnienie w mailach deklaracji kwartalnych od miesi\u0119cznych dla PIT5, PIT5L, CIT, VAT<\/li>\n<\/ul><br \/>\n\n\n\n<p><strong>Wersja [3.8]<\/strong> <br><em>(Data publikacji: 2023-03-01)<\/em><\/p>\n\n\n\n<ul class=\"wp-block-list\">\n<li>Poprawka przepisania ustawie\u0144 firmy z poprzedniego raku.<\/li>\n<li>Dodany komunikat przy kopiowaniu firm z poprzedniego roku \u017ce usuni\u0119te firmy z bie\u017c\u0105cego roku nie b\u0119d\u0105 kopiowane, ale przywracane z przed usuni\u0119cia.<\/li>\n<li>Dodana zmienna predefiniowana ODBIORCA_NIP (przy wysy\u0142ce).<\/li><\/ul>\n<br \/>\n\n\n\n<p><strong>Wersja [3.7]<\/strong><br><em>(Data publikacji: 24.02.2023)<\/em><\/p>\n\n\n\n<ul class=\"wp-block-list\">\n<li>Modyfikacja procedury po\u0142\u0105czenia z baz\u0105 danych,<\/li>\n<li>Poprawka edycji PIT4R i PIT8R w trybie r\u0119cznym,<\/li>\n<li>Dodanie dw\u00f3ch zmiennych predefiniowanych: VAT_DO_ZWROTU oraz VAT_DO_PRZENIESIENIA.<\/li><\/ul>\n<br \/>\n\n\n\n<p><strong>Wersja [3.6.2]<\/strong><br><em>(Data publikacji: 16.12.2022)<\/em><\/p>\n\n\n\n<ul class=\"wp-block-list\">\n<li>Dodano przycisk usuwania \u015bcie\u017cki logo firmowego dla e-maili.<\/li><\/ul>\n<br \/>\n\n\n\n<p><strong>Wersja [3.6.1]<\/strong><br><em>(Data publikacji: 15.12.2022)<\/em><\/p>\n\n\n\n<ul class=\"wp-block-list\">\n<li>Poprawka kolumny z Rodzaj Opodatkowania na Rodzaj Osk\u0142adkowania.<\/li><\/ul>\n<br \/>\n\n\n\n<p><strong>Wersja [3.6]<\/strong><br><em>(Data publikacji: 12.12.2022)<\/em><\/p>\n\n\n\n<ul class=\"wp-block-list\"><li>Poprawka odczytania warto\u015bci do przeniesienia i zwrotu dla JPK-V7.<\/li>\n<li>Dodano mo\u017cliwo\u015b\u0107 wys\u0142ania maili metod\u0105 STARTTLS.<\/li>\n<li>Wy\u0142\u0105czenie kolumn pracowniczych ZUS kiedy nie ma pracownik\u00f3w.<\/li>\n<li>Zapami\u0119tywanie ustawienia &#8222;Nie zliczaj statystyk dokument\u00f3w&#8221;.<\/li>\n<li>Dodano warto\u015b\u0107 VAT-8.<\/li>\n<li>Dodano mo\u017cliwo\u015b\u0107 wy\u0142\u0105czenie wiersza ZUS (w przypadku kiedy nie ma kwot ZUS).<\/li>\n<li>Poprawka zapisu ustawie\u0144 firmy.<\/li>\n<li>Poprawka sortowania po nazwie skr\u00f3conej firmy.<\/li><\/ul>\n<br \/>\n\n\n\n<p><strong>Wersja [3.5]<\/strong><br><em>(Data publikacji: 10.10.2022)<\/em><\/p>\n\n\n\n<ul class=\"wp-block-list\"><li>Poprawka mechanizmu uruchamiania modu\u0142u.<\/li><\/ul>\n<br \/>\n\n\n\n<p><strong>Wersja [3.3]<\/strong><br><em>(Data publikacji: 05.09.2022)<\/em><\/p>\n\n\n\n<ul class=\"wp-block-list\"><li>Poprawiono funkcj\u0119 kopiowanie definicji firm z poprzedniego roku.<\/li><\/ul>\n<br \/>\n\n\n\n<p><strong>Wersja [3.2]<\/strong><br><em>(Data publikacji: 26.08.2022)<\/em><\/p>\n\n\n\n<ul class=\"wp-block-list\"><li>Poprawiono wy\u015bwietlanie przydzielonych firm.<\/li><\/ul>\n<br \/>\n\n\n\n<p><strong>Wersja [3.1]<\/strong><br><em>(Data publikacji: 18.08.2022)<\/em><\/p>\n\n\n\n<ul class=\"wp-block-list\"><li>Poprawiono sprawdzanie uprawnie\u0144 do firmy i b\u0142\u0105d jaki by\u0142 z tym zwi\u0105zany oraz poprawiono sumowanie podatk\u00f3w przy wysy\u0142ce maili.<\/li><\/ul>\n<br \/>\n\n\n\n<p><strong>Wersja [3.0]<\/strong><br><em>(Data publikacji: 5.08.2022)<\/em><\/p>\n\n\n\n<ul class=\"wp-block-list\"><li>Mo\u017cliwo\u015b\u0107 przydzielania wielu u\u017cytkownik\u00f3w do jednej firmy.<\/li><li>Przydzielenie przez administratora jednocze\u015bnie wielu u\u017cytkownik\u00f3w do jednej firmy.<\/li><li>Poprawiona funkcja kopiowania firmy do nowego roku kalendarzowego.<\/li><li>Dodanie opcji pozwalaj\u0105cej na wyb\u00f3r daty (wystawienia lub ksi\u0119gowania) do naliczania statystyk wystawionych dokument\u00f3w.<\/li><li>Optymalizacja szybko\u015bci dzia\u0142ania statystyk<\/li><li>Archiwizacja firmy polegaj\u0105ca na dodaniu parametru, po w\u0142\u0105czeniu kt\u00f3rego w nowym miesi\u0105cu firma nie zostanie dodana do pulpitu.<\/li><li>Dodanie nowych zmiennych predefiniowanych:<ul><li>{NASTEPNY_MIESIAC_NR},<\/li><li>{NASTEPNY_MIESIAC_SLOWO},<\/li><li>{POPRZEDNI_MIESIAC_NR},<\/li><li>{POPRZEDNI_MIESIAC_SLOWO}.<\/li><\/ul><\/li><li>Dodanie parametru do ustawie\u0144 wysy\u0142ki maili: Mo\u017cliwo\u015b\u0107 dodawania dodatkowej tre\u015bci do e-maila w przypadku gdy wysy\u0142ka realizowana jest dla jednej firmy. W\u0142\u0105czenie parametru powoduje, \u017ce w przypadku pojedynczego wys\u0142ania maila ZUS, PODATEK lub VAT pojawi si\u0119 okienko umo\u017cliwiaj\u0105ce wpisanie dodatkowej tre\u015bci do wysy\u0142anego maila oraz ewentualna zmiana tematu maila. Aby dodatkowa tre\u015b\u0107 by\u0142a widoczna w mailu nale\u017cy we wzorcach do tych maili doda\u0107 zmienn\u0105 predefiniowan\u0105 {tresc} w wybranym miejscu wzorca. Je\u017celi e-mail wysy\u0142any jest jednoczenie do wi\u0119cej ni\u017c jednej firmy, to okno edycji dodatkowej tre\u015bci nie b\u0119dzie wy\u015bwietlane i w tym przypadku nie da si\u0119 dopisa\u0107 dodatkowej tre\u015bci do wysy\u0142anych maili.<\/li><li>Dodano mo\u017cliwo\u015b\u0107 dodawania za\u0142\u0105cznik\u00f3w do wysy\u0142anych maili.<\/li><li>Dodano rejestr wys\u0142anych maili wraz z pe\u0142nym podgl\u0105dem ka\u017cdego wys\u0142anego maila.<\/li><li>Dodano usuwanie starych maili z rejestru wys\u0142anych.<\/li><li>Reorganizacja okna ustawie\u0144 dla firm. Dodano nowe zak\u0142adki: podatek pracownik\u00f3w, podatek PIT oraz CIT.<\/li><li>Reorganizacja g\u0142\u00f3wnej tabeli pulpitu ksi\u0119gowego.<\/li><li>Dodano nowe kolumny wraz z obs\u0142ug\u0105 do pulpitu ksi\u0119gowego:<ul><li>Okres p\u0142atno\u015bci podatku pracownik\u00f3w,<\/li><li>Akceptacja podatku,<\/li><li>Okres p\u0142atno\u015bci podatku CIT,<\/li><li>Akceptacja podatku CIT,<\/li><li>Podatek zrycza\u0142towany CIT,<\/li><li>VAT-9M,<\/li><li>VAT-7 kwota do zwrotu,<\/li><li>VAT-7 Kwota do przeniesienia,<\/li><li>ZUS-PFRON,<\/li><li>Kwota PFRON,<\/li><li>Intrastat.<\/li><\/ul><\/li><li>Funkcja importowania danych z modu\u0142u Kadry P\u0142ace. Dotyczy kwot z PIT-4R oraz PIT-8AR.<\/li><li>Dodano mo\u017cliwo\u015b\u0107 wprowadzenia sk\u0142adowych sk\u0142adki spo\u0142ecznej ZUS.<\/li><li>Zmodyfikowano okno edycji warto\u015bci pulpitu ksi\u0119gowego.<\/li><li>Zmodyfikowano raport roczny dla firmy.<\/li><li>Zmodyfikowano mechanizm generowania maili na podstawie wzorc\u00f3w. Zmiany dotycz\u0105 tabeli warto\u015bci podatk\u00f3w.<\/li><li>Dodano obs\u0142ug\u0119 termin\u00f3w p\u0142atno\u015bci poszczeg\u00f3lnych podatk\u00f3w i sk\u0142adek ZUS.<\/li><li>Funkcja importowania danych z modu\u0142u Finanse i Ksi\u0119gowo\u015b\u0107. Dotyczy sk\u0142adek ZUS (spo\u0142eczna, zdrowotna).<\/li><li>Zmiana uk\u0142adu tabeli g\u0142\u00f3wnej<\/li><li>Zmiana \u017ar\u00f3d\u0142a naczytywania informacji o sk\u0142adkach ZUS.<\/li><\/ul>\n<br \/>\n\n\n\n<p><strong>Wersja[2.10]<\/strong><br><em>(Data publikacji: 22.02.2021)<\/em><\/p>\n\n\n\n<ul class=\"wp-block-list\"><li>Poprawka funkcji kopiowania definicji firm z poprzedniego roku.<\/li><\/ul>\n<br \/>\n\n\n\n<p><strong>Wersja [2.9]<\/strong><br><em>(Data publikacji: 19.02.2021)<\/em><\/p>\n\n\n\n<ul class=\"wp-block-list\"><li>Zmiana certyfikatu po\u0142\u0105czenia, pobieraj\u0105cego informacje o nowej wersji wtyczki.<\/li><\/ul>\n<br \/>\n\n\n\n<p><strong>Wersja [2.8]<\/strong><br><em>(Data publikacji: 16.02.2021)<\/em><\/p>\n\n\n\n<ul class=\"wp-block-list\"><li>Poprawka naczytywania podatku VAT.<\/li><\/ul>\n<br \/>\n\n\n\n<p><strong>Wersja [2.7]<\/strong><\/p>\n\n\n\n<ul class=\"wp-block-list\"><li>Poprawka naczytywania danych.<\/li><\/ul>\n<br \/>\n\n\n\n<p><strong>Wersja [2.6]<\/strong><br><em>(Data publikacji: 16.10.2020)<\/em><\/p>\n\n\n\n<ul class=\"wp-block-list\"><li>Poprawka obs\u0142ugi b\u0142\u0119d\u00f3w po\u0142\u0105czenia z baza danych.<\/li><\/ul>\n<br \/>\n\n\n\n<p><strong>Wersja [2.4]<\/strong><br><em>(Data publikacji: 8.10.2020)<\/em><\/p>\n\n\n\n<ul class=\"wp-block-list\"><li>Poprawka rozpoznawania licencji<\/li><\/ul>\n<br \/>\n\n\n\n<p><strong>Wersja [2.3]<\/strong><br><em>(Data publikacji: 6.10.2020)<\/em><\/p>\n\n\n\n<ul class=\"wp-block-list\"><li>Przystosowanie PK do nowej deklaracji VAT7KM<\/li><li>Zmiana domy\u015blnego okresu ustawianego po uruchomieniu programu na nast\u0119pny miesi\u0105c wzgl\u0119dem bie\u017c\u0105cej daty.<\/li><\/ul>\n<br \/>\n\n\n\n<p><strong>Wersja [2.1]<\/strong><br><em>(Data publikacji: 28.05.2020)<\/em><\/p>\n\n\n\n<ul class=\"wp-block-list\"><li>Poprawka b\u0142\u0119du wysy\u0142ania maila do firmy przypisanej do innego u\u017cytkownika.<\/li><li>Dodano now\u0105 kolumn\u0119 do g\u0142\u00f3wnej tabeli: Nr Firmy<\/li><li>Dodano mo\u017cliwo\u015b\u0107 wysy\u0142ania maili na wiele adres\u00f3w jednocze\u015bnie (oko\u0142o 10)<\/li><li>Dodano raport roczny z mo\u017cliwo\u015bci\u0105 zapisu do Excela<\/li><li>Dodano popup menu do g\u0142\u00f3wnej tabeli Pulpitu<\/li><li>Dodano inne drobne poprawki<\/li><\/ul>\n<br \/>\n\n\n\n<p><strong>Wersja [2.0]<\/strong><br><em>(Data publikacji: 30.03.2020)<\/em><\/p>\n\n\n\n<ul class=\"wp-block-list\"><li>Zmiana sposobu dzia\u0142ania edytora wzorc\u00f3w e-maili. Stare wzorce zostan\u0105 usuni\u0119te!!!<\/li><li>Poprawka pokazywania adresu e-mail dla firm, kt\u00f3re s\u0105 obs\u0142ugiwane przez innych u\u017cytkownik\u00f3w.<\/li><\/ul>\n<br \/>\n\n\n\n<p><strong>Wersja [1.9]<\/strong><br><em>(Data publikacji: 24.02.2020)<\/em><\/p>\n\n\n\n<ul class=\"wp-block-list\"><li>Poprawka b\u0142\u0119du od\u015bwie\u017cania danych.<\/li><\/ul>\n<br \/>\n\n\n\n<p><strong>Wersja [1.8]<\/strong><br><em>(Data publikacji: 21.02.2020)<\/em><\/p>\n\n\n\n<ul class=\"wp-block-list\"><li>Optymalizacja szybko\u015bci od\u015bwie\u017cania danych.<\/li><li>Poprawka w naczytywaniu informacji o JPK (data UPO i Czy UPO).<\/li><\/ul>\n<br \/>\n\n\n\n<p><strong>Wersja [1.7]<\/strong><br><em>(Data publikacji: 5.02.2020)<\/em><\/p>\n\n\n\n<ul class=\"wp-block-list\"><li>Poprawiony mechanizm prze\u0142\u0105czania firm mi\u0119dzy u\u017cytkownikami<\/li><li>Dodano mechanizm kopiowania firm z poprzedniego roku na li\u015bcie &#8222;Moje firmy&#8221;.<\/li><\/ul>\n<br \/>\n\n\n\n<p><strong>Wersja [1.6]<\/strong><br><em>(Data publikacji: 30.01.2020)<\/em><\/p>\n\n\n\n<ul class=\"wp-block-list\"><li>Dodanie kolumny z nazwiskiem osoby opiekuj\u0105cej si\u0119 firm\u0105<\/li><li>Dodanie kolumny z uwagami wpisywanymi w edytorze definicji firmy<\/li><li>Dodanie mechanizmu umo\u017cliwiaj\u0105cego Administratorowi przydzielanie opiekun\u00f3w do firm.<\/li><\/ul>\n<br \/>\n\n\n\n<p><strong>Wersja [1.5]<\/strong><br><em>(Data publikacji: 14.01.2020)<\/em><\/p>\n\n\n\n<ul class=\"wp-block-list\"><li>Poprawiono problem poprawnej interpretacji parametr\u00f3w serwera mailowego<\/li><li>Poprawka sprawdzania uprawnie\u0144 do firmy podczas edycji parametr\u00f3w firmy<\/li><li>Nadanie Administratorowi systemu Raks SQl mo\u017cliwo\u015bci podgl\u0105du i edycji wszystkich firm na pulpicie ksi\u0119gowym, niezale\u017cnie do kogo s\u0105 przydzielone.<\/li><li>Firmy, kt\u00f3re nale\u017c\u0105 do innego u\u017cytkownika, na pulpicie ksi\u0119gowym zosta\u0142y wyr\u00f3\u017cnione ja\u015bniejszym kolorem tekstu.<\/li><\/ul>\n<br \/>\n\n\n\n<p><strong>Wersja [1.4]<\/strong><br><em>(Data publikacji: 8.10.2020)<\/em><\/p>\n\n\n\n<ul class=\"wp-block-list\"><li>Poprawiono mechanizm usuwania firmy z ustawie\u0144.<\/li><li>Ograniczono widoczno\u015b\u0107 firm na oknie g\u0142\u00f3wnym w zale\u017cno\u015bci od zalogowanego u\u017cytkownika.<\/li><li>Poprawka pobierania warto\u015bci podatku VAT-7<\/li><li>Poprawka pobierania warto\u015bci podatku VAT-7K<\/li><li>Poprawka sumowania tabelek z podatkiem w e-mailu podatkowym<\/li><\/ul>\n<br \/>\n\n\n\n<p><strong>Wersja [1.3]<\/strong><br><em>(Data publikacji: 18.12.2019)<\/em><\/p>\n\n\n\n<ul class=\"wp-block-list\"><li>Wprowadzono poprawk\u0119 do naczytywania warto\u015bci CIT-2, CIT-8<\/li><\/ul>\n<br \/>\n\n\n\n<p><strong>Wersja [1.2]<\/strong><\/p>\n\n\n\n<ul class=\"wp-block-list\"><li>Wprowadzono nowe kolumny do tabeli danych ksi\u0119gowych<\/li><\/ul>\n<br \/>\n\n\n\n<p><strong>Wersja [1.0]<\/strong><\/p>\n\n\n\n<ul class=\"wp-block-list\">\n<li>Oddany program do u\u017cytku<\/li>\n<\/ul>\n","protected":false},"excerpt":{"rendered":"<p>Wersja [3.30](Data publikacji 2025-11-25) Wersja [3.29](Data publikacji 2025-10-10) Wersja [3.28](Data publikacji 2025-10-01) Wersja [3.27](Data publikacji 2025-09-08) Wersja [3.26](Data publikacji 2025-09-02) Wersja [3.25](Data publikacji 2025-08-08) Wersja [3.24](Data publikacji 2025-07-29) Wersja [3.23](Data publikacji 2025-07-17) Wersja [3.22](Data publikacji 2025-07-15) Wersja [3.21](Data publikacji 2025-07-10) Wersja [3.20](Data publikacji 2025-05-27) Wersja [3.19](Data publikacji 2025-05-26) Wersja [3.18](Data publikacji 2025-05-17) Wersja [3.17](Data publikacji [&hellip;]<\/p>\n","protected":false},"author":3,"featured_media":0,"parent":3222,"menu_order":0,"comment_status":"closed","ping_status":"closed","template":"","meta":{"_acf_changed":false,"footnotes":""},"class_list":["post-3825","page","type-page","status-publish","hentry"],"acf":[],"_links":{"self":[{"href":"https:\/\/raks.pl\/pomoc\/wp-json\/wp\/v2\/pages\/3825","targetHints":{"allow":["GET"]}}],"collection":[{"href":"https:\/\/raks.pl\/pomoc\/wp-json\/wp\/v2\/pages"}],"about":[{"href":"https:\/\/raks.pl\/pomoc\/wp-json\/wp\/v2\/types\/page"}],"author":[{"embeddable":true,"href":"https:\/\/raks.pl\/pomoc\/wp-json\/wp\/v2\/users\/3"}],"replies":[{"embeddable":true,"href":"https:\/\/raks.pl\/pomoc\/wp-json\/wp\/v2\/comments?post=3825"}],"version-history":[{"count":40,"href":"https:\/\/raks.pl\/pomoc\/wp-json\/wp\/v2\/pages\/3825\/revisions"}],"predecessor-version":[{"id":7546,"href":"https:\/\/raks.pl\/pomoc\/wp-json\/wp\/v2\/pages\/3825\/revisions\/7546"}],"up":[{"embeddable":true,"href":"https:\/\/raks.pl\/pomoc\/wp-json\/wp\/v2\/pages\/3222"}],"wp:attachment":[{"href":"https:\/\/raks.pl\/pomoc\/wp-json\/wp\/v2\/media?parent=3825"}],"curies":[{"name":"wp","href":"https:\/\/api.w.org\/{rel}","templated":true}]}}