{"id":3834,"date":"2022-08-31T10:58:14","date_gmt":"2022-08-31T08:58:14","guid":{"rendered":"https:\/\/raks.pl\/pomoc\/?page_id=3834"},"modified":"2026-02-24T10:44:08","modified_gmt":"2026-02-24T09:44:08","slug":"importer-jpk-opis-zmian","status":"publish","type":"page","link":"https:\/\/raks.pl\/pomoc\/moduly-dodatkowe-zmiany\/importer-jpk-opis-zmian\/","title":{"rendered":"Importer JPK &#8211; opis zmian"},"content":{"rendered":"\n<p><strong>Wersja [4.20]<\/strong><\/p>\n\n\n\n<p><em>(Data publikacji 24.02.2026)<\/em><\/p>\n\n\n\n<p>Dodanie obs\u0142ugi nowych wariant\u00f3w struktury JPK_V7M(3) oraz JPK_V7K(3) obowi\u0105zuj\u0105ce od 1 lutego 2026r. bez obs\u0142ugi numeracji KSeF.<br>Do pobrania dokument\u00f3w zarejestrowanych w KSeF zosta\u0142y przygotowane modu\u0142y do komunikacji z KSeF. Szczeg\u00f3\u0142y sprawdzisz na stronie: <a href=\"https:\/\/raks.pl\/pomoc\/ksef\/\" target=\"_blank\" rel=\"noreferrer noopener\">https:\/\/raks.pl\/pomoc\/ksef\/<\/a><\/p>\n\n\n\n<p><strong>Wersja [4.19]<\/strong><\/p>\n\n\n\n<p><em>(Data publikacji 04.02.2026)<\/em><\/p>\n\n\n\n<p>Poprawka przypisania procedur do faktur zakupu.<\/p>\n\n\n\n<p><strong>Wersja [4.18]<\/strong><\/p>\n\n\n\n<p><em>(Data publikacji 29.07.2025)<\/em><\/p>\n\n\n\n<ul class=\"wp-block-list\">\n<li>Poprawka daty p\u0142atno\u015bci dla korekt sprzeda\u017cy.<\/li>\n<\/ul>\n\n\n\n<p><strong>Wersja [4.17]<\/strong><\/p>\n\n\n\n<p><em>(Data publikacji 13.01.2025)<\/em><\/p>\n\n\n\n<ul class=\"wp-block-list\">\n<li>Dopasowanie importera JPK do wersji RAKSSQL .1316<\/li>\n<\/ul>\n\n\n\n<p><strong>Wersja [4.16]<\/strong><\/p>\n\n\n\n<p><em>(Data publikacji 27.11.2024)<\/em><\/p>\n\n\n\n<ul class=\"wp-block-list\">\n<li>Poprawka rozpoznawania kontrahenta po nazwie gdy nie wyst\u0119puje NIP<\/li>\n<\/ul>\n\n\n\n<p><strong>Wersja [4.15]<\/strong><\/p>\n\n\n\n<p><em>(Data publikacji 07.10.2024)<\/em><\/p>\n\n\n\n<ul class=\"wp-block-list\">\n<li>Poprawka przepisania dla pozycji KWOTA_VAT_PLN z JPK FA dla PLN<\/li>\n<\/ul>\n\n\n\n<p><strong>Wersja [4.14]<\/strong><\/p>\n\n\n\n<p><em>(Data publikacji 23.09.2024)<\/em><\/p>\n\n\n\n<ul class=\"wp-block-list\">\n<li>Poprawka przepisania KWOTA_VAT_PLN z JPK FA.<\/li>\n<\/ul><br \/>\n\n\n\n<p><strong>Wersja [4.13]<\/strong><\/p>\n\n\n\n<p><em>(Data publikacji 17.06.2024)<\/em><\/p>\n\n\n\n<ul class=\"wp-block-list\">\n<li>Dopasowanie importera JPK do wersji RAKSSQL 1294.<\/li>\n<\/ul><br \/>\n\n\n\n<p><strong>Wersja [4.12]<\/strong><\/p>\n\n\n\n<p><em>(Data publikacji 02.04.2024)<\/em><\/p>\n\n\n\n<ul class=\"wp-block-list\">\n<li>Poprawka rozpoznania NIP. Poprawka mechanizmu uaktualniania tabel, uwzgledniaj\u0105ca FB 4.x.<\/li>\n<\/ul><br \/>\n\n\n\n<p><strong>Wersja [4.11]<\/strong><\/p>\n\n\n\n<p><em>(Data publikacji 07.03.2024)<\/em><\/p>\n\n\n\n<ul class=\"wp-block-list\">\n<li>Wprowadzono poprawk\u0119 w dodawaniu kodu kraju.<\/li>\n<\/ul><br \/>\n\n\n\n<p><strong>Wersja [4.10] <\/strong><\/p>\n\n\n\n<p><em>(Data publikacji: 12.02.2024)<\/em><\/p>\n\n\n\n<ul class=\"wp-block-list\">\n<li>Poprawka naczytywania kursu dla dokument\u00f3w walutowych dla JPK_FA3 i JPK_FA4. W pierwszej kolejno\u015bci szukanie w tabeli kursowej RAKSSQL. Je\u017celi brak, to liczy kurs dziel\u0105c VAT PLN przez VAT WAL. Warto\u015b\u0107 mo\u017ce by\u0107 przybli\u017cona.<\/li>\n<li>Poprawka mechanizmu oznaczania dokumentu znacznikiem. Poprawiono warunek: brak lub pole puste.<\/li>\n<\/ul><br \/>\n\n\n\n<p><strong>Wersja [4.9] <\/strong><\/p>\n\n\n\n<p><em>(Data publikacji: 22.02.2023)<\/em><\/p>\n\n\n\n<ul class=\"wp-block-list\"><li>Modyfikacja procedury po\u0142\u0105czenia z baz\u0105 danych.<\/li><\/ul>\n<br>\n\n\n\n<p><strong>Wersja [4.8] <\/strong><\/p>\n\n\n\n<p><em>(Data publikacji: 21.12.2022)<\/em><\/p>\n\n\n\n<ul class=\"wp-block-list\"><li>Poprawka generatora nr kont analitycznych odbiorcy\/dostawcy. Wyeliminowanie przypadku, gdy konta si\u0119 powiela\u0142y. Dodanie obs\u0142ugi faktur zakupu dla rolnik\u00f3w indywidualnych.<\/li><\/ul>\n<br>\n\n\n\n<p><strong>Wersja [4.7] <\/strong><\/p>\n\n\n\n<p><em>(Data publikacji: 5.10.2022)<\/em><\/p>\n\n\n\n<ul class=\"wp-block-list\"><li>Poprawka mechanizmu uruchamiania modu\u0142u.<\/li><\/ul>\n<br>\n\n\n\n<p><strong>Wersja [4.6] <\/strong><\/p>\n\n\n\n<p><em>(Data publikacji: 20.04.2022)<\/em><\/p>\n\n\n\n<ul class=\"wp-block-list\"><li>Uaktualnienie wersji generowanych plik\u00f3w xml.<\/li><\/ul>\n<br>\n\n\n\n<p><strong>Wersja [4.5]<\/strong><\/p>\n\n\n\n<p><em>(Data publikacji: 11.04.2022)<\/em><\/p>\n\n\n\n<ul class=\"wp-block-list\"><li>Dodanie obs\u0142ugi nowego wariantu struktury JPK_FA obowi\u0105zuj\u0105cej od 1 kwietnia 2022r.<\/li><\/ul>\n<br>\n\n\n\n<p><strong>Wersja [4.4]<\/strong><\/p>\n\n\n\n<p><em>(Data publikacji: 10.02.2022)<\/em><\/p>\n\n\n\n<ul class=\"wp-block-list\"><li>Dodanie obs\u0142ugi nowych wariant\u00f3w struktury JPK_V7M oraz JPK_V7K obowi\u0105zuj\u0105ce od 1 stycznia 2022r.<\/li><\/ul>\n<br>\n\n\n\n<p><strong>Wersja [4.3]<\/strong><\/p>\n\n\n\n<p><em>(Data publikacji: 7.02.2022)<\/em><\/p>\n\n\n\n<ul class=\"wp-block-list\"><li>Poprawka b\u0142\u0119du mechanizmu nadawania znacznik\u00f3w<\/li><\/ul>\n<br>\n\n\n\n<p><strong>Wersja [4.2]<\/strong><\/p>\n\n\n\n<p><em>(Data publikacji: 19.10.2021)<\/em><\/p>\n\n\n\n<ul class=\"wp-block-list\"><li>Poprawka b\u0142\u0119du przy generowaniu wsp\u00f3lnej numeracji kont dostawc\u00f3w i odbiorc\u00f3w.<\/li><\/ul>\n<br>\n\n\n\n<p><strong>Wersja [4.1]<\/strong><\/p>\n\n\n\n<p><em>(Data publikacji: 11.10.2021)<\/em><\/p>\n\n\n\n<ul class=\"wp-block-list\"><li>Poprawka b\u0142\u0119du konwersji przy ustawionej opcji: Pomijaj je\u017celi pusty NIP.<\/li><\/ul>\n<br>\n\n\n\n<p><strong>Wersja [4.0]<\/strong><\/p>\n\n\n\n<p><em>(Data publikacji: 30.09.2021)<\/em><\/p>\n\n\n\n<ul class=\"wp-block-list\"><li>Nowy silnik parsowania plik\u00f3w JPK,<\/li><li>Poprawiony mechanizm znacznikowania,<\/li><li>Usuni\u0119to obs\u0142ug\u0119 starych wersji JPK FA.<\/li><\/ul>\n<br>\n\n\n\n<p><strong>Wersja [3.14]<\/strong><\/p>\n\n\n\n<p><em>(Data publikacji: 13.08.2021)<\/em><\/p>\n\n\n\n<ul class=\"wp-block-list\"><li>Poprawka oznacze\u0144 GTU dla JPK VAT7M\/K. Dodano przedrostek Gtu_.<\/li><\/ul>\n<br>\n\n\n\n<p><strong>Wersja [3.13]<\/strong><\/p>\n\n\n\n<p><em>(Data publikacji: 25.06.2021)<\/em><\/p>\n\n\n\n<ul class=\"wp-block-list\"><li>Poprawka dla JPK VAT7M\/K dotycz\u0105ca b\u0142\u0119dnie generowanego dokumentu DI.<\/li><\/ul>\n<br>\n\n\n\n<p><strong>Wersja [3.12]<\/strong><\/p>\n\n\n\n<p><em>(Data publikacji: 16.06.2021)<\/em><\/p>\n\n\n\n<ul class=\"wp-block-list\"><li>Poprawka dla JPK VAT7M\/K. Dla znacz\u0105cych p\u00f3l warto\u015b\u0107 zero b\u0119dzie ignorowana.<\/li><\/ul>\n<br>\n\n\n\n<p><strong>Wersja [3.11]<\/strong><\/p>\n\n\n\n<p><em>(Data publikacji: 21.05.2021)<\/em><\/p>\n\n\n\n<ul class=\"wp-block-list\"><li>Dodano do przypisania procedur kolumny z warto\u015bciami brutto w walucie i PLN<\/li><\/ul>\n<br>\n\n\n\n<p><strong>Wersja [3.10]<\/strong><\/p>\n\n\n\n<p><em>(Data publikacji: 20.04.2021)<\/em><\/p>\n\n\n\n<ul class=\"wp-block-list\"><li>Poprawka generowania kont analitycznych dla dostawc\u00f3w i odbiorc\u00f3w JPK Fa3<\/li><\/ul>\n<br>\n\n\n\n<p><strong>Wersja [3.9]<\/strong><\/p>\n\n\n\n<p><em>(Data publikacji: 25.02.2021)<\/em><\/p>\n\n\n\n<ul class=\"wp-block-list\"><li>Zmiana nazwy pola DATA_PODPISANIA na DATA_DOPISANIA na Korekcie sprzeda\u017cy.<\/li><\/ul>\n<br>\n\n\n\n<p><strong>Wersja [3.8]<\/strong><\/p>\n\n\n\n<p><em>(Data publikacji: 19.02.2021)<\/em><\/p>\n\n\n\n<ul class=\"wp-block-list\"><li>Zmiana certyfikatu po\u0142\u0105czenia, pobieraj\u0105cego informacje o nowej wersji wtyczki.<\/li><\/ul>\n<br>\n\n\n\n<p><strong>Wersja [3.7]<\/strong><\/p>\n\n\n\n<p><em>(Data publikacji: 22.01.2021)<\/em><\/p>\n\n\n\n<ul class=\"wp-block-list\"><li>Poprawka uwzgl\u0119dniaj\u0105ca nowe pole NIP_KOD_KRAJU w kartotece Kontrahent\u00f3w<\/li><\/ul>\n<br>\n\n\n\n<p><strong>Wersja [3.6]<\/strong><\/p>\n\n\n\n<p><em>(Data publikacji: 8.01.2021)<\/em><\/p>\n\n\n\n<ul class=\"wp-block-list\"><li>Poprawka odczytywania zawarto\u015bci pola NrKontrahenta w przypadku gdy pole zawiera tylko spacje.<\/li><\/ul>\n<br>\n\n\n\n<p><strong>Wersja [3.5]<\/strong><\/p>\n\n\n\n<p><em>(Data publikacji: 25.11.2020)<\/em><\/p>\n\n\n\n<ul class=\"wp-block-list\"><li>Poprawka odczytywania maski analityki dostawcy<\/li><\/ul>\n<br>\n\n\n\n<p><strong>Wersja [3.4]<\/strong><\/p>\n\n\n\n<p><em>(Data publikacji: 23.11.2020)<\/em><\/p>\n\n\n\n<ul class=\"wp-block-list\"><li>Poprawka nadawania znacznik\u00f3w do g\u0142\u00f3wek i pozycji dla JPK VAT7k\/m<\/li><li>Poprawka generowania kont analitycznych dla dostawc\u00f3w i odbiorc\u00f3w<\/li><\/ul>\n<br>\n\n\n\n<p><strong>Wersja [3.3]<\/strong><\/p>\n\n\n\n<p><em>(Data publikacji: 12.11.2020)<\/em><\/p>\n\n\n\n<ul class=\"wp-block-list\"><li>Poprawka wzoru schematu VAT7K<\/li><\/ul>\n<br>\n\n\n\n<p><strong>Wersja [3.2]<\/strong><\/p>\n\n\n\n<p><em>(Data publikacji: 6.11.2020)<\/em><\/p>\n\n\n\n<ul class=\"wp-block-list\"><li>Dodanie obs\u0142ugi licencji dla wersji dla KPiR<\/li><\/ul>\n<br>\n\n\n\n<p><strong>Wersja [3.1]<\/strong><\/p>\n\n\n\n<p><em>(Data publikacji: 19.10.2020)<\/em><\/p>\n\n\n\n<ul class=\"wp-block-list\"><li>Poprawka obs\u0142ugi b\u0142\u0119d\u00f3w po\u0142\u0105czenia z baz\u0105 danych<\/li><\/ul>\n<br>\n\n\n\n<p><strong>Wersja [3.00]<\/strong><\/p>\n\n\n\n<p><em>(Data publikacji: 6.10.2020)<\/em><\/p>\n\n\n\n<ul class=\"wp-block-list\"><li>Dodanie obs\u0142ugi VAT-7K oraz VAT-7M<\/li><\/ul>\n<br>\n\n\n\n<p><strong>Wersja [2.41]<\/strong><\/p>\n\n\n\n<p><em>(Data publikacji: 14.08.2020)<\/em><\/p>\n\n\n\n<ul class=\"wp-block-list\"><li>Poprawka dopisywania procedur VAT<\/li><\/ul>\n<br>\n\n\n\n<p><strong>Wersja [2.40]<\/strong><\/p>\n\n\n\n<p><em>(Data publikacji: 3.08.2020)<\/em><\/p>\n\n\n\n<ul class=\"wp-block-list\"><li>Poprawka liczenia warto\u015bci pozycji dla FZ w3. gdy podana jest warto\u015b\u0107 brutto i netto<\/li><\/ul>\n<br>\n\n\n\n<p><strong>Wersja [2.39]<\/strong><\/p>\n\n\n\n<p><em>(Data publikacji: 28.07.2020)<\/em><\/p>\n\n\n\n<ul class=\"wp-block-list\"><li>Poprawka liczenia warto\u015bci pozycji dla FZ w3.<\/li><\/ul>\n<br>\n\n\n\n<p><strong>Wersja [2.38]<\/strong><\/p>\n\n\n\n<p><em>(Data publikacji: 24.06.2020)<\/em><\/p>\n\n\n\n<ul class=\"wp-block-list\"><li>Nowa interpretacja sposobu wyliczania warto\u015bci pozycji faktury na JPK FA w3.<\/li><\/ul>\n<br>\n\n\n\n<p><strong>Wersja [2.37]<\/strong><\/p>\n\n\n\n<p><em>(Data publikacji: 24.04.2020)<\/em><\/p>\n\n\n\n<ul class=\"wp-block-list\"><li>Uwzgl\u0119dnienie sytuacji dla JPK FA (3) gdy w polu P_9A (ilo\u015b\u0107) wpisana jest warto\u015b\u0107 zero.<\/li><\/ul>\n<br>\n\n\n\n<p><strong>Wersja [2.36]<\/strong><\/p>\n\n\n\n<p><em>(Data publikacji: 16.04.2020)<\/em><\/p>\n\n\n\n<ul class=\"wp-block-list\"><li>Poprawka liczenia warto\u015bci z\u0142ot\u00f3wkowych w g\u0142\u00f3wce korekty dla waluty PLN. Poprawka w liczeniu warto\u015bci pozycji korekty. (JPK Fa w3)<\/li><\/ul>\n<br>\n\n\n\n<p><strong>Wersja [2.35]<\/strong><\/p>\n\n\n\n<p><em>(Data publikacji: 17.03.2020)<\/em><\/p>\n\n\n\n<ul class=\"wp-block-list\"><li>Ze wzgl\u0119du na wiele wariant\u00f3w dokument\u00f3w z programu zosta\u0142o usuni\u0119te sprawdzanie czy jest NIP. Obecnie dokumenty b\u0119d\u0105 si\u0119 generowa\u0107 bez wzgl\u0119du czy jest w pliku \u017ar\u00f3d\u0142owym pole z NIP-em.<\/li><\/ul>\n<br>\n\n\n\n<p><strong>Wersja [2.34]<\/strong><\/p>\n\n\n\n<p><em>(Data publikacji: 12.03.2020)<\/em><\/p>\n\n\n\n<ul class=\"wp-block-list\"><li>Poprawka b\u0142\u0119du niepoprawnego zamieniania faktury bez NIP-u na paragon.<\/li><\/ul>\n<br>\n\n\n\n<p><strong>Wersja [2.33]<\/strong><\/p>\n\n\n\n<ul class=\"wp-block-list\"><li>Poprawka rozpoznawania FS krajowych zwolnionych z podatku VAT dla JPK FA w3.<\/li><\/ul>\n<br>\n\n\n\n<p><strong>Wersja [2.32]<\/strong><\/p>\n\n\n\n<p><em>(Data publikacji: 21.02.2020)<\/em><\/p>\n\n\n\n<ul class=\"wp-block-list\"><li>Poprawka wyliczania ceny brutto dla JPK FA w3. w przypadku gdy brakuje pola P_9B (cena brutto).<\/li><\/ul>\n<br>\n\n\n\n<p><strong>Wersja [2.31]<\/strong><\/p>\n\n\n\n<ul class=\"wp-block-list\"><li>Poprawka w wyliczaniu kursu dla JPK FA w3.<\/li><\/ul>\n<br>\n\n\n\n<p><strong>Wersja [2.30]<\/strong><\/p>\n\n\n\n<p><em>(Data publikacji: 22.01.2020)<\/em><\/p>\n\n\n\n<ul class=\"wp-block-list\"><li>Dodano do danych kontrahenta gmin\u0119, powiat i poczt\u0119 w celu ograniczenia problemu z powielaniem adres\u00f3w w trakcie importu.<\/li><\/ul>\n<br>\n\n\n\n<p><strong>Wersja [2.29]<\/strong><\/p>\n\n\n\n<p><em>(Data publikacji: 24.12.2019)<\/em><\/p>\n\n\n\n<ul class=\"wp-block-list\"><li>Poprawka w adresie kontrahenta. Dodano uzupe\u0142nianie pola Wojew\u00f3dztwo.<\/li><\/ul>\n<br>\n\n\n\n<p><strong>Wersja [2.27]<\/strong><\/p>\n\n\n\n<p><em>(Data publikacji: 16.12.2019)<\/em><\/p>\n\n\n\n<ul class=\"wp-block-list\"><li>Poprawka wype\u0142niania pola Data otrzymania faktury, data brana jest z pola Data wp\u0142ywu.<\/li><li>Dodanie obs\u0142ugi JPK FA wariant 3<\/li><\/ul>\n<br>\n\n\n\n<p><strong>Wersja [2.26]<\/strong><\/p>\n\n\n\n<p><em>(Data publikacji: 31.09.2019)<\/em><\/p>\n\n\n\n<ul class=\"wp-block-list\"><li>Poprawka w dodawaniu kodu kraju UE dla JPK FA 2<\/li><\/ul>\n<br>\n\n\n\n<p><strong>Wersja [2.25]<\/strong><\/p>\n\n\n\n<p><em>(Data publikacji: 9.10.2019)<\/em><\/p>\n\n\n\n<ul class=\"wp-block-list\"><li>Poprawka w dodawaniu znacznik\u00f3w dla JPK_FA oraz obs\u0142uga braku pola &#8222;Warto\u015b\u0107 brutto&#8221; P_11A w pozycji JPK walutowego podczas liczenia kursu walutowego.<\/li><\/ul>\n<br>\n\n\n\n<p><strong>Wersja [2.24]<\/strong><\/p>\n\n\n\n<p><em>(Data publikacji: 30.09.2019)<\/em><\/p>\n\n\n\n<ul class=\"wp-block-list\"><li>Poprawka dla JPK VAT. Usuni\u0119cie b\u0142\u0119du zapisu pliku wynikowego, gdy w pliku \u017ar\u00f3d\u0142owym s\u0105 tylko pozycje z rejestru zakup\u00f3w.<\/li><\/ul>\n<br>\n\n\n\n<p><strong>Wersja [2.23]<\/strong><\/p>\n\n\n\n<p><em>(Data publikacji: 27.09.2019)<\/em><\/p>\n\n\n\n<ul class=\"wp-block-list\"><li>Poprawka dla JPK Fa. Wyeliminowanie b\u0142\u0119du Access violation podczas analizowania pozycji faktury<\/li><\/ul>\n<br>\n<br>\n\n\n\n<p><strong>Wersja [2.22]<\/strong><\/p>\n\n\n\n<p><em>(Data publikacji: 23.09.2019)<\/em><\/p>\n\n\n\n<ul class=\"wp-block-list\"><li>Poprawka dla JPK Fa. Dodanie opcji wyboru sposobu liczenia warto\u015bci faktury w podziale na stawki VAT<\/li><\/ul>\n<br>\n<br>\n\n\n\n<p><strong>Wersja [2.21]<\/strong><\/p>\n\n\n\n<ul class=\"wp-block-list\"><li>Poprawka dla JPK VAT. Dodawane s\u0105 wpisy do Rejestru Zakup\u00f3w mimo nieokre\u015blonej stawki podatku VAT ze stawk\u0105 zast\u0119pcz\u0105 0%.<\/li><\/ul>\n<br>\n\n\n\n<p><strong>Wersja [2.20]<\/strong><\/p>\n\n\n\n<ul class=\"wp-block-list\"><li>Poprawka w procedurze logowania do bazy na Linux.<\/li><\/ul>\n<br>\n\n\n\n<p><strong>Wersja [2.19]<\/strong><\/p>\n\n\n\n<p><em>(Data publikacji: 6.09.2019)<\/em><\/p>\n\n\n\n<ul class=\"wp-block-list\"><li>Poprawka w procedurze logowania do bazy na Linux.<\/li><\/ul>\n<br>\n\n\n\n<p><strong>Wersja [2.18]<\/strong><\/p>\n\n\n\n<p><em>(Data publikacji: 29.08.2019)<\/em><\/p>\n\n\n\n<ul class=\"wp-block-list\"><li>Poprawka nazwy wtyczki oraz obs\u0142uga r\u00f3\u017cnych format\u00f3w daty.<\/li><\/ul>\n<br>\n\n\n\n<p><strong>Wersja [2.17]<\/strong><\/p>\n\n\n\n<p><em>(Data publikacji: 20.08.2019)<\/em><\/p>\n\n\n\n<ul class=\"wp-block-list\"><li>Poprawka zwi\u0105zana z brakiem kodu dokumentu podczas konwersji z JPK_FS.<\/li><\/ul>\n<br>\n\n\n\n<p><strong>Wersja [2.16]<\/strong><\/p>\n\n\n\n<p><em>(Data publikacji: 19.08.2019)<\/em><\/p>\n\n\n\n<ul class=\"wp-block-list\"><li>Poprawka aktualizatora oraz mechanizmu \u0142\u0105czenia si\u0119 do bazy danych na systemach Linux.<\/li><\/ul>\n<br>\n\n\n\n<p><strong>Wersja [2.15]<\/strong><\/p>\n\n\n\n<ul class=\"wp-block-list\"><li>Poprawka parsowania adresu odbiorcy.<\/li><\/ul>\n<br>\n\n\n\n<p><strong>Wersja [2.14]<\/strong><\/p>\n\n\n\n<p><em>(Data publikacji: 14.08.2019)<\/em><\/p>\n\n\n\n<ul class=\"wp-block-list\"><li>Poprawka generatora kont analitycznych. Wyeliminowanie dziur w numeracji.<\/li><\/ul>\n<br>\n\n\n\n<p><strong>Wersja [2.13]<\/strong><\/p>\n\n\n\n<p><em>(Data publikacji: 12.08.2019)<\/em><\/p>\n\n\n\n<ul class=\"wp-block-list\"><li>Poprawka konwersji w przypadku gdy w pliku JPK_FA brakuje pola P_11<\/li><\/ul>\n<br>\n\n\n\n<p><strong>Wersja [2.12]<\/strong><\/p>\n\n\n\n<p><em>(Data publikacji: 12.08.2019)<\/em><\/p>\n\n\n\n<ul class=\"wp-block-list\"><li>Dodanie mechanizmu auto aktualizacji.<\/li><\/ul>\n<br>\n\n\n\n<p><strong>Wersja [2.11]<\/strong><\/p>\n\n\n\n<ul class=\"wp-block-list\"><li>Poprawki rozpoznawania maski numeracji konta analitycznego kontrahenta<\/li><li>Poprawki podczas konwersji JPK_VAT<\/li><li>Poprawiony b\u0142\u0105d warto\u015bci brutto na pozycji FZ<\/li><li>Numer faktury dostawcy wpisywany r\u00f3wnie\u017c do pola NUMER_FAKTURY_DOSTAWCY<\/li><li>Poprawiona tabelka podzia\u0142u warto\u015bci dokumentu wg stawek VAT w xml dla FZ.<\/li><\/ul>\n<br>\n\n\n\n<p><strong>Wersja [2.9]<\/strong><\/p>\n\n\n\n<ul class=\"wp-block-list\"><li>Poprawki zwi\u0105zane z uwzgl\u0119dnieniem braku pola P_11A dla JPK_FA 1 i 2.<\/li><\/ul>\n<br>\n\n\n\n<p><strong>Wersja [2.8]<\/strong><\/p>\n\n\n\n<ul class=\"wp-block-list\"><li>Poprawki zwi\u0105zane z licencjonowaniem.<\/li><\/ul>\n<br>\n\n\n\n<p><strong>Wersja [2.7]<\/strong><\/p>\n\n\n\n<ul class=\"wp-block-list\"><li>Poprawki dotycz\u0105ce wykrywania konfiguracji po\u0142\u0105czenia z baz\u0105 danych.<\/li><\/ul>\n<br>\n\n\n\n<p><strong>Wersja [2.6]<\/strong><\/p>\n\n\n\n<ul class=\"wp-block-list\"><li>Poprawki w konwersji dat<\/li><\/ul>\n<br>\n\n\n\n<p><strong>Wersja [2.5]<\/strong><\/p>\n\n\n\n<ul class=\"wp-block-list\"><li>Aktualizacja listy licencji<\/li><\/ul>\n<br>\n\n\n\n<p><strong>Wersja [2.4]<\/strong><\/p>\n\n\n\n<ul class=\"wp-block-list\"><li>Poprawka zwi\u0105zana ze sprawdzaniem licencji<\/li><\/ul>\n<br>\n\n\n\n<p><strong>Wersja [2.3]<\/strong><\/p>\n\n\n\n<ul class=\"wp-block-list\"><li>Poprawki w przeliczaniu walut<\/li><\/ul>\n<br>\n\n\n\n<p><strong>Wersja [2.0]<\/strong><\/p>\n\n\n\n<ul class=\"wp-block-list\"><li>Oddany program do u\u017cytku<\/li><\/ul>\n<br>\n","protected":false},"excerpt":{"rendered":"<p>Wersja [4.20] (Data publikacji 24.02.2026) Dodanie obs\u0142ugi nowych wariant\u00f3w struktury JPK_V7M(3) oraz JPK_V7K(3) obowi\u0105zuj\u0105ce od 1 lutego 2026r. bez obs\u0142ugi numeracji KSeF.Do pobrania dokument\u00f3w zarejestrowanych w KSeF zosta\u0142y przygotowane modu\u0142y do komunikacji z KSeF. Szczeg\u00f3\u0142y sprawdzisz na stronie: https:\/\/raks.pl\/pomoc\/ksef\/ Wersja [4.19] (Data publikacji 04.02.2026) Poprawka przypisania procedur do faktur zakupu. Wersja [4.18] (Data publikacji 29.07.2025) [&hellip;]<\/p>\n","protected":false},"author":3,"featured_media":0,"parent":3222,"menu_order":0,"comment_status":"closed","ping_status":"closed","template":"","meta":{"_acf_changed":false,"footnotes":""},"class_list":["post-3834","page","type-page","status-publish","hentry"],"acf":[],"_links":{"self":[{"href":"https:\/\/raks.pl\/pomoc\/wp-json\/wp\/v2\/pages\/3834","targetHints":{"allow":["GET"]}}],"collection":[{"href":"https:\/\/raks.pl\/pomoc\/wp-json\/wp\/v2\/pages"}],"about":[{"href":"https:\/\/raks.pl\/pomoc\/wp-json\/wp\/v2\/types\/page"}],"author":[{"embeddable":true,"href":"https:\/\/raks.pl\/pomoc\/wp-json\/wp\/v2\/users\/3"}],"replies":[{"embeddable":true,"href":"https:\/\/raks.pl\/pomoc\/wp-json\/wp\/v2\/comments?post=3834"}],"version-history":[{"count":18,"href":"https:\/\/raks.pl\/pomoc\/wp-json\/wp\/v2\/pages\/3834\/revisions"}],"predecessor-version":[{"id":8284,"href":"https:\/\/raks.pl\/pomoc\/wp-json\/wp\/v2\/pages\/3834\/revisions\/8284"}],"up":[{"embeddable":true,"href":"https:\/\/raks.pl\/pomoc\/wp-json\/wp\/v2\/pages\/3222"}],"wp:attachment":[{"href":"https:\/\/raks.pl\/pomoc\/wp-json\/wp\/v2\/media?parent=3834"}],"curies":[{"name":"wp","href":"https:\/\/api.w.org\/{rel}","templated":true}]}}