{"id":3840,"date":"2022-08-31T11:43:51","date_gmt":"2022-08-31T09:43:51","guid":{"rendered":"https:\/\/raks.pl\/pomoc\/?page_id=3840"},"modified":"2025-11-24T13:29:46","modified_gmt":"2025-11-24T12:29:46","slug":"import-kalendarzy-i-zdarzen-opis-zmian","status":"publish","type":"page","link":"https:\/\/raks.pl\/pomoc\/moduly-dodatkowe-zmiany\/import-kalendarzy-i-zdarzen-opis-zmian\/","title":{"rendered":"Import kalendarzy i zdarze\u0144 &#8211; opis zmian"},"content":{"rendered":"\n<p><strong>Wersja 2.32<\/strong><br><em>(Data publikacji 24.11.2025)<\/em><\/p>\n\n\n\n<p>Dodano obs\u0142ug\u0119 zdarze\u0144:<\/p>\n\n\n\n<ul class=\"wp-block-list\">\n<li>52 &#8222;Nadgodziny do rozliczenia w formie udzielenia czasu wolnego&#8221; &#8211; obecno\u015b\u0107 (domy\u015blnie w przedziale godz.)<\/li>\n\n\n\n<li>53 &#8222;Czas wolny w zamian za godziny nadliczbowe&#8221; &#8211; nieobecno\u015b\u0107 (domy\u015blnie ca\u0142odzienne)<br>Na arkuszu LEGENDA (Excel) w kolumnie &#8222;A&#8221; nale\u017cy doda\u0107 dwa kolejne niepowtarzaj\u0105ce si\u0119 kolory oraz w kolumnie &#8222;C&#8221; doda\u0107 kody 52 i 53.<br>Kolumna &#8222;B&#8221; jest informacyjna i nie ma wp\u0142ywu na dzia\u0142anie importu. S\u0142u\u017cy tylko informacji czego dotyczy kolor i kod.<\/li>\n<\/ul>\n\n\n\n<p><strong>Wersja 2.31<\/strong><br><em>(Data publikacji 02.07.2025)<\/em><\/p>\n\n\n\n<ul class=\"wp-block-list\">\n<li>dostosowano program do mechanizmu modu\u0142\u00f3w dodatkowych w RaksSQL.<\/li>\n<\/ul>\n\n\n\n<p><strong>Wersja 2.29<\/strong><br><em>(Data publikacji 10.07.2019)<\/em><\/p>\n\n\n\n<ul class=\"wp-block-list\"><li>dostosowano program do mechanizmu wtyczek w Raks SQL<\/li><\/ul>\n<br>\n\n\n\n<p><strong>Wersja 2.27<\/strong><br><em>(Data publikacji 10.10.2018)<\/em><\/p>\n\n\n\n<ul class=\"wp-block-list\"><li>dodano mo\u017cliwo\u015b\u0107 definiowania listy p\u0142ac na kt\u00f3rej maj\u0105 by\u0107 rozliczone importowane zdarzenia<\/li><\/ul>\n<br>\n\n\n\n<p><strong>Wersja 2.26<\/strong><br><em>(Data publikacji 10.05.2018)<\/em><\/p>\n\n\n\n<ul class=\"wp-block-list\"><li>zmiana identyfikatora z numeru pesel na nr ewidencyjny w kartotece pracownika je\u015bli w pliku konfiguracja.xml dodamy wpis &lt;entry key=&#8221;ID_PRACOWNIKA&#8221;&gt;nr_ewidencyjny&lt;\/entry&gt; w\u00f3wczas program szuka pracownika po numerze ewidencyjnym, w przeciwnym wypadku po numerze pesel tak jak do tej pory.<\/li><\/ul>\n<br>\n\n\n\n<p><strong>Wersja 2.25<\/strong><br><em>(Data publikacji 26.03.2018)<\/em><\/p>\n\n\n\n<ul class=\"wp-block-list\"><li>poprawiono b\u0142\u0105d wczytywania gdy koniec pracy wypada\u0142 pomi\u0119dzy godzin\u0105 23:01 a 24:00<\/li><\/ul>\n<br>\n\n\n\n<p><strong>Wersja 2.24<\/strong><br><em>(Data publikacji 09.02.2018)<\/em><\/p>\n\n\n\n<ul class=\"wp-block-list\"><li>dla pliku typu 2: dodano w pliku konfiguracja.xml nowy parametr ILE_KOLUMN_DZIEN, kt\u00f3ry umo\u017cliwia zdefiniowanie ile kolumn w pliku xls zajmuje jeden dzie\u0144<\/li><\/ul>\n<br>\n\n\n\n<p><strong>Wersja 2.23<\/strong><br><em>(Data publikacji 25.10.2017)<\/em><\/p>\n\n\n\n<ul class=\"wp-block-list\"><li>dla pliku typu 2: zdarzenia 52 i 53 traktowanie s\u0105 jak 50, 51 (czyli godzinowe, nie ca\u0142odobowe)<\/li><\/ul>\n<br>\n\n\n\n<p><strong>Wersja 2.22<\/strong><br><em>(Data publikacji 18.10.2017)<\/em><\/p>\n\n\n\n<ul class=\"wp-block-list\"><li>poprawiony b\u0142\u0105d nie usuwania zdarzenia je\u017celi nowe jest wewn\u0105trz istniej\u0105cego<\/li><\/ul>\n<br>\n\n\n\n<p><strong>Wersja 2.11<\/strong><br><em>(Data publikacji 26.06.2017)<\/em><\/p>\n\n\n\n<ul class=\"wp-block-list\"><li>mo\u017cliwo\u015b\u0107 importu urlopu wypoczynkowego godzinowego<\/li><li>powi\u0105zanie urlopu z urlopem zaleg\u0142ym (o ile jest)<\/li><li>komunikat przy przekroczeniu wymiaru urlopu<\/li><\/ul>\n<br>\n\n\n\n<p><strong>Wersja 2.10<\/strong><\/p>\n\n\n\n<p><em>(Data publikacji 22.05.2017)<\/em><\/p>\n\n\n\n<ul class=\"wp-block-list\"><li>poprawione zapisywanie zdarze\u0144 dla plik\u00f3w o wygl\u0105dzie 1.<\/li><\/ul>\n<br>\n\n\n\n<p><strong>Wersja 2.09<\/strong><br><em>(Data publikacji 07.04.2017)<\/em><\/p>\n\n\n\n<ul class=\"wp-block-list\"><li>poprawione zapisywanie zdarze\u0144<\/li><\/ul>\n<br>\n\n\n\n<p><strong>Wersja 2.08<\/strong><br><em>(Data publikacji 05.04.2017)<\/em><\/p>\n\n\n\n<ul class=\"wp-block-list\"><li>poprawione zapisywanie zdarze\u0144 o ID = 3 i 20 (urlop wypoczynkowy i urlop na \u017c\u0105danie)<\/li><li>poprawione zapisywanie zdarze\u0144 w dniu wolnym od pracy<\/li><\/ul>\n<br>\n\n\n\n<p><strong>Wersja 2.07<\/strong><br><em>(Data publikacji 01.03.2017)<\/em><\/p>\n\n\n\n<ul class=\"wp-block-list\"><li>poprawione wyszukiwanie um\u00f3w o prac\u0119<\/li><\/ul>\n<br>\n\n\n\n<p><strong>Wersja 2.06<\/strong><\/p>\n\n\n\n<p><em>(Data publikacji 28.02.2017)<\/em><\/p>\n\n\n\n<ul class=\"wp-block-list\"><li>mo\u017cliwo\u015b\u0107 decydowania czy kasowa\u0107 pokrywaj\u0105ce si\u0119 zdarzenia (checkbox)<\/li><li>dzielenie zdarzenia na umowy, je\u017celi zdarzenie wyst\u0119puje na granicy dw\u00f3ch um\u00f3w<\/li><\/ul>\n<br>\n\n\n\n<p><strong>Wersja 2.05<\/strong><br><em>(Data publikacji 23.02.2017)<\/em><\/p>\n\n\n\n<ul class=\"wp-block-list\"><li>powinno by\u0107 cz\u0119\u015bciowe zapisywanie z pomini\u0119ciem pozosta\u0142ych os\u00f3b- je\u017celi w pliku s\u0105 b\u0142\u0119dy<\/li><li>wczytywanie godziny po p\u00f3\u0142nocy, np. 18-6 s\u0105 dzielone 18:00-24:00 0:00-16:00- inaczej b\u0119dzie problem z nockami<\/li><li>zdarzenie zapisuje si\u0119 na ostatniej (najnowszej), aktywnej umowie o prac\u0119 pracownika dla danego dnia.<\/li><\/ul>\n<br>\n\n\n\n<p><strong>Wersja 2.04<\/strong><br><em>(Data publikacji 06.02.2017)<\/em><\/p>\n\n\n\n<ul class=\"wp-block-list\"><li>nowy plik konfiguracji (usuni\u0119te pole RODZAJ_PLIKU)<\/li><li>wczytywanie i zapisywanie do Raksa czasu pracy dla pracownika posiadaj\u0105cego wi\u0119cej ni\u017c jedn\u0105 umow\u0119 w miesi\u0105cu. Czasy pracy dodawane s\u0105 na wszystkich umowach.<\/li><\/ul>\n<br>\n\n\n\n<p><strong>Wersja 2.03<\/strong><br><em>(Data publikacji 27.01.2017)<\/em><\/p>\n\n\n\n<ul class=\"wp-block-list\"><li>nowy plik konfiguracji (dosz\u0142o pole WYGLAD_PLIKU: 1 &#8211; stary, 2 &#8211; nowy)<\/li><li>dodany mo\u017cliwy drugi wygl\u0105d pliku excel (dla plik\u00f3w xlsx).<\/li><\/ul>\n<br>\n\n\n\n<p><strong>Wersja 2.02<\/strong><br><em>(Data publikacji 17.10.2016)<\/em><\/p>\n\n\n\n<ul class=\"wp-block-list\"><li>poprawiona ilo\u015b\u0107 komunikat\u00f3w (Dialog.Alert), je\u017celi nieprawid\u0142owy pesel: jeden zbiorczy, a wcze\u015bniej oddzielny dla ka\u017cdego dnia.<\/li><\/ul>\n<br>\n\n\n\n<p><strong>Wersja 2.01<\/strong><br><em>(Data publikacji 26.09.2016)<\/em><\/p>\n\n\n\n<ul class=\"wp-block-list\"><li>poprawione sprawdzanie czy zapisywany dzie\u0144 jest r\u00f3wny wzorcowemu<\/li><li>dodany komunikat je\u017celi wyst\u0105pi b\u0142\u0105d w trakcie zapisywania dni do Raksa. Po b\u0142\u0119dzie i komunikacie kolejne dni nie s\u0105 zapisywane do Raksa.<\/li><\/ul>\n<br>\n\n\n\n<p><strong>Wersja 2.00<\/strong><\/p>\n\n\n\n<ul class=\"wp-block-list\"><li>nowy spos\u00f3b zapisywania danych dni kalendarzy do Raksa<\/li><li>nowy plik konfiguracji<\/li><li>\u017ceby importowa\u0107 dni do Raksa, w Raksie pracownik nie musi mie\u0107 ca\u0142ego aktywnego (jasnego) w\u0142asnego kalendarza. Wystarczy, \u017ce ma wybrany kalendarz wzorcowy (ciemny).<\/li><li>przy zapisywaniu dni pracy do Raksa w bazie danych nie s\u0105 tworzone nowe kalendarze pracownik\u00f3w. Dzi\u0119ki temu nie jest za\u015bmiecana baza danych.<\/li><li>je\u017celi importowany dzie\u0144 jest r\u00f3wny wzorcowemu to w Raksie zostaje dzie\u0144 wzorcowy, \u017ceby nie generowa\u0107 dodatkowych danych w bazie danych.<\/li><li>zmiana pliku konfiguracji: nie trzeba podawa\u0107 id dnia wolnego i pracy.<\/li><\/ul>\n<br>\n\n\n\n<p><strong>Wersja 1.27<\/strong><\/p>\n\n\n\n<ul class=\"wp-block-list\"><li>dodane zapisywanie \u015bcie\u017cki pliku xls<\/li><\/ul>\n<br>\n\n\n\n<p><strong>Wersja 1.26<\/strong><\/p>\n\n\n\n<ul class=\"wp-block-list\"><li>poprawione \u0142\u0105czenie z baz\u0105 danych &#8211; poprawione pobieranie loginu i has\u0142a<\/li><li>poprawienie pobierania i budowania \u015bcie\u017cek do plik\u00f3w baz danych firmowej i globalnej<\/li><\/ul>\n<br>\n\n\n\n<p><strong>Wersja 1.25<\/strong><\/p>\n\n\n\n<ul class=\"wp-block-list\"><li>dodatkowe sprawdzanie formatu pobieranej godziny od i do dla kalendarzy,<\/li><li>dodanie mo\u017cliwo\u015bci modyfikowania loginu i has\u0142a do bazy danych w pliku konfiguracja.xml,<\/li><li>dodanie mo\u017cliwo\u015bci modyfikowania id_dzien_wolny i id_dzien_pracujacy w pliku konfiguracja.xml.<\/li><\/ul>\n<br>\n\n\n\n<p><strong>Wersja 1.24<\/strong><\/p>\n\n\n\n<ul class=\"wp-block-list\"><li>zmiana sposobu usuwania i dodawania nowych zdarze\u0144. Obecnie (po naci\u015bni\u0119ciu przycisku Zapisz do Raksa, na zak\u0142adce Zdarzenia):<\/li><li>Dla dat, w kt\u00f3rych dodano co najmniej 1 zdarzenie zostaj\u0105 usuni\u0119te wszystkie wcze\u015bniej istniej\u0105ce zdarzenia.<\/li><li>W Raksie dodawane s\u0105 wszystkie zdarzenia istniej\u0105ce w excelu i wczytane do Kalendarzy (mo\u017ce istnie\u0107 wi\u0119cej ni\u017c jedno zdarzenie dla danej daty, dla danego pracownika. Wszystkie zostan\u0105 dodane. Wcze\u015bniej by\u0142o dodawane tylko ostatnie).<\/li><\/ul>\n<br>\n\n\n\n<p><strong>Wersja 1.23<\/strong><\/p>\n\n\n\n<ul class=\"wp-block-list\"><li>zmiana przekazywania godziny rozpocz\u0119cia zdarzenia, je\u017celi nie by\u0142a podana. By\u0142o 00:00, jest null. Zmiana zmiennej godzinaRozpoczecia z int na Integer.<\/li><\/ul>\n<br>\n\n\n\n<p><strong>Wersja 1.22<\/strong><\/p>\n\n\n\n<ul class=\"wp-block-list\"><li>rozpoznawanie arkuszy po nazwach, nie po kolejno\u015bci po\u0142o\u017cenia. Godziny pracy &#8211; &#8222;Kalendarz&#8221;, Zdarzenia &#8211; na ka\u017cdy dzie\u0144 &#8211; &#8222;01&#8221;, &#8222;02&#8221;, (&#8230;), &#8222;31&#8221;. Wszystkie arkusze musz\u0105 istnie\u0107, \u017ceby da\u0142o si\u0119 wykona\u0107 operacj\u0119.<\/li><\/ul>\n<br>\n\n\n\n<p><strong>Wersja 1.21<\/strong><\/p>\n\n\n\n<ul class=\"wp-block-list\"><li>przed rozpocz\u0119ciem Wczytywania z excela, Zapisywania danych do Raksa jest sprawdzane po\u0142\u0105czenie sieciowe. Je\u017celi nie mo\u017ce si\u0119 po\u0142\u0105czy\u0107 to komunikat i przerwanie wykonywania operacji.<\/li><li>dodanie godziny rozpocz\u0119cia dla zdarze\u0144 50 (nadgodziny +50%) i 51 (nadgodziny +100%). Wymaga\u0142o to dodania dodatkowego wiersza (przesuni\u0119cia danych pracownik\u00f3w o jeden wiersz w d\u00f3\u0142) na legend\u0119 (godzina rozpocz\u0119cia, ilo\u015b\u0107 godzin).<\/li><li>dla zdarze\u0144 50 (nadgodziny +50%) i 51 (nadgodziny +100%) w opisie (kolumna Zdarzenie) po nazwie zdarzenia nawias z godzin\u0105 rozpocz\u0119cia zdarzenia<\/li><\/ul>\n<br>\n\n\n\n<p><strong>Wersja 1.2<\/strong><\/p>\n\n\n\n<ul class=\"wp-block-list\"><li>poprawione komunikaty dla Zdarze\u0144<\/li><li>w Zdarzeniach: sprawdzanie czy zdarzenie jest w dniu wolnym, a je\u017celi tak to informacja w kolumnie &#8222;Komunikat&#8221; i pytanie po klikni\u0119ciu Zapisz: &#8222;Czy chcesz kontynuowa\u0107 zapis?&#8221;<\/li><li>zmiana sposobu pobierania peseli. Wcze\u015bniej musia\u0142 mie\u0107 11 znak\u00f3w. Obecnie musi by\u0107 nie pusty i r\u00f3\u017cny od 0,&#8221;0&#8243;<\/li><li>zmiana uk\u0142adu pliku MainWndCnt (podzia\u0142 na wi\u0119cej metod)<\/li><li>dodanie pliku Dialogs.java<\/li><li>import Zdarze\u0144 &#8211; je\u017celi dla danego dnia istniej\u0105 zdarzenia w excelu to przed importem zostan\u0105 usuni\u0119te wszystkie zdarzenia z tego dnia w Raksie<\/li><\/ul>\n<br>\n\n\n\n<p><strong>Wersja 1.1<\/strong><\/p>\n\n\n\n<ul class=\"wp-block-list\">\n<li>poprawione pobieranie danych z kom\u00f3rek zawieraj\u0105cych formu\u0142y<\/li>\n\n\n\n<li>mo\u017cliwo\u015b\u0107 sprawdzenia wersji<\/li>\n<\/ul>\n","protected":false},"excerpt":{"rendered":"<p>Wersja 2.32(Data publikacji 24.11.2025) Dodano obs\u0142ug\u0119 zdarze\u0144: Wersja 2.31(Data publikacji 02.07.2025) Wersja 2.29(Data publikacji 10.07.2019) dostosowano program do mechanizmu wtyczek w Raks SQL Wersja 2.27(Data publikacji 10.10.2018) dodano mo\u017cliwo\u015b\u0107 definiowania listy p\u0142ac na kt\u00f3rej maj\u0105 by\u0107 rozliczone importowane zdarzenia Wersja 2.26(Data publikacji 10.05.2018) zmiana identyfikatora z numeru pesel na nr ewidencyjny w kartotece pracownika je\u015bli [&hellip;]<\/p>\n","protected":false},"author":3,"featured_media":0,"parent":3222,"menu_order":0,"comment_status":"closed","ping_status":"closed","template":"","meta":{"_acf_changed":false,"footnotes":""},"class_list":["post-3840","page","type-page","status-publish","hentry"],"acf":[],"_links":{"self":[{"href":"https:\/\/raks.pl\/pomoc\/wp-json\/wp\/v2\/pages\/3840","targetHints":{"allow":["GET"]}}],"collection":[{"href":"https:\/\/raks.pl\/pomoc\/wp-json\/wp\/v2\/pages"}],"about":[{"href":"https:\/\/raks.pl\/pomoc\/wp-json\/wp\/v2\/types\/page"}],"author":[{"embeddable":true,"href":"https:\/\/raks.pl\/pomoc\/wp-json\/wp\/v2\/users\/3"}],"replies":[{"embeddable":true,"href":"https:\/\/raks.pl\/pomoc\/wp-json\/wp\/v2\/comments?post=3840"}],"version-history":[{"count":6,"href":"https:\/\/raks.pl\/pomoc\/wp-json\/wp\/v2\/pages\/3840\/revisions"}],"predecessor-version":[{"id":7541,"href":"https:\/\/raks.pl\/pomoc\/wp-json\/wp\/v2\/pages\/3840\/revisions\/7541"}],"up":[{"embeddable":true,"href":"https:\/\/raks.pl\/pomoc\/wp-json\/wp\/v2\/pages\/3222"}],"wp:attachment":[{"href":"https:\/\/raks.pl\/pomoc\/wp-json\/wp\/v2\/media?parent=3840"}],"curies":[{"name":"wp","href":"https:\/\/api.w.org\/{rel}","templated":true}]}}