{"id":3844,"date":"2022-08-31T11:47:52","date_gmt":"2022-08-31T09:47:52","guid":{"rendered":"https:\/\/raks.pl\/pomoc\/?page_id=3844"},"modified":"2025-12-04T14:01:33","modified_gmt":"2025-12-04T13:01:33","slug":"rmk-rozliczenia-miedzyokresowe-kosztow-pis-zmian","status":"publish","type":"page","link":"https:\/\/raks.pl\/pomoc\/moduly-dodatkowe-zmiany\/rmk-rozliczenia-miedzyokresowe-kosztow-pis-zmian\/","title":{"rendered":"RMK &#8211; Rozliczenia Mi\u0119dzyokresowe Koszt\u00f3w &#8211; opis zmian"},"content":{"rendered":"\n<p><strong>Wersja [1.43]<\/strong><\/p>\n\n\n\n<p><em>(Data publikacji: 04.12.2025)<\/em><\/p>\n\n\n\n<ul class=\"wp-block-list\">\n<li>Wprowadzono poprawk\u0119 odczytywania RMK dla nietypowych lat obrachunkowych<\/li>\n<\/ul>\n\n\n\n<p><strong>Wersja [1.42]<\/strong><\/p>\n\n\n\n<p><em>(Data publikacji: 22.09.2025)<\/em><\/p>\n\n\n\n<ul class=\"wp-block-list\">\n<li>Wprowadzono poprawk\u0119 dot. zapisywania i odczytywania dokumentu \u017ar\u00f3d\u0142owego w formie za\u0142\u0105cznika PDF<\/li>\n<\/ul>\n\n\n\n<p><strong>Wersja [1.41]<\/strong><\/p>\n\n\n\n<p><em>(Data publikacji: 01.09.2025)<\/em><\/p>\n\n\n\n<ul class=\"wp-block-list\">\n<li>Dodano automatyczne aktualizowanie numer\u00f3w dokument\u00f3w \u017ar\u00f3d\u0142owych.<\/li>\n\n\n\n<li>Dodano wyszukiwanie w tabeli g\u0142\u00f3wnej RMK oraz w tabeli wyboru dokumentu \u017ar\u00f3d\u0142owego pierwszego wyst\u0105pienia dla nazwy rozpoczynaj\u0105cych si\u0119 od wpisanego ci\u0105gu znak\u00f3w.<\/li>\n\n\n\n<li>Dodano uzupe\u0142nianie konta na podstawie konta pod\u015bwietlonego z listy do wyboru.<\/li>\n<\/ul>\n\n\n\n<p><strong>Wersja [1.40]<\/strong><\/p>\n\n\n\n<p><em>(Data publikacji: 04.07.2025)<\/em><\/p>\n\n\n\n<ul class=\"wp-block-list\">\n<li>Dodano plan rozliczenia wszystkich RMK w zakresie dat &#8211; domy\u015blnie poprzedni rok kalendarzowy,<\/li>\n<\/ul>\n\n\n\n<p><strong>Wersja [1.39]<\/strong><\/p>\n\n\n\n<p><em>(Data publikacji: 06.05.2025)<\/em><\/p>\n\n\n\n<ul class=\"wp-block-list\">\n<li>Poprawka szukania roku obrotowego w przypadku kiedy nie rozpoczyna si\u0119 od pierwszego dnia miesi\u0105ca<\/li>\n<\/ul>\n\n\n\n<p><strong>Wersja [1.38]<\/strong><\/p>\n\n\n\n<p><em>(Data publikacji: 17.12.2024)<\/em><\/p>\n\n\n\n<ul class=\"wp-block-list\">\n<li>Dodano do aplikacji skr\u00f3ty klawiaturowe.<\/li>\n<\/ul>\n\n\n\n<p><strong>Wersja [1.37]<\/strong><\/p>\n\n\n\n<p><em>(Data publikacji: 6.06.2024)<\/em><\/p>\n\n\n\n<ul class=\"wp-block-list\">\n<li>Dodanie podgl\u0105du dokumentu \u017ar\u00f3d\u0142owego w formie za\u0142\u0105cznika PDF do podgl\u0105du w przegl\u0105darce internetowej.<\/li>\n<\/ul>\n\n\n\n<p><strong>Wersja [1.36]<\/strong><\/p>\n\n\n\n<p><em>(Data publikacji: 21.05.2024)<\/em><\/p>\n\n\n\n<ul class=\"wp-block-list\">\n<li>Dodano kolumny:  nazwa kontrahenta, kod dokumentu.<\/li>\n<li>Je\u017celi kwota do rozliczenia w danym miesi\u0105cu jest r\u00f3wna 0 z\u0142 &#8211; ma w og\u00f3le nie powstawa\u0107 dekret.<\/li>\n<\/ul>\n\n\n\n<p><strong>Wersja [1.35]<\/strong><\/p>\n\n\n\n<p><em>(Data publikacji: 19.04.2024)<\/em><\/p>\n\n\n\n<ul class=\"wp-block-list\">\n<li>Poprawka widoczno\u015bci p\u00f3l RMK przy edycji na roku kt\u00f3ry jeszcze nie zosta\u0142 otwarty.<\/li>\n<\/ul>\n\n\n\n<p><strong>Wersja [1.34]<\/strong><\/p>\n\n\n\n<p><em>(Data publikacji: 04.04.2024)<\/em><\/p>\n\n\n\n<ul class=\"wp-block-list\">\n<li>Poprawka widoczno\u015bci p\u00f3l RMK przy edycji.<\/li>\n<\/ul>\n\n\n\n<p><strong>Wersja [1.33]<\/strong><\/p>\n\n\n\n<p><em>(Data publikacji: 02.04.2024)<\/em><\/p>\n\n\n\n<ul class=\"wp-block-list\">\n<li>Poprawka wyboru roku obrotowego.<\/li>\n<\/ul>\n\n\n\n<p><strong>Wersja [1.32]<\/strong><\/p>\n\n\n\n<p><em>(Data publikacji: 11.03.2024)<\/em><\/p>\n\n\n\n<ul class=\"wp-block-list\">\n<li>Ograniczono wyb\u00f3r dokument\u00f3w \u017ar\u00f3d\u0142owych tylko do wskazanego roku obrachunkowego po dacie ksi\u0119gowania.<\/li>\n\n\n\n<li>Dodano mo\u017cliwo\u015b\u0107 wyboru roku obrotowego przy dodawaniu nowego RMK.<\/li>\n<\/ul>\n\n\n\n<p><strong>Wersja [1.31]<\/strong><\/p>\n\n\n\n<p><em>(Data publikacji: 21.09.2023)<\/em><\/p>\n\n\n\n<ul class=\"wp-block-list\"><li>Modyfikacja procedury po\u0142\u0105czenia z baz\u0105 danych,<\/li>\n<li>Dodanie nowych p\u00f3l: Data wystawienia dokumentu \u017ar\u00f3d\u0142owego, Numer ewidencyjny dokumentu \u017ar\u00f3d\u0142owego,<\/li>\n<li>Dodanie przycisku opcjonalnie uzupe\u0142niaj\u0105cego dat\u0119 i numer ewidencyjny dokumentu \u017ar\u00f3d\u0142owego na podstawie wskazanego dokumentu zakupu,<\/li>\n<li>Poprawka edycji Nazwy kosztu je\u017celi RMK nie zosta\u0142 w ca\u0142o\u015bci rozliczony,<\/li>\n<li>Dodanie dw\u00f3ch wydruk\u00f3w: za miesi\u0105c i rok.<\/li><\/ul>\n<br>\n\n\n\n<p><strong>Wersja [1.30]<\/strong><\/p>\n\n\n\n<p><em>(Data publikacji: 20.03.2023)<\/em><\/p>\n\n\n\n<ul class=\"wp-block-list\"><li>Modyfikacja procedury po\u0142\u0105czenia z baz\u0105 danych,<\/li>\n<li>Dodanie opcji ustawiania tabeli RMK (Grida) po klikni\u0119ciu lewym przyciskiem myszy na nag\u0142\u00f3wku kolumny,<\/li>\n<li>Poprawka mechanizmu resetowania ustawie\u0144 tabeli RMK (Grida).<\/li><\/ul>\n<br>\n\n\n\n<p><strong>Wersja [1.27]<\/strong><\/p>\n\n\n\n<p><em>(Data publikacji: 5.10.2022)<\/em><\/p>\n\n\n\n<ul class=\"wp-block-list\"><li>Poprawka mechanizmu uruchamiania modu\u0142u.<\/li><\/ul>\n<br>\n\n\n\n<p><strong>Wersja [1.26]<\/strong><\/p>\n\n\n\n<p><em>(Data publikacji: 17.08.2022)<\/em><\/p>\n\n\n\n<ul class=\"wp-block-list\"><li>Poprawka ograniczaj\u0105ca d\u0142ugo\u015b\u0107 opisu dekretu do 100 znak\u00f3w.<\/li><\/ul>\n<br>\n\n\n\n<p><strong>Wersja [1.25]<\/strong><\/p>\n\n\n\n<p><em>(Data publikacji: 03.03.2022)<\/em><\/p>\n\n\n\n<ul class=\"wp-block-list\"><li>Poprawka rozpoznawania roku obrachunkowego<\/li><\/ul>\n<br>\n\n\n\n<p><strong>Wersja [1.24]<\/strong><\/p>\n\n\n\n<p><em>(Data publikacji: 01.03.2022)<\/em><\/p>\n\n\n\n<ul class=\"wp-block-list\"><li>Poprawka edycji kont RMK.<\/li><\/ul>\n<br>\n\n\n\n<p><strong>Wersja [1.23]<\/strong><\/p>\n\n\n\n<p><em>(Data publikacji: 11.01.2022)<\/em><\/p>\n\n\n\n<ul class=\"wp-block-list\"><li>Poprawka ksi\u0119gowania w poprzednim okresie rozliczeniowym.<\/li><\/ul>\n<br>\n\n\n\n<p><strong>Wersja [1.22]<\/strong><\/p>\n\n\n\n<p><em>&nbsp;(Data publikacji: 20.10.2021)<\/em><\/p>\n\n\n\n<ul class=\"wp-block-list\"><li>Poprawka ksi\u0119gowania KPiR i odczyt statusu dokumentu z RAKS.<\/li><\/ul>\n<br>\n\n\n\n<p><strong>Wersja [1.21]<\/strong><\/p>\n\n\n\n<p><em>(Data publikacji: 09.09.2021)<\/em><\/p>\n\n\n\n<ul class=\"wp-block-list\"><li>Dodana obs\u0142uga wzorca NKUP w wersji kalkulacyjnej oraz dodane znaczniki.<\/li><\/ul>\n<br>\n\n\n\n<p><strong>Wersja [1.20]<\/strong><\/p>\n\n\n\n<ul class=\"wp-block-list\"><li>Dodany eksport kwot rozliczenia konkretnego RMK do Excela oraz dodana zapisywana opcja separator\u00f3w liczbowych.<\/li><\/ul>\n<br>\n\n\n\n<p><strong>Wersja [1.19]<\/strong><\/p>\n\n\n\n<ul class=\"wp-block-list\"><li>Dodana opcja ustawiania separator\u00f3w tysi\u0119cznych oraz eksportu planu rozliczenia do excela.<\/li><\/ul>\n<br>\n\n\n\n<p><strong>Wersja [1.18]<\/strong><\/p>\n\n\n\n<p><em>(Data publikacji: 24.03.2021)<\/em><\/p>\n\n\n\n<ul class=\"wp-block-list\"><li>Poprawka mechanizmu wi\u0105zania RMK z dokumentem ksi\u0119gowym.<\/li><\/ul>\n<br>\n\n\n\n<p><strong>Wersja [1.17]<\/strong><\/p>\n\n\n\n<p><em>(Data publikacji: 19.02.2021)<\/em><\/p>\n\n\n\n<ul class=\"wp-block-list\"><li>Poprawka rozpoznawania typu ksi\u0119gowo\u015bci.<\/li><li>Poprawka walidacji dowolnych kwot RMK.<\/li><li>Poprawka systemu sprawdzania stanu RMK.<\/li><\/ul>\n<br>\n\n\n\n<p><strong>Wersja [1.16]<\/strong><\/p>\n\n\n\n<p><em>(Data publikacji: 29.01.2021)<\/em><\/p>\n\n\n\n<ul class=\"wp-block-list\"><li>Poprawka edycji RMK w przypadku gdy edytowane s\u0105 wy\u0142\u0105cznie konta.<\/li><li>W trakcie edycji zmienia\u0142 si\u0119 nieprawid\u0142owo model rozliczenia RMK.<\/li><\/ul>\n<br>\n\n\n\n<p><strong>Wersja [1.15]<\/strong><\/p>\n\n\n\n<p><em>(Data publikacji: 28.01.2021)<\/em><strong><\/strong><\/p>\n\n\n\n<ul class=\"wp-block-list\"><li>Poprawka rozwi\u0105zuj\u0105ca problem odpinaj\u0105cych si\u0119 od RMK dokument\u00f3w ksi\u0119gowych<\/li><li>Dodano funkcj\u0119 r\u0119cznego przypinania dokumentu ksi\u0119gowego do RMK.<\/li><li>Dodano mo\u017cliwo\u015b\u0107 ksi\u0119gowania RMK, model &#8222;dowolny podzia\u0142&#8221;, zerowych warto\u015bci raty.<\/li><li>Zoptymalizowano szybko\u015b\u0107 od\u015bwie\u017cania listy RMK na g\u0142\u00f3wnym oknie modu\u0142u.<\/li><\/ul>\n<br>\n\n\n\n<p><strong>Wersja [1.14]<\/strong><\/p>\n\n\n\n<p><em>(Data publikacji: 21.10.2020)<\/em><strong><\/strong><\/p>\n\n\n\n<ul class=\"wp-block-list\"><li>Poprawka ksi\u0119gowania RMK. Konta ksi\u0119gowe kojarzone s\u0105 z planem kont, w\u0142a\u015bciwym dla roku obrotowego ksi\u0119gowanego RMK.<\/li><li>Poprawka nazewnictwa dekret\u00f3w NKUP, KUP w oknie definiowania RMK i oknie ksi\u0119gowania RMK.<\/li><\/ul>\n<br>\n\n\n\n<p><strong>Wersja [1.13]<\/strong><\/p>\n\n\n\n<p><em>(Data publikacji: 19.10.2020)<\/em><strong><\/strong><\/p>\n\n\n\n<ul class=\"wp-block-list\"><li>Poprawka dotycz\u0105ca obs\u0142ugi b\u0142\u0119d\u00f3w podczas po\u0142\u0105czenia do serwera bazy danych.<\/li><\/ul>\n<br>\n\n\n\n<p><strong>Wersja [1.12]<\/strong><\/p>\n\n\n\n<p><em>(Data publikacji: 15.09.2020)<\/em><strong><\/strong><\/p>\n\n\n\n<ul class=\"wp-block-list\"><li>Poprawka uwzgl\u0119dniaj\u0105ca obs\u0142ug\u0119 po\u0142\u0105czenia z serwerem bazy danych przez protok\u00f3\u0142 VPN.<\/li><\/ul>\n<br>\n\n\n\n<p><strong>Wersja <\/strong><strong>[1.11]<\/strong><\/p>\n\n\n\n<p><em>(Data publikacji: 13.08.2020)<\/em><strong><\/strong><\/p>\n\n\n\n<ul class=\"wp-block-list\"><li>Poprawka ksi\u0119gowania zbiorczego RMK.<\/li><\/ul>\n<br>\n\n\n\n<p><strong>Wersja [1.10]<\/strong><\/p>\n\n\n\n<p><em>(Data publikacji: 12.08.2020)<\/em><strong><\/strong><\/p>\n\n\n\n<ul class=\"wp-block-list\"><li>Poprawka pobierania parametr\u00f3w po\u0142\u0105cznia z baz\u0105 danych dla wielu konfiguracji o tej samej nazwie.<\/li><\/ul>\n<br>\n\n\n\n<p><strong>Wersja [1.9]<\/strong><\/p>\n\n\n\n<p><em>(Data publikacji: 3.08.2020)<\/em><strong><\/strong><\/p>\n\n\n\n<ul class=\"wp-block-list\"><li>Dodano nowe modele rozlicze\u0144 RMK:<\/li><li>Podzia\u0142 koszt\u00f3w wg stawki na dzie\u0144 &#8211; warto\u015b\u0107 miesi\u0119czna = (koszt \/ ilo\u015b\u0107 dni w okresie RMK) * ilo\u015b\u0107 dni w miesi\u0105cu),<\/li><li>Podzia\u0142 koszt\u00f3w na miesi\u0105c, warto\u015b\u0107 miesi\u0119czna = (koszt \/ ilo\u015b\u0107 miesi\u0119cy w okresie RMK),<\/li><li>Podzia\u0142 dowolny &#8211; u\u017cytkownik deklaruje dowolne kwoty miesi\u0119czne (suma kwot musi r\u00f3wna\u0107 si\u0119 warto\u015bci kosztu RMK).<\/li><li>Zmodyfikowano wszystkie funkcje modu\u0142u aby poprawnie obs\u0142ugiwa\u0142y nowe modele rozlicze\u0144 RMK<\/li><\/ul>\n<br>\n\n\n\n<p><strong>Wersja [1.8]<\/strong><\/p>\n\n\n\n<ul class=\"wp-block-list\"><li>Dodanie mo\u017cliwo\u015bci definiowania i ksi\u0119gowania nowym wzorcem ksi\u0119gowym operacji NKUP.<\/li><li>Dodano mo\u017cliwo\u015b\u0107 wyboru dowolnego konta podczas definiowania wzorca ksi\u0119gowego dla operacji standardowych i NKUP.<\/li><li>Zmodyfikowano zestawienie Plan RMK.<\/li><li>Dodano nowe kolumny w g\u0142\u00f3wnej tabeli RMK, w\u0142a\u015bciwych dla ksi\u0119gowania RMK NKUP. (Wymaga zresetowania ustawie\u0144 g\u0142\u00f3wnej tabeli RMK).<\/li><li>Wykonano inne, drobne poprawki usprawniaj\u0105ce dzia\u0142anie modu\u0142u RMK.<\/li><\/ul>\n<br>\n\n\n\n<p><strong>Wersja [1.7]<\/strong><\/p>\n\n\n\n<p><em>(Data publikacji: 2.07.2020)<\/em><strong><\/strong><\/p>\n\n\n\n<ul class=\"wp-block-list\"><li>Zniesienie ogranicze\u0144 okresu RMK. W tej wersji data pocz\u0105tku RMK nie mo\u017ce by\u0107 mniejsza od daty pocz\u0105tku bie\u017c\u0105cego okresu obrachunkowego i wi\u0119ksza od daty ko\u0144ca okresu RMK<\/li><li>Zmiana struktury tabeli RMK<\/li><\/ul>\n<br>\n\n\n\n<p><strong>Wersja [1.6]<\/strong><\/p>\n\n\n\n<p><em>(Data publikacji: 2.07.2020)<\/em><strong><\/strong><\/p>\n\n\n\n<ul class=\"wp-block-list\"><li>Dodanie podsumowania kolumn w grupie &#8222;Kwoty&#8221;, Dodanie eksportu danych do Excela, Dodanie funkcji resetowania ustawie\u0144 tabeli g\u0142\u00f3wnej.<\/li><\/ul>\n<br>\n\n\n\n<p><strong>Wersja [1.5]<\/strong><\/p>\n\n\n\n<p><em>(Data publikacji: 13.05.2020)<\/em><strong><\/strong><\/p>\n\n\n\n<ul class=\"wp-block-list\"><li>Poprawka b\u0142\u0119du wyliczania raty RMK.<\/li><\/ul>\n<br>\n\n\n\n<p><strong>Wersja [1.4]<\/strong><\/p>\n\n\n\n<p><em>(Data publikacji: 7.05.2020)<\/em><strong><\/strong><\/p>\n\n\n\n<ul class=\"wp-block-list\"><li>Poprawka wprowadzania konta ksi\u0119gowego grupy 5.<\/li><\/ul>\n<br>\n\n\n\n<p><strong>Wersja [1.3]<\/strong><\/p>\n\n\n\n<p><em>(Data publikacji: 7.05.2020)<\/em><strong><\/strong><\/p>\n\n\n\n<ul class=\"wp-block-list\"><li>Poprawka wyliczenia raty RMK gdy okres rozliczenia nie przekracza jednego miesi\u0105ca.<\/li><\/ul>\n<br>\n\n\n\n<p><strong>Wersja [1.2]<\/strong><\/p>\n\n\n\n<ul class=\"wp-block-list\"><li>Poprawka b\u0142\u0119du licencjonowania<\/li><\/ul>\n<br>\n\n\n\n<p><strong>Wersja [1.1]<\/strong><\/p>\n\n\n\n<p><em>(Data publikacji: 3.04.2020)<\/em><strong><\/strong><\/p>\n\n\n\n<ul class=\"wp-block-list\"><li>Poprawka b\u0142\u0119du edycji RMK dla KPIR<\/li><\/ul>\n<br>\n\n\n\n<p><strong>Wersja [1.0]<\/strong><\/p>\n\n\n\n<ul class=\"wp-block-list\">\n<li>Oddany program do u\u017cytku.<\/li>\n<\/ul>\n\n\n<p><!-- \/wp:post-content --><\/p>","protected":false},"excerpt":{"rendered":"<p>Wersja [1.43] (Data publikacji: 04.12.2025) Wersja [1.42] (Data publikacji: 22.09.2025) Wersja [1.41] (Data publikacji: 01.09.2025) Wersja [1.40] (Data publikacji: 04.07.2025) Wersja [1.39] (Data publikacji: 06.05.2025) Wersja [1.38] (Data publikacji: 17.12.2024) Wersja [1.37] (Data publikacji: 6.06.2024) Wersja [1.36] (Data publikacji: 21.05.2024) Wersja [1.35] (Data publikacji: 19.04.2024) Wersja [1.34] (Data publikacji: 04.04.2024) Wersja [1.33] (Data publikacji: 02.04.2024) [&hellip;]<\/p>\n","protected":false},"author":3,"featured_media":0,"parent":3222,"menu_order":0,"comment_status":"closed","ping_status":"closed","template":"","meta":{"_acf_changed":false,"footnotes":""},"class_list":["post-3844","page","type-page","status-publish","hentry"],"acf":[],"_links":{"self":[{"href":"https:\/\/raks.pl\/pomoc\/wp-json\/wp\/v2\/pages\/3844","targetHints":{"allow":["GET"]}}],"collection":[{"href":"https:\/\/raks.pl\/pomoc\/wp-json\/wp\/v2\/pages"}],"about":[{"href":"https:\/\/raks.pl\/pomoc\/wp-json\/wp\/v2\/types\/page"}],"author":[{"embeddable":true,"href":"https:\/\/raks.pl\/pomoc\/wp-json\/wp\/v2\/users\/3"}],"replies":[{"embeddable":true,"href":"https:\/\/raks.pl\/pomoc\/wp-json\/wp\/v2\/comments?post=3844"}],"version-history":[{"count":21,"href":"https:\/\/raks.pl\/pomoc\/wp-json\/wp\/v2\/pages\/3844\/revisions"}],"predecessor-version":[{"id":7568,"href":"https:\/\/raks.pl\/pomoc\/wp-json\/wp\/v2\/pages\/3844\/revisions\/7568"}],"up":[{"embeddable":true,"href":"https:\/\/raks.pl\/pomoc\/wp-json\/wp\/v2\/pages\/3222"}],"wp:attachment":[{"href":"https:\/\/raks.pl\/pomoc\/wp-json\/wp\/v2\/media?parent=3844"}],"curies":[{"name":"wp","href":"https:\/\/api.w.org\/{rel}","templated":true}]}}