{"id":3848,"date":"2022-08-31T11:52:20","date_gmt":"2022-08-31T09:52:20","guid":{"rendered":"https:\/\/raks.pl\/pomoc\/?page_id=3848"},"modified":"2025-01-27T09:28:28","modified_gmt":"2025-01-27T08:28:28","slug":"import-z-ubera-opis-zmian","status":"publish","type":"page","link":"https:\/\/raks.pl\/pomoc\/moduly-dodatkowe-zmiany\/import-z-ubera-opis-zmian\/","title":{"rendered":"Import z UBER&#8217;a &#8211; opis zmian"},"content":{"rendered":"\n<p><strong>Wersja [2.27]<\/strong><\/p>\n\n\n\n<p><em>(Data publikacji: 27.01.2025)<\/em><\/p>\n\n\n\n<ul class=\"wp-block-list\">\n<li>Dopasowano Importer do wersji RAKSSQL 2025 (1.3.1317)<\/li>\n<\/ul>\n\n\n\n<p><strong>Wersja [2.26]<\/strong><\/p>\n\n\n\n<p><em>(Data publikacji: 27.11.2024)<\/em><\/p>\n\n\n\n<ul class=\"wp-block-list\">\n<li>Dodano obs\u0142ug\u0119 alternatywnego formatu importu Bolt<\/li>\n<\/ul>\n\n\n\n<p><strong>Wersja [2.25]<\/strong><\/p>\n\n\n\n<p><em>(Data publikacji: 05.09.2024)<\/em><\/p>\n\n\n\n<ul class=\"wp-block-list\">\n<li>Dopasowanie importera do najnowszej wersji RAKS.<\/li>\n<\/ul>\n\n\n\n<p><strong>Wersja [2.24]<\/strong><\/p>\n\n\n\n<p><em>(Data publikacji: 27.05.2024)<\/em><strong><\/strong><\/p>\n\n\n\n<ul class=\"wp-block-list\">\n<li>Dodana obs\u0142uga alternatywnego formatu Uber, Bolt.<\/li>\n<\/ul>\n\n\n\n<p><strong>Wersja [2.23]<\/strong><\/p>\n\n\n\n<p><em>(Data publikacji: 12.04.2023)<\/em><strong><\/strong><\/p>\n\n\n\n<ul class=\"wp-block-list\">\n<li>Poprawka zwi\u0105zana ze zmianami w systemie RAKSSQL.<\/li>\n<\/ul>\n\n\n\n<p><strong>Wersja [2.22]<\/strong><\/p>\n\n\n\n<p><em>(Data publikacji: 25.01.2023)<\/em><strong><\/strong><\/p>\n\n\n\n<ul class=\"wp-block-list\">\n<li>Poprawka zwi\u0105zana ze zmianami w systemie RAKSSQL.<\/li>\n<\/ul>\n\n\n\n<p><strong>Wersja [2.21]<\/strong><\/p>\n\n\n\n<p><em>(Data publikacji: 5.10.2022)<\/em><strong><\/strong><\/p>\n\n\n\n<ul class=\"wp-block-list\">\n<li>Poprawka mechanizmu uruchamiania modu\u0142u.<\/li>\n<\/ul>\n\n\n\n<p><strong>Wersja [2.20]<\/strong><\/p>\n\n\n\n<p><em>(Data publikacji: 19.02.2021)<\/em><strong><\/strong><\/p>\n\n\n\n<ul class=\"wp-block-list\">\n<li>Zmiana certyfikatu po\u0142\u0105czenia, pobieraj\u0105cego informacje o nowej wersji wtyczki.<\/li>\n<\/ul>\n\n\n\n<p><strong>Wersja [2.19]<\/strong><\/p>\n\n\n\n<p><em>(Data publikacji: 30.10.2020)<\/em><strong><\/strong><\/p>\n\n\n\n<ul class=\"wp-block-list\">\n<li>Poprawka obs\u0142ugi sprawdzania poprawno\u015bci formatu danych w pliku \u017ar\u00f3d\u0142owym.<\/li>\n<\/ul>\n\n\n\n<p><strong>Wersja [2.18]<\/strong><\/p>\n\n\n\n<p><em>(Data publikacji: 19.10.2020)<\/em><strong><\/strong><\/p>\n\n\n\n<ul class=\"wp-block-list\">\n<li>Poprawka obs\u0142ugi b\u0142\u0119d\u00f3w po\u0142\u0105czenia z baz\u0105 danych.<\/li>\n<\/ul>\n\n\n\n<p><strong>Wersja [2.17]<\/strong><\/p>\n\n\n\n<p><em>(Data publikacji: 1.10.2020)<\/em><strong><\/strong><\/p>\n\n\n\n<ul class=\"wp-block-list\">\n<li>Poprawki odczytywania stawki podatku VAT.<\/li>\n<\/ul>\n\n\n\n<p><strong>Wersja [2.16]<\/strong><\/p>\n\n\n\n<p><em>(Data publikacji: 11.09.2020)<\/em><strong><\/strong><\/p>\n\n\n\n<ul class=\"wp-block-list\">\n<li>Poprawki odczytywania NIP-u.<\/li>\n<\/ul>\n\n\n\n<p><strong>Wersja <\/strong><strong>[2.15]<\/strong><\/p>\n\n\n\n<p><em>(Data publikacji: 1.09.2020)<\/em><strong><\/strong><\/p>\n\n\n\n<ul class=\"wp-block-list\">\n<li>Dodanie mechanizmu odczytuj\u0105cego dane niezale\u017cnie od kolejno\u015bci kolumn w Excelu.<\/li>\n<\/ul>\n\n\n\n<p><strong>Wersja [2.14]<\/strong><\/p>\n\n\n\n<p><em>(Data publikacji: 6.07.2020)<\/em><strong><\/strong><\/p>\n\n\n\n<ul class=\"wp-block-list\">\n<li>Poprawka wyd\u0142u\u017caj\u0105ca pole &#8222;Numer dokumentu&#8221; do 255 znak\u00f3w<\/li>\n<\/ul>\n\n\n\n<p><strong>Wersja [2.13]<\/strong><\/p>\n\n\n\n<p><em>(Data publikacji: 15.05.2020)<\/em><strong><\/strong><\/p>\n\n\n\n<ul class=\"wp-block-list\">\n<li>Poprawka wykrywaj\u0105ca i usuwaj\u0105ca niedozwolone znaki steruj\u0105ce z p\u00f3l: NIP, nazwa, ulica, miasto.<\/li>\n<\/ul>\n\n\n\n<p><strong>Wersja [2.12]<\/strong><\/p>\n\n\n\n<p><em>(Data publikacji: 12.05.2020)<\/em><strong><\/strong><\/p>\n\n\n\n<ul class=\"wp-block-list\">\n<li>Poprawka odczytywania stawki podatku VAT. Uwzgl\u0119dnienie przecinka i kropki w oznaczeniu stawki.<\/li>\n<\/ul>\n\n\n\n<p><strong>Wersja [2.11]<\/strong><\/p>\n\n\n\n<p><em>(Data publikacji: 24.04.2020)<\/em><strong><\/strong><\/p>\n\n\n\n<ul class=\"wp-block-list\">\n<li>Poprawka odczytywania NIP gdy nie jest zgodny z formatem Ubera.<\/li>\n<\/ul>\n\n\n\n<p><strong>Wersja [2.10]<\/strong><\/p>\n\n\n\n<p><em>(Data publikacji: 21.04.2020)<\/em><strong><\/strong><\/p>\n\n\n\n<ul class=\"wp-block-list\">\n<li>UBER: poprawka odczytywania nr NIP dla kontrahent\u00f3w zagranicznych.<\/li>\n<\/ul>\n\n\n\n<p><strong>Wersja [2.9]<\/strong><\/p>\n\n\n\n<p><em>(Data publikacji: 21.02.2020)<\/em><strong><\/strong><\/p>\n\n\n\n<ul class=\"wp-block-list\">\n<li>Poprawka konwersji numeru dokumentu.<\/li>\n<\/ul>\n\n\n\n<p><strong>Wersja [2.8]<\/strong><\/p>\n\n\n\n<p><em>(Data publikacji: 13.02.2020)<\/em><strong><\/strong><\/p>\n\n\n\n<ul class=\"wp-block-list\">\n<li>Poprawka mechanizmu generuj\u0105cego konto analityczne dla kontrahenta.<\/li>\n<\/ul>\n\n\n\n<p><strong>Wersja [2.7]<\/strong><\/p>\n\n\n\n<p><em>(Data publikacji: 19.12.2019)<\/em><strong><\/strong><\/p>\n\n\n\n<ul class=\"wp-block-list\">\n<li>Poprawka mechanizmu okre\u015blaj\u0105cego zakres danych w arkuszu Excel dla Uber format xls.<\/li>\n<\/ul>\n\n\n\n<p><strong>Wersja [2.6]<\/strong><\/p>\n\n\n\n<p><em>(Data publikacji: 16.12.2019)<\/em><strong><\/strong><\/p>\n\n\n\n<ul class=\"wp-block-list\">\n<li>Dodana obs\u0142uga pliku Uber w formacie Excel.<\/li>\n<\/ul>\n\n\n\n<p><strong>Wersja [2.5]<\/strong><\/p>\n\n\n\n<p><em>(Data publikacji: 20.11.2019)<\/em><strong><\/strong><\/p>\n\n\n\n<ul class=\"wp-block-list\">\n<li>Poprawka dla formatu Uber. Poprawiony b\u0142\u0105d przenoszenia numeru faktury.<\/li>\n<\/ul>\n\n\n\n<p><strong>Wersja [2.4]<\/strong><\/p>\n\n\n\n<ul class=\"wp-block-list\">\n<li>Dodana obs\u0142uga alternatywnego formatu Uber.<\/li>\n<\/ul>\n\n\n\n<p><strong>Wersja [2.3]<\/strong><\/p>\n\n\n\n<ul class=\"wp-block-list\">\n<li>Dodana obs\u0142uga formatu Bolt.<\/li>\n<\/ul>\n\n\n\n<p><strong>Wersja [2.2]<\/strong><\/p>\n\n\n\n<p><em>(Data publikacji: 27.09.2019)<\/em><strong><\/strong><\/p>\n\n\n\n<ul class=\"wp-block-list\">\n<li>Zmiana nazwy i poprawka formatu daty.<\/li>\n<\/ul>\n\n\n\n<p><strong>Wersja [2.1]<\/strong><\/p>\n\n\n\n<ul class=\"wp-block-list\">\n<li>Dodanie mechanizmu auto aktualizacji.<\/li>\n<\/ul>\n\n\n\n<p><strong>Wersja [2.0]<\/strong><\/p>\n\n\n\n<ul class=\"wp-block-list\">\n<li>Zmiana architektury programu na wtyczk\u0119.<\/li>\n<\/ul>\n\n\n\n<p><strong>Wersja [1.0]<\/strong><\/p>\n\n\n\n<ul class=\"wp-block-list\">\n<li>Oddany program do u\u017cytku<\/li>\n<\/ul>\n","protected":false},"excerpt":{"rendered":"<p>Wersja [2.27] (Data publikacji: 27.01.2025) Wersja [2.26] (Data publikacji: 27.11.2024) Wersja [2.25] (Data publikacji: 05.09.2024) Wersja [2.24] (Data publikacji: 27.05.2024) Wersja [2.23] (Data publikacji: 12.04.2023) Wersja [2.22] (Data publikacji: 25.01.2023) Wersja [2.21] (Data publikacji: 5.10.2022) Wersja [2.20] (Data publikacji: 19.02.2021) Wersja [2.19] (Data publikacji: 30.10.2020) Wersja [2.18] (Data publikacji: 19.10.2020) Wersja [2.17] (Data publikacji: 1.10.2020) [&hellip;]<\/p>\n","protected":false},"author":3,"featured_media":0,"parent":3222,"menu_order":0,"comment_status":"closed","ping_status":"closed","template":"","meta":{"_acf_changed":false,"footnotes":""},"class_list":["post-3848","page","type-page","status-publish","hentry"],"acf":[],"_links":{"self":[{"href":"https:\/\/raks.pl\/pomoc\/wp-json\/wp\/v2\/pages\/3848","targetHints":{"allow":["GET"]}}],"collection":[{"href":"https:\/\/raks.pl\/pomoc\/wp-json\/wp\/v2\/pages"}],"about":[{"href":"https:\/\/raks.pl\/pomoc\/wp-json\/wp\/v2\/types\/page"}],"author":[{"embeddable":true,"href":"https:\/\/raks.pl\/pomoc\/wp-json\/wp\/v2\/users\/3"}],"replies":[{"embeddable":true,"href":"https:\/\/raks.pl\/pomoc\/wp-json\/wp\/v2\/comments?post=3848"}],"version-history":[{"count":9,"href":"https:\/\/raks.pl\/pomoc\/wp-json\/wp\/v2\/pages\/3848\/revisions"}],"predecessor-version":[{"id":6682,"href":"https:\/\/raks.pl\/pomoc\/wp-json\/wp\/v2\/pages\/3848\/revisions\/6682"}],"up":[{"embeddable":true,"href":"https:\/\/raks.pl\/pomoc\/wp-json\/wp\/v2\/pages\/3222"}],"wp:attachment":[{"href":"https:\/\/raks.pl\/pomoc\/wp-json\/wp\/v2\/media?parent=3848"}],"curies":[{"name":"wp","href":"https:\/\/api.w.org\/{rel}","templated":true}]}}