{"id":3877,"date":"2022-08-31T13:23:50","date_gmt":"2022-08-31T11:23:50","guid":{"rendered":"https:\/\/raks.pl\/pomoc\/?page_id=3877"},"modified":"2022-09-12T11:52:45","modified_gmt":"2022-09-12T09:52:45","slug":"zarzadzanie-aplikacja","status":"publish","type":"page","link":"https:\/\/raks.pl\/pomoc\/przepisy-kadry\/e-pracownik\/konfiguracja-i-wdrozenie\/zarzadzanie-aplikacja\/","title":{"rendered":"Zarz\u0105dzanie aplikacj\u0105"},"content":{"rendered":"\n<p>Aplikacja E-Pracownik posiada system zarz\u0105dzania oparty na rolach u\u017cytkownik\u00f3w. Ka\u017cdy zarejestrowany u\u017cytkownik musi mie\u0107 przydzielon\u0105 przynajmniej jedn\u0105 rol\u0119, kt\u00f3ra umo\u017cliwia zalogowanie si\u0119 do aplikacji oraz dost\u0119p do wydzielonych dla danej roli funkcjonalno\u015bci. Dost\u0119pne s\u0105 nast\u0119puj\u0105ce role:<br><br>\u2022<strong> Administrator<\/strong><\/p>\n\n\n\n<p>Rola specjalna przydzielana podczas instalacji aplikacji. Administrator zarz\u0105dza sposobem i zakresem obs\u0142ugi wielu firm, definiuje i zarz\u0105dza u\u017cytkownikami posiadaj\u0105cymi rol\u0119 Ksi\u0119gowej oraz ma dost\u0119p do parametr\u00f3w konfiguracyjnych aplikacji. W przeciwie\u0144stwie do poprzednich wersji E-Pracownika, Administrator nie ma mo\u017cliwo\u015bci zarz\u0105dzania pracownikami ani podgl\u0105du ich danych.<\/p>\n\n\n\n<p>\u2022 <strong>Ksi\u0119gowa<\/strong><\/p>\n\n\n\n<p>U\u017cytkownik posiadaj\u0105cy t\u0119 rol\u0119 ma mo\u017cliwo\u015b\u0107 zarz\u0105dzania pracownikami i ich wnioskami urlopowymi w obr\u0119bie dowolnie wybranej firmy. Jako jedyny mo\u017ce prze\u0142\u0105cza\u0107 si\u0119 mi\u0119dzy firmami i posiada prawo do podgl\u0105du wszystkich danych. Z za\u0142o\u017cenia posiada wszystkie pozosta\u0142e role u\u017cytkownika.<\/p>\n\n\n\n<p>\u2022 <strong>Kadrowa<\/strong><\/p>\n\n\n\n<p>U\u017cytkownik z przydzielon\u0105 rol\u0105 Kadrowej ma dost\u0119p do wniosk\u00f3w urlopowych oraz danych pracownik\u00f3w wy\u0142\u0105cznie w firmie, w kt\u00f3rej posiada przynajmniej jedn\u0105 aktywn\u0105 umow\u0119 o prac\u0119. Poza tym, mo\u017ce importowa\u0107 zatwierdzone wnioski urlopowe do systemu Raks SQL &#8211; modu\u0142 Kadry i P\u0142ace.<\/p>\n\n\n\n<p>\u2022 <strong>Akceptant<\/strong><\/p>\n\n\n\n<p>Rola dost\u0119pna opcjonalnie, gdy E-Pracownik zostanie uruchomiony w trybie dwuetapowej akceptacji wniosk\u00f3w urlopowych. Akceptant to u\u017cytkownik, kt\u00f3ry zatwierdza wnioski urlopowe podlegaj\u0105cym mu pracownikom jako druga osoba po kierowniku.<\/p>\n\n\n\n<p>\u2022 <strong>Kierownik<\/strong><\/p>\n\n\n\n<p>Rola umo\u017cliwia zarz\u0105dzanie wnioskami urlopowymi podw\u0142adnych (pracownik\u00f3w).<\/p>\n\n\n\n<p>\u2022 <strong>Pracownik<\/strong><\/p>\n\n\n\n<p>U\u017cytkownik ma mo\u017cliwo\u015b\u0107 podgl\u0105du swoich danych, wystawiania wniosk\u00f3w urlopowych, zarz\u0105dzania w\u0142asn\u0105 lista obecno\u015bci oraz podgl\u0105d paska wynagrodze\u0144.<\/p>\n\n\n\n<p>Aby zalogowa\u0107 si\u0119 do aplikacji u\u017cytkownik musi by\u0107 zarejestrowany, posiada\u0107 przynajmniej jedn\u0105 rol\u0119 oraz mie\u0107 aktywn\u0105 umow\u0119 o prac\u0119. Rejestrowanie pracownik\u00f3w w aplikacji oraz przydzielanie im r\u00f3l odbywa si\u0119 dwuetapowo. W pierwszym etapie Administrator definiuje u\u017cytkownik\u00f3w z rol\u0105 Ksi\u0119gowa, a nast\u0119pnie \u201eKsi\u0119gowa\u201d po zalogowaniu przydziela pozosta\u0142ym pracownikom odpowiednie role. Dopiero po zarejestrowaniu w E-Pracowniku u\u017cytkownika i nadaniu mu roli, b\u0119dzie m\u00f3g\u0142 si\u0119 zalogowa\u0107 do aplikacji.<\/p>\n","protected":false},"excerpt":{"rendered":"<p>Aplikacja E-Pracownik posiada system zarz\u0105dzania oparty na rolach u\u017cytkownik\u00f3w. Ka\u017cdy zarejestrowany u\u017cytkownik musi mie\u0107 przydzielon\u0105 przynajmniej jedn\u0105 rol\u0119, kt\u00f3ra umo\u017cliwia zalogowanie si\u0119 do aplikacji oraz dost\u0119p do wydzielonych dla danej roli funkcjonalno\u015bci. Dost\u0119pne s\u0105 nast\u0119puj\u0105ce role: \u2022 Administrator Rola specjalna przydzielana podczas instalacji aplikacji. Administrator zarz\u0105dza sposobem i zakresem obs\u0142ugi wielu firm, definiuje i zarz\u0105dza [&hellip;]<\/p>\n","protected":false},"author":2,"featured_media":0,"parent":3874,"menu_order":0,"comment_status":"closed","ping_status":"closed","template":"","meta":{"_acf_changed":false,"footnotes":""},"class_list":["post-3877","page","type-page","status-publish","hentry"],"acf":[],"_links":{"self":[{"href":"https:\/\/raks.pl\/pomoc\/wp-json\/wp\/v2\/pages\/3877","targetHints":{"allow":["GET"]}}],"collection":[{"href":"https:\/\/raks.pl\/pomoc\/wp-json\/wp\/v2\/pages"}],"about":[{"href":"https:\/\/raks.pl\/pomoc\/wp-json\/wp\/v2\/types\/page"}],"author":[{"embeddable":true,"href":"https:\/\/raks.pl\/pomoc\/wp-json\/wp\/v2\/users\/2"}],"replies":[{"embeddable":true,"href":"https:\/\/raks.pl\/pomoc\/wp-json\/wp\/v2\/comments?post=3877"}],"version-history":[{"count":1,"href":"https:\/\/raks.pl\/pomoc\/wp-json\/wp\/v2\/pages\/3877\/revisions"}],"predecessor-version":[{"id":3878,"href":"https:\/\/raks.pl\/pomoc\/wp-json\/wp\/v2\/pages\/3877\/revisions\/3878"}],"up":[{"embeddable":true,"href":"https:\/\/raks.pl\/pomoc\/wp-json\/wp\/v2\/pages\/3874"}],"wp:attachment":[{"href":"https:\/\/raks.pl\/pomoc\/wp-json\/wp\/v2\/media?parent=3877"}],"curies":[{"name":"wp","href":"https:\/\/api.w.org\/{rel}","templated":true}]}}