{"id":3880,"date":"2022-08-31T14:25:33","date_gmt":"2022-08-31T12:25:33","guid":{"rendered":"https:\/\/raks.pl\/pomoc\/?page_id=3880"},"modified":"2022-09-12T11:52:54","modified_gmt":"2022-09-12T09:52:54","slug":"przydzielanie-firm-dodawanie-roli-ksiegowej","status":"publish","type":"page","link":"https:\/\/raks.pl\/pomoc\/przepisy-kadry\/e-pracownik\/konfiguracja-i-wdrozenie\/przydzielanie-firm-dodawanie-roli-ksiegowej\/","title":{"rendered":"Przydzielanie firm, dodawanie roli ksi\u0119gowej"},"content":{"rendered":"\n<p>Po poprawnym zainstalowaniu E-pracownika nale\u017cy zalogowa\u0107 si\u0119 do aplikacji. W tym celu, w przegl\u0105darce wpisujemy odpowiedni adres, np. localhost\/index.php i wprowadzamy dane logowania: login oraz has\u0142o. Pierwsze logowanie wymaga zalogowania Administratora. Jako login nale\u017cy wpisa\u0107 \u201eAdministrator\u201d, a has\u0142o poda\u0107 takie, jakie zosta\u0142o zdefiniowane dla Administratora podczas instalacji aplikacji.<\/p>\n\n\n\n<figure class=\"wp-block-image size-large is-resized\"><img loading=\"lazy\" decoding=\"async\" src=\"https:\/\/raks.pl\/pomoc\/wp-content\/uploads\/2022\/08\/4-1024x500.png\" alt=\"\" class=\"wp-image-3881\" width=\"840\" height=\"410\" srcset=\"https:\/\/raks.pl\/pomoc\/wp-content\/uploads\/2022\/08\/4-1024x500.png 1024w, https:\/\/raks.pl\/pomoc\/wp-content\/uploads\/2022\/08\/4-300x147.png 300w, https:\/\/raks.pl\/pomoc\/wp-content\/uploads\/2022\/08\/4-768x375.png 768w, https:\/\/raks.pl\/pomoc\/wp-content\/uploads\/2022\/08\/4.png 1279w\" sizes=\"auto, (max-width: 840px) 100vw, 840px\" \/><figcaption>Okno logowania<\/figcaption><\/figure>\n\n\n\n<p><p class=\"MsoNormal\" style=\"margin-left:35.4pt\">Po poprawnym zalogowaniu, w oknie przegl\u0105darki wy\u015bwietli si\u0119 pulpit Administratora. Tak jak wi\u0119kszo\u015b\u0107 ekran\u00f3w E-pracownika sk\u0142ada si\u0119 on z czterech g\u0142\u00f3wnych element\u00f3w:<\/p><p class=\"MsoListParagraphCxSpFirst\" style=\"margin-left:71.4pt;mso-add-space:\nauto;text-indent:-18.0pt;mso-list:l0 level1 lfo1\"><span style=\"font-family:Symbol;mso-fareast-font-family:Symbol;mso-bidi-font-family:\nSymbol\"><span style=\"mso-list:Ignore\">\u00b7<span style=\"font:7.0pt &quot;Times New Roman&quot;\">\u00a0\u00a0\u00a0\u00a0\u00a0\u00a0\u00a0\u00a0 <\/span><\/span><\/span>Nag\u0142\u00f3wka, gdzie znajduje si\u0119 przycisk wy\u015bwietlania menu g\u0142\u00f3wnego, nazwa i wersja aplikacji, informacja o pozosta\u0142ym czasie do automatycznego wylogowania oraz nazwa zalogowanego u\u017cytkownika i nazwa aktywnej firmy (w przypadku pulpitu Administratora nazwa firmy nie jest wy\u015bwietlana)<\/p><p class=\"MsoListParagraphCxSpMiddle\" style=\"margin-left:71.4pt;mso-add-space:\nauto;text-indent:-18.0pt;mso-list:l0 level1 lfo1\"><span style=\"font-family:Symbol;mso-fareast-font-family:Symbol;mso-bidi-font-family:\nSymbol\"><span style=\"mso-list:Ignore\">\u00b7<span style=\"font:7.0pt &quot;Times New Roman&quot;\">\u00a0\u00a0\u00a0\u00a0\u00a0\u00a0\u00a0\u00a0 <\/span><\/span><\/span>Paska nawigacyjnego, gdzie wy\u015bwietlane s\u0105 linki (odno\u015bniki) do poszczeg\u00f3lnych funkcji aplikacji). Zakres dost\u0119pnych funkcji zale\u017cy od roli jak\u0105 posiada zalogowany u\u017cytkownik lub rodzaju pulpitu jaki zosta\u0142 wy\u015bwietlony w przegl\u0105darce.<\/p><p class=\"MsoListParagraphCxSpMiddle\" style=\"margin-left:71.4pt;mso-add-space:\nauto;text-indent:-18.0pt;mso-list:l0 level1 lfo1\"><span style=\"font-family:Symbol;mso-fareast-font-family:Symbol;mso-bidi-font-family:\nSymbol\"><span style=\"mso-list:Ignore\">\u00b7<span style=\"font:7.0pt &quot;Times New Roman&quot;\">\u00a0\u00a0\u00a0\u00a0\u00a0\u00a0\u00a0\u00a0 <\/span><\/span><\/span>Grupy kafelk\u00f3w zawieraj\u0105cych dodatkowe informacje zale\u017cne s\u0105 od rodzaju wy\u015bwietlanego pulpitu lub kontrolek steruj\u0105cych danymi.<\/p><p class=\"MsoListParagraphCxSpLast\" style=\"margin-left:71.4pt;mso-add-space:auto;\ntext-indent:-18.0pt;mso-list:l0 level1 lfo1\"><span style=\"font-family:Symbol;mso-fareast-font-family:Symbol;mso-bidi-font-family:\nSymbol\"><span style=\"mso-list:Ignore\">\u00b7<span style=\"font:7.0pt &quot;Times New Roman&quot;\">\u00a0\u00a0\u00a0\u00a0\u00a0\u00a0\u00a0\u00a0 <\/span><\/span><\/span>Ekranu g\u0142\u00f3wnego, gdzie wy\u015bwietlane s\u0105 dane lub formularze do ich edycji.<\/p> <\/p>\n\n\n\n<figure class=\"wp-block-image size-large\"><img loading=\"lazy\" decoding=\"async\" width=\"1024\" height=\"501\" src=\"https:\/\/raks.pl\/pomoc\/wp-content\/uploads\/2022\/08\/5-1024x501.png\" alt=\"\" class=\"wp-image-3882\" srcset=\"https:\/\/raks.pl\/pomoc\/wp-content\/uploads\/2022\/08\/5-1024x501.png 1024w, https:\/\/raks.pl\/pomoc\/wp-content\/uploads\/2022\/08\/5-300x147.png 300w, https:\/\/raks.pl\/pomoc\/wp-content\/uploads\/2022\/08\/5-768x376.png 768w, https:\/\/raks.pl\/pomoc\/wp-content\/uploads\/2022\/08\/5-1536x752.png 1536w, https:\/\/raks.pl\/pomoc\/wp-content\/uploads\/2022\/08\/5.png 1915w\" sizes=\"auto, (max-width: 1024px) 100vw, 1024px\" \/><figcaption>Pulpit administratora<\/figcaption><\/figure>\n\n\n\n<p>Pulpit Administratora zawiera funkcje zarzadzania firmami. Funkcja ta pozwala na okre\u015blenie, kt\u00f3re z wy\u015bwietlonych firm b\u0119d\u0105 obs\u0142ugiwane w E-Pracowniku. Firmy, kt\u00f3re wida\u0107 na li\u015bcie s\u0105 tymi samymi firmami, kt\u00f3re zosta\u0142y zdefiniowane w systemie RAKS SQL. Administrator mo\u017ce z listy dost\u0119pnych firm wybra\u0107 te, kt\u00f3re maj\u0105 by\u0107 obs\u0142ugiwane. Lista firm zawiera nast\u0119puj\u0105ce informacje:<\/p>\n\n\n\n<ul class=\"wp-block-list\"><li><strong>Numer<\/strong> \u2013 numer firmy w systemie RAKS SQL. Numer jest adekwatny do nazwy pliku bazy danych, gdzie przechowywane s\u0105 dane tej firmy. Na przyk\u0142ad nr jeden odpowiada plikowi F00001.Fdb<\/li><li><strong>Testowa <\/strong>&#8211; znacznik okre\u015blaj\u0105cy czy dana firma jest firm\u0105 testow\u0105, czyli za\u0142o\u017con\u0105 do cel\u00f3w testowych i szkoleniowych i de facto nie zawiera rzeczywistych danych.<\/li><li><strong>Nazwa <\/strong>\u2013 skr\u00f3cona nazwa firmy<\/li><li><strong>Nazwa pe\u0142na <\/strong>\u2013 pe\u0142na nazwa firmy<\/li><li><strong>Dodana <\/strong>\u2013 znacznik okre\u015blaj\u0105cy czy dana firma jest dodana do obs\u0142ugi w E-Pracowniku.<br><br><\/li><\/ul>\n\n\n\n<p>W ka\u017cdym wierszu znajduj\u0105 si\u0119 r\u00f3wnie\u017c dwa przyciski steruj\u0105ce przydzielaniem firmy: przycisk \u201eDodaj\u201d umo\u017cliwia przydzielenie firmy, przycisk \u201eOdejmij\u201d pozwala na odpi\u0119cie firmy od E-Pracownika.<br>Dodawanie i odejmowanie firm podlegaj\u0105 nast\u0119puj\u0105cym regu\u0142om:<\/p>\n\n\n\n<p>&#8211; Firm\u0119 mo\u017cna doda\u0107, gdy nie jest jeszcze dodana, oraz gdy pozwala na to ilo\u015b\u0107 dost\u0119pnych licencji. Ka\u017cda kopia E-Pracownika mo\u017ce w zale\u017cno\u015bci od rodzaju licencji mie\u0107 ograniczon\u0105 liczb\u0119 firm, kt\u00f3re jednocze\u015bnie mo\u017cna przydzieli\u0107 do E-pracownika.<\/p>\n\n\n\n<p>&#8211; Firm\u0119 mo\u017cna odpi\u0105\u0107 od E-Pracownika o ile jest dodana i nie jest przydzielona do zdefiniowanej w aplikacji Ksi\u0119gowej. Przydzielanie firm do Ksi\u0119gowej odbywa si\u0119 na oknie zarz\u0105dzania ksi\u0119gowymi.<\/p>\n\n\n\n<p>Aby doda\u0107 firm\u0119 do E-Pracownia nale\u017cy klikn\u0105\u0107 na przycisku \u201eDodaj\u201d. Na ekranie pojawi si\u0119 okno dialogowe z pro\u015bb\u0105 o potwierdzenie operacji. Nale\u017cy nacisn\u0105\u0107 przycisk \u201eDodaj\u201d.<br><br><\/p>\n\n\n\n<p>Po przydzieleniu odpowiednich firm nale\u017cy zdefiniowa\u0107 przynajmniej jednego u\u017cytkownika posiadaj\u0105cego rol\u0119 Ksi\u0119gowej. Ksi\u0119gowa jako jedyny u\u017cytkownik, b\u0119dzie mia\u0142 mo\u017cliwo\u015b\u0107 zarz\u0105dzania danymi przydzielonych firm. W tym celu na pasku nawigacyjnym lub w menu nale\u017cy klikn\u0105\u0107 funkcj\u0119 \u201eZarz\u0105dzanie ksi\u0119gowymi\u201d. W przegl\u0105darce wy\u015bwietli si\u0119 nast\u0119puj\u0105cy ekran:<\/p>\n\n\n\n<figure class=\"wp-block-image size-large\"><img loading=\"lazy\" decoding=\"async\" width=\"1024\" height=\"499\" src=\"https:\/\/raks.pl\/pomoc\/wp-content\/uploads\/2022\/08\/6-1024x499.png\" alt=\"\" class=\"wp-image-3883\" srcset=\"https:\/\/raks.pl\/pomoc\/wp-content\/uploads\/2022\/08\/6-1024x499.png 1024w, https:\/\/raks.pl\/pomoc\/wp-content\/uploads\/2022\/08\/6-300x146.png 300w, https:\/\/raks.pl\/pomoc\/wp-content\/uploads\/2022\/08\/6-768x375.png 768w, https:\/\/raks.pl\/pomoc\/wp-content\/uploads\/2022\/08\/6-1536x749.png 1536w, https:\/\/raks.pl\/pomoc\/wp-content\/uploads\/2022\/08\/6.png 1917w\" sizes=\"auto, (max-width: 1024px) 100vw, 1024px\" \/><figcaption>Zarz\u0105dzanie ksi\u0119gowymi<\/figcaption><\/figure>\n\n\n\n<p><p class=\"MsoListParagraphCxSpFirst\" style=\"margin-left:35.4pt;mso-add-space:\nauto\">W tabeli wy\u015bwietli si\u0119 lista zdefiniowanych Ksi\u0119gowych. Znajduj\u0105 si\u0119 tam nast\u0119puj\u0105ce informacje:  <\/p><p class=\"MsoListParagraphCxSpMiddle\" style=\"margin-left:71.4pt;mso-add-space:\nauto;text-indent:-18.0pt;mso-list:l0 level1 lfo2\"><span style=\"font-family:Symbol;mso-fareast-font-family:Symbol;mso-bidi-font-family:\nSymbol\"><span style=\"mso-list:Ignore\">\u00b7<span style=\"font:7.0pt &quot;Times New Roman&quot;\">\u00a0\u00a0\u00a0\u00a0\u00a0\u00a0\u00a0\u00a0 <\/span><\/span><\/span><b style=\"mso-bidi-font-weight:normal\">E-mail<\/b> \u2013 adres e-mail u\u017cytkownika z nadana rol\u0105 Ksi\u0119gowej.<\/p><p class=\"MsoListParagraphCxSpMiddle\" style=\"margin-left:71.4pt;mso-add-space:\nauto;text-indent:-18.0pt;mso-list:l1 level1 lfo1\"><span style=\"font-family:Symbol;mso-fareast-font-family:Symbol;mso-bidi-font-family:\nSymbol\"><span style=\"mso-list:Ignore\">\u00b7<span style=\"font:7.0pt &quot;Times New Roman&quot;\">\u00a0\u00a0\u00a0\u00a0\u00a0\u00a0\u00a0\u00a0 <\/span><\/span><\/span><b style=\"mso-bidi-font-weight:normal\">Login<\/b> \u2013 login u\u017cytkownika.<\/p><p class=\"MsoListParagraphCxSpMiddle\" style=\"margin-left:71.4pt;mso-add-space:\nauto;text-indent:-18.0pt;mso-list:l1 level1 lfo1\"><span style=\"font-family:Symbol;mso-fareast-font-family:Symbol;mso-bidi-font-family:\nSymbol\"><span style=\"mso-list:Ignore\">\u00b7<span style=\"font:7.0pt &quot;Times New Roman&quot;\">\u00a0\u00a0\u00a0\u00a0\u00a0\u00a0\u00a0\u00a0 <\/span><\/span><\/span><b style=\"mso-bidi-font-weight:normal\">Przycisk \u201eResetuj has\u0142o\u201d<\/b> \u2013 umo\u017cliwia zresetowanie has\u0142a wskazanej Ksi\u0119gowej. Funkcja umo\u017cliwia wymuszenie zmiany has\u0142a dla wskazanego u\u017cytkownika. Wi\u0119cej na ten temat mo\u017cna znale\u017a\u0107 w kolejnych rozdzia\u0142ach instrukcji.<\/p><p class=\"MsoListParagraphCxSpMiddle\" style=\"margin-left:71.4pt;mso-add-space:\nauto;text-indent:-18.0pt;mso-list:l1 level1 lfo1\"><span style=\"font-family:Symbol;mso-fareast-font-family:Symbol;mso-bidi-font-family:\nSymbol\"><span style=\"mso-list:Ignore\">\u00b7<span style=\"font:7.0pt &quot;Times New Roman&quot;\">\u00a0\u00a0\u00a0\u00a0\u00a0\u00a0\u00a0\u00a0 <\/span><\/span><\/span><b style=\"mso-bidi-font-weight:normal\">Przycisk \u201eUsu\u0144\u201d<\/b> \u2013 umo\u017cliwia skasowanie definicji wskazanej \u201eKsi\u0119gowej\u201d.<\/p><p class=\"MsoListParagraphCxSpMiddle\" style=\"margin-left:71.4pt;mso-add-space:\nauto;text-indent:-18.0pt;mso-list:l1 level1 lfo1\"><span style=\"font-family:Symbol;mso-fareast-font-family:Symbol;mso-bidi-font-family:\nSymbol\"><span style=\"mso-list:Ignore\">\u00b7<span style=\"font:7.0pt &quot;Times New Roman&quot;\">\u00a0\u00a0\u00a0\u00a0\u00a0\u00a0\u00a0\u00a0 <\/span><\/span><\/span><b style=\"mso-bidi-font-weight:normal\">Kolumny F1\u2026Fn<\/b> \u2013 s\u0105 symbolami przydzielonych do E-Pracownika firm i zawieraj\u0105 informacj\u0119, kt\u00f3re z nich zosta\u0142y przydzielone do danej Ksi\u0119gowej. <\/p><p class=\"MsoListParagraphCxSpLast\" style=\"margin-left:35.4pt;mso-add-space:auto\"><span style=\"mso-spacerun:yes\">\u00a0<\/span> Aby doda\u0107 now\u0105 Ksi\u0119gow\u0105 nale\u017cy u\u017cy\u0107 przycisku \u201eDodaj Ksi\u0119gow\u0105\u201d. Na ekranie wy\u015bwietli si\u0119 nast\u0119puj\u0105ce okno modalne:<\/p> <\/p>\n\n\n<div class=\"wp-block-image\">\n<figure class=\"aligncenter size-full\"><img loading=\"lazy\" decoding=\"async\" width=\"503\" height=\"455\" src=\"https:\/\/raks.pl\/pomoc\/wp-content\/uploads\/2022\/08\/7.png\" alt=\"\" class=\"wp-image-3884\" srcset=\"https:\/\/raks.pl\/pomoc\/wp-content\/uploads\/2022\/08\/7.png 503w, https:\/\/raks.pl\/pomoc\/wp-content\/uploads\/2022\/08\/7-300x271.png 300w\" sizes=\"auto, (max-width: 503px) 100vw, 503px\" \/><figcaption>Dodawanie ksi\u0119gowej<\/figcaption><\/figure>\n<\/div>\n\n\n<p>W oknie nale\u017cy wprowadzi\u0107 nast\u0119puj\u0105ce informacje:<\/p>\n\n\n\n<ul class=\"wp-block-list\"><li>E-mail \u2013 adres e-mail u\u017cytkownika, kt\u00f3ry b\u0119dzie pe\u0142ni\u0142 rol\u0119 ksi\u0119gowej. \u017baden z u\u017cytkownik\u00f3w zarejestrowanych w E-Pracowniku nie mo\u017ce mie\u0107 tego samego adresu mailowego. Wszystkie adresy e-mail musza by\u0107 unikalne.<\/li><li>Login \u2013 inaczej nazwa u\u017cytkownika. Mo\u017ce to by\u0107 dowolny tekst pod warunkiem, \u017ce nie zawiera znak\u00f3w specjalnych.<\/li><\/ul>\n\n\n\n<p>Nale\u017cy r\u00f3wnie\u017c na li\u015bcie wy\u015bwietlonych firm wskaza\u0107, kt\u00f3ra z nich b\u0119dzie przydzielona do danego u\u017cytkownika (Ksi\u0119gowej). W tym celu nale\u017cy klikn\u0105\u0107 na pustej kratce, tak aby zmieni\u0142a si\u0119 na kratk\u0119 oznaczon\u0105.<\/p>\n\n\n\n<p>Ka\u017cdej Ksi\u0119gowej mo\u017cna przydzieli\u0107 dowoln\u0105 ilo\u015b\u0107 firm niezale\u017cnie od tego czy zosta\u0142y ju\u017c przydzielone do innej Ksi\u0119gowej. Ksi\u0119gowa mo\u017ce nie mie\u0107 przydzielonej firmy, ale wtedy nie b\u0119dzie mog\u0142a zalogowa\u0107 si\u0119 do E-pracownika.<\/p>\n\n\n\n<p>Dane zdefiniowanej Ksi\u0119gowej mo\u017cna r\u00f3wnie\u017c edytowa\u0107. W tym celu nale\u017cy najecha\u0107 wska\u017anikiem myszki na odpowiedni wiersz listy zdefiniowanych Ksi\u0119gowych i klikn\u0105\u0107 lewym przyciskiem na pod\u015bwietlonej powierzchni wiersza.<\/p>\n","protected":false},"excerpt":{"rendered":"<p>Po poprawnym zainstalowaniu E-pracownika nale\u017cy zalogowa\u0107 si\u0119 do aplikacji. W tym celu, w przegl\u0105darce wpisujemy odpowiedni adres, np. localhost\/index.php i wprowadzamy dane logowania: login oraz has\u0142o. Pierwsze logowanie wymaga zalogowania Administratora. Jako login nale\u017cy wpisa\u0107 \u201eAdministrator\u201d, a has\u0142o poda\u0107 takie, jakie zosta\u0142o zdefiniowane dla Administratora podczas instalacji aplikacji. Po poprawnym zalogowaniu, w oknie przegl\u0105darki wy\u015bwietli [&hellip;]<\/p>\n","protected":false},"author":2,"featured_media":0,"parent":3874,"menu_order":1,"comment_status":"closed","ping_status":"closed","template":"","meta":{"_acf_changed":false,"footnotes":""},"class_list":["post-3880","page","type-page","status-publish","hentry"],"acf":[],"_links":{"self":[{"href":"https:\/\/raks.pl\/pomoc\/wp-json\/wp\/v2\/pages\/3880","targetHints":{"allow":["GET"]}}],"collection":[{"href":"https:\/\/raks.pl\/pomoc\/wp-json\/wp\/v2\/pages"}],"about":[{"href":"https:\/\/raks.pl\/pomoc\/wp-json\/wp\/v2\/types\/page"}],"author":[{"embeddable":true,"href":"https:\/\/raks.pl\/pomoc\/wp-json\/wp\/v2\/users\/2"}],"replies":[{"embeddable":true,"href":"https:\/\/raks.pl\/pomoc\/wp-json\/wp\/v2\/comments?post=3880"}],"version-history":[{"count":1,"href":"https:\/\/raks.pl\/pomoc\/wp-json\/wp\/v2\/pages\/3880\/revisions"}],"predecessor-version":[{"id":3885,"href":"https:\/\/raks.pl\/pomoc\/wp-json\/wp\/v2\/pages\/3880\/revisions\/3885"}],"up":[{"embeddable":true,"href":"https:\/\/raks.pl\/pomoc\/wp-json\/wp\/v2\/pages\/3874"}],"wp:attachment":[{"href":"https:\/\/raks.pl\/pomoc\/wp-json\/wp\/v2\/media?parent=3880"}],"curies":[{"name":"wp","href":"https:\/\/api.w.org\/{rel}","templated":true}]}}