{"id":3947,"date":"2022-09-05T15:56:50","date_gmt":"2022-09-05T13:56:50","guid":{"rendered":"https:\/\/raks.pl\/pomoc\/?page_id=3947"},"modified":"2022-09-12T11:53:04","modified_gmt":"2022-09-12T09:53:04","slug":"parametry-i-informacje-o-aplikacji","status":"publish","type":"page","link":"https:\/\/raks.pl\/pomoc\/przepisy-kadry\/e-pracownik\/konfiguracja-i-wdrozenie\/parametry-i-informacje-o-aplikacji\/","title":{"rendered":"Parametry i informacje o aplikacji"},"content":{"rendered":"\n<p>Aplikacj\u0119 E-Pracownik mo\u017cna dostosowywa\u0107 do w\u0142asnych potrzeb poprzez zmian\u0119 parametr\u00f3w administracyjnych. Okno parametr\u00f3w dost\u0119pne jest na Pasku nawigacyjnym lub Menu po klikni\u0119ciu odno\u015bnika \u201eParametry\u201d. Na ekranie wy\u015bwietlona zostanie lista wszystkich dost\u0119pnych ustawie\u0144 aplikacji:<\/p>\n\n\n\n<figure class=\"wp-block-image size-large\"><img loading=\"lazy\" decoding=\"async\" width=\"1919\" height=\"939\" src=\"https:\/\/raks.pl\/pomoc\/wp-content\/uploads\/2022\/09\/1-1024x501.png\" alt=\"\" class=\"wp-image-3948\" srcset=\"https:\/\/raks.pl\/pomoc\/wp-content\/uploads\/2022\/09\/1-1024x501.png 1024w, https:\/\/raks.pl\/pomoc\/wp-content\/uploads\/2022\/09\/1-300x147.png 300w, https:\/\/raks.pl\/pomoc\/wp-content\/uploads\/2022\/09\/1-768x376.png 768w, https:\/\/raks.pl\/pomoc\/wp-content\/uploads\/2022\/09\/1-1536x752.png 1536w, https:\/\/raks.pl\/pomoc\/wp-content\/uploads\/2022\/09\/1.png 1919w\" sizes=\"auto, (max-width: 1919px) 100vw, 1919px\" \/><figcaption>Parametry administracyjne<\/figcaption><\/figure>\n\n\n\n<p>Parametry kierownika:<\/p>\n\n\n\n<ul class=\"wp-block-list\"><li><strong>Dodawanie\/zmiana wniosk\u00f3w urlopowych pracownik\u00f3w przez Kierownika<\/strong><\/li><\/ul>\n\n\n\n<p>Parametr okre\u015bla czy Kierownik mo\u017ce dodawa\u0107 oraz edytowa\u0107 wnioski urlopowe za swoich podw\u0142adnych. Opcja przydatna w sytuacji, gdy prze\u0142o\u017cony musi w zast\u0119pstwie pracownika wystawi\u0107 wniosek.<\/p>\n\n\n\n<ul class=\"wp-block-list\"><li><strong>Kierownik widzi sk\u0142adniki wynagrodzenia swoich pracownik\u00f3w<\/strong><\/li><\/ul>\n\n\n\n<p>Parametr umo\u017cliwia w\u0142\u0105czenie podgl\u0105du sk\u0142adnik\u00f3w wynagrodzenia dodanych do paska wynagrodze\u0144 podw\u0142adnego.<\/p>\n\n\n\n<ul class=\"wp-block-list\"><li><strong>Kierownik widzi podw\u0142adnych swoich podw\u0142adnych<\/strong><\/li><\/ul>\n\n\n\n<p><br>Opcja umo\u017cliwia zarz\u0105dzanie i podgl\u0105d danych podw\u0142adnych, r\u00f3wnie\u017c tych kt\u00f3rzy podlegaj\u0105 kierownikom, kt\u00f3rzy s\u0105 jego podw\u0142adnymi. W E-pracowniku mo\u017cna zdefiniowa\u0107 wielopoziomow\u0105 struktur\u0119 zarz\u0105dzania. Kierownik mo\u017ce mie\u0107 na li\u015bcie swoich podw\u0142adnych r\u00f3wnie\u017c innych kierownik\u00f3w.<\/p>\n\n\n\n<p>Parametry wysy\u0142ki powiadomie\u0144<\/p>\n\n\n\n<ul class=\"wp-block-list\"><li><strong>Wysy\u0142anie e-maili po dodaniu wniosku urlopowego<\/strong><strong><\/strong><\/li><\/ul>\n\n\n\n<p><br>Parametr okre\u015bla czy po dodaniu wniosku przez pracownika, ma by\u0107 wys\u0142ane powiadomienie do Kierownika lub Akceptanta. Je\u017celi opcja zostanie zastosowana, to w wyniku wystawienia nowego wniosku urlopowego zostan\u0105 wys\u0142ane nast\u0119puj\u0105ce e-maile:<br>&#8211; procedura akceptacji jednoetapowej: do wszystkich Kierownik\u00f3w, kt\u00f3rym podlega pracownik<br>&#8211; procedura akceptacji dwuetapowej- tryb zale\u017cny: do wszystkich Kierownik\u00f3w, kt\u00f3rym podlega pracownik<\/p>\n\n\n\n<p>&#8211; procedura akceptacji dwuetapowa- tryb niezale\u017cny: do wszystkich Akceptant\u00f3w, kt\u00f3rym podlega pracownik.<\/p>\n\n\n\n<ul class=\"wp-block-list\"><li><strong>Wysy\u0142anie e-maili po odrzuceniu wniosku urlopowego<\/strong><strong><\/strong><\/li><\/ul>\n\n\n\n<p><br>Parametr okre\u015bla czy po odrzuceniu wniosku przez Kierownika lub Akceptanta, ma by\u0107 wys\u0142ane powiadomienie do pracownika.<\/p>\n\n\n\n<ul class=\"wp-block-list\"><li><strong>Wys\u0142anie e-mail po akceptacji wniosku urlopowego<\/strong><strong><\/strong><\/li><\/ul>\n\n\n\n<p><br>Parametr okre\u015bla czy po akceptacji wniosku przez Kierownika lub Akceptanta, ma by\u0107 wys\u0142ane powiadomienie do pracownika.<\/p>\n\n\n\n<ul class=\"wp-block-list\"><li><strong>Wys\u0142anie e-mail po odrzuceniu wniosku urlopowego przez Kadrow\u0105<\/strong><strong><\/strong><\/li><\/ul>\n\n\n\n<p><br>Parametr okre\u015bla czy po odrzuceniu wniosku przez Kadrow\u0105, ma by\u0107 wys\u0142ane powiadomienie do pracownika.<\/p>\n\n\n\n<p>Parametry pask\u00f3w pracowniczych (wynagrodze\u0144)<\/p>\n\n\n\n<ul class=\"wp-block-list\"><li><strong>Drukowanie pask\u00f3w pracowniczych tylko z zatwierdzonych list p\u0142ac<\/strong><strong><\/strong><\/li><\/ul>\n\n\n\n<p><br>Parametr okre\u015bla czy drukowane (wy\u015bwietlane) paski wynagrodze\u0144 z E-pracownika maj\u0105 pochodzi\u0107 wy\u0142\u0105cznie z zatwierdzonych list p\u0142a\u0107.<\/p>\n\n\n\n<ul class=\"wp-block-list\"><li><strong>Drukowanie pask\u00f3w pracowniczych wg daty wyp\u0142aty<\/strong><strong><\/strong><\/li><\/ul>\n\n\n\n<p>Parametr okre\u015bla czy paski wynagrodze\u0144 maj\u0105 by\u0107 wybierane wg daty wyp\u0142aty. Je\u017celi parametr nie jest ustawiony, paski drukowane s\u0105 wg daty wystawienia listy wyp\u0142at (realizacji).<\/p>\n\n\n\n<p>Parametry wniosk\u00f3w urlopowych<\/p>\n\n\n\n<ul class=\"wp-block-list\"><li><strong>Rodzaj listy p\u0142ac na kt\u00f3rej rozlicza\u0107 urlopy<\/strong><strong><\/strong><\/li><\/ul>\n\n\n\n<p><br>Parametr umo\u017cliwia okre\u015blenia rodzaju listy p\u0142ac, wg jakiej b\u0119d\u0105 rozliczane urlopy. U\u017cytkownik mo\u017ce wybra\u0107 z listy dost\u0119pnych rodzaj\u00f3w.<\/p>\n\n\n\n<ul class=\"wp-block-list\"><li><strong>Dwuetapowa akceptacja wniosk\u00f3w urlopowych<\/strong><strong><\/strong><\/li><\/ul>\n\n\n\n<p><br>Parametr umo\u017cliwia w\u0142\u0105czenie trybu dwuetapowej akceptacji wniosk\u00f3w urlopowych. Polega on na tym, \u017ce wnioski musz\u0105 zaakceptowa\u0107 dwie osoby: Kierownik i\/lub Akceptant. Je\u017celi parametr nie jest w\u0142\u0105czony, aktywny jest tryb jednoetapowej akceptacji wniosk\u00f3w, gdzie do akceptacji wniosku wymagana jest zgoda jedynie Kierownika.<\/p>\n\n\n\n<ul class=\"wp-block-list\"><li><strong>Zatwierdzenie Akceptanta mo\u017cliwe tylko po zatwierdzeniu wniosk\u00f3w urlopowych przez Kierownika. <\/strong><strong><\/strong><\/li><\/ul>\n\n\n\n<p>Parametr zarz\u0105dza dwoma trybami dwuetapowej akceptacji wniosk\u00f3w urlopowych:<br>&#8211; je\u017celi wy\u0142\u0105czony, aktywuje si\u0119 tryb niezale\u017cnej akceptacji, polegaj\u0105cy na tym, \u017ce Akceptant niezale\u017cnie od decyzji Kierownika mo\u017ce zatwierdzi\u0107 wniosek.<\/p>\n\n\n\n<p><br>&#8211; Je\u017celi w\u0142\u0105czony, aktywuje si\u0119 tryb zale\u017cnej akceptacji, polegaj\u0105cy na tym, \u017ce Akceptant mo\u017ce zatwierdzi\u0107 wniosek tylko wtedy, gdy zaakceptowa\u0142 go Kierownik.<\/p>\n\n\n\n<p>Parametry listy obecno\u015bci<\/p>\n\n\n\n<ul class=\"wp-block-list\"><li><strong>Czy pokazywa\u0107 czas planowanej pracy na wydruku listy obecno\u015bci<\/strong><strong><\/strong><\/li><\/ul>\n\n\n\n<p>Parametr okre\u015bla czy na wydruku listy obecno\u015bci pracownika obok czasu rzeczywistego, ma by\u0107 r\u00f3wnie\u017c drukowany czas planowanego wej\u015bcia i wyj\u015bcia z pracy.<\/p>\n\n\n\n<p>Parametry zabezpiecze\u0144<\/p>\n\n\n\n<ul class=\"wp-block-list\"><li><strong>Czas w sekundach do automatycznego wylogowania<\/strong><strong><\/strong><\/li><\/ul>\n\n\n\n<p>Parametr okre\u015bla po jakim czasie bezczynno\u015bci podawanym w sekundach, ma nast\u0105pi\u0107 automatyczne wylogowanie u\u017cytkownika. Minimalny czas jaki mo\u017cna poda\u0107 to 60 sekund.<br><br><\/p>\n\n\n\n<ul class=\"wp-block-list\"><li><strong>Czy pokazywa\u0107 czas do automatycznego wylogowania u\u017cytkownika<\/strong><strong><\/strong><\/li><\/ul>\n\n\n\n<p>Parametr okre\u015bla czy w nag\u0142\u00f3wku ekranu ma si\u0119 pojawi\u0107 licznik pokazuj\u0105cy czas pozosta\u0142y do automatycznego wylogowania u\u017cytkownika.<\/p>\n\n\n\n<p><br>Na pulpicie administratora wy\u015bwietlane s\u0105 kafelki, zawieraj\u0105ce istotne informacje zwi\u0105zane z licencj\u0105 aplikacji:<\/p>\n\n\n<div class=\"wp-block-image\">\n<figure class=\"aligncenter size-full\"><img loading=\"lazy\" decoding=\"async\" width=\"651\" height=\"89\" src=\"https:\/\/raks.pl\/pomoc\/wp-content\/uploads\/2022\/09\/2.png\" alt=\"\" class=\"wp-image-3949\" srcset=\"https:\/\/raks.pl\/pomoc\/wp-content\/uploads\/2022\/09\/2.png 651w, https:\/\/raks.pl\/pomoc\/wp-content\/uploads\/2022\/09\/2-300x41.png 300w\" sizes=\"auto, (max-width: 651px) 100vw, 651px\" \/><\/figure>\n<\/div>\n\n\n<ul class=\"wp-block-list\"><li>Identyfikator licencji \u2013 unikalny identyfikator zainstalowanej aplikacji, potrzebny do otrzymania kodu licencyjnego.<\/li><li>Firmy licencje \u2013 licznik u\u017cytych i dost\u0119pnych licencji na ilo\u015b\u0107 firm.<\/li><li>U\u017cytkownicy licencje \u2013 licznik u\u017cytych i dost\u0119pnych licencji na ilo\u015b\u0107 u\u017cytkownik\u00f3w.<\/li><\/ul>\n","protected":false},"excerpt":{"rendered":"<p>Aplikacj\u0119 E-Pracownik mo\u017cna dostosowywa\u0107 do w\u0142asnych potrzeb poprzez zmian\u0119 parametr\u00f3w administracyjnych. Okno parametr\u00f3w dost\u0119pne jest na Pasku nawigacyjnym lub Menu po klikni\u0119ciu odno\u015bnika \u201eParametry\u201d. Na ekranie wy\u015bwietlona zostanie lista wszystkich dost\u0119pnych ustawie\u0144 aplikacji: Parametry kierownika: Dodawanie\/zmiana wniosk\u00f3w urlopowych pracownik\u00f3w przez Kierownika Parametr okre\u015bla czy Kierownik mo\u017ce dodawa\u0107 oraz edytowa\u0107 wnioski urlopowe za swoich podw\u0142adnych. Opcja [&hellip;]<\/p>\n","protected":false},"author":2,"featured_media":0,"parent":3874,"menu_order":2,"comment_status":"closed","ping_status":"closed","template":"","meta":{"_acf_changed":false,"footnotes":""},"class_list":["post-3947","page","type-page","status-publish","hentry"],"acf":[],"_links":{"self":[{"href":"https:\/\/raks.pl\/pomoc\/wp-json\/wp\/v2\/pages\/3947","targetHints":{"allow":["GET"]}}],"collection":[{"href":"https:\/\/raks.pl\/pomoc\/wp-json\/wp\/v2\/pages"}],"about":[{"href":"https:\/\/raks.pl\/pomoc\/wp-json\/wp\/v2\/types\/page"}],"author":[{"embeddable":true,"href":"https:\/\/raks.pl\/pomoc\/wp-json\/wp\/v2\/users\/2"}],"replies":[{"embeddable":true,"href":"https:\/\/raks.pl\/pomoc\/wp-json\/wp\/v2\/comments?post=3947"}],"version-history":[{"count":1,"href":"https:\/\/raks.pl\/pomoc\/wp-json\/wp\/v2\/pages\/3947\/revisions"}],"predecessor-version":[{"id":3950,"href":"https:\/\/raks.pl\/pomoc\/wp-json\/wp\/v2\/pages\/3947\/revisions\/3950"}],"up":[{"embeddable":true,"href":"https:\/\/raks.pl\/pomoc\/wp-json\/wp\/v2\/pages\/3874"}],"wp:attachment":[{"href":"https:\/\/raks.pl\/pomoc\/wp-json\/wp\/v2\/media?parent=3947"}],"curies":[{"name":"wp","href":"https:\/\/api.w.org\/{rel}","templated":true}]}}