{"id":3952,"date":"2022-09-07T14:48:42","date_gmt":"2022-09-07T12:48:42","guid":{"rendered":"https:\/\/raks.pl\/pomoc\/?page_id=3952"},"modified":"2022-10-05T14:47:55","modified_gmt":"2022-10-05T12:47:55","slug":"e-pracownik","status":"publish","type":"page","link":"https:\/\/raks.pl\/pomoc\/przepisy-kadry\/e-pracownik\/","title":{"rendered":"E-Pracownik"},"content":{"rendered":"\n<p>E-Pracownik jest aplikacj\u0105 webow\u0105, przeznaczon\u0105 do zarz\u0105dzania i obs\u0142ugi wniosk\u00f3w urlopowych pracownik\u00f3w zatrudnionych w firmie. Dzi\u0119ki pracy w intranecie lub internecie umo\u017cliwia sk\u0142adanie wniosk\u00f3w online oraz pe\u0142n\u0105 ich obs\u0142ug\u0119 w\u0142\u0105cznie z mo\u017cliwo\u015bci\u0105 importu do systemu RAKSSQL &#8211; modu\u0142 Kadry i P\u0142ace. Aplikacja przystosowana jest do zarz\u0105dzania jedn\u0105 lub wieloma firmami jednocze\u015bnie. Umo\u017cliwia tym samym obs\u0142ug\u0119 pracownik\u00f3w przez Biuro Rachunkowe.<\/p>\n\n\n<p>Do jej g\u0142\u00f3wnych cech mo\u017cna zaliczy\u0107:<\/p>\n<ul>\n<li>Skalowalny interfejs u\u017cytkownika, widoczny doskonale zar\u00f3wno na monitorze komputera stacjonarnego jak i na ekranie smartfona,<\/li>\n<li>Obs\u0142uga wielu firm jednocze\u015bnie,<\/li>\n<li>Integracja z systemem RAKSSQL,<\/li>\n<li>Podzia\u0142 u\u017cytkownik\u00f3w aplikacji na role: Administrator, Ksi\u0119gowa, Kadrowa, Akceptant, Kierownik, Pracownik,<\/li>\n<li>Mo\u017cliwo\u015b\u0107 sk\u0142adania przez pracownik\u00f3w wniosk\u00f3w o urlop wypoczynkowy, urlop na \u017c\u0105danie, opiek\u0119 nad dzieckiem, urlop okoliczno\u015bciowy oraz urlop bezp\u0142atny,<\/li>\n<li>Wydruk wniosku urlopowego,<\/li>\n<li>Pe\u0142na informacja dotycz\u0105ca wymiaru urlopu oraz kontrola wykorzystania, w\u0142\u0105cznie z urlopami zaleg\u0142ymi,<\/li>\n<li>Zarz\u0105dzanie wnioskami: akceptacja, odrzucenie, anulowanie, import do systemu RAKSSQL,<\/li>\n<li>Rozbudowana struktura hierarchii kierownik\u00f3w i podw\u0142adnych z mo\u017cliwo\u015bci\u0105 dowolnej konfiguracji,<\/li>\n<li>Jednoetapowa lub dwuetapowa akceptacja wniosk\u00f3w z mo\u017cliwo\u015bci\u0105 zdefiniowania roli dodatkowego akceptanta,<\/li>\n<li>Synchronizacja danych o urlopach z systemem RAKSSQL,<\/li>\n<li>Grafik w formie kalendarza z naniesionymi informacjami o planowanych lub wykorzystanych urlopach lub innych absencjach,<\/li>\n<li>Lista obecno\u015bci z mo\u017cliwo\u015bci\u0105 rejestrowania przez pracownik\u00f3w godziny przyj\u015bcia i wyj\u015bcia z pracy oraz okre\u015blenia trybu pracy: praca stacjonarna, zdalna lub delegacja,<\/li>\n<li>Dost\u0119p pracownik\u00f3w do podstawowych informacji o w\u0142asnej umowie oraz wydruk paska wynagrodze\u0144,<\/li>\n<li>Rozbudowany system powiadomie\u0144 o zdarzeniach zarejestrowanych w aplikacji poprzez korespondencj\u0119 e-mail.<\/li>\n<\/ul>\n<p><strong>Spis tre\u015bci<\/strong><\/p>\n<ol>\n<li><a href=\"https:\/\/raks.pl\/pomoc\/przepisy-kadry\/e-pracownik\/wymagania-techniczne\/\">Wymagania techniczne<\/a><\/li>\n<li><a href=\"https:\/\/raks.pl\/pomoc\/przepisy-kadry\/e-pracownik\/instalacja-aplikacji\/\">Instalacja aplikacji<\/a>\n<ol>\n<li><a href=\"https:\/\/raks.pl\/pomoc\/przepisy-kadry\/e-pracownik\/instalacja-aplikacji\/informacje-ogolne\/\">Informacje og\u00f3lne<\/a><\/li>\n<li><a href=\"https:\/\/raks.pl\/pomoc\/przepisy-kadry\/e-pracownik\/instalacja-aplikacji\/przyklad-instalacji-i-aktualizacji\/\">Przyk\u0142ad instalacji i aktualizacji<\/a><\/li>\n<li><a href=\"https:\/\/raks.pl\/pomoc\/przepisy-kadry\/e-pracownik\/instalacja-aplikacji\/%ef%bf%bcaktualizacja-aplikacji-e-pracownik\/\">Aktualizacja aplikacji E-Pracownik<\/a>\n<ol>\n<li><a href=\"https:\/\/raks.pl\/pomoc\/przepisy-kadry\/e-pracownik\/instalacja-aplikacji\/%ef%bf%bcaktualizacja-aplikacji-e-pracownik\/odinstalowywanie-poprzedniej-wersji-xampp\/\">Odinstalowywanie poprzedniej wersji XAMPP<\/a><\/li>\n<li><a href=\"https:\/\/raks.pl\/pomoc\/przepisy-kadry\/e-pracownik\/instalacja-aplikacji\/%ef%bf%bcaktualizacja-aplikacji-e-pracownik\/instalowanie-nowej-wersji-xampp\/\">Instalowanie nowej wersji XAMPP<\/a><\/li>\n<li><a href=\"https:\/\/raks.pl\/pomoc\/przepisy-kadry\/e-pracownik\/instalacja-aplikacji\/%ef%bf%bcaktualizacja-aplikacji-e-pracownik\/konfiguracja-encodera-php\/\">Konfiguracja enkodera PHP<\/a><\/li>\n<li><a href=\"https:\/\/raks.pl\/pomoc\/przepisy-kadry\/e-pracownik\/instalacja-aplikacji\/nowa-instalacja-aplikacji-e-pracownik\/instalacja-e-pracownika\/\">Instalacja E-Pracownika<\/a><\/li>\n<\/ol>\n<\/li>\n<li><a href=\"https:\/\/raks.pl\/pomoc\/e-pracownik\/nowa-instalacja-aplikacji-e-pracownik\/\">Nowa instalacja aplikacji E-Pracownik<\/a>\n<ol>\n<li><a href=\"https:\/\/raks.pl\/pomoc\/przepisy-kadry\/e-pracownik\/instalacja-aplikacji\/nowa-instalacja-aplikacji-e-pracownik\/instalacja-bibliotek-vc_redist-x64\/\">Instalacja bibliotek VC_redist.x64<\/a><\/li>\n<li><a href=\"https:\/\/raks.pl\/pomoc\/przepisy-kadry\/e-pracownik\/instalacja-aplikacji\/nowa-instalacja-aplikacji-e-pracownik\/instalacja-serwera-http-apache2-4-x64\/\">Instalacja serwera http Apache2.4 x64<\/a><\/li>\n<li><a href=\"https:\/\/raks.pl\/pomoc\/przepisy-kadry\/e-pracownik\/instalacja-aplikacji\/nowa-instalacja-aplikacji-e-pracownik\/konfiguracja-enkodera-php\/\">Konfiguracja enkodera PHP<\/a><\/li>\n<li><a href=\"https:\/\/raks.pl\/pomoc\/przepisy-kadry\/e-pracownik\/instalacja-aplikacji\/nowa-instalacja-aplikacji-e-pracownik\/instalacja-e-pracownika\/\">Instalacja E-Pracownika<\/a><\/li>\n<\/ol>\n<\/li>\n<\/ol>\n<\/li>\n<li><a href=\"https:\/\/raks.pl\/pomoc\/przepisy-kadry\/e-pracownik\/konfiguracja-i-wdrozenie\/\">Konfiguracja i wdro\u017cenie E-Pracownika<\/a>\n<ol>\n<li><a href=\"https:\/\/raks.pl\/pomoc\/przepisy-kadry\/e-pracownik\/konfiguracja-i-wdrozenie\/zarzadzanie-aplikacja\/\">Zarz\u0105dzanie aplikacj\u0105<\/a><\/li>\n<li><a href=\"https:\/\/raks.pl\/pomoc\/przepisy-kadry\/e-pracownik\/konfiguracja-i-wdrozenie\/przydzielanie-firm-dodawanie-roli-ksiegowej\/\">Przydzielanie firm oraz dodawanie roli Ksi\u0119gowej<\/a><\/li>\n<li><a href=\"https:\/\/raks.pl\/pomoc\/przepisy-kadry\/e-pracownik\/konfiguracja-i-wdrozenie\/parametry-i-informacje-o-aplikacji\/\">Parametry oraz informacje o aplikacji<\/a><\/li>\n<li><a href=\"https:\/\/raks.pl\/pomoc\/przepisy-kadry\/e-pracownik\/konfiguracja-i-wdrozenie\/logowanie-do-programu\/\">Logowanie do E-Pracownika<\/a><\/li>\n<li><a href=\"https:\/\/raks.pl\/pomoc\/przepisy-kadry\/e-pracownik\/konfiguracja-i-wdrozenie\/zarzadzanie-uzytkownikami\/\">Zarz\u0105dzanie u\u017cytkownikami<\/a><\/li>\n<li><a href=\"https:\/\/raks.pl\/pomoc\/przepisy-kadry\/e-pracownik\/konfiguracja-i-wdrozenie\/tworzenie-struktury-organizacyjnej\/\">Tworzenie struktury kierownik\u00f3w i podw\u0142adnych<\/a><\/li>\n<li><a href=\"https:\/\/raks.pl\/pomoc\/przepisy-kadry\/e-pracownik\/konfiguracja-i-wdrozenie\/tworzenie-struktury-akceptantow-i-podwladnych\/\">Tworzenie struktury Akceptant\u00f3w i podw\u0142adnych<\/a><\/li>\n<li><a href=\"https:\/\/raks.pl\/pomoc\/przepisy-kadry\/e-pracownik\/konfiguracja-i-wdrozenie\/zarzadzanie-paskami-wynagrodzen-pracownikow\/\">Zarz\u0105dzanie paskami pracownik\u00f3w (wynagrodze\u0144)<\/a><\/li>\n<\/ol>\n<\/li>\n<li><a href=\"https:\/\/raks.pl\/pomoc\/e-pracownik\/dodawanie-wnioskow-urlopowych-przez-pracownika\/\">Dodawanie wniosk\u00f3w urlopowych przez Pracownika<\/a>\n<ol>\n<li><a href=\"https:\/\/raks.pl\/pomoc\/przepisy-kadry\/e-pracownik\/dodawanie-wnioskow-urlopowych-przez-pracownika\/pulpit-pracownika\/\">Pulpit Pracownika<\/a><\/li>\n<\/ol>\n<\/li>\n<li><a href=\"https:\/\/raks.pl\/pomoc\/e-pracownik\/zarzadzanie-wnioskami-urlopowymi\/\">Zarz\u0105dzanie wnioskami urlopowymi<\/a>\n<ol>\n<li><a href=\"https:\/\/raks.pl\/pomoc\/przepisy-kadry\/e-pracownik\/zarzadzanie-wnioskami-urlopowymi\/kierownik\/\">Kierownik<\/a><\/li>\n<li><a href=\"https:\/\/raks.pl\/pomoc\/przepisy-kadry\/e-pracownik\/zarzadzanie-wnioskami-urlopowymi\/akceptant\/\">Akceptant<\/a><\/li>\n<li><a href=\"https:\/\/raks.pl\/pomoc\/przepisy-kadry\/e-pracownik\/zarzadzanie-wnioskami-urlopowymi\/kadrowa-i-ksiegowa\/\">Kadrowa i Ksi\u0119gowa<\/a><\/li>\n<\/ol>\n<\/li>\n<li><a href=\"https:\/\/raks.pl\/pomoc\/e-pracownik\/lista-obecnosci\/\">Lista obecno\u015bci<\/a><\/li>\n<li><a href=\"https:\/\/raks.pl\/pomoc\/e-pracownik\/grafik-urlopow-i-nieobecnosci\/\">Grafik urlop\u00f3w i obecno\u015bci<\/a><\/li>\n<li><a href=\"https:\/\/raks.pl\/pomoc\/e-pracownik\/pasek-pracownika-wynagrodzenia\/\">Pasek pracownika (wynagrodzenia)<\/a><\/li>\n<li><a href=\"https:\/\/raks.pl\/pomoc\/moduly-dodatkowe-zmiany\/e-pracownik-opis-zmian\/\">Historia wersji<\/a><\/li>\n<\/ol>","protected":false},"excerpt":{"rendered":"<p>E-Pracownik jest aplikacj\u0105 webow\u0105, przeznaczon\u0105 do zarz\u0105dzania i obs\u0142ugi wniosk\u00f3w urlopowych pracownik\u00f3w zatrudnionych w firmie. Dzi\u0119ki pracy w intranecie lub internecie umo\u017cliwia sk\u0142adanie wniosk\u00f3w online oraz pe\u0142n\u0105 ich obs\u0142ug\u0119 w\u0142\u0105cznie z mo\u017cliwo\u015bci\u0105 importu do systemu RAKSSQL &#8211; modu\u0142 Kadry i P\u0142ace. Aplikacja przystosowana jest do zarz\u0105dzania jedn\u0105 lub wieloma firmami jednocze\u015bnie. Umo\u017cliwia tym samym obs\u0142ug\u0119 [&hellip;]<\/p>\n","protected":false},"author":3,"featured_media":0,"parent":3261,"menu_order":0,"comment_status":"closed","ping_status":"closed","template":"","meta":{"_acf_changed":false,"footnotes":""},"class_list":["post-3952","page","type-page","status-publish","hentry"],"acf":[],"_links":{"self":[{"href":"https:\/\/raks.pl\/pomoc\/wp-json\/wp\/v2\/pages\/3952","targetHints":{"allow":["GET"]}}],"collection":[{"href":"https:\/\/raks.pl\/pomoc\/wp-json\/wp\/v2\/pages"}],"about":[{"href":"https:\/\/raks.pl\/pomoc\/wp-json\/wp\/v2\/types\/page"}],"author":[{"embeddable":true,"href":"https:\/\/raks.pl\/pomoc\/wp-json\/wp\/v2\/users\/3"}],"replies":[{"embeddable":true,"href":"https:\/\/raks.pl\/pomoc\/wp-json\/wp\/v2\/comments?post=3952"}],"version-history":[{"count":9,"href":"https:\/\/raks.pl\/pomoc\/wp-json\/wp\/v2\/pages\/3952\/revisions"}],"predecessor-version":[{"id":4514,"href":"https:\/\/raks.pl\/pomoc\/wp-json\/wp\/v2\/pages\/3952\/revisions\/4514"}],"up":[{"embeddable":true,"href":"https:\/\/raks.pl\/pomoc\/wp-json\/wp\/v2\/pages\/3261"}],"wp:attachment":[{"href":"https:\/\/raks.pl\/pomoc\/wp-json\/wp\/v2\/media?parent=3952"}],"curies":[{"name":"wp","href":"https:\/\/api.w.org\/{rel}","templated":true}]}}