{"id":3985,"date":"2022-09-08T11:56:49","date_gmt":"2022-09-08T09:56:49","guid":{"rendered":"https:\/\/raks.pl\/pomoc\/?page_id=3985"},"modified":"2022-10-05T14:50:54","modified_gmt":"2022-10-05T12:50:54","slug":"zarzadzanie-wnioskami-urlopowymi","status":"publish","type":"page","link":"https:\/\/raks.pl\/pomoc\/przepisy-kadry\/e-pracownik\/zarzadzanie-wnioskami-urlopowymi\/","title":{"rendered":"Zarz\u0105dzanie wnioskami urlopowymi"},"content":{"rendered":"<p>Do zarz\u0105dzania wnioskami urlopowymi maj\u0105 dost\u0119p u\u017cytkownicy o nast\u0119puj\u0105cych rolach:<\/p>\n<ul>\n<li><a href=\"https:\/\/raks.pl\/pomoc\/przepisy-kadry\/e-pracownik\/zarzadzanie-wnioskami-urlopowymi\/kierownik\/\">Kierownik,<\/a><\/li>\n<li><a href=\"https:\/\/raks.pl\/pomoc\/przepisy-kadry\/e-pracownik\/zarzadzanie-wnioskami-urlopowymi\/akceptant\/\">Akceptant,<\/a><\/li>\n<li><a href=\"https:\/\/raks.pl\/pomoc\/przepisy-kadry\/e-pracownik\/zarzadzanie-wnioskami-urlopowymi\/kadrowa-i-ksiegowa\/\">Kadrowa i Ksi\u0119gowa.<\/a><\/li>\n<\/ul>\n","protected":false},"excerpt":{"rendered":"<p>Do zarz\u0105dzania wnioskami urlopowymi maj\u0105 dost\u0119p u\u017cytkownicy o nast\u0119puj\u0105cych rolach: Kierownik, Akceptant, Kadrowa i Ksi\u0119gowa.<\/p>\n","protected":false},"author":3,"featured_media":0,"parent":3952,"menu_order":4,"comment_status":"closed","ping_status":"closed","template":"","meta":{"_acf_changed":false,"footnotes":""},"class_list":["post-3985","page","type-page","status-publish","hentry"],"acf":[],"_links":{"self":[{"href":"https:\/\/raks.pl\/pomoc\/wp-json\/wp\/v2\/pages\/3985","targetHints":{"allow":["GET"]}}],"collection":[{"href":"https:\/\/raks.pl\/pomoc\/wp-json\/wp\/v2\/pages"}],"about":[{"href":"https:\/\/raks.pl\/pomoc\/wp-json\/wp\/v2\/types\/page"}],"author":[{"embeddable":true,"href":"https:\/\/raks.pl\/pomoc\/wp-json\/wp\/v2\/users\/3"}],"replies":[{"embeddable":true,"href":"https:\/\/raks.pl\/pomoc\/wp-json\/wp\/v2\/comments?post=3985"}],"version-history":[{"count":3,"href":"https:\/\/raks.pl\/pomoc\/wp-json\/wp\/v2\/pages\/3985\/revisions"}],"predecessor-version":[{"id":4515,"href":"https:\/\/raks.pl\/pomoc\/wp-json\/wp\/v2\/pages\/3985\/revisions\/4515"}],"up":[{"embeddable":true,"href":"https:\/\/raks.pl\/pomoc\/wp-json\/wp\/v2\/pages\/3952"}],"wp:attachment":[{"href":"https:\/\/raks.pl\/pomoc\/wp-json\/wp\/v2\/media?parent=3985"}],"curies":[{"name":"wp","href":"https:\/\/api.w.org\/{rel}","templated":true}]}}