{"id":3995,"date":"2022-09-08T12:05:50","date_gmt":"2022-09-08T10:05:50","guid":{"rendered":"https:\/\/raks.pl\/pomoc\/?page_id=3995"},"modified":"2022-09-12T11:54:22","modified_gmt":"2022-09-12T09:54:22","slug":"akceptant","status":"publish","type":"page","link":"https:\/\/raks.pl\/pomoc\/przepisy-kadry\/e-pracownik\/zarzadzanie-wnioskami-urlopowymi\/akceptant\/","title":{"rendered":"Akceptant"},"content":{"rendered":"\n<p>U\u017cytkownik z rol\u0105 Akceptanta zatwierdza lub odrzuca wnioski urlopowe przydzielonym do niego Pracownikom. Po zalogowaniu i wybraniu funkcji \u201eWnioski urlopowe pracownik\u00f3w\u201d zobaczy na ekranie aplikacji list\u0119 wniosk\u00f3w oczekuj\u0105cych na akceptacj\u0119.<\/p>\n\n\n\n<p class=\"has-text-align-center\"><img loading=\"lazy\" decoding=\"async\" width=\"600\" height=\"297\" class=\"wp-image-4215\" style=\"width: 600px;\" src=\"https:\/\/raks.pl\/pomoc\/wp-content\/uploads\/2022\/09\/6.2.1-1.png\" alt=\"\" srcset=\"https:\/\/raks.pl\/pomoc\/wp-content\/uploads\/2022\/09\/6.2.1-1.png 661w, https:\/\/raks.pl\/pomoc\/wp-content\/uploads\/2022\/09\/6.2.1-1-300x148.png 300w\" sizes=\"auto, (max-width: 600px) 100vw, 600px\" \/><br><em>Wnioski oczekuj\u0105ce na akceptacj\u0119<\/em><\/p>\n\n\n\n<p>Nad list\u0105 oczekuj\u0105cych wniosk\u00f3w znajduj\u0105 si\u0119 parametry umo\u017cliwiaj\u0105ce wyb\u00f3r roku, z kt\u00f3rego maja by\u0107 wy\u015bwietlane wnioski oraz filtr umo\u017cliwiaj\u0105cy wy\u015bwietlenie wniosk\u00f3w wg ich statusu. Akceptant mo\u017ce zobaczy\u0107 list\u0119 wniosk\u00f3w do zaakceptowania, wnioski odrzucone, wnioski zatwierdzone oraz wnioski zaimportowane do RAKSSQL.<\/p>\n\n\n\n<p>Lista zawiera nast\u0119puj\u0105ce dane:<\/p>\n\n\n\n<ul class=\"wp-block-list\"><li>Imi\u0119 i nazwisko pracownika<\/li><li>Od \u2013 data pocz\u0105tku urlopu<\/li><li>Do \u2013 data ko\u0144ca urlopu<\/li><li>Rodzaj urlopu<\/li><li>D\u0142ugo\u015b\u0107 urlopu<\/li><li>Data wystawienia wniosku urlopowego<\/li><li>Status Kierownika<\/li><li>Status Akceptanta<\/li><\/ul>\n\n\n\n<p>Akceptant zatwierdza wnioski w dw\u00f3ch procedurach w zale\u017cno\u015bci od ustawie\u0144 aplikacji<\/p>\n\n\n\n<ul class=\"wp-block-list\"><li><strong>Dwuetapowa akceptacja Wniosk\u00f3w \u2013 tryb niezale\u017cny.<\/strong><\/li><\/ul>\n\n\n\n<p>W dwuetapowej akceptacji wniosk\u00f3w tryb niezale\u017cny wyst\u0119puje wtedy, gdy nie jest w parametrach aplikacji w\u0142\u0105czona opcja: \u201eZatwierdzanie Akceptanta mo\u017cliwe tylko po zatwierdzeniu wniosku urlopowego przez Kierownika\u201d.<\/p>\n\n\n\n<p>Tryb niezale\u017cny powoduje, \u017ce decyzje Akceptanta s\u0105 ostateczne i niezale\u017cne od decyzji Kierownika. Kierownik w tym trybie pe\u0142ni jedynie rol\u0119 pomocnicz\u0105, rekomenduje rodzaj decyzji jak\u0105 mo\u017ce podj\u0105\u0107 Akceptant.<\/p>\n\n\n\n<ul class=\"wp-block-list\"><li><strong>Dwuetapowa akceptacja Wniosk\u00f3w \u2013 tryb zale\u017cny.<\/strong><\/li><\/ul>\n\n\n\n<p>W dwuetapowej akceptacji wniosk\u00f3w tryb zale\u017cny wyst\u0119puje wtedy, gdy jest w parametrach aplikacji w\u0142\u0105czona opcja: \u201eZatwierdzanie Akceptanta mo\u017cliwe tylko po zatwierdzeniu wniosku urlopowego przez Kierownika\u201d.<\/p>\n\n\n\n<p>Tryb zale\u017cny powoduje, \u017ce decyzje Akceptanta s\u0105 zale\u017cne od decyzji Kierownika. Decyzje s\u0105 ostateczne, ale wymagana jest r\u00f3wnie\u017c decyzja Kierownika. Akceptant nie mo\u017ce odrzuci\u0107 ani zaakceptowa\u0107 wniosku bez zgody Kierownika.<\/p>\n","protected":false},"excerpt":{"rendered":"<p>U\u017cytkownik z rol\u0105 Akceptanta zatwierdza lub odrzuca wnioski urlopowe przydzielonym do niego Pracownikom. Po zalogowaniu i wybraniu funkcji \u201eWnioski urlopowe pracownik\u00f3w\u201d zobaczy na ekranie aplikacji list\u0119 wniosk\u00f3w oczekuj\u0105cych na akceptacj\u0119. Wnioski oczekuj\u0105ce na akceptacj\u0119 Nad list\u0105 oczekuj\u0105cych wniosk\u00f3w znajduj\u0105 si\u0119 parametry umo\u017cliwiaj\u0105ce wyb\u00f3r roku, z kt\u00f3rego maja by\u0107 wy\u015bwietlane wnioski oraz filtr umo\u017cliwiaj\u0105cy wy\u015bwietlenie wniosk\u00f3w [&hellip;]<\/p>\n","protected":false},"author":3,"featured_media":0,"parent":3985,"menu_order":1,"comment_status":"closed","ping_status":"closed","template":"","meta":{"_acf_changed":false,"footnotes":""},"class_list":["post-3995","page","type-page","status-publish","hentry"],"acf":[],"_links":{"self":[{"href":"https:\/\/raks.pl\/pomoc\/wp-json\/wp\/v2\/pages\/3995","targetHints":{"allow":["GET"]}}],"collection":[{"href":"https:\/\/raks.pl\/pomoc\/wp-json\/wp\/v2\/pages"}],"about":[{"href":"https:\/\/raks.pl\/pomoc\/wp-json\/wp\/v2\/types\/page"}],"author":[{"embeddable":true,"href":"https:\/\/raks.pl\/pomoc\/wp-json\/wp\/v2\/users\/3"}],"replies":[{"embeddable":true,"href":"https:\/\/raks.pl\/pomoc\/wp-json\/wp\/v2\/comments?post=3995"}],"version-history":[{"count":3,"href":"https:\/\/raks.pl\/pomoc\/wp-json\/wp\/v2\/pages\/3995\/revisions"}],"predecessor-version":[{"id":4216,"href":"https:\/\/raks.pl\/pomoc\/wp-json\/wp\/v2\/pages\/3995\/revisions\/4216"}],"up":[{"embeddable":true,"href":"https:\/\/raks.pl\/pomoc\/wp-json\/wp\/v2\/pages\/3985"}],"wp:attachment":[{"href":"https:\/\/raks.pl\/pomoc\/wp-json\/wp\/v2\/media?parent=3995"}],"curies":[{"name":"wp","href":"https:\/\/api.w.org\/{rel}","templated":true}]}}