{"id":4017,"date":"2022-09-08T12:25:56","date_gmt":"2022-09-08T10:25:56","guid":{"rendered":"https:\/\/raks.pl\/pomoc\/?page_id=4017"},"modified":"2022-09-12T11:41:07","modified_gmt":"2022-09-12T09:41:07","slug":"pasek-pracownika-wynagrodzenia","status":"publish","type":"page","link":"https:\/\/raks.pl\/pomoc\/przepisy-kadry\/e-pracownik\/pasek-pracownika-wynagrodzenia\/","title":{"rendered":"Pasek pracownika (wynagrodzenia)"},"content":{"rendered":"\n<p>Pracownik zarejestrowany w E-Pracowniku ma mo\u017cliwo\u015b\u0107 podgl\u0105du warto\u015bci swojego wynagrodzenia i wszystkich sk\u0142adnik\u00f3w z nim zwi\u0105zanych. Zestawienie tych danych popularnie nazywane jest paskiem wynagrodze\u0144. Pracownik mo\u017ce dowolnie komponowa\u0107 zawarto\u015b\u0107 swojego paska dodaj\u0105c lub ujmuj\u0105c z niego sk\u0142adniki wynagrodzenia. Aby uruchomi\u0107 t\u0105 funkcjonalno\u015b\u0107 nale\u017cy wybra\u0107 z poziomu Menu funkcj\u0119 \u201ePasek wynagrodzenia\u201d. Klikni\u0119cie na tej opcji spowoduje wy\u015bwietlenie na ekranie okna zawieraj\u0105cego list\u0119 domy\u015blnych sk\u0142adnik\u00f3w wynagrodzenia oraz ich warto\u015bci. Lista domy\u015blnych sk\u0142adnik\u00f3w definiowana jest w funkcji \u201ePaski pracownik\u00f3w\u201d dost\u0119pnej dla Kadrowej i Ksi\u0119gowej. &nbsp;<\/p>\n\n\n\n<p>Aby doda\u0107 sk\u0142adnik nale\u017cy klikn\u0105\u0107 na przycisku \u201eDodaj Sk\u0142adnik\u201d.<\/p>\n\n\n\n<p class=\"has-text-align-center\"><img loading=\"lazy\" decoding=\"async\" width=\"600\" height=\"296\" class=\"wp-image-4018\" style=\"width: 600px;\" src=\"https:\/\/raks.pl\/pomoc\/wp-content\/uploads\/2022\/09\/9.1.png\" alt=\"\" srcset=\"https:\/\/raks.pl\/pomoc\/wp-content\/uploads\/2022\/09\/9.1.png 581w, https:\/\/raks.pl\/pomoc\/wp-content\/uploads\/2022\/09\/9.1-300x148.png 300w\" sizes=\"auto, (max-width: 600px) 100vw, 600px\" \/><br><em>Definiowanie paska wynagrodze\u0144<\/em><\/p>\n\n\n\n<p>Pojawi si\u0119 okno, na kt\u00f3rym zostanie wy\u015bwietlona lista dost\u0119pnych do wyboru sk\u0142adnik\u00f3w wynagrodzenia. Nale\u017cy zaznaczy\u0107 sk\u0142adnik, a nast\u0119pnie klikn\u0105\u0107 na przycisku \u201eDodaj zaznaczone sk\u0142adniki\u201d.<\/p>\n\n\n\n<p class=\"has-text-align-center\"><img loading=\"lazy\" decoding=\"async\" width=\"300\" height=\"498\" class=\"wp-image-4019\" style=\"width: 300px;\" src=\"https:\/\/raks.pl\/pomoc\/wp-content\/uploads\/2022\/09\/9.2.png\" alt=\"\" srcset=\"https:\/\/raks.pl\/pomoc\/wp-content\/uploads\/2022\/09\/9.2.png 498w, https:\/\/raks.pl\/pomoc\/wp-content\/uploads\/2022\/09\/9.2-181x300.png 181w\" sizes=\"auto, (max-width: 300px) 100vw, 300px\" \/><br><em>Definiowanie paska wynagrodze\u0144<\/em><\/p>\n\n\n\n<p><br>Wybrane sk\u0142adniki pojawi\u0105 si\u0119 na li\u015bcie zawarto\u015bci paska wynagrodze\u0144. Pracownik mo\u017ce zmieni\u0107 kolejno\u015b\u0107 sk\u0142adnik\u00f3w, wydrukowa\u0107 pasek lub usun\u0105\u0107 dowolny sk\u0142adnik. Istnieje te\u017c mo\u017cliwo\u015b\u0107 przywr\u00f3cenia domy\u015blnego wygl\u0105du paska poprzez klikni\u0119cie przycisku \u201ePrzypisz domy\u015bln\u0105 list\u0119 sk\u0142adnik\u00f3w\u201d.<br>Pracownik mo\u017ce obejrze\u0107 sk\u0142adniki wynagrodzenia dla wybranej umowy oraz dla wybranego okresu p\u0142atniczego.<\/p>\n\n\n\n<p>Niezale\u017cnie od zawarto\u015bci paska wynagrodze\u0144 pracownik dla ka\u017cdej swojej umowy mo\u017ce podejrze\u0107 \u201eSk\u0142adniki wynagrodzenia\u201d. Funkcjonalno\u015b\u0107 dost\u0119pna jest z poziomu Menu po wywo\u0142aniu funkcji \u201eSk\u0142adniki wynagrodzenia\u201d. Po uruchomieniu na ekranie wy\u015bwietli si\u0119 lista sk\u0142adnik\u00f3w.<\/p>\n","protected":false},"excerpt":{"rendered":"<p>Pracownik zarejestrowany w E-Pracowniku ma mo\u017cliwo\u015b\u0107 podgl\u0105du warto\u015bci swojego wynagrodzenia i wszystkich sk\u0142adnik\u00f3w z nim zwi\u0105zanych. Zestawienie tych danych popularnie nazywane jest paskiem wynagrodze\u0144. Pracownik mo\u017ce dowolnie komponowa\u0107 zawarto\u015b\u0107 swojego paska dodaj\u0105c lub ujmuj\u0105c z niego sk\u0142adniki wynagrodzenia. Aby uruchomi\u0107 t\u0105 funkcjonalno\u015b\u0107 nale\u017cy wybra\u0107 z poziomu Menu funkcj\u0119 \u201ePasek wynagrodzenia\u201d. Klikni\u0119cie na tej opcji spowoduje [&hellip;]<\/p>\n","protected":false},"author":3,"featured_media":0,"parent":3952,"menu_order":7,"comment_status":"closed","ping_status":"closed","template":"","meta":{"_acf_changed":false,"footnotes":""},"class_list":["post-4017","page","type-page","status-publish","hentry"],"acf":[],"_links":{"self":[{"href":"https:\/\/raks.pl\/pomoc\/wp-json\/wp\/v2\/pages\/4017","targetHints":{"allow":["GET"]}}],"collection":[{"href":"https:\/\/raks.pl\/pomoc\/wp-json\/wp\/v2\/pages"}],"about":[{"href":"https:\/\/raks.pl\/pomoc\/wp-json\/wp\/v2\/types\/page"}],"author":[{"embeddable":true,"href":"https:\/\/raks.pl\/pomoc\/wp-json\/wp\/v2\/users\/3"}],"replies":[{"embeddable":true,"href":"https:\/\/raks.pl\/pomoc\/wp-json\/wp\/v2\/comments?post=4017"}],"version-history":[{"count":3,"href":"https:\/\/raks.pl\/pomoc\/wp-json\/wp\/v2\/pages\/4017\/revisions"}],"predecessor-version":[{"id":4222,"href":"https:\/\/raks.pl\/pomoc\/wp-json\/wp\/v2\/pages\/4017\/revisions\/4222"}],"up":[{"embeddable":true,"href":"https:\/\/raks.pl\/pomoc\/wp-json\/wp\/v2\/pages\/3952"}],"wp:attachment":[{"href":"https:\/\/raks.pl\/pomoc\/wp-json\/wp\/v2\/media?parent=4017"}],"curies":[{"name":"wp","href":"https:\/\/api.w.org\/{rel}","templated":true}]}}