{"id":4039,"date":"2022-09-08T13:10:26","date_gmt":"2022-09-08T11:10:26","guid":{"rendered":"https:\/\/raks.pl\/pomoc\/?page_id=4039"},"modified":"2022-09-12T11:53:42","modified_gmt":"2022-09-12T09:53:42","slug":"tworzenie-struktury-akceptantow-i-podwladnych","status":"publish","type":"page","link":"https:\/\/raks.pl\/pomoc\/przepisy-kadry\/e-pracownik\/konfiguracja-i-wdrozenie\/tworzenie-struktury-akceptantow-i-podwladnych\/","title":{"rendered":"Tworzenie struktury akceptant\u00f3w i podw\u0142adnych"},"content":{"rendered":"\n<p>Aplikacja E-Pracownik obs\u0142uguje opcjonalny tryb dwuetapowej akceptacji wniosk\u00f3w urlopowych. Je\u017celi tryb dwuetapowej akceptacji jest w\u0142\u0105czony, nale\u017cy zdefiniowa\u0107 struktur\u0119 zale\u017cno\u015bci mi\u0119dzy Akceptantami, a pracownikami. Zale\u017cno\u015b\u0107 ta okre\u015bla, kt\u00f3ry Akceptant zatwierdza wnioski urlopowe pracownikom. W aplikacji mo\u017cna zdefiniowa\u0107 dowoln\u0105 ilo\u015b\u0107 u\u017cytkownik\u00f3w z rol\u0105 Akceptanta. Ka\u017cdemu z zdefiniowanych Akceptant\u00f3w mo\u017cna przydzieli\u0107 dowoln\u0105 ilo\u015b\u0107 pracownik\u00f3w. Pracownicy mog\u0105 by\u0107 przydzielani do r\u00f3\u017cnych Akceptant\u00f3w jednocze\u015bnie. W dwuetapowym trybie akceptacji wniosk\u00f3w urlopowych Akceptant akceptuje wnioski tylko przydzielonym mu pracownikom.<\/p>\n\n\n\n<p>Aby stworzy\u0107 struktur\u0119 akceptant\u00f3w, nale\u017cy uruchomi\u0107 funkcj\u0119 \u201eStruktura akceptant\u00f3w\u201d dost\u0119pn\u0105 z poziomu Menu g\u0142\u00f3wnego lub Paska nawigacyjnego na pulpicie \u201eKadry\u201d.<\/p>\n\n\n\n<p>Po uruchomieniu funkcjonalno\u015bci, na ekranie pojawi si\u0119 nast\u0119puj\u0105ca strona:<\/p>\n\n\n<div class=\"wp-block-image\">\n<figure class=\"aligncenter size-full\"><img loading=\"lazy\" decoding=\"async\" width=\"676\" height=\"312\" src=\"https:\/\/raks.pl\/pomoc\/wp-content\/uploads\/2022\/09\/11.png\" alt=\"\" class=\"wp-image-4040\" srcset=\"https:\/\/raks.pl\/pomoc\/wp-content\/uploads\/2022\/09\/11.png 676w, https:\/\/raks.pl\/pomoc\/wp-content\/uploads\/2022\/09\/11-300x138.png 300w\" sizes=\"auto, (max-width: 676px) 100vw, 676px\" \/><figcaption>Struktura akceptant\u00f3w<\/figcaption><\/figure>\n<\/div>\n\n\n<p>Na stronie widoczny jest przycisk umo\u017cliwiaj\u0105cy dodanie (przydzielenie) pracownika do wybranego z listy Akceptanta oraz lista przydzielonych do niego pracownik\u00f3w. Aby przydzieli\u0107 pracownika nale\u017cy najpierw z listy Akceptant\u00f3w wybra\u0107 odpowiedniego u\u017cytkownika, a nast\u0119pnie klikn\u0105\u0107 przycisk \u201eDodaj pracownika\u201d. Na ekranie pojawi si\u0119 nast\u0119puj\u0105ce okno:<\/p>\n\n\n<div class=\"wp-block-image\">\n<figure class=\"aligncenter size-full\"><img loading=\"lazy\" decoding=\"async\" width=\"309\" height=\"251\" src=\"https:\/\/raks.pl\/pomoc\/wp-content\/uploads\/2022\/09\/12.png\" alt=\"\" class=\"wp-image-4042\" srcset=\"https:\/\/raks.pl\/pomoc\/wp-content\/uploads\/2022\/09\/12.png 309w, https:\/\/raks.pl\/pomoc\/wp-content\/uploads\/2022\/09\/12-300x244.png 300w\" sizes=\"auto, (max-width: 309px) 100vw, 309px\" \/><figcaption>Przydzielanie pracownika do Akceptanta<\/figcaption><\/figure>\n<\/div>\n\n\n<p>W oknie zostanie wy\u015bwietlona lista wszystkich zarejestrowanych w E-pracowniku u\u017cytkownik\u00f3w, kt\u00f3rzy nie s\u0105 jeszcze przydzieleni do wybranego wcze\u015bniej Akceptanta. Aby przypisa\u0107 odpowiednich pracownik\u00f3w, nale\u017cy zaznaczy\u0107 pusty kwadrat narysowany przy nazwisku ka\u017cdego z pracownik\u00f3w i nacisn\u0105\u0107 przycisk \u201ePrzypisz zaznaczonych pracownik\u00f3w\u201d.<\/p>\n\n\n\n<p>Zaznaczeni pracownicy pojawi\u0105 si\u0119 na li\u015bcie przypisanych pracownik\u00f3w wybranego wcze\u015bniej Akceptanta. Lista zawiera nast\u0119puj\u0105ce dane:<\/p>\n\n\n\n<ul class=\"wp-block-list\"><li>Nazwisko i imi\u0119 pracownika<\/li><li>E-mail pracownika<\/li><li>Role pracownika<\/li><li>Przycisk \u201eUsu\u0144\u201d umo\u017cliwiaj\u0105cy odpi\u0119cie pracownika od Akceptanta<\/li><\/ul>\n\n\n\n<p>Je\u017celi pracownik nie b\u0119dzie przydzielony do \u017cadnego Akceptanta, a jest w\u0142\u0105czony tryb dwuetapowej akceptacji wniosk\u00f3w urlopowych, to nikt nie b\u0119dzie m\u00f3g\u0142 zatwierdzi\u0107 jego wniosk\u00f3w urlopowych.<\/p>\n","protected":false},"excerpt":{"rendered":"<p>Aplikacja E-Pracownik obs\u0142uguje opcjonalny tryb dwuetapowej akceptacji wniosk\u00f3w urlopowych. Je\u017celi tryb dwuetapowej akceptacji jest w\u0142\u0105czony, nale\u017cy zdefiniowa\u0107 struktur\u0119 zale\u017cno\u015bci mi\u0119dzy Akceptantami, a pracownikami. Zale\u017cno\u015b\u0107 ta okre\u015bla, kt\u00f3ry Akceptant zatwierdza wnioski urlopowe pracownikom. W aplikacji mo\u017cna zdefiniowa\u0107 dowoln\u0105 ilo\u015b\u0107 u\u017cytkownik\u00f3w z rol\u0105 Akceptanta. Ka\u017cdemu z zdefiniowanych Akceptant\u00f3w mo\u017cna przydzieli\u0107 dowoln\u0105 ilo\u015b\u0107 pracownik\u00f3w. Pracownicy mog\u0105 by\u0107 przydzielani [&hellip;]<\/p>\n","protected":false},"author":2,"featured_media":0,"parent":3874,"menu_order":6,"comment_status":"closed","ping_status":"closed","template":"","meta":{"_acf_changed":false,"footnotes":""},"class_list":["post-4039","page","type-page","status-publish","hentry"],"acf":[],"_links":{"self":[{"href":"https:\/\/raks.pl\/pomoc\/wp-json\/wp\/v2\/pages\/4039","targetHints":{"allow":["GET"]}}],"collection":[{"href":"https:\/\/raks.pl\/pomoc\/wp-json\/wp\/v2\/pages"}],"about":[{"href":"https:\/\/raks.pl\/pomoc\/wp-json\/wp\/v2\/types\/page"}],"author":[{"embeddable":true,"href":"https:\/\/raks.pl\/pomoc\/wp-json\/wp\/v2\/users\/2"}],"replies":[{"embeddable":true,"href":"https:\/\/raks.pl\/pomoc\/wp-json\/wp\/v2\/comments?post=4039"}],"version-history":[{"count":1,"href":"https:\/\/raks.pl\/pomoc\/wp-json\/wp\/v2\/pages\/4039\/revisions"}],"predecessor-version":[{"id":4043,"href":"https:\/\/raks.pl\/pomoc\/wp-json\/wp\/v2\/pages\/4039\/revisions\/4043"}],"up":[{"embeddable":true,"href":"https:\/\/raks.pl\/pomoc\/wp-json\/wp\/v2\/pages\/3874"}],"wp:attachment":[{"href":"https:\/\/raks.pl\/pomoc\/wp-json\/wp\/v2\/media?parent=4039"}],"curies":[{"name":"wp","href":"https:\/\/api.w.org\/{rel}","templated":true}]}}