{"id":4088,"date":"2022-09-09T12:50:41","date_gmt":"2022-09-09T10:50:41","guid":{"rendered":"https:\/\/raks.pl\/pomoc\/?page_id=4088"},"modified":"2022-09-12T11:51:37","modified_gmt":"2022-09-12T09:51:37","slug":"informacje-ogolne","status":"publish","type":"page","link":"https:\/\/raks.pl\/pomoc\/przepisy-kadry\/e-pracownik\/instalacja-aplikacji\/informacje-ogolne\/","title":{"rendered":"Informacje og\u00f3lne"},"content":{"rendered":"\n<p>Instalacja aplikacji E-Pracownik przy za\u0142o\u017ceniu, \u017ce spe\u0142niono wszystkie wymagania techniczne, polega na umieszczeniu plik\u00f3w (sk\u0142adowych aplikacji) na serwerze www oraz odpowiednim skonfigurowaniu aplikacji.<\/p>\n\n\n<div class=\"info-gutenberg-block\">\n    <div class=\"content-info-block\" style=\"border-color:#dca80e ; background-color: #dca80e10;\"><p><strong>UWAGA!<br \/>\nPrzed przyst\u0105pieniem do instalacji aplikacji, nale\u017cy wykona\u0107 kopi\u0119 zapasow\u0105 bazy danych RAKSSQL.<\/strong><\/p>\n<\/div>\n<\/div>\n\n\n<p>Klient otrzymuje aplikacj\u0119 w postaci zbioru wszystkich wymaganych plik\u00f3w, spakowanych do formatu zip. Archiwum nale\u017cy wypakowa\u0107, a nast\u0119pnie umie\u015bci\u0107 pliki we w\u0142a\u015bciwym katalogu na serwerze.<br>Miejsce, gdzie pliki maj\u0105 zosta\u0107 umieszczone, zale\u017cy od wykorzystywanego serwera oraz konfiguracji \u015brodowiska klienta.<\/p>\n\n\n\n<p>Je\u017celi aplikacja jest instalowana w innym katalogu ni\u017c g\u0142\u00f3wny katalog serwera, np. w podkatalogu \u201eepracownik\u201d, nale\u017cy zmieni\u0107 wpis w pliku init.php (plik znajduje si\u0119 w g\u0142\u00f3wnym katalogu aplikacji):<\/p>\n\n\n\n<p>Instalacja w g\u0142\u00f3wnym katalogu serwera: <strong><em>define(&#8222;PATH_TO_APPLICATION&#8221;, &#8222;\/&#8221;);<\/em><\/strong><\/p>\n\n\n\n<p>Instalacja w podkatalogu: <strong><em>define(&#8222;PATH_TO_APPLICATION&#8221;, &#8222;\/epracownik\/&#8221;);<\/em><\/strong><\/p>\n\n\n\n<p>Przyk\u0142adowy adres aplikacji w przypadku instalacji w podkatalogu:<br><em>https:\/\/ mojafirma.pl\/<strong>epracownik<\/strong><\/em><\/p>\n\n\n<div class=\"wp-block-image\">\n<figure class=\"aligncenter size-large\"><img loading=\"lazy\" decoding=\"async\" width=\"1024\" height=\"445\" src=\"https:\/\/raks.pl\/pomoc\/wp-content\/uploads\/2022\/09\/1-3-1024x445.png\" alt=\"\" class=\"wp-image-4089\" srcset=\"https:\/\/raks.pl\/pomoc\/wp-content\/uploads\/2022\/09\/1-3-1024x445.png 1024w, https:\/\/raks.pl\/pomoc\/wp-content\/uploads\/2022\/09\/1-3-300x130.png 300w, https:\/\/raks.pl\/pomoc\/wp-content\/uploads\/2022\/09\/1-3-768x334.png 768w, https:\/\/raks.pl\/pomoc\/wp-content\/uploads\/2022\/09\/1-3.png 1069w\" sizes=\"auto, (max-width: 1024px) 100vw, 1024px\" \/><figcaption>Instalacja w innym katalogu<\/figcaption><\/figure>\n<\/div>\n\n\n<p>Nast\u0119pnie nale\u017cy skonfigurowa\u0107 obs\u0142ug\u0119 enkodera PHP, kt\u00f3ry zabezpiecza kod \u017ar\u00f3d\u0142owy aplikacji przed nieautoryzowanymi zmianami. W tym celu uruchamiamy link zgodny z poni\u017cszym wzorem:<\/p>\n\n\n\n<figure class=\"wp-block-embed\"><div class=\"wp-block-embed__wrapper\">\nhttps:\/\/adres_strony_g\u0142\u00f3wnej_aplikacji\/loader-wizard.php\n<\/div><\/figure>\n\n\n\n<p><em>np. https:\/\/epracownik.mojafirma.pl\/loader-wizard.php<\/em><\/p>\n\n\n\n<p>Uruchomiony skrypt weryfikuje \u015brodowisko, w kt\u00f3rym instalujemy aplikacj\u0119 i informuje nas o wymaganym dzia\u0142aniu. Standardowo jeste\u015bmy proszeni o:<\/p>\n\n\n\n<ul class=\"wp-block-list\"><li>Pobranie archiwum zawieraj\u0105cego biblioteki enkodera, odpowiednie dla naszego \u015brodowiska.<\/li><li>Wypakowanie archiwum do odpowiedniej lokalizacji.<\/li><li>Dodanie wpisu w pliku konfiguracyjnym php.<\/li><li>Restart serwera Apache oraz test deszyfrowania.<\/li><\/ul>\n\n\n\n<p>Kolejnym etapem instalacji jest konfiguracja aplikacji. W tym celu nale\u017cy uruchomi\u0107 w przegl\u0105darce internetowej link zgodny z poni\u017cszym wzorem:<br><a href=\"https:\/\/adres_strony_g\u0142\u00f3wnej_aplikacji\/Instaluj.php\">https:\/\/<strong>adres_strony_g\u0142\u00f3wnej_aplikacji<\/strong>\/Instaluj.php<\/a><\/p>\n\n\n\n<p><em>np. https:\/\/epracownik.mojafirma.pl\/Instaluj.php<\/em><\/p>\n\n\n\n<p>Zostaniemy przeniesieni do instalatora, w kt\u00f3rym:<\/p>\n\n\n\n<ul class=\"wp-block-list\"><li>Zdefiniujemy parametry po\u0142\u0105czenia do bazy danych Firebird, wykorzystywanej przez RAKSSQL.<\/li><li>Zdefiniujemy parametry konta pocztowego, s\u0142u\u017c\u0105cego do wysy\u0142ki powiadomie\u0144.<\/li><li>Za\u0142o\u017cymy konto administratora aplikacji.<\/li><\/ul>\n","protected":false},"excerpt":{"rendered":"<p>Instalacja aplikacji E-Pracownik przy za\u0142o\u017ceniu, \u017ce spe\u0142niono wszystkie wymagania techniczne, polega na umieszczeniu plik\u00f3w (sk\u0142adowych aplikacji) na serwerze www oraz odpowiednim skonfigurowaniu aplikacji. Klient otrzymuje aplikacj\u0119 w postaci zbioru wszystkich wymaganych plik\u00f3w, spakowanych do formatu zip. Archiwum nale\u017cy wypakowa\u0107, a nast\u0119pnie umie\u015bci\u0107 pliki we w\u0142a\u015bciwym katalogu na serwerze.Miejsce, gdzie pliki maj\u0105 zosta\u0107 umieszczone, zale\u017cy od [&hellip;]<\/p>\n","protected":false},"author":2,"featured_media":0,"parent":4080,"menu_order":0,"comment_status":"closed","ping_status":"closed","template":"","meta":{"_acf_changed":false,"footnotes":""},"class_list":["post-4088","page","type-page","status-publish","hentry"],"acf":[],"_links":{"self":[{"href":"https:\/\/raks.pl\/pomoc\/wp-json\/wp\/v2\/pages\/4088","targetHints":{"allow":["GET"]}}],"collection":[{"href":"https:\/\/raks.pl\/pomoc\/wp-json\/wp\/v2\/pages"}],"about":[{"href":"https:\/\/raks.pl\/pomoc\/wp-json\/wp\/v2\/types\/page"}],"author":[{"embeddable":true,"href":"https:\/\/raks.pl\/pomoc\/wp-json\/wp\/v2\/users\/2"}],"replies":[{"embeddable":true,"href":"https:\/\/raks.pl\/pomoc\/wp-json\/wp\/v2\/comments?post=4088"}],"version-history":[{"count":1,"href":"https:\/\/raks.pl\/pomoc\/wp-json\/wp\/v2\/pages\/4088\/revisions"}],"predecessor-version":[{"id":4090,"href":"https:\/\/raks.pl\/pomoc\/wp-json\/wp\/v2\/pages\/4088\/revisions\/4090"}],"up":[{"embeddable":true,"href":"https:\/\/raks.pl\/pomoc\/wp-json\/wp\/v2\/pages\/4080"}],"wp:attachment":[{"href":"https:\/\/raks.pl\/pomoc\/wp-json\/wp\/v2\/media?parent=4088"}],"curies":[{"name":"wp","href":"https:\/\/api.w.org\/{rel}","templated":true}]}}