{"id":4095,"date":"2022-09-09T13:00:26","date_gmt":"2022-09-09T11:00:26","guid":{"rendered":"https:\/\/raks.pl\/pomoc\/?page_id=4095"},"modified":"2022-10-18T15:00:54","modified_gmt":"2022-10-18T13:00:54","slug":"%ef%bf%bcaktualizacja-aplikacji-e-pracownik","status":"publish","type":"page","link":"https:\/\/raks.pl\/pomoc\/przepisy-kadry\/e-pracownik\/instalacja-aplikacji\/%ef%bf%bcaktualizacja-aplikacji-e-pracownik\/","title":{"rendered":"Aktualizacja aplikacji"},"content":{"rendered":"\n<p><strong>Aktualizacja aplikacji od wersji 4 lub 4.x wzwy\u017c<\/strong><\/p>\n\n\n\n<p>W przypadku gdy w systemie zainstalowany jest E-Pracownik w wersji 4 lub 4.x, to aktualizacja do kolejnych wy\u017cszych wersji polega na:<\/p>\n\n\n\n<ul class=\"wp-block-list\"><li>Pobraniu &nbsp;najnowszej wersji E-Pracownika ze strony:<\/li><\/ul>\n\n\n\n<p>      <a href=\"https:\/\/raks.pl\/aktualne-wersje\/\">https:\/\/raks.pl\/aktualne-wersje\/<\/a> &#8211;> \u00a0&#8222;<strong>Wi\u0119cej plik\u00f3w do pobrania&#8221; <\/strong>i pobieramy E-Pracownika.<\/p>\n\n\n\n<ul class=\"wp-block-list\"><li>Wypakowaniu plik\u00f3w i przekopiowaniu(nadpisaniu) wszystkich plik\u00f3w nowego E-Pracownika do (w zale\u017cno\u015bci od instalacji) folderu <strong>C:\\Apache24\\htdocs <\/strong>lub<strong> C:\\Xampp\\htdocs<\/strong><\/li><li>Od\u015bwie\u017camy stron\u0119 z E-Pracownikiem<\/li><li>Aktualizacja zako\u0144czona<\/li><\/ul>\n\n\n\n<p><strong>Aktualizacja aplikacji od wersji 3.x i ni\u017cszych<\/strong><\/p>\n\n\n\n<p>Na potrzeby tego scenariusza wykorzystamy:<\/p>\n\n\n\n<ul class=\"wp-block-list\"><li>\u00a0Komputer z systemem Windows 10<\/li><li>\u00a0Aplikacj\u0119 E-Pracownik 4.1<\/li><li>\u00a0Aplikacj\u0119 XAMPP 7.4.29 lub nowsz\u0105<\/li><\/ul>\n\n\n\n<p>Paczka wszystkich plik\u00f3w jest dostarczona wraz z instrukcj\u0105.<\/p>\n\n\n\n<p><br>Wymagane kroki:<\/p>\n\n\n<ol>\n<li><a href=\"https:\/\/raks.pl\/pomoc\/przepisy-kadry\/e-pracownik\/instalacja-aplikacji\/%ef%bf%bcaktualizacja-aplikacji-e-pracownik\/odinstalowywanie-poprzedniej-wersji-xampp\/\">Odinstalowywanie poprzedniej wersji XAMPP<\/a><\/li>\n<li><a href=\"https:\/\/raks.pl\/pomoc\/przepisy-kadry\/e-pracownik\/instalacja-aplikacji\/%ef%bf%bcaktualizacja-aplikacji-e-pracownik\/instalowanie-nowej-wersji-xampp\/\">Instalowanie nowej wersji XAMPP<\/a><\/li>\n<li><a href=\"https:\/\/raks.pl\/pomoc\/przepisy-kadry\/e-pracownik\/instalacja-aplikacji\/%ef%bf%bcaktualizacja-aplikacji-e-pracownik\/konfiguracja-encodera-php\/\">Konfiguracja enkodera PHP<\/a><\/li>\n<li><a href=\"https:\/\/raks.pl\/pomoc\/przepisy-kadry\/e-pracownik\/instalacja-aplikacji\/nowa-instalacja-aplikacji-e-pracownik\/instalacja-e-pracownika\/\">Instalacja E-Pracownika<\/a><\/li>\n<\/ol>","protected":false},"excerpt":{"rendered":"<p>Aktualizacja aplikacji od wersji 4 lub 4.x wzwy\u017c W przypadku gdy w systemie zainstalowany jest E-Pracownik w wersji 4 lub 4.x, to aktualizacja do kolejnych wy\u017cszych wersji polega na: Pobraniu &nbsp;najnowszej wersji E-Pracownika ze strony: https:\/\/raks.pl\/aktualne-wersje\/ &#8211;> \u00a0&#8222;Wi\u0119cej plik\u00f3w do pobrania&#8221; i pobieramy E-Pracownika. Wypakowaniu plik\u00f3w i przekopiowaniu(nadpisaniu) wszystkich plik\u00f3w nowego E-Pracownika do (w zale\u017cno\u015bci [&hellip;]<\/p>\n","protected":false},"author":2,"featured_media":0,"parent":4080,"menu_order":2,"comment_status":"closed","ping_status":"closed","template":"","meta":{"_acf_changed":false,"footnotes":""},"class_list":["post-4095","page","type-page","status-publish","hentry"],"acf":[],"_links":{"self":[{"href":"https:\/\/raks.pl\/pomoc\/wp-json\/wp\/v2\/pages\/4095","targetHints":{"allow":["GET"]}}],"collection":[{"href":"https:\/\/raks.pl\/pomoc\/wp-json\/wp\/v2\/pages"}],"about":[{"href":"https:\/\/raks.pl\/pomoc\/wp-json\/wp\/v2\/types\/page"}],"author":[{"embeddable":true,"href":"https:\/\/raks.pl\/pomoc\/wp-json\/wp\/v2\/users\/2"}],"replies":[{"embeddable":true,"href":"https:\/\/raks.pl\/pomoc\/wp-json\/wp\/v2\/comments?post=4095"}],"version-history":[{"count":6,"href":"https:\/\/raks.pl\/pomoc\/wp-json\/wp\/v2\/pages\/4095\/revisions"}],"predecessor-version":[{"id":4627,"href":"https:\/\/raks.pl\/pomoc\/wp-json\/wp\/v2\/pages\/4095\/revisions\/4627"}],"up":[{"embeddable":true,"href":"https:\/\/raks.pl\/pomoc\/wp-json\/wp\/v2\/pages\/4080"}],"wp:attachment":[{"href":"https:\/\/raks.pl\/pomoc\/wp-json\/wp\/v2\/media?parent=4095"}],"curies":[{"name":"wp","href":"https:\/\/api.w.org\/{rel}","templated":true}]}}