{"id":4097,"date":"2022-09-09T13:04:30","date_gmt":"2022-09-09T11:04:30","guid":{"rendered":"https:\/\/raks.pl\/pomoc\/?page_id=4097"},"modified":"2022-09-12T11:47:52","modified_gmt":"2022-09-12T09:47:52","slug":"odinstalowywanie-poprzedniej-wersji-xampp","status":"publish","type":"page","link":"https:\/\/raks.pl\/pomoc\/przepisy-kadry\/e-pracownik\/instalacja-aplikacji\/%ef%bf%bcaktualizacja-aplikacji-e-pracownik\/odinstalowywanie-poprzedniej-wersji-xampp\/","title":{"rendered":"Odinstalowywanie poprzedniej wersji XAMPP"},"content":{"rendered":"\n<p>Aby zaktualizowa\u0107 aplikacj\u0119 XAMPP do wersji <strong>8.1.6<\/strong> w pierwszej kolejno\u015bci musimy odinstalowa\u0107 obecn\u0105 wersj\u0119.<\/p>\n\n\n\n<p>W tym celu przechodzimy do <strong>Dodaj lub usu\u0144 programy <\/strong>i klikamy <strong>Odinstaluj<\/strong>:<\/p>\n\n\n\n<figure class=\"wp-block-image size-full\"><img loading=\"lazy\" decoding=\"async\" width=\"803\" height=\"498\" src=\"https:\/\/raks.pl\/pomoc\/wp-content\/uploads\/2022\/09\/2-3.png\" alt=\"\" class=\"wp-image-4098\" srcset=\"https:\/\/raks.pl\/pomoc\/wp-content\/uploads\/2022\/09\/2-3.png 803w, https:\/\/raks.pl\/pomoc\/wp-content\/uploads\/2022\/09\/2-3-300x186.png 300w, https:\/\/raks.pl\/pomoc\/wp-content\/uploads\/2022\/09\/2-3-768x476.png 768w\" sizes=\"auto, (max-width: 803px) 100vw, 803px\" \/><figcaption>Odinstalowanie aplikacji XAMPP<\/figcaption><\/figure>\n\n\n\n<p>Nast\u0119pnie zostaniemy zapytani, czy chcemy odinstalowa\u0107 program wraz z modu\u0142ami: <strong>klikamy YES<\/strong><\/p>\n\n\n<div class=\"wp-block-image\">\n<figure class=\"aligncenter size-full\"><img loading=\"lazy\" decoding=\"async\" width=\"456\" height=\"138\" src=\"https:\/\/raks.pl\/pomoc\/wp-content\/uploads\/2022\/09\/3-2.png\" alt=\"\" class=\"wp-image-4099\" srcset=\"https:\/\/raks.pl\/pomoc\/wp-content\/uploads\/2022\/09\/3-2.png 456w, https:\/\/raks.pl\/pomoc\/wp-content\/uploads\/2022\/09\/3-2-300x91.png 300w\" sizes=\"auto, (max-width: 456px) 100vw, 456px\" \/><\/figure>\n<\/div>\n\n\n<p>a tak\u017ce, czy chcemy usun\u0105\u0107 folder C:\\XAMPP: <strong>klikamy YES<\/strong><\/p>\n\n\n<div class=\"wp-block-image\">\n<figure class=\"aligncenter size-full\"><img loading=\"lazy\" decoding=\"async\" width=\"367\" height=\"142\" src=\"https:\/\/raks.pl\/pomoc\/wp-content\/uploads\/2022\/09\/4-2.png\" alt=\"\" class=\"wp-image-4100\" srcset=\"https:\/\/raks.pl\/pomoc\/wp-content\/uploads\/2022\/09\/4-2.png 367w, https:\/\/raks.pl\/pomoc\/wp-content\/uploads\/2022\/09\/4-2-300x116.png 300w\" sizes=\"auto, (max-width: 367px) 100vw, 367px\" \/><\/figure>\n<\/div>","protected":false},"excerpt":{"rendered":"<p>Aby zaktualizowa\u0107 aplikacj\u0119 XAMPP do wersji 8.1.6 w pierwszej kolejno\u015bci musimy odinstalowa\u0107 obecn\u0105 wersj\u0119. W tym celu przechodzimy do Dodaj lub usu\u0144 programy i klikamy Odinstaluj: Nast\u0119pnie zostaniemy zapytani, czy chcemy odinstalowa\u0107 program wraz z modu\u0142ami: klikamy YES a tak\u017ce, czy chcemy usun\u0105\u0107 folder C:\\XAMPP: klikamy YES<\/p>\n","protected":false},"author":2,"featured_media":0,"parent":4095,"menu_order":0,"comment_status":"closed","ping_status":"closed","template":"","meta":{"_acf_changed":false,"footnotes":""},"class_list":["post-4097","page","type-page","status-publish","hentry"],"acf":[],"_links":{"self":[{"href":"https:\/\/raks.pl\/pomoc\/wp-json\/wp\/v2\/pages\/4097","targetHints":{"allow":["GET"]}}],"collection":[{"href":"https:\/\/raks.pl\/pomoc\/wp-json\/wp\/v2\/pages"}],"about":[{"href":"https:\/\/raks.pl\/pomoc\/wp-json\/wp\/v2\/types\/page"}],"author":[{"embeddable":true,"href":"https:\/\/raks.pl\/pomoc\/wp-json\/wp\/v2\/users\/2"}],"replies":[{"embeddable":true,"href":"https:\/\/raks.pl\/pomoc\/wp-json\/wp\/v2\/comments?post=4097"}],"version-history":[{"count":1,"href":"https:\/\/raks.pl\/pomoc\/wp-json\/wp\/v2\/pages\/4097\/revisions"}],"predecessor-version":[{"id":4101,"href":"https:\/\/raks.pl\/pomoc\/wp-json\/wp\/v2\/pages\/4097\/revisions\/4101"}],"up":[{"embeddable":true,"href":"https:\/\/raks.pl\/pomoc\/wp-json\/wp\/v2\/pages\/4095"}],"wp:attachment":[{"href":"https:\/\/raks.pl\/pomoc\/wp-json\/wp\/v2\/media?parent=4097"}],"curies":[{"name":"wp","href":"https:\/\/api.w.org\/{rel}","templated":true}]}}