{"id":4102,"date":"2022-09-09T13:13:07","date_gmt":"2022-09-09T11:13:07","guid":{"rendered":"https:\/\/raks.pl\/pomoc\/?page_id=4102"},"modified":"2022-09-12T11:56:12","modified_gmt":"2022-09-12T09:56:12","slug":"instalowanie-nowej-wersji-xampp","status":"publish","type":"page","link":"https:\/\/raks.pl\/pomoc\/przepisy-kadry\/e-pracownik\/instalacja-aplikacji\/%ef%bf%bcaktualizacja-aplikacji-e-pracownik\/instalowanie-nowej-wersji-xampp\/","title":{"rendered":"Instalowanie nowej wersji\u00a0 XAMPP"},"content":{"rendered":"\n<p>\u00a0W kolejnym kroku instalujemy now\u0105 wersj\u0119 aplikacj\u0119 XAMPP \u2013 komponenty, jakie b\u0119d\u0105 nam potrzebne do uruchomienie aplikacji to serwer Apache oraz PHP (pozosta\u0142e odznaczamy):<\/p>\n\n\n<div class=\"wp-block-image\">\n<figure class=\"aligncenter size-full\"><img loading=\"lazy\" decoding=\"async\" width=\"493\" height=\"419\" src=\"https:\/\/raks.pl\/pomoc\/wp-content\/uploads\/2022\/09\/5-2.png\" alt=\"\" class=\"wp-image-4103\" srcset=\"https:\/\/raks.pl\/pomoc\/wp-content\/uploads\/2022\/09\/5-2.png 493w, https:\/\/raks.pl\/pomoc\/wp-content\/uploads\/2022\/09\/5-2-300x255.png 300w\" sizes=\"auto, (max-width: 493px) 100vw, 493px\" \/><\/figure>\n<\/div>\n\n\n<p>Pozostawiamy domy\u015bln\u0105 \u015bcie\u017ck\u0119 instalacji i przechodzimy dalej:<\/p>\n\n\n<div class=\"wp-block-image\">\n<figure class=\"aligncenter size-full\"><img loading=\"lazy\" decoding=\"async\" width=\"496\" height=\"419\" src=\"https:\/\/raks.pl\/pomoc\/wp-content\/uploads\/2022\/09\/6-2.png\" alt=\"\" class=\"wp-image-4104\" srcset=\"https:\/\/raks.pl\/pomoc\/wp-content\/uploads\/2022\/09\/6-2.png 496w, https:\/\/raks.pl\/pomoc\/wp-content\/uploads\/2022\/09\/6-2-300x253.png 300w\" sizes=\"auto, (max-width: 496px) 100vw, 496px\" \/><\/figure>\n<\/div>\n\n\n<p>Czekamy na zako\u0144czenie instalacji:<\/p>\n\n\n<div class=\"wp-block-image\">\n<figure class=\"aligncenter size-full\"><img loading=\"lazy\" decoding=\"async\" width=\"496\" height=\"419\" src=\"https:\/\/raks.pl\/pomoc\/wp-content\/uploads\/2022\/09\/7-2.png\" alt=\"\" class=\"wp-image-4105\" srcset=\"https:\/\/raks.pl\/pomoc\/wp-content\/uploads\/2022\/09\/7-2.png 496w, https:\/\/raks.pl\/pomoc\/wp-content\/uploads\/2022\/09\/7-2-300x253.png 300w\" sizes=\"auto, (max-width: 496px) 100vw, 496px\" \/><\/figure>\n<\/div>\n\n\n<p>Po zako\u0144czeniu instalacji, zgodnie z domy\u015blnymi ustawieniami, uruchomiony zostanie panel kontrolny XAMPP:<\/p>\n\n\n<div class=\"wp-block-image\">\n<figure class=\"aligncenter size-full\"><img loading=\"lazy\" decoding=\"async\" width=\"494\" height=\"418\" src=\"https:\/\/raks.pl\/pomoc\/wp-content\/uploads\/2022\/09\/8-2.png\" alt=\"\" class=\"wp-image-4106\" srcset=\"https:\/\/raks.pl\/pomoc\/wp-content\/uploads\/2022\/09\/8-2.png 494w, https:\/\/raks.pl\/pomoc\/wp-content\/uploads\/2022\/09\/8-2-300x254.png 300w\" sizes=\"auto, (max-width: 494px) 100vw, 494px\" \/><\/figure>\n<\/div>\n\n<div class=\"wp-block-image\">\n<figure class=\"aligncenter size-full\"><img loading=\"lazy\" decoding=\"async\" width=\"665\" height=\"243\" src=\"https:\/\/raks.pl\/pomoc\/wp-content\/uploads\/2022\/09\/9-2.png\" alt=\"\" class=\"wp-image-4107\" srcset=\"https:\/\/raks.pl\/pomoc\/wp-content\/uploads\/2022\/09\/9-2.png 665w, https:\/\/raks.pl\/pomoc\/wp-content\/uploads\/2022\/09\/9-2-300x110.png 300w\" sizes=\"auto, (max-width: 665px) 100vw, 665px\" \/><\/figure>\n<\/div>\n\n\n<p>Otwieramy lokalizacj\u0119, w kt\u00f3rej zainstalowali\u015bmy XAMPP i przechodzimy do katalogu <strong>htdocs<\/strong>:<\/p>\n\n\n<div class=\"wp-block-image\">\n<figure class=\"aligncenter size-full\"><img loading=\"lazy\" decoding=\"async\" width=\"790\" height=\"335\" src=\"https:\/\/raks.pl\/pomoc\/wp-content\/uploads\/2022\/09\/10-2.png\" alt=\"\" class=\"wp-image-4108\" srcset=\"https:\/\/raks.pl\/pomoc\/wp-content\/uploads\/2022\/09\/10-2.png 790w, https:\/\/raks.pl\/pomoc\/wp-content\/uploads\/2022\/09\/10-2-300x127.png 300w, https:\/\/raks.pl\/pomoc\/wp-content\/uploads\/2022\/09\/10-2-768x326.png 768w\" sizes=\"auto, (max-width: 790px) 100vw, 790px\" \/><\/figure>\n<\/div>\n\n\n<p>Usuwamy domy\u015bln\u0105 zawarto\u015b\u0107 htdocs (nie b\u0119dzie nam potrzebna) i wypakowujemy do katalogu pliki aplikacji E-Pracownik 4.0:<\/p>\n\n\n<div class=\"wp-block-image\">\n<figure class=\"aligncenter size-full\"><img loading=\"lazy\" decoding=\"async\" width=\"787\" height=\"333\" src=\"https:\/\/raks.pl\/pomoc\/wp-content\/uploads\/2022\/09\/11-2.png\" alt=\"\" class=\"wp-image-4109\" srcset=\"https:\/\/raks.pl\/pomoc\/wp-content\/uploads\/2022\/09\/11-2.png 787w, https:\/\/raks.pl\/pomoc\/wp-content\/uploads\/2022\/09\/11-2-300x127.png 300w, https:\/\/raks.pl\/pomoc\/wp-content\/uploads\/2022\/09\/11-2-768x325.png 768w\" sizes=\"auto, (max-width: 787px) 100vw, 787px\" \/><\/figure>\n<\/div>\n\n\n<ul class=\"wp-block-list\"><li>Wracamy do lokalizacji, w kt\u00f3rej zainstalowali\u015bmy XAMPP, przechodzimy do katalogu <strong>php <\/strong>i otwieramy zawarty w nim plik <strong>php.ini<\/strong> za pomoc\u0105 edytora tekstu.<\/li><\/ul>\n\n\n\n<p>W pliku odnajdujemy sekcj\u0119 \u201eModule Settings\u201d i dodajemy w niej nast\u0119puj\u0105ce wpisy:<\/p>\n\n\n\n<p><strong>extension=php_interbase.dll<\/strong><\/p>\n\n\n\n<p><strong>extension=php_openssl.dll<\/strong><\/p>\n\n\n\n<figure class=\"wp-block-image size-full\"><img loading=\"lazy\" decoding=\"async\" width=\"789\" height=\"404\" src=\"https:\/\/raks.pl\/pomoc\/wp-content\/uploads\/2022\/09\/12-2.png\" alt=\"\" class=\"wp-image-4110\" srcset=\"https:\/\/raks.pl\/pomoc\/wp-content\/uploads\/2022\/09\/12-2.png 789w, https:\/\/raks.pl\/pomoc\/wp-content\/uploads\/2022\/09\/12-2-300x154.png 300w, https:\/\/raks.pl\/pomoc\/wp-content\/uploads\/2022\/09\/12-2-768x393.png 768w\" sizes=\"auto, (max-width: 789px) 100vw, 789px\" \/><figcaption>Dodawanie wpisu extension=php_interbase.dll<\/figcaption><\/figure>\n\n\n\n<p>Przechodzimy do panelu kontrolnego XAMPP i uruchamiamy serwer Apache:<\/p>\n\n\n<div class=\"wp-block-image\">\n<figure class=\"aligncenter size-full\"><img loading=\"lazy\" decoding=\"async\" width=\"666\" height=\"246\" src=\"https:\/\/raks.pl\/pomoc\/wp-content\/uploads\/2022\/09\/13-2.png\" alt=\"\" class=\"wp-image-4111\" srcset=\"https:\/\/raks.pl\/pomoc\/wp-content\/uploads\/2022\/09\/13-2.png 666w, https:\/\/raks.pl\/pomoc\/wp-content\/uploads\/2022\/09\/13-2-300x111.png 300w\" sizes=\"auto, (max-width: 666px) 100vw, 666px\" \/><\/figure>\n<\/div>\n\n<div class=\"wp-block-image\">\n<figure class=\"aligncenter size-full\"><img loading=\"lazy\" decoding=\"async\" width=\"664\" height=\"241\" src=\"https:\/\/raks.pl\/pomoc\/wp-content\/uploads\/2022\/09\/14-2.png\" alt=\"\" class=\"wp-image-4112\" srcset=\"https:\/\/raks.pl\/pomoc\/wp-content\/uploads\/2022\/09\/14-2.png 664w, https:\/\/raks.pl\/pomoc\/wp-content\/uploads\/2022\/09\/14-2-300x109.png 300w\" sizes=\"auto, (max-width: 664px) 100vw, 664px\" \/><\/figure>\n<\/div>","protected":false},"excerpt":{"rendered":"<p>\u00a0W kolejnym kroku instalujemy now\u0105 wersj\u0119 aplikacj\u0119 XAMPP \u2013 komponenty, jakie b\u0119d\u0105 nam potrzebne do uruchomienie aplikacji to serwer Apache oraz PHP (pozosta\u0142e odznaczamy): Pozostawiamy domy\u015bln\u0105 \u015bcie\u017ck\u0119 instalacji i przechodzimy dalej: Czekamy na zako\u0144czenie instalacji: Po zako\u0144czeniu instalacji, zgodnie z domy\u015blnymi ustawieniami, uruchomiony zostanie panel kontrolny XAMPP: Otwieramy lokalizacj\u0119, w kt\u00f3rej zainstalowali\u015bmy XAMPP i przechodzimy [&hellip;]<\/p>\n","protected":false},"author":2,"featured_media":0,"parent":4095,"menu_order":1,"comment_status":"closed","ping_status":"closed","template":"","meta":{"_acf_changed":false,"footnotes":""},"class_list":["post-4102","page","type-page","status-publish","hentry"],"acf":[],"_links":{"self":[{"href":"https:\/\/raks.pl\/pomoc\/wp-json\/wp\/v2\/pages\/4102","targetHints":{"allow":["GET"]}}],"collection":[{"href":"https:\/\/raks.pl\/pomoc\/wp-json\/wp\/v2\/pages"}],"about":[{"href":"https:\/\/raks.pl\/pomoc\/wp-json\/wp\/v2\/types\/page"}],"author":[{"embeddable":true,"href":"https:\/\/raks.pl\/pomoc\/wp-json\/wp\/v2\/users\/2"}],"replies":[{"embeddable":true,"href":"https:\/\/raks.pl\/pomoc\/wp-json\/wp\/v2\/comments?post=4102"}],"version-history":[{"count":1,"href":"https:\/\/raks.pl\/pomoc\/wp-json\/wp\/v2\/pages\/4102\/revisions"}],"predecessor-version":[{"id":4113,"href":"https:\/\/raks.pl\/pomoc\/wp-json\/wp\/v2\/pages\/4102\/revisions\/4113"}],"up":[{"embeddable":true,"href":"https:\/\/raks.pl\/pomoc\/wp-json\/wp\/v2\/pages\/4095"}],"wp:attachment":[{"href":"https:\/\/raks.pl\/pomoc\/wp-json\/wp\/v2\/media?parent=4102"}],"curies":[{"name":"wp","href":"https:\/\/api.w.org\/{rel}","templated":true}]}}