{"id":4136,"date":"2022-09-09T16:04:48","date_gmt":"2022-09-09T14:04:48","guid":{"rendered":"https:\/\/raks.pl\/pomoc\/?page_id=4136"},"modified":"2022-10-05T14:53:57","modified_gmt":"2022-10-05T12:53:57","slug":"nowa-instalacja-aplikacji-e-pracownik","status":"publish","type":"page","link":"https:\/\/raks.pl\/pomoc\/przepisy-kadry\/e-pracownik\/instalacja-aplikacji\/nowa-instalacja-aplikacji-e-pracownik\/","title":{"rendered":"Nowa instalacja aplikacji E-Pracownik"},"content":{"rendered":"\n<p>Na potrzeby tego scenariusza wykorzystamy:<\/p>\n\n\n\n<ul class=\"wp-block-list\"><li>&#8211; Komputer z systemem Windows 10 x64<\/li><li>&#8211; Biblioteki VC_redist.x64&nbsp;<img loading=\"lazy\" decoding=\"async\" width=\"119\" height=\"22\" class=\"wp-image-4138\" style=\"width: 119px;\" src=\"https:\/\/raks.pl\/pomoc\/wp-content\/uploads\/2022\/09\/3.41.png\" alt=\"\"><\/li><li>&#8211; Serwer http Apache2.4 x64 <img loading=\"lazy\" decoding=\"async\" width=\"150\" height=\"15\" class=\"wp-image-4139\" style=\"width: 150px;\" src=\"https:\/\/raks.pl\/pomoc\/wp-content\/uploads\/2022\/09\/3.42.png\" alt=\"\">&nbsp;&nbsp;&nbsp;&nbsp;&nbsp;&nbsp;&nbsp;&nbsp;&nbsp;&nbsp;&nbsp;&nbsp;&nbsp;&nbsp;&nbsp; &nbsp; &nbsp;&nbsp;&nbsp;<\/li><li>&#8211; PHP 8.1 x64 <img loading=\"lazy\" decoding=\"async\" width=\"150\" height=\"19\" class=\"wp-image-4140\" style=\"width: 150px;\" src=\"https:\/\/raks.pl\/pomoc\/wp-content\/uploads\/2022\/09\/3.43.png\" alt=\"\"><\/li><li>&#8211; Aplikacj\u0119 E-Pracownik 4.0<\/li><\/ul>\n\n\n\n<p>Paczka powy\u017cszych plik\u00f3w jest dostarczona wraz z instrukcj\u0105.<\/p>\n\n\n\n<p><br>Wymagane kroki:<\/p>\n\n\n<ol>\n<li><a href=\"https:\/\/raks.pl\/pomoc\/przepisy-kadry\/e-pracownik\/instalacja-aplikacji\/nowa-instalacja-aplikacji-e-pracownik\/instalacja-bibliotek-vc_redist-x64\/\">Instalacja bibliotek VC_redist.x64<\/a><\/li>\n<li><a href=\"https:\/\/raks.pl\/pomoc\/przepisy-kadry\/e-pracownik\/instalacja-aplikacji\/nowa-instalacja-aplikacji-e-pracownik\/instalacja-bibliotek-vc_redist-x64\/\">Instalacja serwera http Apache2.4 x64<\/a><\/li>\n<li><a href=\"https:\/\/raks.pl\/pomoc\/przepisy-kadry\/e-pracownik\/instalacja-aplikacji\/nowa-instalacja-aplikacji-e-pracownik\/konfiguracja-enkodera-php\/\">Konfiguracja enkodera PHP<\/a><\/li>\n<li><a href=\"https:\/\/raks.pl\/pomoc\/przepisy-kadry\/e-pracownik\/instalacja-aplikacji\/nowa-instalacja-aplikacji-e-pracownik\/instalacja-e-pracownika\/\">Instalacja E-Pracownika<\/a><\/li>\n<\/ol>","protected":false},"excerpt":{"rendered":"<p>Na potrzeby tego scenariusza wykorzystamy: &#8211; Komputer z systemem Windows 10 x64 &#8211; Biblioteki VC_redist.x64&nbsp; &#8211; Serwer http Apache2.4 x64 &nbsp;&nbsp;&nbsp;&nbsp;&nbsp;&nbsp;&nbsp;&nbsp;&nbsp;&nbsp;&nbsp;&nbsp;&nbsp;&nbsp;&nbsp; &nbsp; &nbsp;&nbsp;&nbsp; &#8211; PHP 8.1 x64 &#8211; Aplikacj\u0119 E-Pracownik 4.0 Paczka powy\u017cszych plik\u00f3w jest dostarczona wraz z instrukcj\u0105. Wymagane kroki: Instalacja bibliotek VC_redist.x64 Instalacja serwera http Apache2.4 x64 Konfiguracja enkodera PHP Instalacja E-Pracownika<\/p>\n","protected":false},"author":3,"featured_media":0,"parent":4080,"menu_order":3,"comment_status":"closed","ping_status":"closed","template":"","meta":{"_acf_changed":false,"footnotes":""},"class_list":["post-4136","page","type-page","status-publish","hentry"],"acf":[],"_links":{"self":[{"href":"https:\/\/raks.pl\/pomoc\/wp-json\/wp\/v2\/pages\/4136","targetHints":{"allow":["GET"]}}],"collection":[{"href":"https:\/\/raks.pl\/pomoc\/wp-json\/wp\/v2\/pages"}],"about":[{"href":"https:\/\/raks.pl\/pomoc\/wp-json\/wp\/v2\/types\/page"}],"author":[{"embeddable":true,"href":"https:\/\/raks.pl\/pomoc\/wp-json\/wp\/v2\/users\/3"}],"replies":[{"embeddable":true,"href":"https:\/\/raks.pl\/pomoc\/wp-json\/wp\/v2\/comments?post=4136"}],"version-history":[{"count":3,"href":"https:\/\/raks.pl\/pomoc\/wp-json\/wp\/v2\/pages\/4136\/revisions"}],"predecessor-version":[{"id":4517,"href":"https:\/\/raks.pl\/pomoc\/wp-json\/wp\/v2\/pages\/4136\/revisions\/4517"}],"up":[{"embeddable":true,"href":"https:\/\/raks.pl\/pomoc\/wp-json\/wp\/v2\/pages\/4080"}],"wp:attachment":[{"href":"https:\/\/raks.pl\/pomoc\/wp-json\/wp\/v2\/media?parent=4136"}],"curies":[{"name":"wp","href":"https:\/\/api.w.org\/{rel}","templated":true}]}}