{"id":4146,"date":"2022-09-09T16:26:28","date_gmt":"2022-09-09T14:26:28","guid":{"rendered":"https:\/\/raks.pl\/pomoc\/?page_id=4146"},"modified":"2022-12-20T16:22:00","modified_gmt":"2022-12-20T15:22:00","slug":"instalacja-serwera-http-apache2-4-x64","status":"publish","type":"page","link":"https:\/\/raks.pl\/pomoc\/przepisy-kadry\/e-pracownik\/instalacja-aplikacji\/nowa-instalacja-aplikacji-e-pracownik\/instalacja-serwera-http-apache2-4-x64\/","title":{"rendered":"Instalacja serwera http Apache2.4 x64"},"content":{"rendered":"\n<ul class=\"wp-block-list\">\n<li>Wypakowujemy paczk\u0119 <strong>httpd-2.4.53-win64-VC15.zip<\/strong><\/li>\n\n\n\n<li>Po wypakowaniu kopiujemy folder <em>Apache24<\/em> w lokalizacj\u0119 <strong>C:\\Apache24<\/strong><\/li>\n<\/ul>\n\n\n\n<p class=\"has-text-align-center\"><img loading=\"lazy\" decoding=\"async\" width=\"300\" height=\"118\" class=\"wp-image-4147\" style=\"width: 300px;\" src=\"https:\/\/raks.pl\/pomoc\/wp-content\/uploads\/2022\/09\/3.4.2-1.png\" alt=\"\"><br><em>Lokalizacja folderu<\/em><br><br><\/p>\n\n\n\n<ul class=\"wp-block-list\">\n<li>W lokalizacji <strong>C:\\Apache24 <\/strong>tworzymy nowy folder i nazywamy go <strong>php<\/strong><\/li>\n\n\n\n<li>W kolejnym kroku wypakowujemy paczk\u0119 <strong>php-8.1.9-Win32-vs16-x64<\/strong><\/li>\n\n\n\n<li>Po wypakowaniu kopiujemy wszystkie pliki z tego folderu, do nowoutworzonego folderu<\/li>\n<\/ul>\n\n\n\n<p><strong>C:\\Apache24 \\php:<\/strong><\/p>\n\n\n\n<p class=\"has-text-align-center\"><img loading=\"lazy\" decoding=\"async\" width=\"300\" height=\"497\" class=\"wp-image-4148\" style=\"width: 300px;\" src=\"https:\/\/raks.pl\/pomoc\/wp-content\/uploads\/2022\/09\/3.4.2-2.png\" alt=\"\" srcset=\"https:\/\/raks.pl\/pomoc\/wp-content\/uploads\/2022\/09\/3.4.2-2.png 392w, https:\/\/raks.pl\/pomoc\/wp-content\/uploads\/2022\/09\/3.4.2-2-181x300.png 181w\" sizes=\"auto, (max-width: 300px) 100vw, 300px\" \/><br><em>Kopiowanie plik\u00f3w<\/em><\/p>\n\n\n\n<ul class=\"wp-block-list\">\n<li>Z folderu <strong>C:\\Apache24\\php<\/strong> kopiujemy plik <strong>php.ini-production<\/strong> do <strong>C:\\Windows<\/strong> i zmieniamy nazw\u0119 na <strong>php.ini<\/strong><\/li>\n<\/ul>\n\n\n\n<ul class=\"wp-block-list\">\n<li>Edytujemy <strong>php.ini <\/strong>(dowolnym edytorem tekstu np. notatnikiem lub notepad++):<\/li>\n<\/ul>\n\n\n\n<p><br>&#8211; odnajdujemy i zamieniamy:<\/p>\n\n\n\n<p><strong>;extension_dir = &#8222;ext&#8221;<\/strong><\/p>\n\n\n\n<p><br>na<\/p>\n\n\n\n<p><strong><br>extension_dir = &#8222;c:\\Apache24\\php\\ext&#8221;<\/strong><\/p>\n\n\n\n<p>&#8211; odnajdujemy i zamieniamy<\/p>\n\n\n\n<p><strong><br>;session.save_path = &#8222;\/tmp&#8221;<\/strong><\/p>\n\n\n\n<p><br>na<\/p>\n\n\n\n<p><strong><br>session.save_path = &#8222;c:\\Apache24\\tmp&#8221;<\/strong><\/p>\n\n\n\n<p>np.:<\/p>\n\n\n\n<p class=\"has-text-align-center\"><strong><br><\/strong><img loading=\"lazy\" decoding=\"async\" width=\"600\" height=\"601\" class=\"wp-image-4149\" style=\"width: 600px;\" src=\"https:\/\/raks.pl\/pomoc\/wp-content\/uploads\/2022\/09\/3.4.2-3.png\" alt=\"\" srcset=\"https:\/\/raks.pl\/pomoc\/wp-content\/uploads\/2022\/09\/3.4.2-3.png 696w, https:\/\/raks.pl\/pomoc\/wp-content\/uploads\/2022\/09\/3.4.2-3-300x300.png 300w, https:\/\/raks.pl\/pomoc\/wp-content\/uploads\/2022\/09\/3.4.2-3-150x150.png 150w\" sizes=\"auto, (max-width: 600px) 100vw, 600px\" \/><br><em>Edycja pliku konfiguracyjnego php.ini<\/em><\/p>\n\n\n\n<p>Zapisujemyi zamykamy plik <strong>php.ini<\/strong><\/p>\n\n\n\n<ul class=\"wp-block-list\">\n<li>Tworzymy katalog<strong> tmp <\/strong>lokalizacji<strong> C:\\Apache24\\tmp<\/strong><\/li>\n\n\n\n<li>Edytujemy plik <strong>C:\\Apache24\\conf\\httpd.conf<\/strong><\/li>\n<\/ul>\n\n\n\n<p>&#8211; pod wpisami <strong>LoadModule<\/strong> dodajemy:<\/p>\n\n\n\n<p><strong><em>LoadModule php_module &#8222;c:\\Apache24\\php\\php8apache2_4.dll&#8221;<\/em><\/strong><\/p>\n\n\n\n<p><strong><em>AddHandler application\/x-httpd-php .php<\/em><\/strong><\/p>\n\n\n\n<p><strong><em>#path to php.ini<\/em><\/strong><\/p>\n\n\n\n<p><strong><em>PHPIniDir &#8222;c:\\windows&#8221;<\/em><\/strong><\/p>\n\n\n\n<p class=\"has-text-align-center\"><img loading=\"lazy\" decoding=\"async\" width=\"600\" height=\"247\" class=\"wp-image-4150\" style=\"width: 600px;\" src=\"https:\/\/raks.pl\/pomoc\/wp-content\/uploads\/2022\/09\/3.4.2-4.png\" alt=\"\" srcset=\"https:\/\/raks.pl\/pomoc\/wp-content\/uploads\/2022\/09\/3.4.2-4.png 903w, https:\/\/raks.pl\/pomoc\/wp-content\/uploads\/2022\/09\/3.4.2-4-300x124.png 300w, https:\/\/raks.pl\/pomoc\/wp-content\/uploads\/2022\/09\/3.4.2-4-768x316.png 768w\" sizes=\"auto, (max-width: 600px) 100vw, 600px\" \/><br><em>Edycja pliku httpd.ini<\/em><\/p>\n\n\n\n<p>&#8211; odnajdujemy i zamieniamy:<\/p>\n\n\n\n<p><strong>DirectoryIndex index.html<\/strong><\/p>\n\n\n\n<p>na<\/p>\n\n\n\n<p><strong>DirectoryIndex index.html, index.php<\/strong><\/p>\n\n\n\n<p>Zapisujemy plik<\/p>\n\n\n\n<ul class=\"wp-block-list\">\n<li>Uruchamiamy <strong>wiersz polece\u0144<\/strong> jako <strong>Administrator<\/strong> (czyli klikamy Start -&gt; wpisujemy CMD)<\/li>\n<\/ul>\n\n\n\n<p class=\"has-text-align-center\"><img loading=\"lazy\" decoding=\"async\" width=\"450\" height=\"431\" class=\"wp-image-4151\" style=\"width: 450px;\" src=\"https:\/\/raks.pl\/pomoc\/wp-content\/uploads\/2022\/09\/3.4.2-5.png\" alt=\"\" srcset=\"https:\/\/raks.pl\/pomoc\/wp-content\/uploads\/2022\/09\/3.4.2-5.png 464w, https:\/\/raks.pl\/pomoc\/wp-content\/uploads\/2022\/09\/3.4.2-5-300x287.png 300w\" sizes=\"auto, (max-width: 450px) 100vw, 450px\" \/><br><em>Uruchamianie wiersza polece\u0144 (CMD)<\/em><\/p>\n\n\n\n<ul class=\"wp-block-list\">\n<li>Przechodzimy do folderu <strong>Apache24<\/strong>&nbsp; i instalujemy us\u0142ug\u0119 wpisuj\u0105c nast\u0119puj\u0105ce polecenia:<\/li>\n<\/ul>\n\n\n\n<p><strong>cd \/<\/strong><\/p>\n\n\n\n<p><strong>cd Apache24\\bin<\/strong><\/p>\n\n\n\n<p><strong>httpd -k install<\/strong><\/p>\n\n\n\n<p class=\"has-text-align-center\"><img loading=\"lazy\" decoding=\"async\" width=\"600\" height=\"173\" class=\"wp-image-4152\" style=\"width: 600px;\" src=\"https:\/\/raks.pl\/pomoc\/wp-content\/uploads\/2022\/09\/3.4.2-6.png\" alt=\"\" srcset=\"https:\/\/raks.pl\/pomoc\/wp-content\/uploads\/2022\/09\/3.4.2-6.png 910w, https:\/\/raks.pl\/pomoc\/wp-content\/uploads\/2022\/09\/3.4.2-6-300x86.png 300w, https:\/\/raks.pl\/pomoc\/wp-content\/uploads\/2022\/09\/3.4.2-6-768x221.png 768w\" sizes=\"auto, (max-width: 600px) 100vw, 600px\" \/><br><em>Instalowanie Apache24<\/em><\/p>\n\n\n\n<p><strong>Uwaga: <\/strong><strong>Je\u017celi w systemie jest uruchomiony IIS, wy\u0142\u0105czamy us\u0142ug\u0119 &#8222;World Wide Web Publishing Service&#8221;. Firewall mo\u017ce blokowa\u0107 po\u0142\u0105czenia &#8211; dodajemy regu\u0142\u0119, kt\u00f3ra akceptuje przychodz\u0105ce po\u0142\u0105czenia TCP na port 80.<\/strong><\/p>\n\n\n\n<p>Na serwerze klikamy <strong>Start<\/strong> \u2013 wpisujemy <strong>SERVICES.MSC<\/strong>, odnajdujemy us\u0142ug\u0119 <strong>IIS<\/strong>, klikamy prawym przyciskiem myszy i zatrzymujemy, np.:<\/p>\n\n\n\n<p class=\"has-text-align-center\"><img loading=\"lazy\" decoding=\"async\" width=\"450\" height=\"385\" class=\"wp-image-4153\" style=\"width: 450px;\" src=\"https:\/\/raks.pl\/pomoc\/wp-content\/uploads\/2022\/09\/3.4.2-7.png\" alt=\"\" srcset=\"https:\/\/raks.pl\/pomoc\/wp-content\/uploads\/2022\/09\/3.4.2-7.png 474w, https:\/\/raks.pl\/pomoc\/wp-content\/uploads\/2022\/09\/3.4.2-7-300x257.png 300w\" sizes=\"auto, (max-width: 450px) 100vw, 450px\" \/><br><img loading=\"lazy\" decoding=\"async\" width=\"450\" height=\"253\" class=\"wp-image-4154\" style=\"width: 450px;\" src=\"https:\/\/raks.pl\/pomoc\/wp-content\/uploads\/2022\/09\/3.4.2-8.png\" alt=\"\" srcset=\"https:\/\/raks.pl\/pomoc\/wp-content\/uploads\/2022\/09\/3.4.2-8.png 598w, https:\/\/raks.pl\/pomoc\/wp-content\/uploads\/2022\/09\/3.4.2-8-300x169.png 300w\" sizes=\"auto, (max-width: 450px) 100vw, 450px\" \/><br><em>Wy\u0142\u0105czanie IIS<\/em><\/p>\n\n\n\n<ul class=\"wp-block-list\">\n<li>System Windows wymaga zainstalowania bibliotek do obs\u0142ugi serwera baz danych Firebird 2.5.<\/li>\n<\/ul>\n\n\n<div class=\"info-gutenberg-block\">\n    <div class=\"content-info-block\" style=\"border-color:#1976d2 ; background-color: #1976d210;\"><p>Uwaga.<br \/>\nJe\u017celi w systemie RAKS korzystamy z bazy danych Firebird 4.0 to nale\u017cy pomin\u0105\u0107 ten krok.<\/p>\n<\/div>\n<\/div>\n\n\n<p>Wypakowujemy pliki&nbsp; , np. na Pulpit, a nast\u0119pnie uruchamiamy plik <strong>INSTALL.bat<\/strong>, klikaj\u0105c na nim prawym przyciskiem myszy i uruchamiaj\u0105c jako administrator.<\/p>\n\n\n\n<p class=\"has-text-align-center\"><img loading=\"lazy\" decoding=\"async\" width=\"450\" height=\"163\" class=\"wp-image-4155\" style=\"width: 450px;\" src=\"https:\/\/raks.pl\/pomoc\/wp-content\/uploads\/2022\/09\/3.4.2-9.png\" alt=\"\" srcset=\"https:\/\/raks.pl\/pomoc\/wp-content\/uploads\/2022\/09\/3.4.2-9.png 450w, https:\/\/raks.pl\/pomoc\/wp-content\/uploads\/2022\/09\/3.4.2-9-300x109.png 300w\" sizes=\"auto, (max-width: 450px) 100vw, 450px\" \/><br><em>Instalowanie bibliotek obs\u0142ugi serwera FireBird<\/em><\/p>\n\n\n\n<ul class=\"wp-block-list\">\n<li>Usuwamy zawarto\u015b\u0107 folderu <strong>C:\\Apache24\\htdocs, <\/strong>a nast\u0119pnie kopiujemy tam pliki z folderu<strong> E-Pracownik<\/strong><\/li>\n<\/ul>\n\n\n\n<p class=\"has-text-align-center\"><img loading=\"lazy\" decoding=\"async\" width=\"300\" height=\"498\" class=\"wp-image-4156\" style=\"width: 300px;\" src=\"https:\/\/raks.pl\/pomoc\/wp-content\/uploads\/2022\/09\/3.4.2-10.png\" alt=\"\" srcset=\"https:\/\/raks.pl\/pomoc\/wp-content\/uploads\/2022\/09\/3.4.2-10.png 263w, https:\/\/raks.pl\/pomoc\/wp-content\/uploads\/2022\/09\/3.4.2-10-181x300.png 181w\" sizes=\"auto, (max-width: 300px) 100vw, 300px\" \/><br><em>Zawarto\u015b\u0107 foldera c:\\Apache24\\htdocs po skopiowaniu plik\u00f3w E-Pracownik 4.0<\/em><\/p>\n\n\n\n<ul class=\"wp-block-list\">\n<li>Otwieramy plik <strong>php.ini<\/strong> z <strong>C:\\Windows<\/strong>:<\/li>\n<\/ul>\n\n\n\n<p>&#8211; odnajdujemy <strong>Module Settings<\/strong> i dodajemy:<\/p>\n\n\n\n<p><strong>extension=php_openssl.dll<br>extension=php_interbase.dll<\/strong><\/p>\n\n\n\n<p class=\"has-text-align-center\"><img loading=\"lazy\" decoding=\"async\" width=\"300\" height=\"121\" class=\"wp-image-4157\" style=\"width: 300px;\" src=\"https:\/\/raks.pl\/pomoc\/wp-content\/uploads\/2022\/09\/3.4.2-11.png\" alt=\"\" srcset=\"https:\/\/raks.pl\/pomoc\/wp-content\/uploads\/2022\/09\/3.4.2-11.png 380w, https:\/\/raks.pl\/pomoc\/wp-content\/uploads\/2022\/09\/3.4.2-11-300x121.png 300w\" sizes=\"auto, (max-width: 300px) 100vw, 300px\" \/><br><em>Edycja pliku php.ini<\/em><\/p>\n\n\n\n<p>Zapisujemy plik i zamykamy.<\/p>\n\n\n\n<ul class=\"wp-block-list\">\n<li>Nast\u0119pnie do katalogu <strong>C:\\Apache24\\php\\ext<\/strong> kopiujemy pliki:<\/li>\n<\/ul>\n\n\n\n<p><strong>&#8211;<\/strong>&nbsp; <strong>php_interbase.dll&nbsp;<\/strong><\/p>\n\n\n\n<p><strong>&#8211; <\/strong>&nbsp;<strong>ioncube_loader_win_8.1.dll<\/strong><\/p>\n\n\n\n<p>(do\u0142\u0105czone do pakietu instalacyjnego)&nbsp;<\/p>\n\n\n\n<ul class=\"wp-block-list\">\n<li>Dodajemy <strong>VirtualHost<\/strong>:<\/li>\n<\/ul>\n\n\n\n<p>W pliku <strong>C:\\Apache24\\conf\\httpd.conf<\/strong><\/p>\n\n\n\n<p>&#8211; odnajdujemy:<\/p>\n\n\n\n<p><strong>#<\/strong><\/p>\n\n\n\n<p><strong># Dynamic Shared Object (DSO) Support<\/strong><\/p>\n\n\n\n<p>&#8211; i przed dodajemy:<\/p>\n\n\n\n<p><strong>Listen 8000<\/strong><\/p>\n\n\n\n<p class=\"has-text-align-center\"><img loading=\"lazy\" decoding=\"async\" width=\"450\" height=\"171\" class=\"wp-image-4158\" style=\"width: 450px;\" src=\"https:\/\/raks.pl\/pomoc\/wp-content\/uploads\/2022\/09\/3.4.2-12.png\" alt=\"\" srcset=\"https:\/\/raks.pl\/pomoc\/wp-content\/uploads\/2022\/09\/3.4.2-12.png 642w, https:\/\/raks.pl\/pomoc\/wp-content\/uploads\/2022\/09\/3.4.2-12-300x114.png 300w\" sizes=\"auto, (max-width: 450px) 100vw, 450px\" \/><br><em>Edycja pliku httpd.conf<\/em><\/p>\n\n\n\n<p>&#8211; odnajdujemy:<\/p>\n\n\n\n<p><strong>AllowOverride None<\/strong><\/p>\n\n\n\n<p><strong>#<br># Controls who can get stuff from this server.<br>#<br>Require all granted<br>&lt;\/Directory&gt;<\/strong><\/p>\n\n\n\n<p>&nbsp;&#8211; i po dodajemy:<\/p>\n\n\n\n<p><strong>&lt;VirtualHost *:8000&gt;<\/strong><\/p>\n\n\n\n<p><strong>&nbsp;&nbsp;&nbsp; DocumentRoot &#8222;C:\/Apache24\/htdocs\/&#8221;<\/strong><\/p>\n\n\n\n<p><strong>&nbsp;&nbsp;&nbsp; ServerName localhost:8000<\/strong><\/p>\n\n\n\n<p><strong>&nbsp;&nbsp;&nbsp;&nbsp;&nbsp;&nbsp;&nbsp;&nbsp;&nbsp;&nbsp;&nbsp;&nbsp;&nbsp;&nbsp; &lt;Directory &#8222;C:\/Apache24\/htdocs\/&#8221;&gt;<\/strong><\/p>\n\n\n\n<p><strong>Require all granted<\/strong><\/p>\n\n\n\n<p><strong>&nbsp;&nbsp;&nbsp;&nbsp;&nbsp;&nbsp;&nbsp;&nbsp;&nbsp;&nbsp;&nbsp;&nbsp;&nbsp;&nbsp;&nbsp;&nbsp;&nbsp;&nbsp;&nbsp;&nbsp;&nbsp;&nbsp;&nbsp;&nbsp;&nbsp;&nbsp;&nbsp;&nbsp;&nbsp;&nbsp; &lt;\/Directory&gt;<\/strong><\/p>\n\n\n\n<p><strong>&lt;\/VirtualHost&gt;<\/strong><\/p>\n\n\n\n<p class=\"has-text-align-center\"><img loading=\"lazy\" decoding=\"async\" width=\"450\" height=\"275\" class=\"wp-image-4159\" style=\"width: 450px;\" src=\"https:\/\/raks.pl\/pomoc\/wp-content\/uploads\/2022\/09\/3.4.2-13.png\" alt=\"\" srcset=\"https:\/\/raks.pl\/pomoc\/wp-content\/uploads\/2022\/09\/3.4.2-13.png 708w, https:\/\/raks.pl\/pomoc\/wp-content\/uploads\/2022\/09\/3.4.2-13-300x183.png 300w\" sizes=\"auto, (max-width: 450px) 100vw, 450px\" \/><br><em>Edycja pliku httpd.conf<\/em><\/p>\n\n\n\n<p>W przypadku instalacji kilku instancji E-Pracownika 4.0 nale\u017cy:<\/p>\n\n\n\n<ul class=\"wp-block-list\">\n<li>Doda\u0107 kolejne porty nas\u0142uchu:<\/li>\n<\/ul>\n\n\n\n<p><strong>Listen 8001<br>Listen 8002<br>\u2026<\/strong><\/p>\n\n\n\n<ul class=\"wp-block-list\">\n<li>Doda\u0107 kolejne VirtualHosty, np.:<\/li>\n<\/ul>\n\n\n\n<p><strong>&lt;VirtualHost *:8001&gt;<\/strong><\/p>\n\n\n\n<p><strong>&nbsp;&nbsp; DocumentRoot &#8222;C:\/Apache24\/htdocs\/epracownik1&#8221;<\/strong><\/p>\n\n\n\n<p><strong>ServerName localhost:8001<\/strong><\/p>\n\n\n\n<p><strong>&lt;Directory &#8222;C:\/Apache24\/htdocs\/epracownik1&#8221;&gt;<\/strong><\/p>\n\n\n\n<p><strong>Require all granted<\/strong><\/p>\n\n\n\n<p><strong>&lt;\/Directory&gt;<\/strong><\/p>\n\n\n\n<p><strong>&lt;\/VirtualHost&gt;<\/strong><\/p>\n\n\n\n<p><strong>&lt;VirtualHost *:8002&gt;<\/strong><\/p>\n\n\n\n<p><strong>&nbsp;&nbsp; DocumentRoot &#8222;C:\/Apache24\/htdocs\/epracownik2&#8221;<\/strong><\/p>\n\n\n\n<p><strong>ServerName localhost:8002<\/strong><\/p>\n\n\n\n<p><strong>&lt;Directory &#8222;C:\/Apache24\/htdocs\/epracownik2&#8221;&gt;<\/strong><\/p>\n\n\n\n<p><strong>Require all granted<\/strong><\/p>\n\n\n\n<p><strong>&lt;\/Directory&gt;<\/strong><\/p>\n\n\n\n<p><strong>&lt;\/VirtualHost&gt;<\/strong><\/p>\n\n\n\n<p>&nbsp;Jak r\u00f3wnie\u017c podzia\u0142 E-Pracownik\u00f3w na foldery np.: Rys.53 Dodawanie folder\u00f3w na kolejne instancje E-Pracownika<br><\/p>\n\n\n\n<p class=\"has-text-align-center\"><img loading=\"lazy\" decoding=\"async\" width=\"150\" height=\"105\" class=\"wp-image-4160\" style=\"width: 150px;\" src=\"https:\/\/raks.pl\/pomoc\/wp-content\/uploads\/2022\/09\/3.4.2-14.png\" alt=\"\"><br><em>Dodawanie folder\u00f3w na kolejne instancje E-Pracownika<\/em><br><br><\/p>\n","protected":false},"excerpt":{"rendered":"<p>Lokalizacja folderu C:\\Apache24 \\php: Kopiowanie plik\u00f3w &#8211; odnajdujemy i zamieniamy: ;extension_dir = &#8222;ext&#8221; na extension_dir = &#8222;c:\\Apache24\\php\\ext&#8221; &#8211; odnajdujemy i zamieniamy ;session.save_path = &#8222;\/tmp&#8221; na session.save_path = &#8222;c:\\Apache24\\tmp&#8221; np.: Edycja pliku konfiguracyjnego php.ini Zapisujemyi zamykamy plik php.ini &#8211; pod wpisami LoadModule dodajemy: LoadModule php_module &#8222;c:\\Apache24\\php\\php8apache2_4.dll&#8221; AddHandler application\/x-httpd-php .php #path to php.ini PHPIniDir &#8222;c:\\windows&#8221; Edycja pliku [&hellip;]<\/p>\n","protected":false},"author":3,"featured_media":0,"parent":4136,"menu_order":1,"comment_status":"closed","ping_status":"closed","template":"","meta":{"_acf_changed":false,"footnotes":""},"class_list":["post-4146","page","type-page","status-publish","hentry"],"acf":[],"_links":{"self":[{"href":"https:\/\/raks.pl\/pomoc\/wp-json\/wp\/v2\/pages\/4146","targetHints":{"allow":["GET"]}}],"collection":[{"href":"https:\/\/raks.pl\/pomoc\/wp-json\/wp\/v2\/pages"}],"about":[{"href":"https:\/\/raks.pl\/pomoc\/wp-json\/wp\/v2\/types\/page"}],"author":[{"embeddable":true,"href":"https:\/\/raks.pl\/pomoc\/wp-json\/wp\/v2\/users\/3"}],"replies":[{"embeddable":true,"href":"https:\/\/raks.pl\/pomoc\/wp-json\/wp\/v2\/comments?post=4146"}],"version-history":[{"count":4,"href":"https:\/\/raks.pl\/pomoc\/wp-json\/wp\/v2\/pages\/4146\/revisions"}],"predecessor-version":[{"id":4833,"href":"https:\/\/raks.pl\/pomoc\/wp-json\/wp\/v2\/pages\/4146\/revisions\/4833"}],"up":[{"embeddable":true,"href":"https:\/\/raks.pl\/pomoc\/wp-json\/wp\/v2\/pages\/4136"}],"wp:attachment":[{"href":"https:\/\/raks.pl\/pomoc\/wp-json\/wp\/v2\/media?parent=4146"}],"curies":[{"name":"wp","href":"https:\/\/api.w.org\/{rel}","templated":true}]}}