{"id":6993,"date":"2025-04-14T16:01:11","date_gmt":"2025-04-14T14:01:11","guid":{"rendered":"https:\/\/raks.pl\/pomoc\/?page_id=6993"},"modified":"2025-07-25T16:13:40","modified_gmt":"2025-07-25T14:13:40","slug":"chmura-raks","status":"publish","type":"page","link":"https:\/\/raks.pl\/pomoc\/chmura-raks\/","title":{"rendered":"Chmura RAKS"},"content":{"rendered":"\n<p><a href=\"https:\/\/raks.pl\/pomoc\/przed-uruchomieniem-uslugi-raks-w-chmurze\/\">Dzia\u0142ania Klienta przed uruchomieniem us\u0142ugi<\/a><\/p>\n\n\n\n<p><a href=\"https:\/\/raks.pl\/pomoc\/dostep-przez-przegladarke-internetowa\/\">Dost\u0119p przez przegl\u0105dark\u0119 internetow\u0105<\/a><\/p>\n\n\n\n<p><a href=\"https:\/\/raks.pl\/pomoc\/dostep-z-wykorzystaniem-aplikacji\/\">Dost\u0119p z wykorzystaniem aplikacji<\/a><\/p>\n\n\n\n<p><a href=\"https:\/\/raks.pl\/pomoc\/zmiana-hasla-dostepu\/\">Zmiana has\u0142a dost\u0119pu<\/a><\/p>\n\n\n\n<p><a href=\"https:\/\/raks.pl\/pomoc\/aktualizacja-raks-w-usludze-zdalnego-dostepu-chmura-raks\/\">Aktualizacja programu RAKS w us\u0142udze zdalnego dost\u0119pu<\/a><\/p>\n\n\n\n<p><a href=\"https:\/\/raks.pl\/pomoc\/instrukcja-logowania-do-chmury-z-uzyciem-uwierzytelniania-dwuskladnikowego-2fa\/\">Instrukcja logowania do chmury z u\u017cyciem uwierzytelniania dwusk\u0142adnikowego 2FA<\/a><\/p>\n\n\n\n<p><\/p>\n","protected":false},"excerpt":{"rendered":"<p>Dzia\u0142ania Klienta przed uruchomieniem us\u0142ugi Dost\u0119p przez przegl\u0105dark\u0119 internetow\u0105 Dost\u0119p z wykorzystaniem aplikacji Zmiana has\u0142a dost\u0119pu Aktualizacja programu RAKS w us\u0142udze zdalnego dost\u0119pu Instrukcja logowania do chmury z u\u017cyciem uwierzytelniania dwusk\u0142adnikowego 2FA<\/p>\n","protected":false},"author":2,"featured_media":0,"parent":0,"menu_order":0,"comment_status":"closed","ping_status":"closed","template":"","meta":{"_acf_changed":false,"footnotes":""},"class_list":["post-6993","page","type-page","status-publish","hentry"],"acf":[],"_links":{"self":[{"href":"https:\/\/raks.pl\/pomoc\/wp-json\/wp\/v2\/pages\/6993","targetHints":{"allow":["GET"]}}],"collection":[{"href":"https:\/\/raks.pl\/pomoc\/wp-json\/wp\/v2\/pages"}],"about":[{"href":"https:\/\/raks.pl\/pomoc\/wp-json\/wp\/v2\/types\/page"}],"author":[{"embeddable":true,"href":"https:\/\/raks.pl\/pomoc\/wp-json\/wp\/v2\/users\/2"}],"replies":[{"embeddable":true,"href":"https:\/\/raks.pl\/pomoc\/wp-json\/wp\/v2\/comments?post=6993"}],"version-history":[{"count":3,"href":"https:\/\/raks.pl\/pomoc\/wp-json\/wp\/v2\/pages\/6993\/revisions"}],"predecessor-version":[{"id":7234,"href":"https:\/\/raks.pl\/pomoc\/wp-json\/wp\/v2\/pages\/6993\/revisions\/7234"}],"wp:attachment":[{"href":"https:\/\/raks.pl\/pomoc\/wp-json\/wp\/v2\/media?parent=6993"}],"curies":[{"name":"wp","href":"https:\/\/api.w.org\/{rel}","templated":true}]}}