{"id":874,"date":"2021-08-10T09:19:41","date_gmt":"2021-08-10T07:19:41","guid":{"rendered":"http:\/\/raks.pl\/pomoc\/?page_id=874"},"modified":"2022-04-22T12:15:59","modified_gmt":"2022-04-22T10:15:59","slug":"umowy-cywilnoprawne","status":"publish","type":"page","link":"https:\/\/raks.pl\/pomoc\/umowy-cywilnoprawne\/","title":{"rendered":"Umowy cywilnoprawne"},"content":{"rendered":"\n<p>W tym rozdziale poka\u017cemy w jaki spos\u00f3b, pod wzgl\u0119dem kadrowym, przebiega zatrudnienie zleceniobiorcy na umow\u0119 cywilnoprawn\u0105 i naliczenie listy p\u0142ac dla zleceniobiorc\u00f3w.<\/p>\n\n\n\n<ul class=\"wp-block-list\"><li><a href=\"https:\/\/raks.pl\/pomoc\/lista-platnicza-dla-umow-o-prace\/\">Umowa cywilnoprawna<\/a><\/li><li><a href=\"https:\/\/raks.pl\/pomoc\/lista-platnicza-dla-umowy-cywilnoprawnej\/\">Lista p\u0142atnicza dla umowy cywilnoprawnej<\/a><\/li><\/ul>\n","protected":false},"excerpt":{"rendered":"<p>W tym rozdziale poka\u017cemy w jaki spos\u00f3b, pod wzgl\u0119dem kadrowym, przebiega zatrudnienie zleceniobiorcy na umow\u0119 cywilnoprawn\u0105 i naliczenie listy p\u0142ac dla zleceniobiorc\u00f3w. Umowa cywilnoprawna Lista p\u0142atnicza dla umowy cywilnoprawnej<\/p>\n","protected":false},"author":1,"featured_media":0,"parent":0,"menu_order":0,"comment_status":"closed","ping_status":"closed","template":"","meta":{"_acf_changed":false,"footnotes":""},"class_list":["post-874","page","type-page","status-publish","hentry"],"acf":[],"_links":{"self":[{"href":"https:\/\/raks.pl\/pomoc\/wp-json\/wp\/v2\/pages\/874","targetHints":{"allow":["GET"]}}],"collection":[{"href":"https:\/\/raks.pl\/pomoc\/wp-json\/wp\/v2\/pages"}],"about":[{"href":"https:\/\/raks.pl\/pomoc\/wp-json\/wp\/v2\/types\/page"}],"author":[{"embeddable":true,"href":"https:\/\/raks.pl\/pomoc\/wp-json\/wp\/v2\/users\/1"}],"replies":[{"embeddable":true,"href":"https:\/\/raks.pl\/pomoc\/wp-json\/wp\/v2\/comments?post=874"}],"version-history":[{"count":3,"href":"https:\/\/raks.pl\/pomoc\/wp-json\/wp\/v2\/pages\/874\/revisions"}],"predecessor-version":[{"id":3583,"href":"https:\/\/raks.pl\/pomoc\/wp-json\/wp\/v2\/pages\/874\/revisions\/3583"}],"wp:attachment":[{"href":"https:\/\/raks.pl\/pomoc\/wp-json\/wp\/v2\/media?parent=874"}],"curies":[{"name":"wp","href":"https:\/\/api.w.org\/{rel}","templated":true}]}}